{"id":2100,"date":"2025-08-09T21:56:50","date_gmt":"2025-08-09T19:56:50","guid":{"rendered":"https:\/\/www.hsu-hh.de\/auslandsstud\/?page_id=2100"},"modified":"2026-01-28T14:53:40","modified_gmt":"2026-01-28T13:53:40","slug":"incoming-students","status":"publish","type":"page","link":"https:\/\/www.hsu-hh.de\/auslandsstud\/incoming-students","title":{"rendered":"Melde- und Visaangelegenheiten"},"content":{"rendered":"\n<h2 class=\"wp-block-heading\">Wohnsitzanmeldung<\/h2>\n\n\n\n<details class=\"wp-block-details is-layout-flow wp-block-details-is-layout-flow\"><summary>Details<\/summary>\n<p><strong>Warum muss ich mich anmelden?<\/strong><\/p>\n\n\n\n<p>Wenn Sie planen, l\u00e4nger als 90 Tage in Deutschland zu bleiben, sind Sie gesetzlich verpflichtet, Ihren Wohnsitz bei den \u00f6rtlichen Beh\u00f6rden anzumelden. Dieser Vorgang hei\u00dft <strong>\u201eAnmeldung\u201c<\/strong> und muss <strong>innerhalb von zwei Wochen nach dem Einzug<\/strong> in Ihre Unterkunft in Hamburg erfolgen.<\/p>\n\n\n\n<p>Die Anmeldung ist gesetzlich vorgeschrieben und f\u00fcr viele wichtige Vorg\u00e4nge erforderlich, zum Beispiel f\u00fcr:<\/p>\n\n\n\n<ul class=\"wp-block-list\">\n<li>die Beantragung einer Aufenthaltserlaubnis<\/li>\n\n\n\n<li>die Er\u00f6ffnung eines Bankkontos<\/li>\n\n\n\n<li>den Abschluss einer Krankenversicherung<\/li>\n\n\n\n<li>den Erhalt offizieller Briefe oder Pakete<\/li>\n\n\n\n<li>den Erhalt Ihrer Steuer-Identifikationsnummer<\/li>\n<\/ul>\n\n\n\n<p>Wenn Ihr Aufenthalt k\u00fcrzer als 90 Tage ist, m\u00fcssen Sie sich nicht beim <strong>Einwohnermeldeamt<\/strong> anmelden. Wir empfehlen jedoch trotzdem, Ihre Visums- <abbr title=\"beziehungsweise\">bzw.<\/abbr> Aufenthaltsbestimmungen zu pr\u00fcfen, da in bestimmten F\u00e4llen besondere Regelungen gelten k\u00f6nnen.<\/p>\n\n\n\n<p><strong>Wann und wo muss ich mich anmelden?<\/strong><\/p>\n\n\n\n<p>Sie m\u00fcssen sich <strong>innerhalb von 14 Tagen nach dem Einzug<\/strong> anmelden. Die Anmeldung erfolgt bei einem <strong>Hamburg Service Point (Einwohnermeldeamt)<\/strong> und ist <strong>nur mit Termin<\/strong> m\u00f6glich.<\/p>\n\n\n\n<p>Termine k\u00f6nnen telefonisch (Mo\u2013Fr von 7:00 bis 19:00 Uhr \u00fcber die einheitliche Beh\u00f6rdennummer <strong>115<\/strong>) oder online \u00fcber folgende Plattform gebucht werden:<\/p>\n\n\n\n<p><a href=\"https:\/\/serviceportal.hamburg.de\/HamburgGateway\/service\/entry\/digitermin\" rel='nofollow'>https:\/\/serviceportal.hamburg.de\/HamburgGateway\/service\/entry\/digitermin<\/a><\/p>\n\n\n\n<p>\u2192 W\u00e4hlen Sie: <strong>Einwohnerwesen \u2192 Wohnsitz\u00e4nderung \u2192 Umzug nach Hamburg aus dem Ausland melden<\/strong><\/p>\n\n\n\n<p><strong>Tipp:<\/strong> Neue Termine werden jeden Morgen fr\u00fch f\u00fcr denselben Tag freigeschaltet. Wenn Sie also nur Termine in zwei Monaten sehen, keine Panik \u2013 schauen Sie am n\u00e4chsten Morgen noch einmal nach.<\/p>\n\n\n\n<p><strong>Hinweis:<\/strong> Das Einwohnermeldeamt <strong>Hamburg-Wandsbek<\/strong> ist der n\u00e4chstgelegene Standort zur <strong>Helmut-Schmidt-Universit\u00e4t<\/strong>.<br>Es ist gut mit dem Bus erreichbar (Linien <strong>X22, 10 oder 263<\/strong>) und befindet sich direkt gegen\u00fcber der Bushaltestelle <strong>\u201eWandsbek Markt\u201c<\/strong>.<\/p>\n\n\n\n<p>Weitere Informationen finden Sie hier:<br><a href=\"https:\/\/www.hamburg.com\/residents\/civil-services-guide\/hamburg-service-vor-ort\/residents-973484\" rel='nofollow'>https:\/\/www.hamburg.com\/residents\/civil-services-guide\/hamburg-service-vor-ort\/residents-973484<\/a><\/p>\n\n\n\n<h2 class=\"wp-block-heading\"><\/h2>\n\n\n\n<figure class=\"wp-block-embed is-type-video is-provider-youtube wp-block-embed-youtube wp-embed-aspect-16-9 wp-has-aspect-ratio\"><div class=\"wp-block-embed__wrapper\">\n<iframe loading=\"lazy\" title=\"Knowledge for Newcomers - Address Registration\" width=\"500\" height=\"281\" src=\"https:\/\/www.youtube.com\/embed\/uoEKR0Dr5IQ?feature=oembed\" frameborder=\"0\" allow=\"accelerometer; autoplay; clipboard-write; encrypted-media; gyroscope; picture-in-picture; web-share\" referrerpolicy=\"strict-origin-when-cross-origin\" allowfullscreen><\/iframe>\n<\/div><\/figure>\n<\/details>\n\n\n\n<h2 class=\"wp-block-heading\">Aufenthaltserlaubnis f\u00fcr internationale Studierende<\/h2>\n\n\n\n<details class=\"wp-block-details is-layout-flow wp-block-details-is-layout-flow\"><summary>Details<\/summary>\n<p><strong>Wer ben\u00f6tigt eine Aufenthaltserlaubnis?<\/strong><\/p>\n\n\n\n<p>Studierende aus der <strong>EU \/ dem EWR \/ der Schweiz<\/strong> ben\u00f6tigen <strong>keine<\/strong> Aufenthaltserlaubnis.<\/p>\n\n\n\n<p>Studierende aus <strong>Nicht-EU-\/Nicht-EWR-Staaten<\/strong> reisen in der Regel mit einem <strong>Studienvisum<\/strong>, das von der deutschen Auslandsvertretung im Heimatland ausgestellt wurde, nach Deutschland ein.<\/p>\n\n\n\n<p>Studierende aus bestimmten L\u00e4ndern (z. B. <strong>Australien, USA, Israel, Japan, Kanada, S\u00fcdkorea, Neuseeland, Vereinigtes K\u00f6nigreich Gro\u00dfbritannien und Nordirland<\/strong>) k\u00f6nnen <strong>ohne Visum<\/strong> einreisen und nach der Ankunft in Hamburg direkt eine Aufenthaltserlaubnis beantragen.<\/p>\n\n\n\n<p>Wenn Sie sich <strong>l\u00e4nger als 90 Tage<\/strong> (ein Trimester oder l\u00e4nger) in Deutschland aufhalten, m\u00fcssen Sie eine <strong>Aufenthaltserlaubnis zu Studienzwecken<\/strong> beantragen.<\/p>\n\n\n\n<p><strong>Wann muss ich den Antrag stellen?<\/strong><\/p>\n\n\n\n<p>Beantragen Sie die Aufenthaltserlaubnis <strong>so fr\u00fch wie m\u00f6glich nach Ihrer Ankunft in Hamburg<\/strong>.<\/p>\n\n\n\n<p>Wenn Sie bereits ein <strong>Studienvisum<\/strong> besitzen, m\u00fcssen Sie die Aufenthaltserlaubnis <strong>vor Ablauf des Visums<\/strong> beantragen.<\/p>\n\n\n\n<p>Studierende, die <strong>ohne Visum<\/strong> eingereist sind (siehe oben), m\u00fcssen die Aufenthaltserlaubnis <strong>innerhalb der ersten 90 Tage nach der Einreise<\/strong> beantragen.<\/p>\n\n\n\n<p><strong>Wie beantrage ich die Aufenthaltserlaubnis?<\/strong><\/p>\n\n\n\n<ul class=\"wp-block-list\">\n<li><strong>Melden Sie Ihren Wohnsitz an (Anmeldung)<\/strong> bei einem Hamburg Service Point (Einwohnermeldeamt).<br>Dies ist der erste Schritt nach dem Einzug in Ihre Unterkunft.<br>Sie erhalten eine <strong>Meldebest\u00e4tigung<\/strong>.<\/li>\n<\/ul>\n\n\n\n<ul class=\"wp-block-list\">\n<li><strong>Stellen Sie den Online-Antrag<\/strong> \u00fcber: <a href=\"https:\/\/serviceportal.hamburg.de\/HamburgGateway\/Service\/Entry\/AFM_Auf_en\/\" rel='nofollow'>https:\/\/serviceportal.hamburg.de\/HamburgGateway\/Service\/Entry\/AFM_Auf_en\/<\/a><\/li>\n<\/ul>\n\n\n\n<ul class=\"wp-block-list\">\n<li><strong>Laden Sie die erforderlichen Unterlagen hoch.<\/strong><\/li>\n<\/ul>\n\n\n\n<ul class=\"wp-block-list\">\n<li><strong>Buchen Sie einen Termin<\/strong> beim Hamburg Welcome Center \/ der Ausl\u00e4nderbeh\u00f6rde.<\/li>\n<\/ul>\n\n\n\n<ul class=\"wp-block-list\">\n<li>Sie erhalten eine <strong>Best\u00e4tigung und weitere Anweisungen per E-Mail<\/strong>.<\/li>\n<\/ul>\n\n\n\n<p><strong>Erforderliche Unterlagen:<\/strong><\/p>\n\n\n\n<ul class=\"wp-block-list\">\n<li>G\u00fcltiger Reisepass<\/li>\n\n\n\n<li>Biometrische Passfotos<\/li>\n\n\n\n<li><strong>Immatrikulationsbescheinigung<\/strong> der <abbr title=\"Helmut-Schmidt-Universit\u00e4t\">HSU<\/abbr><br>(erh\u00e4ltlich beim Pr\u00fcfungsamt)<\/li>\n\n\n\n<li>Nachweis \u00fcber ausreichende <strong>finanzielle Mittel<\/strong><\/li>\n\n\n\n<li><strong>Krankenversicherungsnachweis<\/strong><\/li>\n\n\n\n<li><strong>Meldebest\u00e4tigung<\/strong><\/li>\n<\/ul>\n<\/details>\n\n\n\n<p><\/p>\n\n\n\n<p><\/p>\n\n\n\n<hr class=\"wp-block-separator has-alpha-channel-opacity\" \/>\n","protected":false},"excerpt":{"rendered":"<p>Wohnsitzanmeldung Aufenthaltserlaubnis f\u00fcr internationale Studierende<\/p>\n","protected":false},"author":4014,"featured_media":0,"parent":0,"menu_order":0,"comment_status":"closed","ping_status":"closed","template":"","meta":{"footnotes":""},"categories":[4],"tags":[394,390,392,382,400,384,388,386,398],"class_list":["post-2100","page","type-page","status-publish","hentry","category-forschung","tag-accommodation","tag-anmeldung","tag-einwohnermeldeamt","tag-incoming-students","tag-permit","tag-refistration-process","tag-register","tag-registration","tag-service-point"],"_links":{"self":[{"href":"https:\/\/www.hsu-hh.de\/auslandsstud\/wp-json\/wp\/v2\/pages\/2100","targetHints":{"allow":["GET"]}}],"collection":[{"href":"https:\/\/www.hsu-hh.de\/auslandsstud\/wp-json\/wp\/v2\/pages"}],"about":[{"href":"https:\/\/www.hsu-hh.de\/auslandsstud\/wp-json\/wp\/v2\/types\/page"}],"author":[{"embeddable":true,"href":"https:\/\/www.hsu-hh.de\/auslandsstud\/wp-json\/wp\/v2\/users\/4014"}],"replies":[{"embeddable":true,"href":"https:\/\/www.hsu-hh.de\/auslandsstud\/wp-json\/wp\/v2\/comments?post=2100"}],"version-history":[{"count":31,"href":"https:\/\/www.hsu-hh.de\/auslandsstud\/wp-json\/wp\/v2\/pages\/2100\/revisions"}],"predecessor-version":[{"id":2831,"href":"https:\/\/www.hsu-hh.de\/auslandsstud\/wp-json\/wp\/v2\/pages\/2100\/revisions\/2831"}],"wp:attachment":[{"href":"https:\/\/www.hsu-hh.de\/auslandsstud\/wp-json\/wp\/v2\/media?parent=2100"}],"wp:term":[{"taxonomy":"category","embeddable":true,"href":"https:\/\/www.hsu-hh.de\/auslandsstud\/wp-json\/wp\/v2\/categories?post=2100"},{"taxonomy":"post_tag","embeddable":true,"href":"https:\/\/www.hsu-hh.de\/auslandsstud\/wp-json\/wp\/v2\/tags?post=2100"}],"curies":[{"name":"wp","href":"https:\/\/api.w.org\/{rel}","templated":true}]}}