{"id":168,"date":"2017-10-11T10:38:18","date_gmt":"2017-10-11T08:38:18","guid":{"rendered":"https:\/\/www.hsu-hh.de\/auslandsstud\/?page_id=168"},"modified":"2026-01-28T09:36:06","modified_gmt":"2026-01-28T08:36:06","slug":"outgoing","status":"publish","type":"page","link":"https:\/\/www.hsu-hh.de\/auslandsstud\/outgoing","title":{"rendered":"Outgoing-Mobilit\u00e4t"},"content":{"rendered":"<div class=\"content-block2\">\n<h2 style=\"text-align: center\"><\/h2>\n<\/div>\n<div class=\"content-block4\">Hinweis: Die Folien der Informationsveranstaltung vom 22.10.2024 \u00fcber Auslandsaufenthalte 2025 steht Ihnen im Downloadbereich zur Verf\u00fcgung. <a href=\"https:\/\/www.hsu-hh.de\/auslandsstud\/wp-content\/uploads\/sites\/767\/2024\/10\/Praesentatiom-22.10.2024.pdf\">Hier<\/a> Direktzugriff.<\/div>\n<div class=\"clearfix\"><\/div>\n<h2><\/h2>\n<h2><strong>Ein Auslandsstudium er\u00f6ffnet Horizonte<\/strong><\/h2>\n<p>Studienaufenthalte im Ausland bieten die unvergleichliche M\u00f6glichkeit, einen neuen, einen anderen Blick auf die Welt zu bekommen und sich pers\u00f6nlich weiterzuentwickeln.<\/p>\n<p>Die <abbr title=\"Helmut-Schmidt-Universit\u00e4t\">HSU<\/abbr>\/ <abbr title=\"Universit\u00e4t der Bundeswehr Hamburg\">UniBwH<\/abbr> gibt Studierenden mit sehr guten akademischen und milit\u00e4rischen Leistungen die Chance, diese Erfahrung zu machen. Das International Office bietet dazu zahlreiche Austauschprogramme mit Partnereinrichtungen in der ganzen Welt an.<\/p>\n<p>Studienaufenthalte im Ausland k\u00f6nnen w\u00e4hrend des 7. Fachtrimesters im Bachelor-Studiengang oder w\u00e4hrend des 10. oder 11.\/ 12. Fachtrimesters im Master-Studiengang durchgef\u00fchrt werden. Wer ein Auslandsstudium absolvieren m\u00f6chte, sollte sich daher zu Beginn des 5. Fachtrimesters f\u00fcr ein Bachelorstudium und im 7. Fachtrimester f\u00fcr ein Masterstudium im Ausland \u00fcber das International Office bewerben.<\/p>\n<p>Weitere Informationen finden Sie auf den Seiten des International Office und auf der Ilias Campusseite unter Pr\u00e4sidialbereich -&gt; International Office (<a href=\"https:\/\/ilias.hsu-hh.de\/ilias.php?ref_id=288849&amp;cmd=render&amp;cmdClass=ilrepositorygui&amp;cmdNode=zq&amp;baseClass=ilRepositoryGUI\" rel='nofollow'>hier Direktlink<\/a>).<\/p>\n","protected":false},"excerpt":{"rendered":"<p>Hinweis: Die Folien der Informationsveranstaltung vom 22.10.2024 \u00fcber Auslandsaufenthalte 2025 steht Ihnen im Downloadbereich zur Verf\u00fcgung. Hier Direktzugriff. Ein Auslandsstudium er\u00f6ffnet Horizonte Studienaufenthalte im Ausland bieten die unvergleichliche M\u00f6glichkeit, einen [&hellip;]<\/p>\n","protected":false},"author":69,"featured_media":0,"parent":0,"menu_order":0,"comment_status":"closed","ping_status":"closed","template":"","meta":{"footnotes":""},"categories":[4],"tags":[],"class_list":["post-168","page","type-page","status-publish","hentry","category-forschung"],"_links":{"self":[{"href":"https:\/\/www.hsu-hh.de\/auslandsstud\/wp-json\/wp\/v2\/pages\/168","targetHints":{"allow":["GET"]}}],"collection":[{"href":"https:\/\/www.hsu-hh.de\/auslandsstud\/wp-json\/wp\/v2\/pages"}],"about":[{"href":"https:\/\/www.hsu-hh.de\/auslandsstud\/wp-json\/wp\/v2\/types\/page"}],"author":[{"embeddable":true,"href":"https:\/\/www.hsu-hh.de\/auslandsstud\/wp-json\/wp\/v2\/users\/69"}],"replies":[{"embeddable":true,"href":"https:\/\/www.hsu-hh.de\/auslandsstud\/wp-json\/wp\/v2\/comments?post=168"}],"version-history":[{"count":35,"href":"https:\/\/www.hsu-hh.de\/auslandsstud\/wp-json\/wp\/v2\/pages\/168\/revisions"}],"predecessor-version":[{"id":2679,"href":"https:\/\/www.hsu-hh.de\/auslandsstud\/wp-json\/wp\/v2\/pages\/168\/revisions\/2679"}],"wp:attachment":[{"href":"https:\/\/www.hsu-hh.de\/auslandsstud\/wp-json\/wp\/v2\/media?parent=168"}],"wp:term":[{"taxonomy":"category","embeddable":true,"href":"https:\/\/www.hsu-hh.de\/auslandsstud\/wp-json\/wp\/v2\/categories?post=168"},{"taxonomy":"post_tag","embeddable":true,"href":"https:\/\/www.hsu-hh.de\/auslandsstud\/wp-json\/wp\/v2\/tags?post=168"}],"curies":[{"name":"wp","href":"https:\/\/api.w.org\/{rel}","templated":true}]}}