{"id":707,"date":"2021-07-08T09:32:59","date_gmt":"2021-07-08T07:32:59","guid":{"rendered":"https:\/\/www.hsu-hh.de\/ausbildung\/?page_id=707"},"modified":"2021-07-08T09:35:13","modified_gmt":"2021-07-08T07:35:13","slug":"interviews-industriemechanikerin-industriemechaniker","status":"publish","type":"page","link":"https:\/\/www.hsu-hh.de\/ausbildung\/interviews-industriemechanikerin-industriemechaniker\/","title":{"rendered":"Interviews Industriemechanikerin\/Industriemechaniker"},"content":{"rendered":"\n<div style=\"height:40px\" aria-hidden=\"true\" class=\"wp-block-spacer\"><\/div>\n\n\n\n<div class=\"wp-block-media-text alignwide is-stacked-on-mobile\" style=\"grid-template-columns:15% auto\"><figure class=\"wp-block-media-text__media\"><img loading=\"lazy\" decoding=\"async\" width=\"1024\" height=\"1024\" src=\"https:\/\/www.hsu-hh.de\/ausbildung\/wp-content\/uploads\/sites\/842\/2021\/01\/blank-profile-picture-973460_1280-1024x1024.png\" data-credit=\"PIXABAY: https:\/\/pixabay.com\" alt=\"Person\" class=\"wp-image-297 size-full\" srcset=\"https:\/\/www.hsu-hh.de\/ausbildung\/wp-content\/uploads\/sites\/842\/2021\/01\/blank-profile-picture-973460_1280-1024x1024.png 1024w, https:\/\/www.hsu-hh.de\/ausbildung\/wp-content\/uploads\/sites\/842\/2021\/01\/blank-profile-picture-973460_1280-300x300.png 300w, https:\/\/www.hsu-hh.de\/ausbildung\/wp-content\/uploads\/sites\/842\/2021\/01\/blank-profile-picture-973460_1280-150x150.png 150w, https:\/\/www.hsu-hh.de\/ausbildung\/wp-content\/uploads\/sites\/842\/2021\/01\/blank-profile-picture-973460_1280-768x768.png 768w, https:\/\/www.hsu-hh.de\/ausbildung\/wp-content\/uploads\/sites\/842\/2021\/01\/blank-profile-picture-973460_1280-1100x1100.png 1100w, https:\/\/www.hsu-hh.de\/ausbildung\/wp-content\/uploads\/sites\/842\/2021\/01\/blank-profile-picture-973460_1280-100x100.png 100w, https:\/\/www.hsu-hh.de\/ausbildung\/wp-content\/uploads\/sites\/842\/2021\/01\/blank-profile-picture-973460_1280.png 1280w\" sizes=\"auto, (max-width: 1024px) 100vw, 1024px\" \/><\/figure><div class=\"wp-block-media-text__content\">\n<p class=\"has-text-align-left\" style=\"font-size:32px\">Minh<\/p>\n\n\n\n<p class=\"has-text-align-left\"><em>Ausbildungsbeginn 01.09.2020<\/em><\/p>\n<\/div><\/div>\n\n\n\n<p><strong>Was macht Dir am meisten Spa\u00df?<\/strong><\/p>\n\n\n\n<p class=\"has-small-font-size\"><em>Mir macht die Arbei mit den Kollegen viel Spa\u00df. Man lernt hier wirklich viel und alle sind sehr hilfsbereit. Die Arbeit hier ist zudem auch sehr abwechslungsreich.<\/em><\/p>\n\n\n\n<p><strong>Welche Bereiche hast Du bisher durchlaufen?<\/strong><\/p>\n\n\n\n<p class=\"has-small-font-size\"><em>Ich habe bisher folgende Bereiche durchlaufen: Zentrale Werkstatt, Laboratorium Fertigungstechnik (LaFT), Zeichenb\u00fcro und Elektronik.<\/em><\/p>\n\n\n\n<p><strong>Warum hast Du dich f\u00fcr eine Ausbildung an der HSU entschieden?<\/strong><\/p>\n\n\n\n<p class=\"has-small-font-size\"><em>Es ist schon etwas Au\u00dfergew\u00f6hnliches seine Ausbildung an einer Universit\u00e4t zu machen und da ich nicht aus Hamburg komme, bin ich gern in eine der sch\u00f6nsten St\u00e4dte Deutschlands gezogen.<\/em><\/p>\n\n\n\n<p><strong>Was zeichnet eine Ausbildung an der HSU Deiner Meinung nach aus?<\/strong><\/p>\n\n\n\n<p class=\"has-small-font-size\"><em>Man hat hier viele hilfbereite und nette Kollegen, viele verschiedene Abteilungen und tolle Freitzeitm\u00f6glichkeiten, wie z. B. einen Sportplatz auf dem Campus, einen Fitnessraum und demn\u00e4chst eine Schwimmhalle. <\/em><\/p>\n","protected":false},"excerpt":{"rendered":"<p>Minh Ausbildungsbeginn 01.09.2020 Was macht Dir am meisten Spa\u00df? Mir macht die Arbei mit den Kollegen viel Spa\u00df. Man lernt hier wirklich viel und alle sind sehr hilfsbereit. Die Arbeit [&hellip;]<\/p>\n","protected":false},"author":153,"featured_media":0,"parent":0,"menu_order":0,"comment_status":"closed","ping_status":"closed","template":"","meta":{"footnotes":""},"categories":[4],"tags":[],"class_list":["post-707","page","type-page","status-publish","hentry","category-forschung"],"_links":{"self":[{"href":"https:\/\/www.hsu-hh.de\/ausbildung\/wp-json\/wp\/v2\/pages\/707","targetHints":{"allow":["GET"]}}],"collection":[{"href":"https:\/\/www.hsu-hh.de\/ausbildung\/wp-json\/wp\/v2\/pages"}],"about":[{"href":"https:\/\/www.hsu-hh.de\/ausbildung\/wp-json\/wp\/v2\/types\/page"}],"author":[{"embeddable":true,"href":"https:\/\/www.hsu-hh.de\/ausbildung\/wp-json\/wp\/v2\/users\/153"}],"replies":[{"embeddable":true,"href":"https:\/\/www.hsu-hh.de\/ausbildung\/wp-json\/wp\/v2\/comments?post=707"}],"version-history":[{"count":3,"href":"https:\/\/www.hsu-hh.de\/ausbildung\/wp-json\/wp\/v2\/pages\/707\/revisions"}],"predecessor-version":[{"id":712,"href":"https:\/\/www.hsu-hh.de\/ausbildung\/wp-json\/wp\/v2\/pages\/707\/revisions\/712"}],"wp:attachment":[{"href":"https:\/\/www.hsu-hh.de\/ausbildung\/wp-json\/wp\/v2\/media?parent=707"}],"wp:term":[{"taxonomy":"category","embeddable":true,"href":"https:\/\/www.hsu-hh.de\/ausbildung\/wp-json\/wp\/v2\/categories?post=707"},{"taxonomy":"post_tag","embeddable":true,"href":"https:\/\/www.hsu-hh.de\/ausbildung\/wp-json\/wp\/v2\/tags?post=707"}],"curies":[{"name":"wp","href":"https:\/\/api.w.org\/{rel}","templated":true}]}}