{"id":682,"date":"2021-07-01T09:27:10","date_gmt":"2021-07-01T07:27:10","guid":{"rendered":"https:\/\/www.hsu-hh.de\/ausbildung\/?page_id=682"},"modified":"2021-07-01T16:10:37","modified_gmt":"2021-07-01T14:10:37","slug":"interviews-fachangestellte-r-fuer-medien-und-informationsdienste-fachrichtung-bibliothek","status":"publish","type":"page","link":"https:\/\/www.hsu-hh.de\/ausbildung\/interviews-fachangestellte-r-fuer-medien-und-informationsdienste-fachrichtung-bibliothek\/","title":{"rendered":"Interviews Fachangestellte\/r f\u00fcr Medien- und Informationsdienste, Fachrichtung Bibliothek"},"content":{"rendered":"\n<div style=\"height:40px\" aria-hidden=\"true\" class=\"wp-block-spacer\"><\/div>\n\n\n\n<div class=\"wp-block-media-text alignwide is-stacked-on-mobile\" style=\"grid-template-columns:15% auto\"><figure class=\"wp-block-media-text__media\"><img loading=\"lazy\" decoding=\"async\" width=\"1024\" height=\"1024\" src=\"https:\/\/www.hsu-hh.de\/ausbildung\/wp-content\/uploads\/sites\/842\/2021\/01\/blank-profile-picture-973460_1280-1024x1024.png\" data-credit=\"PIXABAY: https:\/\/pixabay.com\" alt=\"Person\" class=\"wp-image-297 size-full\" srcset=\"https:\/\/www.hsu-hh.de\/ausbildung\/wp-content\/uploads\/sites\/842\/2021\/01\/blank-profile-picture-973460_1280-1024x1024.png 1024w, https:\/\/www.hsu-hh.de\/ausbildung\/wp-content\/uploads\/sites\/842\/2021\/01\/blank-profile-picture-973460_1280-300x300.png 300w, https:\/\/www.hsu-hh.de\/ausbildung\/wp-content\/uploads\/sites\/842\/2021\/01\/blank-profile-picture-973460_1280-150x150.png 150w, https:\/\/www.hsu-hh.de\/ausbildung\/wp-content\/uploads\/sites\/842\/2021\/01\/blank-profile-picture-973460_1280-768x768.png 768w, https:\/\/www.hsu-hh.de\/ausbildung\/wp-content\/uploads\/sites\/842\/2021\/01\/blank-profile-picture-973460_1280-1100x1100.png 1100w, https:\/\/www.hsu-hh.de\/ausbildung\/wp-content\/uploads\/sites\/842\/2021\/01\/blank-profile-picture-973460_1280-100x100.png 100w, https:\/\/www.hsu-hh.de\/ausbildung\/wp-content\/uploads\/sites\/842\/2021\/01\/blank-profile-picture-973460_1280.png 1280w\" sizes=\"auto, (max-width: 1024px) 100vw, 1024px\" \/><\/figure><div class=\"wp-block-media-text__content\">\n<p class=\"has-text-align-left\" style=\"font-size:32px\">Desir\u00e9e<\/p>\n\n\n\n<p class=\"has-text-align-left\"><em>Ausbildungsbeginn 01.09.2020<\/em><\/p>\n<\/div><\/div>\n\n\n\n<p><strong>Wie bist Du auf die Helmut-Schmidt-Universit\u00e4t aufmerksam geworden bzw. wo hast Du dich informiert?<\/strong><\/p>\n\n\n\n<p class=\"has-small-font-size\"><em>Eher zuf\u00e4llig, als ich im Internet nach Ausbildungspl\u00e4tzen in Hamburg gesucht habe. Informiert habe ich mich allgemein im Internet bzw. auf der Website.<\/em><\/p>\n\n\n\n<p><strong>Wie gef\u00e4llt dir Deine Ausbildung bisher?<\/strong><\/p>\n\n\n\n<p class=\"has-small-font-size\"><em>Mir gef\u00e4llt die Ausbildung sehr gut, da sie genauso ist wie ich sie mir vorgestellt habe und ich keine falschen Erwartungen an den Beruf hatte.<\/em><\/p>\n\n\n\n<p><strong>Was macht Dir am meisten Spa\u00df?<\/strong><\/p>\n\n\n\n<p class=\"has-small-font-size\"><em>Die Vielf\u00e4ltigkeit der Ausbildung. Ich habe die M\u00f6glichkeit, die verschiedensten Abteilungen (Benutzung, Erwerbung, Zeitschriften) zu durchlaufen und habe das Gef\u00fchl, willkommen zu sein.<\/em><\/p>\n\n\n\n<p><strong>Welche Bereiche hast du bisher durchlaufen?<\/strong><\/p>\n\n\n\n<p class=\"has-small-font-size\"><em>Ich habe jetzt alle Abteilungen in der Bibliothek durchlaufen. Also z.B. Katalogisierung, Benutzung, Erwerbung, die Dokumentenlieferung und einige weitere Abteilungen.<\/em><\/p>\n\n\n\n<p><strong>Warum hast Du dich f\u00fcr eine Ausbildung an der HSU entschieden?<\/strong><\/p>\n\n\n\n<p class=\"has-small-font-size\"><em>Ich fand die Erfahrung sehr spannend, weil die HSU eine der beiden Universit\u00e4ten der Bundeswehr ist und dadurch auch die Arbeit in der Bibliothek etwas spezieller ist.<\/em><\/p>\n\n\n\n<p><strong>Was zeichnet eine Ausbildung an der HSU Deiner Meinung nach aus?<\/strong><\/p>\n\n\n\n<p class=\"has-small-font-size\"><em>Ich w\u00fcrde sagen, dass man in der Ausbildung an der HSU eine sehr solide und hochwertige Ausbildung absolviert. Die Ausbildung ist sehr vielf\u00e4ltig und es gibt die M\u00f6glichkeit, zumindest in der Ausbildung als FaMI noch zus\u00e4tzlich Praktika zu absolvieren und somit viele Erfahrungen zu sammeln.<\/em><\/p>\n","protected":false},"excerpt":{"rendered":"<p>Desir\u00e9e Ausbildungsbeginn 01.09.2020 Wie bist Du auf die Helmut-Schmidt-Universit\u00e4t aufmerksam geworden bzw. wo hast Du dich informiert? Eher zuf\u00e4llig, als ich im Internet nach Ausbildungspl\u00e4tzen in Hamburg gesucht habe. Informiert [&hellip;]<\/p>\n","protected":false},"author":153,"featured_media":0,"parent":0,"menu_order":0,"comment_status":"closed","ping_status":"closed","template":"","meta":{"footnotes":""},"categories":[4],"tags":[],"class_list":["post-682","page","type-page","status-publish","hentry","category-forschung"],"_links":{"self":[{"href":"https:\/\/www.hsu-hh.de\/ausbildung\/wp-json\/wp\/v2\/pages\/682","targetHints":{"allow":["GET"]}}],"collection":[{"href":"https:\/\/www.hsu-hh.de\/ausbildung\/wp-json\/wp\/v2\/pages"}],"about":[{"href":"https:\/\/www.hsu-hh.de\/ausbildung\/wp-json\/wp\/v2\/types\/page"}],"author":[{"embeddable":true,"href":"https:\/\/www.hsu-hh.de\/ausbildung\/wp-json\/wp\/v2\/users\/153"}],"replies":[{"embeddable":true,"href":"https:\/\/www.hsu-hh.de\/ausbildung\/wp-json\/wp\/v2\/comments?post=682"}],"version-history":[{"count":4,"href":"https:\/\/www.hsu-hh.de\/ausbildung\/wp-json\/wp\/v2\/pages\/682\/revisions"}],"predecessor-version":[{"id":698,"href":"https:\/\/www.hsu-hh.de\/ausbildung\/wp-json\/wp\/v2\/pages\/682\/revisions\/698"}],"wp:attachment":[{"href":"https:\/\/www.hsu-hh.de\/ausbildung\/wp-json\/wp\/v2\/media?parent=682"}],"wp:term":[{"taxonomy":"category","embeddable":true,"href":"https:\/\/www.hsu-hh.de\/ausbildung\/wp-json\/wp\/v2\/categories?post=682"},{"taxonomy":"post_tag","embeddable":true,"href":"https:\/\/www.hsu-hh.de\/ausbildung\/wp-json\/wp\/v2\/tags?post=682"}],"curies":[{"name":"wp","href":"https:\/\/api.w.org\/{rel}","templated":true}]}}