{"id":674,"date":"2021-06-30T14:15:26","date_gmt":"2021-06-30T12:15:26","guid":{"rendered":"https:\/\/www.hsu-hh.de\/ausbildung\/?page_id=674"},"modified":"2021-07-08T09:22:29","modified_gmt":"2021-07-08T07:22:29","slug":"interviews-fachinformatiker-in-fuer-systemintegration","status":"publish","type":"page","link":"https:\/\/www.hsu-hh.de\/ausbildung\/interviews-fachinformatiker-in-fuer-systemintegration\/","title":{"rendered":"Interviews Fachinformatiker\/in f\u00fcr Systemintegration"},"content":{"rendered":"\n<div style=\"height:40px\" aria-hidden=\"true\" class=\"wp-block-spacer\"><\/div>\n\n\n\n<div class=\"wp-block-media-text alignwide is-stacked-on-mobile\" style=\"grid-template-columns:15% auto\"><figure class=\"wp-block-media-text__media\"><img loading=\"lazy\" decoding=\"async\" width=\"1024\" height=\"1024\" src=\"https:\/\/www.hsu-hh.de\/ausbildung\/wp-content\/uploads\/sites\/842\/2021\/01\/blank-profile-picture-973460_1280-1024x1024.png\" data-credit=\"PIXABAY: https:\/\/pixabay.com\" alt=\"Person\" class=\"wp-image-297 size-full\" srcset=\"https:\/\/www.hsu-hh.de\/ausbildung\/wp-content\/uploads\/sites\/842\/2021\/01\/blank-profile-picture-973460_1280-1024x1024.png 1024w, https:\/\/www.hsu-hh.de\/ausbildung\/wp-content\/uploads\/sites\/842\/2021\/01\/blank-profile-picture-973460_1280-300x300.png 300w, https:\/\/www.hsu-hh.de\/ausbildung\/wp-content\/uploads\/sites\/842\/2021\/01\/blank-profile-picture-973460_1280-150x150.png 150w, https:\/\/www.hsu-hh.de\/ausbildung\/wp-content\/uploads\/sites\/842\/2021\/01\/blank-profile-picture-973460_1280-768x768.png 768w, https:\/\/www.hsu-hh.de\/ausbildung\/wp-content\/uploads\/sites\/842\/2021\/01\/blank-profile-picture-973460_1280-1100x1100.png 1100w, https:\/\/www.hsu-hh.de\/ausbildung\/wp-content\/uploads\/sites\/842\/2021\/01\/blank-profile-picture-973460_1280-100x100.png 100w, https:\/\/www.hsu-hh.de\/ausbildung\/wp-content\/uploads\/sites\/842\/2021\/01\/blank-profile-picture-973460_1280.png 1280w\" sizes=\"auto, (max-width: 1024px) 100vw, 1024px\" \/><\/figure><div class=\"wp-block-media-text__content\">\n<p class=\"has-text-align-left\" style=\"font-size:32px\">Joana<\/p>\n\n\n\n<p class=\"has-text-align-left\"><em>Ausbildungsbeginn 01.09.2020<\/em><\/p>\n<\/div><\/div>\n\n\n\n<p class=\"has-normal-font-size\"><strong>Wie bist Du auf die Helmut-Schmidt-Universit\u00e4t aufmerksam geworden bzw. wo hast Du dich informiert?<\/strong><\/p>\n\n\n\n<p class=\"has-small-font-size\"><em>Ich war aktiv auf der Suche nach einem Ausbildungsplatz, der au\u00dferhalb meiner Heimat liegen sollte. IT hat mich fr\u00fcher schon interessiert. Ein Bekannter von mir, der als SaZ (Soldat auf Zeit) bei der Bundeswehr ist, hat mir vorgeschlagen, doch mal auf Bundeswehrkarriere.de zu schauen und dort habe ich mich weiter informiert und auch beworben.<\/em><\/p>\n\n\n\n<p><strong>Wie gef\u00e4llt dir Deine Ausbildung bisher?<\/strong><\/p>\n\n\n\n<p class=\"has-small-font-size\"><em>Bisher gef\u00e4llt mir meine Ausbildung sehr gut. Auch, wenn durch Corona vieles eingeschr\u00e4nkt war\/ist, so wurde\/wird sich doch gro\u00dfe M\u00fche gegeben, die Ausbildung interessant und abwechslungsreich zu gestalten.<\/em><\/p>\n\n\n\n<p><strong>Was macht Dir am meisten Spa\u00df?<\/strong><\/p>\n\n\n\n<p class=\"has-small-font-size\"><em>Jeden Tag etwas Neues zu lernen, sowie der Kontakt zu vielen verschiedenen Menschen, die man auf einem universit\u00e4ren Bundeswehr-Campus so antrifft.<\/em><\/p>\n\n\n\n<p><strong>Welche Bereiche hast du bisher durchlaufen?<\/strong><\/p>\n\n\n\n<p class=\"has-small-font-size\"><em>Bisher konnte ich Corona-bedingt nur in meiner Hauptabteilung, dem IT-Bereich der Verwaltung, bleiben.<\/em><\/p>\n\n\n\n<p><strong>Warum hast Du dich f\u00fcr eine Ausbildung an der HSU entschieden?<\/strong><\/p>\n\n\n\n<p class=\"has-small-font-size\"><em>Die Ausbildung im \u00f6ffentlichen Dienst und die damit verbundene Sicherheit, auch finanziell, ist mir pers\u00f6nlich sehr wichtig gewesen. Der Standort Hamburg war f\u00fcr mich ebenfalls ein gro\u00dfer Faktor, da ich mich hier selbstst\u00e4ndig in einer gro\u00dfen und vor allem sch\u00f6nen Stadt privat wie beruflich entfalten kann.<\/em><\/p>\n\n\n\n<p><strong>Was zeichnet eine Ausbildung an der HSU Deiner Meinung nach aus?<\/strong><\/p>\n\n\n\n<p class=\"has-small-font-size\"><em>Man f\u00fchlt sich hier direkt wohl und aufgehoben, da man immer einen Ansprechpartner hat und respektvoll behandelt wird. Innerhalb meines Bereiches herrscht eine sehr angenehme Atmosph\u00e4re, in welcher man sich auch als Azubi mit Ideen und L\u00f6sungsvorschl\u00e4gen einbringen kann.<\/em><\/p>\n\n\n\n<p><strong>Was war Dein pers\u00f6nliches Highlight w\u00e4hrend Deiner Ausbildung?<\/strong><\/p>\n\n\n\n<p class=\"has-small-font-size\"><em>Ehrlich gesagt, halte ich bisher die gesamte Ausbildung f\u00fcr ein \u201eHighlight\u201c, da ich die M\u00f6glichkeit habe, mich weiterzuentwickeln und \u00fcber mich hinaus zu wachsen und verschiedensten Herausforderungen zu begegnen. Einen genauen Moment kann ich bisher nicht herauskristallisieren.<\/em><\/p>\n\n\n\n<div style=\"height:20px\" aria-hidden=\"true\" class=\"wp-block-spacer\"><\/div>\n\n\n\n<hr class=\"wp-block-separator is-style-wide\" \/>\n\n\n\n<div style=\"height:20px\" aria-hidden=\"true\" class=\"wp-block-spacer\"><\/div>\n","protected":false},"excerpt":{"rendered":"<p>Joana Ausbildungsbeginn 01.09.2020 Wie bist Du auf die Helmut-Schmidt-Universit\u00e4t aufmerksam geworden bzw. wo hast Du dich informiert? Ich war aktiv auf der Suche nach einem Ausbildungsplatz, der au\u00dferhalb meiner Heimat [&hellip;]<\/p>\n","protected":false},"author":153,"featured_media":0,"parent":0,"menu_order":0,"comment_status":"closed","ping_status":"closed","template":"","meta":{"footnotes":""},"categories":[4],"tags":[],"class_list":["post-674","page","type-page","status-publish","hentry","category-forschung"],"_links":{"self":[{"href":"https:\/\/www.hsu-hh.de\/ausbildung\/wp-json\/wp\/v2\/pages\/674","targetHints":{"allow":["GET"]}}],"collection":[{"href":"https:\/\/www.hsu-hh.de\/ausbildung\/wp-json\/wp\/v2\/pages"}],"about":[{"href":"https:\/\/www.hsu-hh.de\/ausbildung\/wp-json\/wp\/v2\/types\/page"}],"author":[{"embeddable":true,"href":"https:\/\/www.hsu-hh.de\/ausbildung\/wp-json\/wp\/v2\/users\/153"}],"replies":[{"embeddable":true,"href":"https:\/\/www.hsu-hh.de\/ausbildung\/wp-json\/wp\/v2\/comments?post=674"}],"version-history":[{"count":3,"href":"https:\/\/www.hsu-hh.de\/ausbildung\/wp-json\/wp\/v2\/pages\/674\/revisions"}],"predecessor-version":[{"id":708,"href":"https:\/\/www.hsu-hh.de\/ausbildung\/wp-json\/wp\/v2\/pages\/674\/revisions\/708"}],"wp:attachment":[{"href":"https:\/\/www.hsu-hh.de\/ausbildung\/wp-json\/wp\/v2\/media?parent=674"}],"wp:term":[{"taxonomy":"category","embeddable":true,"href":"https:\/\/www.hsu-hh.de\/ausbildung\/wp-json\/wp\/v2\/categories?post=674"},{"taxonomy":"post_tag","embeddable":true,"href":"https:\/\/www.hsu-hh.de\/ausbildung\/wp-json\/wp\/v2\/tags?post=674"}],"curies":[{"name":"wp","href":"https:\/\/api.w.org\/{rel}","templated":true}]}}