{"id":639,"date":"2021-06-30T09:22:00","date_gmt":"2021-06-30T07:22:00","guid":{"rendered":"https:\/\/www.hsu-hh.de\/ausbildung\/?page_id=639"},"modified":"2021-07-08T09:39:49","modified_gmt":"2021-07-08T07:39:49","slug":"interviews-kauffrau-kaufmann-fuer-bueromanagement","status":"publish","type":"page","link":"https:\/\/www.hsu-hh.de\/ausbildung\/interviews-kauffrau-kaufmann-fuer-bueromanagement\/","title":{"rendered":"Interviews Kauffrau\/Kaufmann f\u00fcr B\u00fcromanagement"},"content":{"rendered":"\n<div style=\"height:40px\" aria-hidden=\"true\" class=\"wp-block-spacer\"><\/div>\n\n\n\n<div class=\"wp-block-media-text alignwide is-stacked-on-mobile\" style=\"grid-template-columns:15% auto\"><figure class=\"wp-block-media-text__media\"><img loading=\"lazy\" decoding=\"async\" width=\"1024\" height=\"1024\" src=\"https:\/\/www.hsu-hh.de\/ausbildung\/wp-content\/uploads\/sites\/842\/2021\/01\/blank-profile-picture-973460_1280-1024x1024.png\" data-credit=\"PIXABAY: https:\/\/pixabay.com\" alt=\"Person\" class=\"wp-image-297 size-full\" srcset=\"https:\/\/www.hsu-hh.de\/ausbildung\/wp-content\/uploads\/sites\/842\/2021\/01\/blank-profile-picture-973460_1280-1024x1024.png 1024w, https:\/\/www.hsu-hh.de\/ausbildung\/wp-content\/uploads\/sites\/842\/2021\/01\/blank-profile-picture-973460_1280-300x300.png 300w, https:\/\/www.hsu-hh.de\/ausbildung\/wp-content\/uploads\/sites\/842\/2021\/01\/blank-profile-picture-973460_1280-150x150.png 150w, https:\/\/www.hsu-hh.de\/ausbildung\/wp-content\/uploads\/sites\/842\/2021\/01\/blank-profile-picture-973460_1280-768x768.png 768w, https:\/\/www.hsu-hh.de\/ausbildung\/wp-content\/uploads\/sites\/842\/2021\/01\/blank-profile-picture-973460_1280-1100x1100.png 1100w, https:\/\/www.hsu-hh.de\/ausbildung\/wp-content\/uploads\/sites\/842\/2021\/01\/blank-profile-picture-973460_1280-100x100.png 100w, https:\/\/www.hsu-hh.de\/ausbildung\/wp-content\/uploads\/sites\/842\/2021\/01\/blank-profile-picture-973460_1280.png 1280w\" sizes=\"auto, (max-width: 1024px) 100vw, 1024px\" \/><\/figure><div class=\"wp-block-media-text__content\">\n<p class=\"has-text-align-left\" style=\"font-size:32px\">Alissa<\/p>\n\n\n\n<p class=\"has-text-align-left\"><em>Ausbildungsbeginn 01.09.2020<\/em><\/p>\n<\/div><\/div>\n\n\n\n<p><strong>Wie gef\u00e4llt dir Deine Ausbildung bisher?<\/strong><\/p>\n\n\n\n<p class=\"has-small-font-size\"><em>Dadurch, dass ich verschiedene Bereiche\/Dezernate durchlaufe, erfahre ich immer wieder Neues und daher ist die Ausbildung sehr vielfertig. Also mir gef\u00e4llt meine Ausbildung bisher sehr gut.<\/em><\/p>\n\n\n\n<p><strong>Was macht Dir am meisten Spa\u00df?<\/strong><\/p>\n\n\n\n<p class=\"has-small-font-size\"><em>Am meisten mag ich den direkten Kontakt zu Menschen.<\/em><\/p>\n\n\n\n<p><strong>Welche Bereiche hast Du bisher durchlaufen?<\/strong><\/p>\n\n\n\n<p class=\"has-small-font-size\"><em>Zuerst war ich im Dezernat I (Organisation, innerer Dienst, Infrastruktur-und Liegenschaftsangelegenheiten). Danach habe ich in die Fakult\u00e4t f\u00fcr Maschinenbau und Elektrotechnik kennengelernt und aktuell sitze ich im Dezernat III (Pr\u00fcfungsamt).<\/em><\/p>\n\n\n\n<div style=\"height:20px\" aria-hidden=\"true\" class=\"wp-block-spacer\"><\/div>\n\n\n\n<hr class=\"wp-block-separator is-style-wide\" \/>\n\n\n\n<div style=\"height:20px\" aria-hidden=\"true\" class=\"wp-block-spacer\"><\/div>\n\n\n\n<div class=\"wp-block-media-text alignwide is-stacked-on-mobile\" style=\"grid-template-columns:15% auto\"><figure class=\"wp-block-media-text__media\"><img loading=\"lazy\" decoding=\"async\" width=\"1024\" height=\"1024\" src=\"https:\/\/www.hsu-hh.de\/ausbildung\/wp-content\/uploads\/sites\/842\/2021\/01\/blank-profile-picture-973460_1280-1024x1024.png\" data-credit=\"PIXABAY: https:\/\/pixabay.com\" alt=\"Person\" class=\"wp-image-297 size-full\" srcset=\"https:\/\/www.hsu-hh.de\/ausbildung\/wp-content\/uploads\/sites\/842\/2021\/01\/blank-profile-picture-973460_1280-1024x1024.png 1024w, https:\/\/www.hsu-hh.de\/ausbildung\/wp-content\/uploads\/sites\/842\/2021\/01\/blank-profile-picture-973460_1280-300x300.png 300w, https:\/\/www.hsu-hh.de\/ausbildung\/wp-content\/uploads\/sites\/842\/2021\/01\/blank-profile-picture-973460_1280-150x150.png 150w, https:\/\/www.hsu-hh.de\/ausbildung\/wp-content\/uploads\/sites\/842\/2021\/01\/blank-profile-picture-973460_1280-768x768.png 768w, https:\/\/www.hsu-hh.de\/ausbildung\/wp-content\/uploads\/sites\/842\/2021\/01\/blank-profile-picture-973460_1280-1100x1100.png 1100w, https:\/\/www.hsu-hh.de\/ausbildung\/wp-content\/uploads\/sites\/842\/2021\/01\/blank-profile-picture-973460_1280-100x100.png 100w, https:\/\/www.hsu-hh.de\/ausbildung\/wp-content\/uploads\/sites\/842\/2021\/01\/blank-profile-picture-973460_1280.png 1280w\" sizes=\"auto, (max-width: 1024px) 100vw, 1024px\" \/><\/figure><div class=\"wp-block-media-text__content\">\n<p class=\"has-text-align-left\" style=\"font-size:32px\">Patricia<\/p>\n\n\n\n<p class=\"has-text-align-left\"><em>Ausbildungsbeginn 01.09.2020<\/em><\/p>\n<\/div><\/div>\n\n\n\n<p><strong>Was macht Dir am meisten Spa\u00df?<\/strong><\/p>\n\n\n\n<p class=\"has-small-font-size\"><em>Die Vielfalt der Aufgaben in den Abteilungen, bzw. der Fakult\u00e4tsverwaltungen. Zudem gef\u00e4llt mir die Abwechslung in den Fakult\u00e4tsverwaltungen in Bezug auf den Umgang mit den Mitarbeitern der Fakult\u00e4t, dem wissenschaftlichen Personal (WMA), sowie den Professoren und Soldaten.<\/em><\/p>\n\n\n\n<p><strong>Warum hast Du dich f\u00fcr eine Ausbildung an der HSU entschieden?<\/strong><\/p>\n\n\n\n<p class=\"has-small-font-size\"><em>Da die HSU ein sicherer Arbeitgeber ist, mit M\u00f6glichkeiten sich weiterzuentwickeln und weiterzubilden.<\/em><\/p>\n\n\n\n<p><strong>Was zeichnet eine Ausbildung an der HSU Deiner Meinung nach aus?<\/strong><\/p>\n\n\n\n<p class=\"has-small-font-size\"><em>In der HSU f\u00fchlt man sich sehr gut aufgehoben, da wir mit Frau Mahler und Frau Engelskirchen immer einen direkten Ansprechpartner haben, welche immer ein &#8222;offenes Ohr&#8220; haben.  Zudem hat man die M\u00f6glichkeit, in allen Bereichen, von der Beschaffung, \u00fcber die Finanzen bis hin zu den Fakult\u00e4ten, Einblicke zu erhalten, um auch alle Abl\u00e4ufe an der Universit\u00e4t nachzuvollziehen.<\/em><\/p>\n\n\n\n<p><strong>Inwieweit wurden Deine Erwartungen bisher erf\u00fcllt?<\/strong><\/p>\n\n\n\n<p class=\"has-small-font-size\"><em>Meine Erwartungen wurden bis jetzt absolut erf\u00fcllt, da ich mich gut aufgehoben f\u00fchle, viel lernen kann und mir die Abwechslung in der Ausbildung an der Universit\u00e4t gef\u00e4llt. Durch das Kennenlernen der verschiedenen Abteilungen\/Dezernate kann man schauen, in welchem Bereich man St\u00e4rken hat und diese mithilfe der Ausbilder ausbauen, sodass man eventuell schon seinen sp\u00e4teren Arbeitsplatz nach erfolgreicher Ausbildung kennenlernt.<\/em><\/p>\n\n\n\n<div style=\"height:20px\" aria-hidden=\"true\" class=\"wp-block-spacer\"><\/div>\n\n\n\n<hr class=\"wp-block-separator is-style-wide\" \/>\n\n\n\n<div style=\"height:20px\" aria-hidden=\"true\" class=\"wp-block-spacer\"><\/div>\n\n\n\n<div class=\"wp-block-media-text alignwide is-stacked-on-mobile\" style=\"grid-template-columns:15% auto\"><figure class=\"wp-block-media-text__media\"><img loading=\"lazy\" decoding=\"async\" width=\"1024\" height=\"1024\" src=\"https:\/\/www.hsu-hh.de\/ausbildung\/wp-content\/uploads\/sites\/842\/2021\/01\/blank-profile-picture-973460_1280-1024x1024.png\" data-credit=\"PIXABAY: https:\/\/pixabay.com\" alt=\"Person\" class=\"wp-image-297 size-full\" srcset=\"https:\/\/www.hsu-hh.de\/ausbildung\/wp-content\/uploads\/sites\/842\/2021\/01\/blank-profile-picture-973460_1280-1024x1024.png 1024w, https:\/\/www.hsu-hh.de\/ausbildung\/wp-content\/uploads\/sites\/842\/2021\/01\/blank-profile-picture-973460_1280-300x300.png 300w, https:\/\/www.hsu-hh.de\/ausbildung\/wp-content\/uploads\/sites\/842\/2021\/01\/blank-profile-picture-973460_1280-150x150.png 150w, https:\/\/www.hsu-hh.de\/ausbildung\/wp-content\/uploads\/sites\/842\/2021\/01\/blank-profile-picture-973460_1280-768x768.png 768w, https:\/\/www.hsu-hh.de\/ausbildung\/wp-content\/uploads\/sites\/842\/2021\/01\/blank-profile-picture-973460_1280-1100x1100.png 1100w, https:\/\/www.hsu-hh.de\/ausbildung\/wp-content\/uploads\/sites\/842\/2021\/01\/blank-profile-picture-973460_1280-100x100.png 100w, https:\/\/www.hsu-hh.de\/ausbildung\/wp-content\/uploads\/sites\/842\/2021\/01\/blank-profile-picture-973460_1280.png 1280w\" sizes=\"auto, (max-width: 1024px) 100vw, 1024px\" \/><\/figure><div class=\"wp-block-media-text__content\">\n<p class=\"has-text-align-left\" style=\"font-size:32px\">Swantje<\/p>\n\n\n\n<p class=\"has-text-align-left\"><em>Ausbildungsbeginn 01.09.2020<\/em><\/p>\n<\/div><\/div>\n\n\n\n<p><strong>Wie bist Du auf die Helmut-Schmidt-Universit\u00e4t aufmerksam geworden bzw. wo hast Du dich informiert?<\/strong><\/p>\n\n\n\n<p class=\"has-small-font-size\"><em>Ich bin rein zuf\u00e4llig auf die Helmut-Schmidt-Universit\u00e4t aufmerksam geworden. Mein Ziel war es, meine Ausbildung in einem gro\u00dfen Unternehmen zu machen. Als ich dann die Stellenanzeige der HSU auf der Website der Arbeitsagentur gefunden habe, habe ich mit Erfolg mein Gl\u00fcck versucht.<\/em><\/p>\n\n\n\n<p><strong>Wie gef\u00e4llt dir Deine Ausbildung bisher?<\/strong><\/p>\n\n\n\n<p class=\"has-small-font-size\"><em>Ich f\u00fchle mich als Auszubildende an der HSU von Anfang an sehr wohl. In den Bereichen, in denen ich bisher schon war, wurde ich sofort integriert und mir wurde das Gef\u00fchl gegeben, dass ich zum Team geh\u00f6re.<\/em><\/p>\n\n\n\n<p><strong>Was macht Dir am meisten Spa\u00df?<\/strong><\/p>\n\n\n\n<p class=\"has-small-font-size\"><em>Am meisten Spa\u00df macht mir das Wechseln der Dezernate bzw. die Wechsel innerhalb der Dezernate. So wird die Arbeit nicht langweilig und man lernt jeden einzelnen Arbeitsplatz eines Dezernats kennen. Das finde ich besonders spannend, denn gerade im Dezernat II (Finanzen) habe ich dadurch z.B. den gesamten Prozess einer Rechnungsbearbeitung mitbekommen.<\/em><\/p>\n\n\n\n<div style=\"height:20px\" aria-hidden=\"true\" class=\"wp-block-spacer\"><\/div>\n\n\n\n<hr class=\"wp-block-separator is-style-wide\" \/>\n\n\n\n<div style=\"height:20px\" aria-hidden=\"true\" class=\"wp-block-spacer\"><\/div>\n\n\n\n<div class=\"wp-block-media-text alignwide is-stacked-on-mobile\" style=\"grid-template-columns:15% auto\"><figure class=\"wp-block-media-text__media\"><img loading=\"lazy\" decoding=\"async\" width=\"1024\" height=\"1024\" src=\"https:\/\/www.hsu-hh.de\/ausbildung\/wp-content\/uploads\/sites\/842\/2021\/01\/blank-profile-picture-973460_1280-1024x1024.png\" data-credit=\"PIXABAY: https:\/\/pixabay.com\" alt=\"Person\" class=\"wp-image-297 size-full\" srcset=\"https:\/\/www.hsu-hh.de\/ausbildung\/wp-content\/uploads\/sites\/842\/2021\/01\/blank-profile-picture-973460_1280-1024x1024.png 1024w, https:\/\/www.hsu-hh.de\/ausbildung\/wp-content\/uploads\/sites\/842\/2021\/01\/blank-profile-picture-973460_1280-300x300.png 300w, https:\/\/www.hsu-hh.de\/ausbildung\/wp-content\/uploads\/sites\/842\/2021\/01\/blank-profile-picture-973460_1280-150x150.png 150w, https:\/\/www.hsu-hh.de\/ausbildung\/wp-content\/uploads\/sites\/842\/2021\/01\/blank-profile-picture-973460_1280-768x768.png 768w, https:\/\/www.hsu-hh.de\/ausbildung\/wp-content\/uploads\/sites\/842\/2021\/01\/blank-profile-picture-973460_1280-1100x1100.png 1100w, https:\/\/www.hsu-hh.de\/ausbildung\/wp-content\/uploads\/sites\/842\/2021\/01\/blank-profile-picture-973460_1280-100x100.png 100w, https:\/\/www.hsu-hh.de\/ausbildung\/wp-content\/uploads\/sites\/842\/2021\/01\/blank-profile-picture-973460_1280.png 1280w\" sizes=\"auto, (max-width: 1024px) 100vw, 1024px\" \/><\/figure><div class=\"wp-block-media-text__content\">\n<p class=\"has-text-align-left\" style=\"font-size:32px\">Michelle<\/p>\n\n\n\n<p class=\"has-text-align-left\"><em>Ausbildungsbeginn 01.09.2019<\/em><\/p>\n<\/div><\/div>\n\n\n\n<p><strong>Wie bist Du auf die Helmut-Schmidt-Universit\u00e4t aufmerksam geworden bzw. wo hast Du dich informiert?<\/strong><\/p>\n\n\n\n<p class=\"has-small-font-size\"><em>Ich habe mich einerseits \u00fcber das Internet und dann \u00fcber die Internetseite der HSU informiert. &nbsp;Aber auch an Berufsinformationsveranstaltungen und Messen habe ich teilgenommen und mich dort beraten lassen.<\/em><\/p>\n\n\n\n<p><strong>Wie gef\u00e4llt dir Deine Ausbildung bisher?<\/strong><\/p>\n\n\n\n<p class=\"has-small-font-size\"><em>Die Ausbildung zur Kauffrau f\u00fcr B\u00fcromanagement gef\u00e4llt mir sehr gut. Es ist abwechslungsreich, spannend und vielf\u00e4ltig. Man bekommt einen Einblick in alle Bereiche einer Universit\u00e4t und deren Vorg\u00e4nge, aber auch in Personal- und Finanzangelegenheiten, die man immer wieder in verschiedenen Bereichen der freien Wirtschaft wiederfindet. Und das ist das besondere an einer Universit\u00e4t eine Ausbildung zu machen.<\/em><\/p>\n\n\n\n<p><strong>Was macht Dir am meisten Spa\u00df?<\/strong><\/p>\n\n\n\n<p class=\"has-small-font-size\"><em>Der direkte Kontakt mit Studierenden und Angestellten ist in der Personalabteilung oder auch in einer der vier Fakult\u00e4ten der Uni besonders spannend. Man lernt immer neue Leute kennen und muss sich spontan auf unterschiedliche Situationen einlassen. Das macht diesen Ausbildungsberuf besonders abwechslungsreich.<\/em><\/p>\n\n\n\n<p><strong>Warum hast Du dich f\u00fcr eine Ausbildung an der HSU entschieden?<\/strong><\/p>\n\n\n\n<p class=\"has-small-font-size\"><em>Zu aller Erst war es mir wichtig etwas zu lernen, was man t\u00e4glich braucht. Ob es Urlaubsplanungen, Vertr\u00e4ge oder Buchhaltung ist. Zudem ist der Standort der Universit\u00e4t sehr attraktiv in Hamburg gelegen und die Bundeswehr als Arbeitgeber ist eine sichere Sache.<\/em><\/p>\n\n\n\n<p><strong>Was zeichnet eine Ausbildung an der HSU Deiner Meinung nach aus?<\/strong><\/p>\n\n\n\n<p class=\"has-small-font-size\"><em>Die Aufgeschlossenheit der Mitarbeiter, die einem bei allen Fragen zur Seite stehen und die M\u00f6glichkeit einer \u00dcbernahme nach einer erfolgreich abgeschlossenen Ausbildung.<\/em><\/p>\n\n\n\n<p><strong>Inwieweit wurden Deine Erwartungen bisher erf\u00fcllt?<\/strong><\/p>\n\n\n\n<p class=\"has-small-font-size\"><em>Sehr, da die Ausbilderinnen und Ausbilder sehr bestrebt sind uns gut auf die Pr\u00fcfungen vorzubereiten und uns daf\u00fcr auch Zeit geben, sowie mit Rat und Tat zur Seite stehen, falls es Fragen und Probleme gibt.<\/em><\/p>\n\n\n\n<p><strong>Was war Dein pers\u00f6nliches Highlight w\u00e4hrend Deiner Ausbildung?<\/strong><\/p>\n\n\n\n<p class=\"has-small-font-size\"><em>Meine zwei pers\u00f6nlichen Highlights in meiner Ausbildung sind zum einen meine Wahl und T\u00e4tigkeit als Jugend- und Auszubildendenvertretung, wobei ich an Lehrg\u00e4ngen, Ausschusssitzungen und Personalratssitzungen mitwirke und immer als Ansprechpartner zwischen Auszubildenden und Ausbilderinnen\/Ausbildern diene. Und zum zweiten meine Aussicht auf eine \u00dcbernahme nach meiner Abschlusspr\u00fcfung nach 2,5 Jahren in das Dezernat Personalangelegenheiten.<\/em><\/p>\n\n\n\n<div style=\"height:20px\" aria-hidden=\"true\" class=\"wp-block-spacer\"><\/div>\n\n\n\n<hr class=\"wp-block-separator is-style-wide\" \/>\n\n\n\n<div style=\"height:20px\" aria-hidden=\"true\" class=\"wp-block-spacer\"><\/div>\n\n\n\n<div class=\"wp-block-media-text alignwide is-stacked-on-mobile\" style=\"grid-template-columns:15% auto\"><figure class=\"wp-block-media-text__media\"><img loading=\"lazy\" decoding=\"async\" width=\"1024\" height=\"1024\" src=\"https:\/\/www.hsu-hh.de\/ausbildung\/wp-content\/uploads\/sites\/842\/2021\/01\/blank-profile-picture-973460_1280-1024x1024.png\" data-credit=\"PIXABAY: https:\/\/pixabay.com\" alt=\"Person\" class=\"wp-image-297 size-full\" srcset=\"https:\/\/www.hsu-hh.de\/ausbildung\/wp-content\/uploads\/sites\/842\/2021\/01\/blank-profile-picture-973460_1280-1024x1024.png 1024w, https:\/\/www.hsu-hh.de\/ausbildung\/wp-content\/uploads\/sites\/842\/2021\/01\/blank-profile-picture-973460_1280-300x300.png 300w, https:\/\/www.hsu-hh.de\/ausbildung\/wp-content\/uploads\/sites\/842\/2021\/01\/blank-profile-picture-973460_1280-150x150.png 150w, https:\/\/www.hsu-hh.de\/ausbildung\/wp-content\/uploads\/sites\/842\/2021\/01\/blank-profile-picture-973460_1280-768x768.png 768w, https:\/\/www.hsu-hh.de\/ausbildung\/wp-content\/uploads\/sites\/842\/2021\/01\/blank-profile-picture-973460_1280-1100x1100.png 1100w, https:\/\/www.hsu-hh.de\/ausbildung\/wp-content\/uploads\/sites\/842\/2021\/01\/blank-profile-picture-973460_1280-100x100.png 100w, https:\/\/www.hsu-hh.de\/ausbildung\/wp-content\/uploads\/sites\/842\/2021\/01\/blank-profile-picture-973460_1280.png 1280w\" sizes=\"auto, (max-width: 1024px) 100vw, 1024px\" \/><\/figure><div class=\"wp-block-media-text__content\">\n<p class=\"has-text-align-left\" style=\"font-size:32px\">Lilli<\/p>\n\n\n\n<p class=\"has-text-align-left\"><em>Ausbildungsbeginn 01.09.2019<\/em><\/p>\n<\/div><\/div>\n\n\n\n<p><strong>Wie bist Du auf die Helmut-Schmidt-Universit\u00e4t aufmerksam geworden bzw. wo hast Du dich informiert?<\/strong><\/p>\n\n\n\n<p class=\"has-small-font-size\"><em>Ein Familienmitglied hat mich darauf aufmerksam gemacht, dass die Bundeswehr zivil ausbildet und daraufhin habe ich mich erkundigt was f\u00fcr Ausbildungsberufe es gibt und bin dann auf meinen jetzigen Ausbildungsberuf gesto\u00dfen.<\/em><\/p>\n\n\n\n<p><strong>Wie gef\u00e4llt dir Deine Ausbildung bisher?<\/strong><\/p>\n\n\n\n<p class=\"has-small-font-size\"><em>Mir gef\u00e4llt es sehr gut, ich habe bisher viel gelernt. Die Mitarbeiter sind super nett und bem\u00fchen sich wirklich uns Azubis etwas beizubringen. Ich wurde immer herzlich aufgenommen und f\u00fchle mich dementsprechend sehr wohl.<\/em><\/p>\n\n\n\n<p><strong>Was macht Dir am meisten Spa\u00df?<\/strong><\/p>\n\n\n\n<p class=\"has-small-font-size\"><em>Tats\u00e4chlich das zusammenarbeiten mit den verschiedensten Menschen und die Vielfalt an Aufgaben die wir haben. Der Beruf ist sehr umfangreich und es wird nie langweilig.<\/em><\/p>\n\n\n\n<p><strong>Welche Bereiche hast du bisher durchlaufen?<\/strong><\/p>\n\n\n\n<p class=\"has-small-font-size\"><em>Ich war in der Personalabteilung, im Studiensekretariat, bei den Finanzen und bin jetzt in der Fakult\u00e4t f\u00fcr Wirtschafts- und Sozialwissenschaften.<\/em><\/p>\n\n\n\n<p><strong>Warum hast Du dich f\u00fcr eine Ausbildung an der HSU entschieden?<\/strong><\/p>\n\n\n\n<p class=\"has-small-font-size\"><em>Ich wollte schon immer zur Bundeswehr, war aber nie wirklich begeistert davon, mich so viele Jahre zu verpflichten, deswegen kam eine zivile Ausbildung infrage.<\/em><\/p>\n\n\n\n<p><strong>Was war Dein pers\u00f6nliches Highlight w\u00e4hrend Deiner Ausbildung?<\/strong><\/p>\n\n\n\n<p class=\"has-small-font-size\"><em>Ich glaube der Tag der Gesundheit, bei dem wir Azubis mitgeholfen haben, da wir auch in Vorlesungen gehen durften. Ich wollte immer mal in einer Vorlesung sitzen, allerdings nie studieren, aber ich war immer neugierig wie so etwas abl\u00e4uft.<\/em><\/p>\n","protected":false},"excerpt":{"rendered":"<p>Alissa Ausbildungsbeginn 01.09.2020 Wie gef\u00e4llt dir Deine Ausbildung bisher? Dadurch, dass ich verschiedene Bereiche\/Dezernate durchlaufe, erfahre ich immer wieder Neues und daher ist die Ausbildung sehr vielfertig. Also mir gef\u00e4llt [&hellip;]<\/p>\n","protected":false},"author":153,"featured_media":0,"parent":0,"menu_order":0,"comment_status":"closed","ping_status":"closed","template":"","meta":{"footnotes":""},"categories":[4],"tags":[],"class_list":["post-639","page","type-page","status-publish","hentry","category-forschung"],"_links":{"self":[{"href":"https:\/\/www.hsu-hh.de\/ausbildung\/wp-json\/wp\/v2\/pages\/639","targetHints":{"allow":["GET"]}}],"collection":[{"href":"https:\/\/www.hsu-hh.de\/ausbildung\/wp-json\/wp\/v2\/pages"}],"about":[{"href":"https:\/\/www.hsu-hh.de\/ausbildung\/wp-json\/wp\/v2\/types\/page"}],"author":[{"embeddable":true,"href":"https:\/\/www.hsu-hh.de\/ausbildung\/wp-json\/wp\/v2\/users\/153"}],"replies":[{"embeddable":true,"href":"https:\/\/www.hsu-hh.de\/ausbildung\/wp-json\/wp\/v2\/comments?post=639"}],"version-history":[{"count":17,"href":"https:\/\/www.hsu-hh.de\/ausbildung\/wp-json\/wp\/v2\/pages\/639\/revisions"}],"predecessor-version":[{"id":714,"href":"https:\/\/www.hsu-hh.de\/ausbildung\/wp-json\/wp\/v2\/pages\/639\/revisions\/714"}],"wp:attachment":[{"href":"https:\/\/www.hsu-hh.de\/ausbildung\/wp-json\/wp\/v2\/media?parent=639"}],"wp:term":[{"taxonomy":"category","embeddable":true,"href":"https:\/\/www.hsu-hh.de\/ausbildung\/wp-json\/wp\/v2\/categories?post=639"},{"taxonomy":"post_tag","embeddable":true,"href":"https:\/\/www.hsu-hh.de\/ausbildung\/wp-json\/wp\/v2\/tags?post=639"}],"curies":[{"name":"wp","href":"https:\/\/api.w.org\/{rel}","templated":true}]}}