{"id":401,"date":"2021-01-25T15:25:21","date_gmt":"2021-01-25T14:25:21","guid":{"rendered":"https:\/\/www.hsu-hh.de\/ausbildung\/?page_id=401"},"modified":"2021-02-25T08:08:28","modified_gmt":"2021-02-25T07:08:28","slug":"dein-weg-zu-uns","status":"publish","type":"page","link":"https:\/\/www.hsu-hh.de\/ausbildung\/dein-weg-zu-uns\/","title":{"rendered":"Dein Weg zu uns!"},"content":{"rendered":"\n<div style=\"height:40px\" aria-hidden=\"true\" class=\"wp-block-spacer\"><\/div>\n\n\n\n<div class=\"wp-block-media-text alignwide is-stacked-on-mobile\" style=\"grid-template-columns:28% auto\"><figure class=\"wp-block-media-text__media\"><img loading=\"lazy\" decoding=\"async\" width=\"1024\" height=\"1024\" src=\"https:\/\/www.hsu-hh.de\/ausbildung\/wp-content\/uploads\/sites\/842\/2021\/01\/direction-2320124_1920-1024x1024.jpg\" data-credit=\"PIXABAY: https:\/\/pixabay.com\" alt=\"M\u00e4nnchen mit Pfeil auf dem Boden\" class=\"wp-image-396 size-full\" srcset=\"https:\/\/www.hsu-hh.de\/ausbildung\/wp-content\/uploads\/sites\/842\/2021\/01\/direction-2320124_1920-1024x1024.jpg 1024w, https:\/\/www.hsu-hh.de\/ausbildung\/wp-content\/uploads\/sites\/842\/2021\/01\/direction-2320124_1920-300x300.jpg 300w, https:\/\/www.hsu-hh.de\/ausbildung\/wp-content\/uploads\/sites\/842\/2021\/01\/direction-2320124_1920-150x150.jpg 150w, https:\/\/www.hsu-hh.de\/ausbildung\/wp-content\/uploads\/sites\/842\/2021\/01\/direction-2320124_1920-768x768.jpg 768w, https:\/\/www.hsu-hh.de\/ausbildung\/wp-content\/uploads\/sites\/842\/2021\/01\/direction-2320124_1920-1536x1536.jpg 1536w, https:\/\/www.hsu-hh.de\/ausbildung\/wp-content\/uploads\/sites\/842\/2021\/01\/direction-2320124_1920-1100x1100.jpg 1100w, https:\/\/www.hsu-hh.de\/ausbildung\/wp-content\/uploads\/sites\/842\/2021\/01\/direction-2320124_1920-100x100.jpg 100w, https:\/\/www.hsu-hh.de\/ausbildung\/wp-content\/uploads\/sites\/842\/2021\/01\/direction-2320124_1920.jpg 1920w\" sizes=\"auto, (max-width: 1024px) 100vw, 1024px\" \/><\/figure><div class=\"wp-block-media-text__content\">\n<p style=\"font-size:24px\">Aller Anfang ist schwer&#8230;<\/p>\n\n\n\n<p style=\"font-size:17px\">Die Wahl des zuk\u00fcnftigen Berufes ist eine gro\u00dfe Entscheidung. Die Helmut-Schmidt-Universit\u00e4t\/Universit\u00e4t der Bundeswehr Hamburg bietet eine gro\u00dfe Auswahl an Ausbildungsberufen. Insgesamt bilden wir in acht verschiedenen Ausbildungsberufen aus. In welchen Berufen wir ausbilden, erf\u00e4hrst du <a href=\"https:\/\/www.hsu-hh.de\/ausbildung\/berufe-a-z\/\" data-type=\"page\" data-id=\"150\">hier.<\/a><\/p>\n\n\n\n<p style=\"font-size:17px\">Informieren kannst Du Dich auf Messen, Tagen der offenen T\u00fcr oder im Internet.<\/p>\n<\/div><\/div>\n\n\n\n<hr class=\"wp-block-separator is-style-wide\" \/>\n\n\n\n<div class=\"wp-block-media-text alignwide has-media-on-the-right is-stacked-on-mobile\" style=\"grid-template-columns:auto 28%\"><figure class=\"wp-block-media-text__media\"><img loading=\"lazy\" decoding=\"async\" width=\"1024\" height=\"1024\" src=\"https:\/\/www.hsu-hh.de\/ausbildung\/wp-content\/uploads\/sites\/842\/2021\/01\/post-it-5033079_1920-1024x1024.jpg\" data-credit=\"PIXABAY: https:\/\/pixabay.com\" alt=\"M\u00e4nnchen mit Stift und Zettel\" class=\"wp-image-389 size-full\" srcset=\"https:\/\/www.hsu-hh.de\/ausbildung\/wp-content\/uploads\/sites\/842\/2021\/01\/post-it-5033079_1920-1024x1024.jpg 1024w, https:\/\/www.hsu-hh.de\/ausbildung\/wp-content\/uploads\/sites\/842\/2021\/01\/post-it-5033079_1920-300x300.jpg 300w, https:\/\/www.hsu-hh.de\/ausbildung\/wp-content\/uploads\/sites\/842\/2021\/01\/post-it-5033079_1920-150x150.jpg 150w, https:\/\/www.hsu-hh.de\/ausbildung\/wp-content\/uploads\/sites\/842\/2021\/01\/post-it-5033079_1920-768x768.jpg 768w, https:\/\/www.hsu-hh.de\/ausbildung\/wp-content\/uploads\/sites\/842\/2021\/01\/post-it-5033079_1920-1536x1536.jpg 1536w, https:\/\/www.hsu-hh.de\/ausbildung\/wp-content\/uploads\/sites\/842\/2021\/01\/post-it-5033079_1920-1100x1100.jpg 1100w, https:\/\/www.hsu-hh.de\/ausbildung\/wp-content\/uploads\/sites\/842\/2021\/01\/post-it-5033079_1920-100x100.jpg 100w, https:\/\/www.hsu-hh.de\/ausbildung\/wp-content\/uploads\/sites\/842\/2021\/01\/post-it-5033079_1920.jpg 1920w\" sizes=\"auto, (max-width: 1024px) 100vw, 1024px\" \/><\/figure><div class=\"wp-block-media-text__content\">\n<p style=\"font-size:24px\">Den richtigen Beruf gefunden?<\/p>\n\n\n\n<p style=\"font-size:17px\">Bewirb Dich auf eine offene Stelle Deiner Wahl. Welche Ausbildungsstellen zur Zeit ausgeschrieben sind, findest Du <a href=\"https:\/\/www.hsu-hh.de\/karriere\/ausbildungsplaetze-und-praktika\" data-type=\"URL\" data-id=\"https:\/\/www.hsu-hh.de\/karriere\/ausbildungsplaetze-und-praktika\">hier.<\/a> <\/p>\n\n\n\n<p style=\"font-size:17px\">Bitte beachte, dass nicht jedes Jahr jeder Ausbildungsberuf ausgebildet wird.<\/p>\n\n\n\n<p style=\"font-size:17px\">Bewerbungsschluss ist immer der <strong><em>30. September des Vorjahres<\/em><\/strong>.<\/p>\n<\/div><\/div>\n\n\n\n<hr class=\"wp-block-separator is-style-wide\" \/>\n\n\n\n<div class=\"wp-block-media-text alignwide is-stacked-on-mobile\" style=\"grid-template-columns:28% auto\"><figure class=\"wp-block-media-text__media\"><img loading=\"lazy\" decoding=\"async\" width=\"1024\" height=\"1024\" src=\"https:\/\/www.hsu-hh.de\/ausbildung\/wp-content\/uploads\/sites\/842\/2021\/01\/meeting-1002800_1920-1024x1024.jpg\" data-credit=\"PIXABAY: https:\/\/pixabay.com\" alt=\"Zwei M\u00e4nnchen im Gespr\u00e4ch\" class=\"wp-image-388 size-full\" srcset=\"https:\/\/www.hsu-hh.de\/ausbildung\/wp-content\/uploads\/sites\/842\/2021\/01\/meeting-1002800_1920-1024x1024.jpg 1024w, https:\/\/www.hsu-hh.de\/ausbildung\/wp-content\/uploads\/sites\/842\/2021\/01\/meeting-1002800_1920-300x300.jpg 300w, https:\/\/www.hsu-hh.de\/ausbildung\/wp-content\/uploads\/sites\/842\/2021\/01\/meeting-1002800_1920-150x150.jpg 150w, https:\/\/www.hsu-hh.de\/ausbildung\/wp-content\/uploads\/sites\/842\/2021\/01\/meeting-1002800_1920-768x768.jpg 768w, https:\/\/www.hsu-hh.de\/ausbildung\/wp-content\/uploads\/sites\/842\/2021\/01\/meeting-1002800_1920-1536x1536.jpg 1536w, https:\/\/www.hsu-hh.de\/ausbildung\/wp-content\/uploads\/sites\/842\/2021\/01\/meeting-1002800_1920-1100x1100.jpg 1100w, https:\/\/www.hsu-hh.de\/ausbildung\/wp-content\/uploads\/sites\/842\/2021\/01\/meeting-1002800_1920-100x100.jpg 100w, https:\/\/www.hsu-hh.de\/ausbildung\/wp-content\/uploads\/sites\/842\/2021\/01\/meeting-1002800_1920.jpg 1920w\" sizes=\"auto, (max-width: 1024px) 100vw, 1024px\" \/><\/figure><div class=\"wp-block-media-text__content\">\n<p style=\"font-size:24px\">Wir wollen uns kennenlernen!<\/p>\n\n\n\n<p style=\"font-size:17px\">Die Auswahlverfahren bestehen grunds\u00e4tzlich aus einem schriftlichen Eignungstest und einem Vorstellungsgespr\u00e4ch. Manchmal findet beides am selben Tag statt, in einigen F\u00e4llen laden wir Dich zweimal zu uns ein.<\/p>\n\n\n\n<p style=\"font-size:17px\">Die Auswahlverfahren finden in der Zeit <em><strong>von November bis Januar<\/strong><\/em> statt.<\/p>\n<\/div><\/div>\n\n\n\n<hr class=\"wp-block-separator is-style-wide\" \/>\n\n\n\n<div class=\"wp-block-media-text alignwide has-media-on-the-right is-stacked-on-mobile\" style=\"grid-template-columns:auto 28%\"><figure class=\"wp-block-media-text__media\"><img loading=\"lazy\" decoding=\"async\" width=\"1024\" height=\"1024\" src=\"https:\/\/www.hsu-hh.de\/ausbildung\/wp-content\/uploads\/sites\/842\/2021\/01\/question-2309040_1920-1024x1024.jpg\" data-credit=\"PIXABAY: https:\/\/pixabay.com\" alt=\"M\u00e4nnchen mit Fragezeichen\" class=\"wp-image-391 size-full\" srcset=\"https:\/\/www.hsu-hh.de\/ausbildung\/wp-content\/uploads\/sites\/842\/2021\/01\/question-2309040_1920-1024x1024.jpg 1024w, https:\/\/www.hsu-hh.de\/ausbildung\/wp-content\/uploads\/sites\/842\/2021\/01\/question-2309040_1920-300x300.jpg 300w, https:\/\/www.hsu-hh.de\/ausbildung\/wp-content\/uploads\/sites\/842\/2021\/01\/question-2309040_1920-150x150.jpg 150w, https:\/\/www.hsu-hh.de\/ausbildung\/wp-content\/uploads\/sites\/842\/2021\/01\/question-2309040_1920-768x768.jpg 768w, https:\/\/www.hsu-hh.de\/ausbildung\/wp-content\/uploads\/sites\/842\/2021\/01\/question-2309040_1920-1536x1536.jpg 1536w, https:\/\/www.hsu-hh.de\/ausbildung\/wp-content\/uploads\/sites\/842\/2021\/01\/question-2309040_1920-1100x1100.jpg 1100w, https:\/\/www.hsu-hh.de\/ausbildung\/wp-content\/uploads\/sites\/842\/2021\/01\/question-2309040_1920-100x100.jpg 100w, https:\/\/www.hsu-hh.de\/ausbildung\/wp-content\/uploads\/sites\/842\/2021\/01\/question-2309040_1920.jpg 1920w\" sizes=\"auto, (max-width: 1024px) 100vw, 1024px\" \/><\/figure><div class=\"wp-block-media-text__content\">\n<p style=\"font-size:24px\">Wie geht es weiter?<\/p>\n\n\n\n<p style=\"font-size:17px\">In der Regel erf\u00e4hrst Du<strong><em> zwei bis drei Wochen<\/em><\/strong> nach Deinem Vorstellungsgespr\u00e4ch, ob Du Deine Ausbildung bei uns beginnen kannst oder nicht.<\/p>\n\n\n\n<p style=\"font-size:17px\">Sei jedoch etwas nachsichtig mit uns, wenn es aktuell aufgrund der Pandemiesituation manchmal etwas l\u00e4nger dauern kann.<\/p>\n<\/div><\/div>\n\n\n\n<hr class=\"wp-block-separator is-style-wide\" \/>\n\n\n\n<div class=\"wp-block-media-text alignwide is-stacked-on-mobile\" style=\"grid-template-columns:28% auto\"><figure class=\"wp-block-media-text__media\"><img loading=\"lazy\" decoding=\"async\" width=\"1024\" height=\"1024\" src=\"https:\/\/www.hsu-hh.de\/ausbildung\/wp-content\/uploads\/sites\/842\/2021\/01\/white-male-1871375_1920-1024x1024.jpg\" data-credit=\"PIXABAY: https:\/\/pixabay.com\" alt=\"Gruppe von M\u00e4nnchen\" class=\"wp-image-397 size-full\" srcset=\"https:\/\/www.hsu-hh.de\/ausbildung\/wp-content\/uploads\/sites\/842\/2021\/01\/white-male-1871375_1920-1024x1024.jpg 1024w, https:\/\/www.hsu-hh.de\/ausbildung\/wp-content\/uploads\/sites\/842\/2021\/01\/white-male-1871375_1920-300x300.jpg 300w, https:\/\/www.hsu-hh.de\/ausbildung\/wp-content\/uploads\/sites\/842\/2021\/01\/white-male-1871375_1920-150x150.jpg 150w, https:\/\/www.hsu-hh.de\/ausbildung\/wp-content\/uploads\/sites\/842\/2021\/01\/white-male-1871375_1920-768x768.jpg 768w, https:\/\/www.hsu-hh.de\/ausbildung\/wp-content\/uploads\/sites\/842\/2021\/01\/white-male-1871375_1920-1536x1536.jpg 1536w, https:\/\/www.hsu-hh.de\/ausbildung\/wp-content\/uploads\/sites\/842\/2021\/01\/white-male-1871375_1920-1100x1100.jpg 1100w, https:\/\/www.hsu-hh.de\/ausbildung\/wp-content\/uploads\/sites\/842\/2021\/01\/white-male-1871375_1920-100x100.jpg 100w, https:\/\/www.hsu-hh.de\/ausbildung\/wp-content\/uploads\/sites\/842\/2021\/01\/white-male-1871375_1920.jpg 1920w\" sizes=\"auto, (max-width: 1024px) 100vw, 1024px\" \/><\/figure><div class=\"wp-block-media-text__content\">\n<p style=\"font-size:24px\">Die erste Woche deiner Ausbildung&#8230;<\/p>\n\n\n\n<p style=\"font-size:17px\">Die Ausbildung bei uns startet <strong>am 1. September<\/strong> jeden Jahres. <\/p>\n\n\n\n<p style=\"font-size:17px\">In der ersten Woche veranstalten wir eine Einf\u00fchrungswoche mit allen neuen Auszbildenden, um uns besser kennenzulernen und um organisatorische Dinge zu kl\u00e4ren.<\/p>\n<\/div><\/div>\n\n\n\n<hr class=\"wp-block-separator is-style-wide\" \/>\n\n\n\n<div class=\"wp-block-media-text alignwide has-media-on-the-right is-stacked-on-mobile\" style=\"grid-template-columns:auto 28%\"><figure class=\"wp-block-media-text__media\"><img loading=\"lazy\" decoding=\"async\" width=\"1024\" height=\"1024\" src=\"https:\/\/www.hsu-hh.de\/ausbildung\/wp-content\/uploads\/sites\/842\/2021\/01\/download-1002802_1920-1024x1024.jpg\" data-credit=\"PIXABAY: https:\/\/pixabay.com\" alt=\"M\u00e4nnchen mit gr\u00fcnem Haken\" class=\"wp-image-386 size-full\" srcset=\"https:\/\/www.hsu-hh.de\/ausbildung\/wp-content\/uploads\/sites\/842\/2021\/01\/download-1002802_1920-1024x1024.jpg 1024w, https:\/\/www.hsu-hh.de\/ausbildung\/wp-content\/uploads\/sites\/842\/2021\/01\/download-1002802_1920-300x300.jpg 300w, https:\/\/www.hsu-hh.de\/ausbildung\/wp-content\/uploads\/sites\/842\/2021\/01\/download-1002802_1920-150x150.jpg 150w, https:\/\/www.hsu-hh.de\/ausbildung\/wp-content\/uploads\/sites\/842\/2021\/01\/download-1002802_1920-768x768.jpg 768w, https:\/\/www.hsu-hh.de\/ausbildung\/wp-content\/uploads\/sites\/842\/2021\/01\/download-1002802_1920-1536x1536.jpg 1536w, https:\/\/www.hsu-hh.de\/ausbildung\/wp-content\/uploads\/sites\/842\/2021\/01\/download-1002802_1920-1100x1100.jpg 1100w, https:\/\/www.hsu-hh.de\/ausbildung\/wp-content\/uploads\/sites\/842\/2021\/01\/download-1002802_1920-100x100.jpg 100w, https:\/\/www.hsu-hh.de\/ausbildung\/wp-content\/uploads\/sites\/842\/2021\/01\/download-1002802_1920.jpg 1920w\" sizes=\"auto, (max-width: 1024px) 100vw, 1024px\" \/><\/figure><div class=\"wp-block-media-text__content\">\n<p style=\"font-size:24px\">Der erste Schritt in Deine berufliche Zukunft ist geschafft!<\/p>\n\n\n\n<p style=\"font-size:17px\">Nach der Einf\u00fchrungswoche beginnt Deine praktische Ausbildung. <\/p>\n\n\n\n<p style=\"font-size:17px\">Ob im B\u00fcro, in der Werkstatt, im Konstruktionsb\u00fcro, in der Bibliothek oder im Labor &#8211; Du wirst w\u00e4hrend Deiner Ausbildung von erfahrenen Ausbilderinnen und Ausbildern begleitet und ausgebildet. <\/p>\n\n\n\n<p style=\"font-size:17px\">In regelm\u00e4\u00dfigen Feedbackgespr\u00e4chen sprechen wir \u00fcber Deine fachlichen, pers\u00f6nlichen und sozialen Kompetenzen.<\/p>\n<\/div><\/div>\n","protected":false},"excerpt":{"rendered":"<p>Aller Anfang ist schwer&#8230; Die Wahl des zuk\u00fcnftigen Berufes ist eine gro\u00dfe Entscheidung. Die Helmut-Schmidt-Universit\u00e4t\/Universit\u00e4t der Bundeswehr Hamburg bietet eine gro\u00dfe Auswahl an Ausbildungsberufen. Insgesamt bilden wir in acht verschiedenen [&hellip;]<\/p>\n","protected":false},"author":153,"featured_media":0,"parent":0,"menu_order":0,"comment_status":"closed","ping_status":"closed","template":"","meta":{"footnotes":""},"categories":[4],"tags":[],"class_list":["post-401","page","type-page","status-publish","hentry","category-forschung"],"_links":{"self":[{"href":"https:\/\/www.hsu-hh.de\/ausbildung\/wp-json\/wp\/v2\/pages\/401","targetHints":{"allow":["GET"]}}],"collection":[{"href":"https:\/\/www.hsu-hh.de\/ausbildung\/wp-json\/wp\/v2\/pages"}],"about":[{"href":"https:\/\/www.hsu-hh.de\/ausbildung\/wp-json\/wp\/v2\/types\/page"}],"author":[{"embeddable":true,"href":"https:\/\/www.hsu-hh.de\/ausbildung\/wp-json\/wp\/v2\/users\/153"}],"replies":[{"embeddable":true,"href":"https:\/\/www.hsu-hh.de\/ausbildung\/wp-json\/wp\/v2\/comments?post=401"}],"version-history":[{"count":13,"href":"https:\/\/www.hsu-hh.de\/ausbildung\/wp-json\/wp\/v2\/pages\/401\/revisions"}],"predecessor-version":[{"id":530,"href":"https:\/\/www.hsu-hh.de\/ausbildung\/wp-json\/wp\/v2\/pages\/401\/revisions\/530"}],"wp:attachment":[{"href":"https:\/\/www.hsu-hh.de\/ausbildung\/wp-json\/wp\/v2\/media?parent=401"}],"wp:term":[{"taxonomy":"category","embeddable":true,"href":"https:\/\/www.hsu-hh.de\/ausbildung\/wp-json\/wp\/v2\/categories?post=401"},{"taxonomy":"post_tag","embeddable":true,"href":"https:\/\/www.hsu-hh.de\/ausbildung\/wp-json\/wp\/v2\/tags?post=401"}],"curies":[{"name":"wp","href":"https:\/\/api.w.org\/{rel}","templated":true}]}}