{"id":300,"date":"2021-01-18T15:33:49","date_gmt":"2021-01-18T14:33:49","guid":{"rendered":"https:\/\/www.hsu-hh.de\/ausbildung\/?page_id=300"},"modified":"2021-04-13T08:46:13","modified_gmt":"2021-04-13T06:46:13","slug":"haeufig-gestellte-fragen","status":"publish","type":"page","link":"https:\/\/www.hsu-hh.de\/ausbildung\/haeufig-gestellte-fragen\/","title":{"rendered":"H\u00e4ufig gestellte Fragen"},"content":{"rendered":"\n<div style=\"height:51px\" aria-hidden=\"true\" class=\"wp-block-spacer\"><\/div>\n\n\n\n<p class=\"has-text-align-center\" style=\"font-size:24px\">Wir haben hier die am h\u00e4ufigsten gestellten Fragen zusammengetragen. <\/p>\n\n\n\n<p class=\"has-text-align-center\" style=\"font-size:24px\">Solltest Du noch weitere Fragen haben, die hier nicht gekl\u00e4rt wurden, dann rufe uns gerne an oder schreibe uns eine E-Mail.<\/p>\n\n\n\n<p class=\"has-text-align-center\" style=\"font-size:21px\"><strong>Unsere Kontaktdaten findest Du <a href=\"https:\/\/www.hsu-hh.de\/ausbildung\/kontakt\/\" data-type=\"page\" data-id=\"154\">hier<\/a>.<\/strong><\/p>\n\n\n\n<div style=\"height:50px\" aria-hidden=\"true\" class=\"wp-block-spacer\"><\/div>\n\n\n\n<div class=\"wp-block-image\"><figure class=\"aligncenter size-full-image\"><img loading=\"lazy\" decoding=\"async\" width=\"1100\" height=\"345\" src=\"https:\/\/www.hsu-hh.de\/ausbildung\/wp-content\/uploads\/sites\/842\/2021\/03\/banner-1090829_1920-1100x345.jpg\" data-credit=\"PIXABAY: https:\/\/pixabay.com\" alt=\"Banner Fragezeichen\" class=\"wp-image-618\" srcset=\"https:\/\/www.hsu-hh.de\/ausbildung\/wp-content\/uploads\/sites\/842\/2021\/03\/banner-1090829_1920-1100x345.jpg 1100w, https:\/\/www.hsu-hh.de\/ausbildung\/wp-content\/uploads\/sites\/842\/2021\/03\/banner-1090829_1920-300x94.jpg 300w, https:\/\/www.hsu-hh.de\/ausbildung\/wp-content\/uploads\/sites\/842\/2021\/03\/banner-1090829_1920-1024x322.jpg 1024w, https:\/\/www.hsu-hh.de\/ausbildung\/wp-content\/uploads\/sites\/842\/2021\/03\/banner-1090829_1920-768x241.jpg 768w, https:\/\/www.hsu-hh.de\/ausbildung\/wp-content\/uploads\/sites\/842\/2021\/03\/banner-1090829_1920-1536x482.jpg 1536w, https:\/\/www.hsu-hh.de\/ausbildung\/wp-content\/uploads\/sites\/842\/2021\/03\/banner-1090829_1920.jpg 1920w\" sizes=\"auto, (max-width: 1100px) 100vw, 1100px\" \/><\/figure><\/div>\n\n\n\n<div style=\"height:31px\" aria-hidden=\"true\" class=\"wp-block-spacer\"><\/div>\n\n\n\n<div style=\"height:30px\" aria-hidden=\"true\" class=\"wp-block-spacer\"><\/div>\n\n\n\n<hr class=\"wp-block-separator is-style-wide\" \/>\n\n\n\n<div style=\"height:30px\" aria-hidden=\"true\" class=\"wp-block-spacer\"><\/div>\n\n\n\n<p class=\"has-medium-font-size\"><strong>Wie bzw. wo kann ich mich bewerben?<\/strong><\/p>\n\n\n\n<p><em>Bewerben kannst Du Dich grunds\u00e4tzlich \u00fcber das Online-Bewerbungsportal  der Bundeswehr. Klicke daf\u00fcr einfach <a href=\"http:\/\/www.bundeswehrkarriere.de\" rel='nofollow'>hier<\/a> und Du gelangst direkt dorthin. Achte dabei darauf, dass Du Dich auf die richtige Stellenausschreibung bewirbst.<\/em><\/p>\n\n\n\n<hr class=\"wp-block-separator is-style-wide\" \/>\n\n\n\n<p class=\"has-medium-font-size\"><strong>Kann ich meine Bewerbung auch per Post einsenden?<\/strong><\/p>\n\n\n\n<p><em>Sollte es Dir nicht m\u00f6glich sein, deine Bewerbung online hochzuladen, dann sende uns eine E-Mail mit Deiner Bewerbung an personaldezernat@hsu-hh.de oder sende Deine Unterlagen per Post an unsere Adresse, diese findest Du <a href=\"https:\/\/www.hsu-hh.de\/ausbildung\/kontakt\/\" data-type=\"page\" data-id=\"154\">hier<\/a>.<\/em><\/p>\n\n\n\n<hr class=\"wp-block-separator is-style-wide\" \/>\n\n\n\n<p class=\"has-medium-font-size\"><strong>Muss ich mich bei der Bundeswehr verpflichten, wenn ich eine Ausbildung an der Helmut-Schmidt-Universit\u00e4t in Hamburg beginnen m\u00f6chte?<\/strong><\/p>\n\n\n\n<p><em>Nein, verpflichten musst du Dich f\u00fcr eine zivilie Ausbildung bei der Bundeswehr nicht.<\/em><\/p>\n\n\n\n<hr class=\"wp-block-separator is-style-wide\" \/>\n\n\n\n<p class=\"has-medium-font-size\"><strong>Muss ich eine milit\u00e4rische Grundausbildung machen, wenn ich eine Ausbildung an der Helmut-Schmidt-Universit\u00e4t in Hamburg beginnen m\u00f6chte?<\/strong><\/p>\n\n\n\n<p><em>Nein, eine milit\u00e4rische Grundausbildung ben\u00f6tigst du f\u00fcr Deine zivile Ausbildung bei der Bundeswehr nicht.<\/em><\/p>\n\n\n\n<hr class=\"wp-block-separator is-style-wide\" \/>\n\n\n\n<p class=\"has-medium-font-size\"><strong>Muss ich im Auswahlverfahren einen Sporttest machen?<\/strong><\/p>\n\n\n\n<p><em>Nein, der Einstellungstest bei uns beinhaltet keinen Sporttest. Es wird Allgemeinwissen und ein wenig berufsspezifisches Wissen abgefragt.<\/em><\/p>\n\n\n\n<hr class=\"wp-block-separator is-style-wide\" \/>\n\n\n\n<p class=\"has-medium-font-size\"><strong>Werde ich nach der Ausbildung \u00fcbernommen?<\/strong><\/p>\n\n\n\n<p><em>Eine \u00dcbernahme nach der Ausbildung wird grunds\u00e4tzlich nach erfolgreich abgeschlossener Ausbildung angestrebt. Wie dies dann gestaltet wird, wird im Einzelfall entschieden.<\/em><\/p>\n\n\n\n<hr class=\"wp-block-separator is-style-wide\" \/>\n\n\n\n<p class=\"has-medium-font-size\"><strong>Wie lange dauert die Ausbildung?<\/strong><\/p>\n\n\n\n<p><em>Dies h\u00e4ngt vom jeweiligen Beruf ab. Einige Ausbildungen dauern 3 Jahre und einige 3,5  Jahre. Wie lange die Ausbildungsdauer f\u00fcr Deinen Wunschberuf ist, erf\u00e4hrst du <a href=\"https:\/\/www.hsu-hh.de\/ausbildung\/berufe-a-z\/\" data-type=\"page\" data-id=\"150\">hier<\/a>.<\/em><\/p>\n\n\n\n<hr class=\"wp-block-separator is-style-wide\" \/>\n\n\n\n<p class=\"has-medium-font-size\"><strong>Kann ich meine Ausbildungszeit verk\u00fcrzen?<\/strong><\/p>\n\n\n\n<p><em>Grunds\u00e4tzlich ist es laut dem Berufsbildungsgesetz (BBiG) m\u00f6glich die Ausbildung auf 2,5 oder sogar auf 2 Jahre zu verk\u00fcrzen. Damit sind jedoch besonderere Voraussetzungen verbunden. Ob eine Verk\u00fcrzung m\u00f6glich ist, wird im Einzelfall entschieden<\/em>.<\/p>\n\n\n\n<hr class=\"wp-block-separator is-style-wide\" \/>\n\n\n\n<p class=\"has-medium-font-size\"><strong>Ist eine Ausbildung in Teilzeit m\u00f6glich?<\/strong><\/p>\n\n\n\n<p><em>Laut dem Berufsbildungsgesetz (BBiG) ist es m\u00f6glich die Ausbildung in Teilzeit zu absolvieren. Ob eine Ausbildung in Teilzeit m\u00f6glich ist, wird im Einzelfall entschieden.<\/em><\/p>\n\n\n\n<hr class=\"wp-block-separator is-style-wide\" \/>\n","protected":false},"excerpt":{"rendered":"<p>Wir haben hier die am h\u00e4ufigsten gestellten Fragen zusammengetragen. Solltest Du noch weitere Fragen haben, die hier nicht gekl\u00e4rt wurden, dann rufe uns gerne an oder schreibe uns eine E-Mail. [&hellip;]<\/p>\n","protected":false},"author":153,"featured_media":0,"parent":0,"menu_order":0,"comment_status":"closed","ping_status":"closed","template":"","meta":{"footnotes":""},"categories":[4],"tags":[],"class_list":["post-300","page","type-page","status-publish","hentry","category-forschung"],"_links":{"self":[{"href":"https:\/\/www.hsu-hh.de\/ausbildung\/wp-json\/wp\/v2\/pages\/300","targetHints":{"allow":["GET"]}}],"collection":[{"href":"https:\/\/www.hsu-hh.de\/ausbildung\/wp-json\/wp\/v2\/pages"}],"about":[{"href":"https:\/\/www.hsu-hh.de\/ausbildung\/wp-json\/wp\/v2\/types\/page"}],"author":[{"embeddable":true,"href":"https:\/\/www.hsu-hh.de\/ausbildung\/wp-json\/wp\/v2\/users\/153"}],"replies":[{"embeddable":true,"href":"https:\/\/www.hsu-hh.de\/ausbildung\/wp-json\/wp\/v2\/comments?post=300"}],"version-history":[{"count":20,"href":"https:\/\/www.hsu-hh.de\/ausbildung\/wp-json\/wp\/v2\/pages\/300\/revisions"}],"predecessor-version":[{"id":631,"href":"https:\/\/www.hsu-hh.de\/ausbildung\/wp-json\/wp\/v2\/pages\/300\/revisions\/631"}],"wp:attachment":[{"href":"https:\/\/www.hsu-hh.de\/ausbildung\/wp-json\/wp\/v2\/media?parent=300"}],"wp:term":[{"taxonomy":"category","embeddable":true,"href":"https:\/\/www.hsu-hh.de\/ausbildung\/wp-json\/wp\/v2\/categories?post=300"},{"taxonomy":"post_tag","embeddable":true,"href":"https:\/\/www.hsu-hh.de\/ausbildung\/wp-json\/wp\/v2\/tags?post=300"}],"curies":[{"name":"wp","href":"https:\/\/api.w.org\/{rel}","templated":true}]}}