{"id":269,"date":"2021-01-18T14:33:31","date_gmt":"2021-01-18T13:33:31","guid":{"rendered":"https:\/\/www.hsu-hh.de\/ausbildung\/?page_id=269"},"modified":"2026-02-04T13:36:56","modified_gmt":"2026-02-04T12:36:56","slug":"technische-produktdesigner","status":"publish","type":"page","link":"https:\/\/www.hsu-hh.de\/ausbildung\/technische-produktdesigner\/","title":{"rendered":"Technische\/-r Produktdesigner\/-in (m\/w\/d)"},"content":{"rendered":"\n<div style=\"height:50px\" aria-hidden=\"true\" class=\"wp-block-spacer\"><\/div>\n\n\n\n<figure class=\"wp-block-image size-large\"><img loading=\"lazy\" decoding=\"async\" width=\"1024\" height=\"363\" src=\"https:\/\/www.hsu-hh.de\/ausbildung\/wp-content\/uploads\/sites\/842\/2021\/01\/technical-drawing-3324368_1920-1-e1610976933565-1024x363.jpg\" data-credit=\"PIXABAY: https:\/\/pixabay.com\" alt=\"TPD2\" class=\"wp-image-243\" srcset=\"https:\/\/www.hsu-hh.de\/ausbildung\/wp-content\/uploads\/sites\/842\/2021\/01\/technical-drawing-3324368_1920-1-e1610976933565-1024x363.jpg 1024w, https:\/\/www.hsu-hh.de\/ausbildung\/wp-content\/uploads\/sites\/842\/2021\/01\/technical-drawing-3324368_1920-1-e1610976933565-300x106.jpg 300w, https:\/\/www.hsu-hh.de\/ausbildung\/wp-content\/uploads\/sites\/842\/2021\/01\/technical-drawing-3324368_1920-1-e1610976933565-768x272.jpg 768w, https:\/\/www.hsu-hh.de\/ausbildung\/wp-content\/uploads\/sites\/842\/2021\/01\/technical-drawing-3324368_1920-1-e1610976933565-1536x545.jpg 1536w, https:\/\/www.hsu-hh.de\/ausbildung\/wp-content\/uploads\/sites\/842\/2021\/01\/technical-drawing-3324368_1920-1-e1610976933565-1100x390.jpg 1100w, https:\/\/www.hsu-hh.de\/ausbildung\/wp-content\/uploads\/sites\/842\/2021\/01\/technical-drawing-3324368_1920-1-e1610976933565.jpg 1920w\" sizes=\"auto, (max-width: 1024px) 100vw, 1024px\" \/><\/figure>\n\n\n\n<div style=\"height:50px\" aria-hidden=\"true\" class=\"wp-block-spacer\"><\/div>\n\n\n\n<div class=\"wp-block-columns is-layout-flex wp-container-core-columns-is-layout-9d6595d7 wp-block-columns-is-layout-flex\">\n<div class=\"wp-block-column is-layout-flow wp-block-column-is-layout-flow\">\n<p class=\"has-medium-font-size\"><strong>Berufsbild:<\/strong><\/p>\n\n\n\n<p>Technische Produktdesignerinnen und technische Produktdesigner (m\/w\/d) der Fachrichtung Maschinen- und Anlagenkonstruktion sind an der Entwicklung von Anlagen, Maschinen und Fahrzeugen beteiligt. Sie erstellen dreidimensionale Datenmodelle und technische Dokumentationen f\u00fcr Bauteile und Baugruppen. Dabei beachten sie die jeweils einschl\u00e4gigen Normen und tragen eine fertigungsgerechte Bema\u00dfung ein. Au\u00dferdem erstellen sie Montagepl\u00e4ne und St\u00fccklisten f\u00fcr die Fertigung. Sie pflegen Produktdokumentationen, verwalten die unterschiedlichen Entwicklungsversionen und sichern die Daten.<\/p>\n<\/div>\n\n\n\n<div class=\"wp-block-column is-layout-flow wp-block-column-is-layout-flow\">\n<p class=\"has-medium-font-size\"><strong>Deine Ausbildung bei uns im \u00dcberblick:<\/strong><\/p>\n\n\n\n<ul class=\"wp-block-list\">\n<li>Ausbildungsdauer: 3,5 Jahre<\/li>\n\n\n\n<li>Ausbildungsstart: jedes Jahr im September<\/li>\n\n\n\n<li>Ausbildungsort: Hamburg<\/li>\n\n\n\n<li>Abschluss: mind. Hauptschulabschluss oder vergleichbar<\/li>\n\n\n\n<li>30 Tage Urlaub<\/li>\n\n\n\n<li>Verg\u00fctung (ab 01.04.2025):\n<ul class=\"wp-block-list\">\n<li>1. Ausbildungsjahr: 1.293,26 EUR<\/li>\n\n\n\n<li>2. Ausbildungsjahr: 1.343,20 EUR<\/li>\n\n\n\n<li>3. Ausbildungsjahr: 1.389,02 EUR<\/li>\n\n\n\n<li>4. Ausbildungsjahr: 1.452,59 EUR<\/li>\n<\/ul>\n<\/li>\n<\/ul>\n<\/div>\n<\/div>\n\n\n\n<div style=\"height:47px\" aria-hidden=\"true\" class=\"wp-block-spacer\"><\/div>\n\n\n\n<div class=\"wp-block-media-text alignwide has-media-on-the-right is-stacked-on-mobile\" style=\"grid-template-columns:auto 29%\"><div class=\"wp-block-media-text__content\">\n<p class=\"has-medium-font-size\">Was w\u00fcrden ehemalige Auszubildende \u00fcber uns und ihre Ausbildung sagen?<\/p>\n\n\n\n<p class=\"has-medium-font-size\">Interessiert? Dann klicke <a href=\"https:\/\/www.hsu-hh.de\/ausbildung\/erfahrungsberichte-technische-produktdesigner\/\" data-type=\"page\" data-id=\"338\" target=\"_blank\" rel=\"noreferrer noopener\">hier<\/a>.<\/p>\n<\/div><figure class=\"wp-block-media-text__media\"><img loading=\"lazy\" decoding=\"async\" width=\"1024\" height=\"683\" src=\"https:\/\/www.hsu-hh.de\/ausbildung\/wp-content\/uploads\/sites\/842\/2021\/01\/feedback-2044700_1920-1024x683.jpg\" data-credit=\"PIXABAY: https:\/\/pixabay.com\" alt=\"Erfahrungsberichte\" class=\"wp-image-294 size-full\" srcset=\"https:\/\/www.hsu-hh.de\/ausbildung\/wp-content\/uploads\/sites\/842\/2021\/01\/feedback-2044700_1920-1024x683.jpg 1024w, https:\/\/www.hsu-hh.de\/ausbildung\/wp-content\/uploads\/sites\/842\/2021\/01\/feedback-2044700_1920-300x200.jpg 300w, https:\/\/www.hsu-hh.de\/ausbildung\/wp-content\/uploads\/sites\/842\/2021\/01\/feedback-2044700_1920-768x512.jpg 768w, https:\/\/www.hsu-hh.de\/ausbildung\/wp-content\/uploads\/sites\/842\/2021\/01\/feedback-2044700_1920-1536x1024.jpg 1536w, https:\/\/www.hsu-hh.de\/ausbildung\/wp-content\/uploads\/sites\/842\/2021\/01\/feedback-2044700_1920-1100x733.jpg 1100w, https:\/\/www.hsu-hh.de\/ausbildung\/wp-content\/uploads\/sites\/842\/2021\/01\/feedback-2044700_1920.jpg 1920w\" sizes=\"auto, (max-width: 1024px) 100vw, 1024px\" \/><\/figure><\/div>\n","protected":false},"excerpt":{"rendered":"<p>Berufsbild: Technische Produktdesignerinnen und technische Produktdesigner (m\/w\/d) der Fachrichtung Maschinen- und Anlagenkonstruktion sind an der Entwicklung von Anlagen, Maschinen und Fahrzeugen beteiligt. Sie erstellen dreidimensionale Datenmodelle und technische Dokumentationen f\u00fcr [&hellip;]<\/p>\n","protected":false},"author":153,"featured_media":0,"parent":0,"menu_order":0,"comment_status":"closed","ping_status":"closed","template":"","meta":{"footnotes":""},"categories":[4],"tags":[],"class_list":["post-269","page","type-page","status-publish","hentry","category-forschung"],"_links":{"self":[{"href":"https:\/\/www.hsu-hh.de\/ausbildung\/wp-json\/wp\/v2\/pages\/269","targetHints":{"allow":["GET"]}}],"collection":[{"href":"https:\/\/www.hsu-hh.de\/ausbildung\/wp-json\/wp\/v2\/pages"}],"about":[{"href":"https:\/\/www.hsu-hh.de\/ausbildung\/wp-json\/wp\/v2\/types\/page"}],"author":[{"embeddable":true,"href":"https:\/\/www.hsu-hh.de\/ausbildung\/wp-json\/wp\/v2\/users\/153"}],"replies":[{"embeddable":true,"href":"https:\/\/www.hsu-hh.de\/ausbildung\/wp-json\/wp\/v2\/comments?post=269"}],"version-history":[{"count":10,"href":"https:\/\/www.hsu-hh.de\/ausbildung\/wp-json\/wp\/v2\/pages\/269\/revisions"}],"predecessor-version":[{"id":773,"href":"https:\/\/www.hsu-hh.de\/ausbildung\/wp-json\/wp\/v2\/pages\/269\/revisions\/773"}],"wp:attachment":[{"href":"https:\/\/www.hsu-hh.de\/ausbildung\/wp-json\/wp\/v2\/media?parent=269"}],"wp:term":[{"taxonomy":"category","embeddable":true,"href":"https:\/\/www.hsu-hh.de\/ausbildung\/wp-json\/wp\/v2\/categories?post=269"},{"taxonomy":"post_tag","embeddable":true,"href":"https:\/\/www.hsu-hh.de\/ausbildung\/wp-json\/wp\/v2\/tags?post=269"}],"curies":[{"name":"wp","href":"https:\/\/api.w.org\/{rel}","templated":true}]}}