{"id":810,"date":"2018-03-01T16:11:56","date_gmt":"2018-03-01T15:11:56","guid":{"rendered":"https:\/\/www.hsu-hh.de\/asv\/?page_id=810"},"modified":"2018-04-18T10:25:25","modified_gmt":"2018-04-18T08:25:25","slug":"isa-ordnung-2015","status":"publish","type":"page","link":"https:\/\/www.hsu-hh.de\/asv\/isa-ordnung-2015\/","title":{"rendered":"ISA-Ordnung vom 11.06.2015"},"content":{"rendered":"<h3 style=\"text-align: center\">Ordnung f\u00fcr die Gestaltung, das Studium und die Organisation der Interdisziplin\u00e4ren Studienanteile in den Bachelor- und Master-Studieng\u00e4ngen an der Helmut-Schmidt-Universit\u00e4t \/ Universit\u00e4t der Bundeswehr Hamburg<\/h3>\n<p style=\"text-align: center\"><a href=\"https:\/\/www.hsu-hh.de\/asv\/wp-content\/uploads\/sites\/776\/2018\/02\/ISA-O_Stand-20150611_PI5.pdf\"><img loading=\"lazy\" decoding=\"async\" class=\"alignnone size-full wp-image-2024\" src=\"https:\/\/www.hsu-hh.de\/asv\/wp-content\/uploads\/sites\/776\/2018\/02\/PDF-laden.jpg\" alt=\"PDF laden\" width=\"71\" height=\"68\" \/><\/a><\/p>\n<h3 style=\"text-align: center\">\u00a7 1 Ziele, Aufgaben und Inhaltsbereiche<\/h3>\n<p>(1) Die Interdisziplin\u00e4ren Studienanteile (<abbr title=\"Interdisziplin\u00e4re Studienanteile\">ISA<\/abbr>) sind nach Ma\u00dfgabe der Allgemeinen Pr\u00fcfungsordnung obligatorischer Bestandteil aller an der Helmut-Schmidt-Universit\u00e4t\/ Universit\u00e4t der Bundeswehr Hamburg (fortan: Universit\u00e4t) angebotenen grundst\u00e4ndigen und konsekutiven Studieng\u00e4nge.<\/p>\n<p>(2) Die <abbr title=\"Interdisziplin\u00e4re Studienanteile\">ISA<\/abbr> dienen der Vermittlung interdisziplin\u00e4rer, das jeweilige Fachstudium erg\u00e4nzender Kompetenzen, die im Offizierberuf und in sp\u00e4teren zivilen Berufsfeldern ben\u00f6tigt werden. Dies umfasst auch den Aufbau \u00fcberfachlicher, das Studium unterst\u00fctzender Schl\u00fcsselkompetenzen, die der Sicherung und Homogenisierung fachaffiner Voraussetzungen dienen. Die Vermittlung fachspezifischer berufsqualifizierender Kompetenzen erfolgt im Rahmen der Module der Fachstudieng\u00e4nge.<\/p>\n<p>(3) Das Lehrangebot der <abbr title=\"Interdisziplin\u00e4re Studienanteile\">ISA<\/abbr> ist wissenschaftlich. Neben den Fachinhalten werden die f\u00fcr die jeweiligen Fachgebiete charakteristischen wissenschaftlichen Methoden und Denkweisen vermittelt. Aufgabe der <abbr title=\"Interdisziplin\u00e4re Studienanteile\">ISA<\/abbr> ist es, Reflexions-, Analyse- und Handlungskompetenzen zu vermitteln und zu verantwortungsvollem Entscheiden und Handeln in Politik, Gesellschaft, Kultur, Wirtschaft und Technik zu bef\u00e4higen.<\/p>\n<p>(4) Die Module der <abbr title=\"Interdisziplin\u00e4re Studienanteile\">ISA<\/abbr> werden aus folgenden Inhaltsbereichen angeboten:<\/p>\n<p style=\"padding-left: 30px\">I. F\u00fcr einen gew\u00e4hlten Fachstudiengang jeweils zu bestimmende Inhalte, die dem Aufbau \u00fcberfachlicher, das Studium unterst\u00fctzender Schl\u00fcsselkompetenzen zur Sicherung und Homogenisierung fachaffiner Voraussetzungen dienen (fortan: Schl\u00fcsselkompetenzen).<\/p>\n<p style=\"padding-left: 30px\">II. Dem gew\u00e4hlten Fachstudiengang typischerweise nicht zugeh\u00f6rige Inhalte, insbesondere mit ethischem oder handlungsorientiertem Bezug, welche f\u00fcr die Bildung von F\u00fchrungspers\u00f6nlichkeiten von Bedeutung sind.<\/p>\n<p style=\"padding-left: 30px\">III. Sonstige, dem gew\u00e4hlten Fachstudiengang typischerweise nicht zugeh\u00f6rige Inhalte.<\/p>\n<p>&nbsp;<\/p>\n<h3 style=\"text-align: center\">\u00a7 2 <abbr title=\"Interdisziplin\u00e4re Studienanteile\">ISA<\/abbr>-Zentrum und <abbr title=\"Interdisziplin\u00e4re Studienanteile\">ISA<\/abbr>-Beirat<\/h3>\n<p>(1) Das Zentrum f\u00fcr die Interdisziplin\u00e4ren Studienanteile (<abbr title=\"Interdisziplin\u00e4re Studienanteile\">ISA<\/abbr>-Zentrum) ist als zentrale Einrichtung der Universit\u00e4t f\u00fcr die Planung, Organisation und Koordination des Studiums der <abbr title=\"Interdisziplin\u00e4re Studienanteile\">ISA<\/abbr> an der Universit\u00e4t zust\u00e4ndig. Es wirkt bei der Weiterentwicklung von Studium und Lehre und der Qualit\u00e4tssicherung im Bereich der <abbr title=\"Interdisziplin\u00e4re Studienanteile\">ISA<\/abbr> mit.<\/p>\n<p>(2) Das <abbr title=\"Interdisziplin\u00e4re Studienanteile\">ISA<\/abbr>-Zentrum untersteht der Verantwortung der Pr\u00e4sidentin <abbr title=\"beziehungsweise\">bzw.<\/abbr> des Pr\u00e4sidenten der Universit\u00e4t. Zu dieser Verantwortung geh\u00f6ren die Rechtsaufsicht und die Bereitstellung der erforderlichen personellen und sachlichen Ressourcen. Das <abbr title=\"Interdisziplin\u00e4re Studienanteile\">ISA<\/abbr>-Zentrum handelt im Rahmen seiner Aufgaben selbst\u00e4ndig und entscheidet \u00fcber den Einsatz seiner Mittel.<\/p>\n<p>(3) Die Freiheit der Lehre, insbesondere die Verantwortung der Lehrenden f\u00fcr die Inhalte und Methoden ihrer Lehrveranstaltungen sowie die Durchf\u00fchrung der Modulpr\u00fcfungen, wird durch die Zust\u00e4ndigkeiten des <abbr title=\"Interdisziplin\u00e4re Studienanteile\">ISA<\/abbr>-Zentrums nicht ber\u00fchrt. Das <abbr title=\"Interdisziplin\u00e4re Studienanteile\">ISA<\/abbr>-Zentrum arbeitet mit den Fakult\u00e4ten eng zusammen und unterst\u00fctzt diese im Bedarfsfall bei der Anwerbung von Lehrbeauftragten.<\/p>\n<p>(4) Organe des <abbr title=\"Interdisziplin\u00e4re Studienanteile\">ISA<\/abbr>-Zentrums sind die Gesch\u00e4ftsf\u00fchrerin <abbr title=\"beziehungsweise\">bzw.<\/abbr> der Gesch\u00e4ftsf\u00fchrer und der <abbr title=\"Interdisziplin\u00e4re Studienanteile\">ISA<\/abbr>-Beirat.<\/p>\n<p>(5) Der Gesch\u00e4ftsf\u00fchrerin <abbr title=\"beziehungsweise\">bzw.<\/abbr> dem Gesch\u00e4ftsf\u00fchrer obliegen alle organisatorischen und administrativen Aufgaben im Bereich der <abbr title=\"Interdisziplin\u00e4re Studienanteile\">ISA<\/abbr>, die Pr\u00e4sentation des <abbr title=\"Interdisziplin\u00e4re Studienanteile\">ISA<\/abbr>-Zentrums im Intranet\/Internet und die Herstellung und Pflege von Kontakten mit externen Lehrbeauftragten. Sie <abbr title=\"beziehungsweise\">bzw.<\/abbr> er berichtet dem <abbr title=\"Interdisziplin\u00e4re Studienanteile\">ISA<\/abbr>-Beirat regelm\u00e4\u00dfig \u00fcber Entwicklungen im <abbr title=\"Interdisziplin\u00e4re Studienanteile\">ISA<\/abbr>-Bereich, insbesondere \u00fcber die Belegung von <abbr title=\"Interdisziplin\u00e4re Studienanteile\">ISA<\/abbr>-Lehrveranstaltungen durch die Studierenden und die erfolgte Platzvergabe sowie Ma\u00dfnahmen zur Sicherstellung der Qualit\u00e4t der <abbr title=\"Interdisziplin\u00e4re Studienanteile\">ISA<\/abbr>-Lehre.<\/p>\n<p>(6) Der <abbr title=\"Interdisziplin\u00e4re Studienanteile\">ISA<\/abbr>-Beirat ber\u00e4t \u00fcber Vorschl\u00e4ge zur Verbesserung des <abbr title=\"Interdisziplin\u00e4re Studienanteile\">ISA<\/abbr>-Konzepts, verabschiedet den Jahresbericht und beschlie\u00dft \u00fcber den Entwurf f\u00fcr das <abbr title=\"Interdisziplin\u00e4re Studienanteile\">ISA<\/abbr>-Lehrprogramm gem\u00e4\u00df \u00a7 6 <abbr title=\"Absatz\">Abs.<\/abbr> 3. Er ber\u00e4t und unterst\u00fctzt die Gesch\u00e4ftsf\u00fchrerin <abbr title=\"beziehungsweise\">bzw.<\/abbr> den Gesch\u00e4ftsf\u00fchrer des <abbr title=\"Interdisziplin\u00e4re Studienanteile\">ISA<\/abbr>-Zentrums bei der Umsetzung des Lehrprogramms und des <abbr title=\"Interdisziplin\u00e4re Studienanteile\">ISA<\/abbr>-Konzepts. Der <abbr title=\"Interdisziplin\u00e4re Studienanteile\">ISA<\/abbr>-Beirat beschlie\u00dft \u00fcber Modulbeschreibungen, welche nicht in die fachliche Zust\u00e4ndigkeit einer Fakult\u00e4t fallen und legt diese dem Akademischen Senat zur Genehmigung vor.<\/p>\n<p>(7) Dem <abbr title=\"Interdisziplin\u00e4re Studienanteile\">ISA<\/abbr>-Beirat geh\u00f6ren an:<\/p>\n<p style=\"padding-left: 30px\">1. die <abbr title=\"beziehungsweise\">bzw.<\/abbr> der f\u00fcr den Bereich Lehre und Studium zust\u00e4ndige Vizepr\u00e4sidentin <abbr title=\"beziehungsweise\">bzw.<\/abbr> Vizepr\u00e4sident als vorsitzendes Mitglied,<\/p>\n<p style=\"padding-left: 30px\">2. die <abbr title=\"Interdisziplin\u00e4re Studienanteile\">ISA<\/abbr>-Beauftragten der Fakult\u00e4ten <abbr title=\"gem\u00e4\u00df\">gem.<\/abbr> <abbr title=\"Absatz\">Abs.<\/abbr> 8 (je Fakult\u00e4t eine Professorin oder ein Professor),<\/p>\n<p style=\"padding-left: 30px\">3. zwei wissenschaftliche Mitarbeiterinnen oder Mitarbeiter,<\/p>\n<p style=\"padding-left: 30px\">4. zwei Studierende und<\/p>\n<p style=\"padding-left: 30px\">5. mit beratender Stimme die Leiterin <abbr title=\"beziehungsweise\">bzw.<\/abbr> der Leiter des Studentenbereichs.<\/p>\n<p>F\u00fcr die Mitglieder nach Satz 1 <abbr title=\"Nummer\">Nr.<\/abbr> 2 bis 4 wird jeweils eine Vertreterin <abbr title=\"beziehungsweise\">bzw.<\/abbr> ein Vertreter gew\u00e4hlt. Die Amtszeit der Mitglieder nach Satz 1 <abbr title=\"Nummer\">Nr.<\/abbr> 3 betr\u00e4gt zwei Jahre, die der Mitglieder nach Satz 1 <abbr title=\"Nummer\">Nr.<\/abbr> 4 ein Jahr. Die Mitglieder nach Satz 1 <abbr title=\"Nummer\">Nr.<\/abbr> 3 und 4 sollen mit ihren Vertreterinnen und Vertretern jeweils allen vier Fakult\u00e4ten entstammen, es m\u00fcssen in beiden Gruppen sowohl die ingenieurwissenschaftlichen als auch die geisteswissenschaftlichen Fakult\u00e4ten vertreten sein.<\/p>\n<p>(8) Die Fakult\u00e4ten bestellen die <abbr title=\"Interdisziplin\u00e4re Studienanteile\">ISA<\/abbr>-Beauftragten und deren Vertreterinnen <abbr title=\"beziehungsweise\">bzw.<\/abbr> Vertreter. Die Amtszeit der <abbr title=\"Interdisziplin\u00e4re Studienanteile\">ISA<\/abbr>-Beauftragten betr\u00e4gt zwei Jahre. Wiederwahl ist zul\u00e4ssig. Die <abbr title=\"Interdisziplin\u00e4re Studienanteile\">ISA<\/abbr>-Beauftragten haben die Aufgabe, in ihren Fakult\u00e4ten f\u00fcr die Bereitstellung eines quantitativ ausreichenden und den Vorgaben f\u00fcr die <abbr title=\"Interdisziplin\u00e4re Studienanteile\">ISA<\/abbr> entsprechenden Lehrangebots Sorge zu tragen. Sie arbeiten dabei mit der Gesch\u00e4ftsf\u00fchrerin <abbr title=\"beziehungsweise\">bzw.<\/abbr> dem Gesch\u00e4ftsf\u00fchrer des <abbr title=\"Interdisziplin\u00e4re Studienanteile\">ISA<\/abbr>-Zentrums zusammen.<\/p>\n<p>(9) Die Mitglieder des Beirats nach <abbr title=\"Absatz\">Abs.<\/abbr> 7 Satz 1 <abbr title=\"Nummer\">Nr.<\/abbr> 3 und 4 sowie ihre Vertreterinnen <abbr title=\"beziehungsweise\">bzw.<\/abbr> Vertreter werden vom Akademischen Senat nach den f\u00fcr Senatsaussch\u00fcsse geltenden Regeln gew\u00e4hlt.<\/p>\n<p>&nbsp;<\/p>\n<h3 style=\"text-align: center\">\u00a7 3 Modularisierung und Modulpr\u00fcfungen in den <abbr title=\"Interdisziplin\u00e4re Studienanteile\">ISA<\/abbr><\/h3>\n<p>(1) Die <abbr title=\"Interdisziplin\u00e4re Studienanteile\">ISA<\/abbr> sind modularisiert. Die Modulgr\u00f6\u00dfe betr\u00e4gt f\u00fcnf Leistungspunkte. Im Inhaltsbereich II k\u00f6nnen zus\u00e4tzlich Module angeboten werden, welche zehn Leistungspunkte umfassen. <abbr title=\"Interdisziplin\u00e4re Studienanteile\">ISA<\/abbr>-Module erstrecken sich maximal \u00fcber drei Trimester.<\/p>\n<p>(2) In den Bachelor-Studieng\u00e4ngen sind insgesamt f\u00fcnfzehn Leistungspunkte aus dem Bereich der <abbr title=\"Interdisziplin\u00e4re Studienanteile\">ISA<\/abbr> zu erwerben. Abweichend davon sind im Bachelor-Studiengang Wirtschaftsingenieurwesen zehn Leistungspunkte aus dem Bereich der <abbr title=\"Interdisziplin\u00e4re Studienanteile\">ISA<\/abbr> zu erwerben.<\/p>\n<p>(3) In den Master-Studieng\u00e4ngen sind insgesamt zehn Leistungspunkte aus dem Bereich der <abbr title=\"Interdisziplin\u00e4re Studienanteile\">ISA<\/abbr> zu erwerben.<\/p>\n<p>(4) Pr\u00fcfungsformen, das Pr\u00fcfungsverfahren, das Widerspruchsverfahren und die jeweiligen Zust\u00e4ndigkeiten in diesen Verfahren sind in der Allgemeinen Pr\u00fcfungsordnung der Universit\u00e4t geregelt.<\/p>\n<p>(5) Die Anrechnung von Studien- und Pr\u00fcfungsleistungen, welche im Rahmen eines anderen Studiengangs erbracht worden sind, ist \u00fcber das <abbr title=\"Interdisziplin\u00e4re Studienanteile\">ISA<\/abbr>-Zentrum bei den zust\u00e4ndigen Pr\u00fcfungsaussch\u00fcssen zu beantragen. Dabei sind die Vorgaben des \u00a7 4 zu beachten.<\/p>\n<p>&nbsp;<\/p>\n<h3 style=\"text-align: center\">\u00a7 4 Wahl der <abbr title=\"Interdisziplin\u00e4re Studienanteile\">ISA<\/abbr>-Module<\/h3>\n<p>(1) Im Bachelor-Studiengang Wirtschaftsingenieurwesen ist aus den Inhaltsbereichen I und II je ein Modul im Umfang von f\u00fcnf Leistungspunkten zu absolvieren. In den \u00fcbrigen Bachelor-Studieng\u00e4ngen sind in dem Umfang Module aus dem Inhaltsbereich I zu absolvieren, der in der jeweiligen Fachspezifischen Studien- und Pr\u00fcfungsordnung (fortan: <abbr title=\"Fachspezifische Studien- und Pr\u00fcfungsordnung\">FSPO<\/abbr>) verpflichtend vorgegeben ist, maximal jedoch im Umfang von zehn Leistungspunkten. Zus\u00e4tzlich ist ein Modul aus dem Inhaltsbereich II zu w\u00e4hlen. Soweit dadurch noch nicht f\u00fcnfzehn Leistungspunkte abgedeckt worden sind, sind Angebote aus dem Inhaltsbereich III zu w\u00e4hlen.<\/p>\n<p>(2) In den Masterstudieng\u00e4ngen sind zwei Module aus dem Inhaltsbereich III zu w\u00e4hlen.<\/p>\n<p>(3) Module, welche Inhalte und Methoden vermitteln, die typischerweise Teil des eigenen Fachstudiengangs mit seinen Wahl- oder Wahlpflichtf\u00e4chern sind, d\u00fcrfen von den Studierenden dieses Studiengangs nicht im Rahmen des <abbr title=\"Interdisziplin\u00e4re Studienanteile\">ISA<\/abbr>-Studiums belegt werden. Dies wird sichergestellt, indem das gesamte Modul-Angebot f\u00fcr das <abbr title=\"Interdisziplin\u00e4re Studienanteile\">ISA<\/abbr>-Studium wie folgt gegliedert wird:<\/p>\n<p style=\"padding-left: 30px\">1. Sind f\u00fcr einen Fachstudiengang in der <abbr title=\"Fachspezifische Studien- und Pr\u00fcfungsordnung\">FSPO<\/abbr> Schl\u00fcsselkompetenzen vorgesehen, so werden die betreffenden Module im Inhaltsbereich I den <abbr title=\"Fachspezifische Studien- und Pr\u00fcfungsordnung\">FSPO<\/abbr>-Vorgaben entsprechend als Pflicht- oder Wahlangebot f\u00fcr die betreffenden Studieng\u00e4nge ausgewiesen.<\/p>\n<p style=\"padding-left: 30px\">2. F\u00fcr jedes Modul im Inhaltsbereich II wird ausgewiesen, in welchen Studieng\u00e4ngen es nicht w\u00e4hlbar ist.<\/p>\n<p style=\"padding-left: 30px\">3. F\u00fcr jedes Modul im Inhaltsbereich III wird ausgewiesen, in welchen Studieng\u00e4ngen es nicht w\u00e4hlbar ist.<\/p>\n<p>(4) Zur Koordination der Planungen in den Inhaltsbereichen I-III gelten folgende Regeln:<\/p>\n<p style=\"padding-left: 30px\">1. Alle Module, die als Schl\u00fcsselkompetenzen im Sinne von \u00a7 1 <abbr title=\"Absatz\">Abs.<\/abbr> 4 zu einem Fachstudiengang w\u00e4hlbar oder verpflichtend zu belegen sein sollen, m\u00fcssen in I benannt werden. Dabei ist auszuweisen, ob es sich um ein Pflicht- oder ein Wahlangebot handelt.<\/p>\n<p style=\"padding-left: 30px\">2. Eine W\u00e4hlbarkeit in II erzwingt den Ausschluss in III.<\/p>\n<p style=\"padding-left: 30px\">3. Module des Inhaltsbereiches III d\u00fcrfen in der Regel nicht von Studierenden jener Studieng\u00e4nge gew\u00e4hlt werden, in welchen der <abbr title=\"beziehungsweise\">bzw.<\/abbr> die Modulverantwortliche im Rahmen des Fachcurriculums lehrt.<\/p>\n<p>(5) Die Belegung von <abbr title=\"Interdisziplin\u00e4re Studienanteile\">ISA<\/abbr>-Modulen erfolgt durch das <abbr title=\"Interdisziplin\u00e4re Studienanteile\">ISA<\/abbr>-Zentrum mit Hilfe des Campus-Management-Systems (fortan: CMS). F\u00fcr den Fall, dass die studentische Nachfrage nach einzelnen Modulen das Platzangebot \u00fcberschreitet, erfolgt die Platzvergabe im Wege eines CMS-gest\u00fctzten Zuteilungsverfahrens unter Ber\u00fccksichtigung der von den Studierenden benannten Priorit\u00e4ten. Dazu haben die Studierenden das gesamte f\u00fcr sie w\u00e4hlbare Angebot des jeweiligen Trimesters in eine Rangfolge zu bringen. Ein Anspruch auf Belegung eines bestimmten Moduls besteht nicht. Studierende, f\u00fcr die in dem betreffenden Trimester gem\u00e4\u00df der jeweiligen <abbr title=\"Fachspezifische Studien- und Pr\u00fcfungsordnung\">FSPO<\/abbr> eine Kursbelegung nicht vorgesehen ist, k\u00f6nnen nach Abschluss der CMS-gest\u00fctzten Platzvergabe \u00fcber das <abbr title=\"Interdisziplin\u00e4re Studienanteile\">ISA<\/abbr>-Zentrum Restpl\u00e4tze belegen.<\/p>\n<p>&nbsp;<\/p>\n<h3 style=\"text-align: center\">\u00a7 5 Lehrangebot<\/h3>\n<p>(1) F\u00fcr ihr Modulangebot sowie die Sicherstellung und Qualit\u00e4tssicherung der Lehre in den <abbr title=\"Interdisziplin\u00e4re Studienanteile\">ISA<\/abbr> sind die Fakult\u00e4ten verantwortlich. Sie werden dabei durch das <abbr title=\"Interdisziplin\u00e4re Studienanteile\">ISA<\/abbr>-Zentrum unterst\u00fctzt.<\/p>\n<p>(2) Das Lehrangebot ist vorrangig durch hauptamtliches Personal der Universit\u00e4t abzudecken. Zur Sicherung von Umfang und thematischer Breite des Angebots kann auch nebenberufliches Personal eingesetzt werden.<\/p>\n<p>(3) Zur Vermeidung von zeitlichen \u00dcberschneidungen mit den Lehrveranstaltungen der Fachstudieng\u00e4nge werden zwei Zeitr\u00e4ume pro Woche ausschlie\u00dflich f\u00fcr <abbr title=\"Interdisziplin\u00e4re Studienanteile\">ISA<\/abbr>-Veranstaltungen reserviert.<\/p>\n<p>&nbsp;<\/p>\n<h3 style=\"text-align: center\">\u00a7 6 Beschlussfassung \u00fcber das <abbr title=\"Interdisziplin\u00e4re Studienanteile\">ISA<\/abbr>-Lehrprogramm<\/h3>\n<p>(1) Beschlie\u00dfen die f\u00fcr die jeweiligen Studieng\u00e4nge zust\u00e4ndigen Fakult\u00e4ten <abbr title=\"beziehungsweise\">bzw.<\/abbr> Studienbereichsaussch\u00fcsse einen Vorschlag f\u00fcr den Inhaltsbereich I, so wird dieser \u00fcber das <abbr title=\"Interdisziplin\u00e4re Studienanteile\">ISA<\/abbr>-Zentrum dem Akademischen Senat vorgelegt.<\/p>\n<p>(2) Die Fakult\u00e4ten unterbreiten das Lehrangebot f\u00fcr die Module in den Inhaltsbereichen I bis III.<\/p>\n<p>(3) Das <abbr title=\"Interdisziplin\u00e4re Studienanteile\">ISA<\/abbr>-Zentrum stellt das gesamte Lehrangebot unter Ber\u00fccksichtigung der studentischen Nachfrage und der Auslastung der Lehrveranstaltungen f\u00fcr jedes Trimester einschlie\u00dflich der W\u00e4hlbarkeiten in den Inhaltsbereichen II und III zusammen. Diesen Vorschlag legt es dem Akademischen Senat zur Entscheidung vor.<\/p>\n<p>(4) Der Akademische Senat beschlie\u00dft \u00fcber das <abbr title=\"Interdisziplin\u00e4re Studienanteile\">ISA<\/abbr>-Lehrprogramm.<\/p>\n<p>&nbsp;<\/p>\n<h3 style=\"text-align: center\">\u00a77 \u00dcbergangsvorschriften<\/h3>\n<p>F\u00fcr Studierende in Bachelor-Studieng\u00e4ngen, die ihr Bachelor-Studium vor dem Herbsttrimester 2016 aufgenommen haben, sowie f\u00fcr Studierende in Master-Studieng\u00e4ngen, die ihr Master-Studium vor dem Wintertrimester 2017 aufgenommen haben, gilt die <abbr title=\"Interdisziplin\u00e4re Studienanteile\">ISA<\/abbr>-Ordnung vom 08. Dezember 2011 fort.<\/p>\n<p>&nbsp;<\/p>\n<h3 style=\"text-align: center\">\u00a7 8 Inkrafttreten<\/h3>\n<p>Diese Ordnung tritt am Tag nach der Ver\u00f6ffentlichung im Hochschulanzeiger der Universit\u00e4t in Kraft. Zugleich tritt die <abbr title=\"Interdisziplin\u00e4re Studienanteile\">ISA<\/abbr>-Ordnung vom 08. Dezember 2011 unter Ber\u00fccksichtigung von \u00a7 7 au\u00dfer Kraft.<\/p>\n","protected":false},"excerpt":{"rendered":"<p>Ordnung f\u00fcr die Gestaltung, das Studium und die Organisation der Interdisziplin\u00e4ren Studienanteile in den Bachelor- und Master-Studieng\u00e4ngen an der Helmut-Schmidt-Universit\u00e4t \/ Universit\u00e4t der Bundeswehr Hamburg \u00a7 1 Ziele, Aufgaben und [&hellip;]<\/p>\n","protected":false},"author":865,"featured_media":0,"parent":0,"menu_order":0,"comment_status":"closed","ping_status":"closed","template":"","meta":{"footnotes":""},"categories":[],"tags":[],"class_list":["post-810","page","type-page","status-publish","hentry"],"_links":{"self":[{"href":"https:\/\/www.hsu-hh.de\/asv\/wp-json\/wp\/v2\/pages\/810","targetHints":{"allow":["GET"]}}],"collection":[{"href":"https:\/\/www.hsu-hh.de\/asv\/wp-json\/wp\/v2\/pages"}],"about":[{"href":"https:\/\/www.hsu-hh.de\/asv\/wp-json\/wp\/v2\/types\/page"}],"author":[{"embeddable":true,"href":"https:\/\/www.hsu-hh.de\/asv\/wp-json\/wp\/v2\/users\/865"}],"replies":[{"embeddable":true,"href":"https:\/\/www.hsu-hh.de\/asv\/wp-json\/wp\/v2\/comments?post=810"}],"version-history":[{"count":4,"href":"https:\/\/www.hsu-hh.de\/asv\/wp-json\/wp\/v2\/pages\/810\/revisions"}],"predecessor-version":[{"id":3207,"href":"https:\/\/www.hsu-hh.de\/asv\/wp-json\/wp\/v2\/pages\/810\/revisions\/3207"}],"wp:attachment":[{"href":"https:\/\/www.hsu-hh.de\/asv\/wp-json\/wp\/v2\/media?parent=810"}],"wp:term":[{"taxonomy":"category","embeddable":true,"href":"https:\/\/www.hsu-hh.de\/asv\/wp-json\/wp\/v2\/categories?post=810"},{"taxonomy":"post_tag","embeddable":true,"href":"https:\/\/www.hsu-hh.de\/asv\/wp-json\/wp\/v2\/tags?post=810"}],"curies":[{"name":"wp","href":"https:\/\/api.w.org\/{rel}","templated":true}]}}