{"id":807,"date":"2018-03-01T16:07:49","date_gmt":"2018-03-01T15:07:49","guid":{"rendered":"https:\/\/www.hsu-hh.de\/asv\/?page_id=807"},"modified":"2018-04-18T10:25:20","modified_gmt":"2018-04-18T08:25:20","slug":"isa-ordnung-2011","status":"publish","type":"page","link":"https:\/\/www.hsu-hh.de\/asv\/isa-ordnung-2011\/","title":{"rendered":"ISA-Ordnung vom 08.12.2011"},"content":{"rendered":"<h3 style=\"text-align: center\">Ordnung f\u00fcr die Gestaltung, das Studium und die Organisation der Interdisziplin\u00e4ren Studienanteile in den Bachelor- und Master-Studieng\u00e4ngen an der Helmut-Schmidt-Universit\u00e4t \/ Universit\u00e4t der Bundeswehr Hamburg<\/h3>\n<p style=\"text-align: center\"><a href=\"https:\/\/www.hsu-hh.de\/asv\/wp-content\/uploads\/sites\/776\/2018\/02\/ISA-Ordnung-Stand-08.12.2011.pdf\"><img loading=\"lazy\" decoding=\"async\" class=\"alignnone size-full wp-image-2024\" src=\"https:\/\/www.hsu-hh.de\/asv\/wp-content\/uploads\/sites\/776\/2018\/02\/PDF-laden.jpg\" alt=\"PDF laden\" width=\"71\" height=\"68\" \/><\/a><\/p>\n<h3 style=\"text-align: center\">\u00a7 1 Ziele, Aufgaben und Inhaltsbereiche<\/h3>\n<p>(1) Die Interdisziplin\u00e4ren Studienanteile (<abbr title=\"Interdisziplin\u00e4re Studienanteile\">ISA<\/abbr>) sind obligatorischer Bestandteil aller an der Helmut-Schmidt-Universit\u00e4t (Universit\u00e4t) angebotenen grundst\u00e4ndigen und konsekutiven Studieng\u00e4nge.<\/p>\n<p>(2) Die <abbr title=\"Interdisziplin\u00e4re Studienanteile\">ISA<\/abbr> dienen der Vermittlung interdisziplin\u00e4rer, das jeweilige Fachstudium erg\u00e4nzender Kompetenzen, die im Offizierberuf und in sp\u00e4teren zivilen Berufsfeldern ben\u00f6tigt werden. Die Vermittlung fachspezifischer berufsqualifizierender Kompetenzen erfolgt im Rahmen der Module der Fachstudieng\u00e4nge.<\/p>\n<p>(3) Das Lehrangebot der <abbr title=\"Interdisziplin\u00e4re Studienanteile\">ISA<\/abbr> ist wissenschaftlich. Neben den Fachinhalten werden die f\u00fcr die jeweiligen Fachgebiete charakteristischen wissenschaftlichen Methoden und Denkweisen vermittelt. Aufgabe der <abbr title=\"Interdisziplin\u00e4re Studienanteile\">ISA<\/abbr> ist es, Reflexions-, Analyse- und Handlungskompetenzen zu vermitteln und zu verantwortungsvollem Entscheiden und Handeln in Politik, Gesellschaft, Kultur, Wirtschaft und Technik zu bef\u00e4higen.<\/p>\n<p>(4) Die Module der <abbr title=\"Interdisziplin\u00e4re Studienanteile\">ISA<\/abbr> werden aus folgenden Inhaltsbereichen angeboten:<\/p>\n<p style=\"padding-left: 30px\">I. f\u00fcr einen gew\u00e4hlten Fachstudiengang jeweils zu bestimmende, dessen Inhalten jedoch typischerweise nicht zugeh\u00f6rige Inhalte anderer Disziplinen, die den Fachstudiengang sinnvoll erg\u00e4nzen (\u201einterdisziplin\u00e4rer Erg\u00e4nzungsbedarf\u201c).<\/p>\n<p style=\"padding-left: 30px\">II. dem gew\u00e4hlten Fachstudiengang typischerweise nicht zugeh\u00f6rige Inhalte, insbesondere mit ethischem oder handlungsorientiertem Bezug, welche f\u00fcr die Bildung von F\u00fchrungspers\u00f6nlichkeiten von Bedeutung sind.<\/p>\n<p style=\"padding-left: 30px\">III. mit dem gew\u00e4hlten Fachstudiengang nicht verwandte Inhalte aus anderen F\u00e4chern aus den Gruppen:<\/p>\n<p style=\"padding-left: 60px\">a) Kunst, Literatur und Geschichte sowie Politik, Gesellschaft, Bildung<br \/>\nb) Mathematik, Natur und Technik<br \/>\nc) Wirtschaft und Recht<\/p>\n<p>&nbsp;<\/p>\n<h3 style=\"text-align: center\">\u00a7 2 <abbr title=\"Interdisziplin\u00e4re Studienanteile\">ISA<\/abbr>-Zentrum und <abbr title=\"Interdisziplin\u00e4re Studienanteile\">ISA<\/abbr>-Beirat<\/h3>\n<p>(1) Das Zentrum f\u00fcr die Interdisziplin\u00e4ren Studienanteile (<abbr title=\"Interdisziplin\u00e4re Studienanteile\">ISA<\/abbr>-Zentrum) ist als zentrale Einrichtung der Universit\u00e4t f\u00fcr die Planung, Organisation und Koordination des Studiums der <abbr title=\"Interdisziplin\u00e4re Studienanteile\">ISA<\/abbr> an der Universit\u00e4t zust\u00e4ndig. Es wirkt bei der Weiterentwicklung von Studium<br \/>\nund Lehre und der Qualit\u00e4tssicherung im Bereich der <abbr title=\"Interdisziplin\u00e4re Studienanteile\">ISA<\/abbr> mit.<\/p>\n<p>(2) Das <abbr title=\"Interdisziplin\u00e4re Studienanteile\">ISA<\/abbr>-Zentrum untersteht der Verantwortung des Pr\u00e4sidenten der Universit\u00e4t. Zu dieser Verantwortung geh\u00f6ren die Rechtsaufsicht und die Bereitstellung der erforderlichen personellen und sachlichen Ressourcen. Das <abbr title=\"Interdisziplin\u00e4re Studienanteile\">ISA<\/abbr>-Zentrum handelt im Rahmen seiner Aufgaben selbst\u00e4ndig und entscheidet \u00fcber den Einsatz seiner Mittel.<\/p>\n<p>(3) Die Freiheit der Lehre, insbesondere die Verantwortung der Lehrenden f\u00fcr die Inhalte und Methoden ihrer Lehrveranstaltungen sowie die Durchf\u00fchrung der Modulpr\u00fcfungen, wird durch die Zust\u00e4ndigkeiten des <abbr title=\"Interdisziplin\u00e4re Studienanteile\">ISA<\/abbr>-Zentrums nicht ber\u00fchrt. Das <abbr title=\"Interdisziplin\u00e4re Studienanteile\">ISA<\/abbr>-Zentrum arbeitet mit den Fakult\u00e4ten eng zusammen und unterst\u00fctzt diese im Bedarfsfall bei der Anwerbung von Lehrbeauftragten.<\/p>\n<p>(4) Organe des <abbr title=\"Interdisziplin\u00e4re Studienanteile\">ISA<\/abbr>-Zentrums sind die Gesch\u00e4ftsf\u00fchrerin <abbr title=\"beziehungsweise\">bzw.<\/abbr> der Gesch\u00e4ftsf\u00fchrer und der <abbr title=\"Interdisziplin\u00e4re Studienanteile\">ISA<\/abbr>-Beirat.<\/p>\n<p>(5) Der Gesch\u00e4ftsf\u00fchrerin <abbr title=\"beziehungsweise\">bzw.<\/abbr> dem Gesch\u00e4ftsf\u00fchrer obliegen alle organisatorischen und administrativen Aufgaben im Bereich der <abbr title=\"Interdisziplin\u00e4re Studienanteile\">ISA<\/abbr>, die Pr\u00e4sentation des <abbr title=\"Interdisziplin\u00e4re Studienanteile\">ISA<\/abbr>-Zentrums im Intranet\/Internet und die Herstellung und Pflege von Kontakten mit externen Lehrbeauftragten. Er <abbr title=\"beziehungsweise\">bzw.<\/abbr> sie berichtet dem <abbr title=\"Interdisziplin\u00e4re Studienanteile\">ISA<\/abbr>-Beirat regelm\u00e4\u00dfig \u00fcber Entwicklungen im <abbr title=\"Interdisziplin\u00e4re Studienanteile\">ISA<\/abbr>-Bereich, insbesondere \u00fcber die Belegung von <abbr title=\"Interdisziplin\u00e4re Studienanteile\">ISA<\/abbr>-Lehrveranstaltungen durch die Studierenden und die erfolgte Zuweisung der Studierenden sowie Ma\u00dfnahmen zur Sicherstellung der Qualit\u00e4t der <abbr title=\"Interdisziplin\u00e4re Studienanteile\">ISA<\/abbr>-Lehre.<\/p>\n<p>(6) Der <abbr title=\"Interdisziplin\u00e4re Studienanteile\">ISA<\/abbr>-Beirat ber\u00e4t \u00fcber Vorschl\u00e4ge zur Verbesserung des <abbr title=\"Interdisziplin\u00e4re Studienanteile\">ISA<\/abbr>-Konzepts, verabschiedet den <abbr title=\"Interdisziplin\u00e4re Studienanteile\">ISA<\/abbr>-Jahresbericht und beschlie\u00dft \u00fcber den Entwurf f\u00fcr das <abbr title=\"Interdisziplin\u00e4re Studienanteile\">ISA<\/abbr>-Lehrprogramm <abbr title=\"gem\u00e4\u00df\">gem.<\/abbr> \u00a7 6 <abbr title=\"Absatz\">Abs.<\/abbr> 3. Er ber\u00e4t und unterst\u00fctzt den Gesch\u00e4ftsf\u00fchrer <abbr title=\"beziehungsweise\">bzw.<\/abbr> die Gesch\u00e4ftsf\u00fchrerin des <abbr title=\"Interdisziplin\u00e4re Studienanteile\">ISA<\/abbr>-Zentrums bei der Umsetzung des Lehrprogramms und des <abbr title=\"Interdisziplin\u00e4re Studienanteile\">ISA<\/abbr>-Konzepts. Der <abbr title=\"Interdisziplin\u00e4re Studienanteile\">ISA<\/abbr>-Beirat beschlie\u00dft \u00fcber Modulbeschreibungen, welche nicht in die fachliche Zust\u00e4ndigkeit einer Fakult\u00e4t fallen, und legt diese dem Akademischen Senat zur Genehmigung vor.<\/p>\n<p>(7) Dem <abbr title=\"Interdisziplin\u00e4re Studienanteile\">ISA<\/abbr>-Beirat geh\u00f6ren an:<\/p>\n<p style=\"padding-left: 60px\">(1) Der f\u00fcr den Bereich Lehre und Studium zust\u00e4ndige Vizepr\u00e4sident als Vorsitzender,<\/p>\n<p style=\"padding-left: 60px\">(2) die <abbr title=\"Interdisziplin\u00e4re Studienanteile\">ISA<\/abbr>-Beauftragten der Fakult\u00e4ten <abbr title=\"gem\u00e4\u00df\">gem.<\/abbr> <abbr title=\"Absatz\">Abs.<\/abbr> 8 (je Fakult\u00e4t ein\/e Professor\/in),<\/p>\n<p style=\"padding-left: 60px\">(3) zwei wissenschaftliche Mitarbeiter\/innen,<\/p>\n<p style=\"padding-left: 60px\">(4) zwei Studierende und<\/p>\n<p style=\"padding-left: 60px\">(5) der Leiter Studentenbereich mit beratender Stimme.<\/p>\n<p>F\u00fcr die Mitglieder nach (2), (3) und (4) wird jeweils ein Vertreter <abbr title=\"beziehungsweise\">bzw.<\/abbr> eine Vertreterin gew\u00e4hlt. Die Amtszeit der Mitglieder nach <abbr title=\"Nummer\">Nr.<\/abbr> (3) betr\u00e4gt zwei Jahre, die der Mitglieder nach (4) ein Jahr. Die Mitglieder nach (3) und (4) sowie ihre Vertreterinnen und Vertreter sollen<br \/>\njeweils allen vier Fakult\u00e4ten entstammen, es m\u00fcssen in beiden Gruppen sowohl die ingenieurwissenschaftlichen als auch die geisteswissenschaftlichen Fakult\u00e4ten vertreten sein.<\/p>\n<p>(8) Die Fakult\u00e4ten bestellen die <abbr title=\"Interdisziplin\u00e4re Studienanteile\">ISA<\/abbr>-Beauftragten und deren Vertreter\/innen. Die Amtszeit der <abbr title=\"Interdisziplin\u00e4re Studienanteile\">ISA<\/abbr>-Beauftragten betr\u00e4gt zwei Jahre. Wiederwahl ist zul\u00e4ssig. Die <abbr title=\"Interdisziplin\u00e4re Studienanteile\">ISA<\/abbr>-Beauftragten haben die Aufgabe, in ihren Fakult\u00e4ten f\u00fcr die Bereitstellung eines quantitativ ausreichenden und den Vorgaben f\u00fcr die <abbr title=\"Interdisziplin\u00e4re Studienanteile\">ISA<\/abbr> entsprechenden Lehrangebots Sorge zu tragen. Sie arbeiten dabei mit der Gesch\u00e4ftsstelle des <abbr title=\"Interdisziplin\u00e4re Studienanteile\">ISA<\/abbr>-Zentrums zusammen.<\/p>\n<p>(9) Die sonstigen zu w\u00e4hlenden Mitglieder des Beirats und ihre Vertreterinnen <abbr title=\"beziehungsweise\">bzw.<\/abbr> Vertreter werden vom Akademischen Senat nach den f\u00fcr Senatsaussch\u00fcsse geltenden Regeln gew\u00e4hlt.<\/p>\n<p>&nbsp;<\/p>\n<h3 style=\"text-align: center\">\u00a7 3 Modularisierung und Modulpr\u00fcfungen in den <abbr title=\"Interdisziplin\u00e4re Studienanteile\">ISA<\/abbr><\/h3>\n<p>(1) Die <abbr title=\"Interdisziplin\u00e4re Studienanteile\">ISA<\/abbr> sind modularisiert. Die Modulgr\u00f6\u00dfe betr\u00e4gt f\u00fcnf Leistungspunkte. Im Inhaltsbereich II k\u00f6nnen zus\u00e4tzlich Module angeboten werden, welche zehn Leistungspunkte umfassen. <abbr title=\"Interdisziplin\u00e4re Studienanteile\">ISA<\/abbr>-Module im Umfang von f\u00fcnf Leistungspunkten erstrecken sich maximal \u00fcber zwei Trimester, solche im Umfang von zehn Leistungspunkten \u00fcber maximal drei Trimester.<\/p>\n<p>(2) In den Bachelor-Studieng\u00e4ngen sind insgesamt f\u00fcnfzehn Leistungspunkte aus dem Bereich der <abbr title=\"Interdisziplin\u00e4re Studienanteile\">ISA<\/abbr> zu erwerben. Abweichend davon sind im Bachelor-Studiengang Wirtschaftsingenieurwesen zehn Leistungspunkte aus dem Bereich der <abbr title=\"Interdisziplin\u00e4re Studienanteile\">ISA<\/abbr> zu erwerben.<\/p>\n<p>(3) In den Master-Studieng\u00e4ngen sind insgesamt zehn Leistungspunkte aus dem Bereich der <abbr title=\"Interdisziplin\u00e4re Studienanteile\">ISA<\/abbr> zu erwerben.<\/p>\n<p>(4) Pr\u00fcfungsformen, das Pr\u00fcfungsverfahren, das Widerspruchsverfahren und die jeweiligen Zust\u00e4ndigkeiten in diesen Verfahren sind in der Allgemeinen Pr\u00fcfungsordnung der HSU\/UniBw H (<abbr title=\"Allgemeine Pr\u00fcfungsordnung\">APO<\/abbr>) geregelt.<\/p>\n<p>(5) Die Anrechnung von Studien- und Pr\u00fcfungsleistungen, welche im Rahmen eines anderen Studiengangs erbracht worden sind, ist \u00fcber das <abbr title=\"Interdisziplin\u00e4re Studienanteile\">ISA<\/abbr>-Zentrum bei den zust\u00e4ndigen Pr\u00fcfungsaussch\u00fcssen zu beantragen. Dabei sind die Vorgaben des \u00a7 3 zu beachten.<\/p>\n<p>&nbsp;<\/p>\n<h3 style=\"text-align: center\">\u00a7 4 Wahl der <abbr title=\"Interdisziplin\u00e4re Studienanteile\">ISA<\/abbr>-Module<\/h3>\n<p>(1) Im Bachelor-Studiengang Wirtschaftsingenieurwesen ist aus den Inhaltsbereichen I und II je ein Modul im Umfang von f\u00fcnf Leistungspunkten zu w\u00e4hlen. In den \u00fcbrigen Bachelor-Studieng\u00e4ngen ist jeweils ein Modul aus dem Inhaltsbereich I im Umfang von f\u00fcnf Leistungspunkten und ein Modul aus dem Inhaltsbereich II im Umfang von f\u00fcnf oder zehn Leistungspunkten zu w\u00e4hlen. Wird im Inhaltsbereich II ein Modul von f\u00fcnf Leistungspunkten gew\u00e4hlt, so ist ein weiteres Modul aus dem Inhaltsbereich III im<br \/>\nUmfang von f\u00fcnf Leistungspunkten zu w\u00e4hlen. Ist f\u00fcr einen Bachelor-Studiengang kein interdisziplin\u00e4rer Erg\u00e4nzungsbedarf (Inhaltsbereich I) benannt, so ist stattdessen ein Modul aus dem Inhaltsbereich III zu w\u00e4hlen. Werden in einem Bachelor-Studiengang zwei Module aus dem Inhaltsbereich III gelegt, so sind sie unterschiedlichen Gruppen zu entnehmen.<\/p>\n<p>(2) In den Masterstudieng\u00e4ngen sind zwei Module aus unterschiedlichen Gruppen des Inhaltsbereichs III zu w\u00e4hlen.<\/p>\n<p>(3) Module, welche Inhalte und Methoden vermitteln, die typischerweise Teil des eigenen Fachstudiengangs mit seinen Wahl- oder Wahlpflichtf\u00e4chern sind, d\u00fcrfen von den Studierenden dieses Studiengangs nicht im Rahmen des <abbr title=\"Interdisziplin\u00e4re Studienanteile\">ISA<\/abbr>-Studiums belegt werden.<br \/>\nDies wird sichergestellt, indem das gesamte Modul-Angebot f\u00fcr das <abbr title=\"Interdisziplin\u00e4re Studienanteile\">ISA<\/abbr>-Studium wie folgt gegliedert wird:<\/p>\n<p style=\"padding-left: 30px\">1. Wird f\u00fcr einen Fachstudiengang ein interdisziplin\u00e4rer Erg\u00e4nzungsbedarf spezifiziert, so sind die im Inhaltsbereich I w\u00e4hlbaren Module zu benennen.<\/p>\n<p style=\"padding-left: 30px\">2. F\u00fcr jeden Fachstudiengang gibt es eine Liste der im Inhaltsbereich II w\u00e4hlbaren Module.<\/p>\n<p style=\"padding-left: 30px\">3. F\u00fcr jeden der in \u00a7 1 <abbr title=\"Absatz\">Abs.<\/abbr> 4 genannten Gruppen a) bis c) des Inhaltsbereichs III werden die darin enthaltenen Module benannt, wobei zu jedem Modul zus\u00e4tzlich ausgewiesen wird, in welchen Studieng\u00e4ngen es nicht w\u00e4hlbar ist.<\/p>\n<p>(4) Zur Koordination der Planungen in den Inhaltsbereichen I-III gelten folgende Regeln:<\/p>\n<p style=\"padding-left: 30px\">1. Alle Module, die als interdisziplin\u00e4re Erg\u00e4nzung im Sinne von \u00a7 1 <abbr title=\"Absatz\">Abs.<\/abbr> 4 zu einem Fachstudiengang w\u00e4hlbar sein sollen, m\u00fcssen in I benannt werden. Dabei sind bei der Benennung die Wahlm\u00f6glichkeiten anderer Studieng\u00e4nge und ihrer Studierenden zu ber\u00fccksichtigen.<\/p>\n<p style=\"padding-left: 30px\">2. Die Benennung in I erzwingt den Ausschluss in III f\u00fcr den betreffenden Studiengang.<\/p>\n<p style=\"padding-left: 30px\">3. Eine W\u00e4hlbarkeit in II erzwingt den Ausschluss in III.<\/p>\n<p style=\"padding-left: 30px\">4. Module des Inhaltsbereiches III d\u00fcrfen in der Regel nicht von Studierenden jener Studieng\u00e4nge gew\u00e4hlt werden, in welchen der <abbr title=\"beziehungsweise\">bzw.<\/abbr> die Modulverantwortliche hauptamtlich lehrt.<\/p>\n<p style=\"padding-left: 30px\">5. Das Modulangebot im Inhaltsbereich III soll hinreichende Wahlm\u00f6glichkeiten innerhalb der in \u00a7 1 <abbr title=\"Absatz\">Abs.<\/abbr> 4 genannten Gruppen gew\u00e4hrleisten.<\/p>\n<p>(5) Die Belegung von <abbr title=\"Interdisziplin\u00e4re Studienanteile\">ISA<\/abbr>-Modulen erfolgt durch das <abbr title=\"Interdisziplin\u00e4re Studienanteile\">ISA<\/abbr>-Zentrum mit Hilfe des Campus-Management-Systems. F\u00fcr den Fall, dass die studentische Nachfrage nach einzelnen Modulen das Platzangebot \u00fcberschreitet, ist ein geeignetes Auswahlverfahren vorzusehen. In Modulen, die als interdisziplin\u00e4rer Erg\u00e4nzungsbedarf (Inhaltsbereich I) benannt worden sind, ist die H\u00e4lfte der zur Verf\u00fcgung stehenden Pl\u00e4tze vorrangig an Studierende der betreffenden Studieng\u00e4nge zu vergeben.<\/p>\n<p>&nbsp;<\/p>\n<h3 style=\"text-align: center\">\u00a7 5 Lehrangebot<\/h3>\n<p>(1) F\u00fcr ihr Modulangebot sowie die Sicherstellung und Qualit\u00e4tssicherung der Lehre in den <abbr title=\"Interdisziplin\u00e4re Studienanteile\">ISA<\/abbr> sind die Fakult\u00e4ten verantwortlich. Sie werden dabei durch das <abbr title=\"Interdisziplin\u00e4re Studienanteile\">ISA<\/abbr>-Zentrum unterst\u00fctzt.<\/p>\n<p>(2) Das Lehrangebot ist vorrangig durch hauptamtliches Personal der Universit\u00e4t abzudecken. Zur Sicherung von Umfang und thematischer Breite des Angebots kann auch nebenberufliches Personal eingesetzt werden.<\/p>\n<p>(3) Zur Vermeidung von zeitlichen \u00dcberschneidungen mit den Lehrveranstaltungen der Fachstudieng\u00e4nge werden zwei Zeitr\u00e4ume pro Woche ausschlie\u00dflich f\u00fcr <abbr title=\"Interdisziplin\u00e4re Studienanteile\">ISA<\/abbr>-Veranstaltungen reserviert.<\/p>\n<p>&nbsp;<\/p>\n<h3 style=\"text-align: center\">\u00a7 6 Beschlussfassung \u00fcber das <abbr title=\"Interdisziplin\u00e4re Studienanteile\">ISA<\/abbr>-Lehrprogramm<\/h3>\n<p>(1) Beschlie\u00dfen die f\u00fcr die jeweiligen Studieng\u00e4nge zust\u00e4ndigen Fakult\u00e4ten <abbr title=\"beziehungsweise\">bzw.<\/abbr> der Studienbereichsausschuss Wirtschaftsingenieurwesen einen Vorschlag f\u00fcr den Inhaltsbereich I, so wird dieser \u00fcber das <abbr title=\"Interdisziplin\u00e4re Studienanteile\">ISA<\/abbr>-Zentrum dem Akademischen Senat vorgelegt. Fakult\u00e4ten k\u00f6nnen die Kompetenz <abbr title=\"gem\u00e4\u00df\">gem.<\/abbr> Satz 1 an ihre Organe delegieren.<\/p>\n<p>(2) Die Fakult\u00e4ten unterbreiten das Lehrangebot f\u00fcr die Module in den Inhaltsbereichen I bis III.<\/p>\n<p>(3) Das <abbr title=\"Interdisziplin\u00e4re Studienanteile\">ISA<\/abbr>-Zentrum stellt das gesamte Lehrangebot unter Ber\u00fccksichtigung der studentischen Nachfrage und der Auslastung der Lehrveranstaltungen f\u00fcr jedes Trimester einschlie\u00dflich der W\u00e4hlbarkeiten in den Inhaltsbereichen II und III zusammen. Diesen Vorschlag legt es dem Akademischen Senat zur Entscheidung vor.<\/p>\n<p>(4) Der Akademische Senat beschlie\u00dft \u00fcber das <abbr title=\"Interdisziplin\u00e4re Studienanteile\">ISA<\/abbr>-Lehrprogramm insgesamt. Er kann dieses auch in Teilen modifizieren. Mit dem Beschluss gelten die entsprechenden Lehrauftr\u00e4ge als erteilt.<\/p>\n<p>&nbsp;<\/p>\n<h3 style=\"text-align: center\">\u00a7 7 \u00dcbergangsregelung<\/h3>\n<p>F\u00fcr Studierende, die das Bachelor-Studium vor dem Herbsttrimester 2012 <abbr title=\"beziehungsweise\">bzw.<\/abbr> das Master-Studium vor dem Wintertrimester 2013 an der Universit\u00e4t aufgenommen haben, gelten anstelle von \u00a7 1 <abbr title=\"Absatz\">Abs.<\/abbr> 4 und \u00a7 3 <abbr title=\"Absatz\">Abs.<\/abbr> 1 und 2 die \u00a7\u00a7 1 <abbr title=\"Absatz\">Abs.<\/abbr> 4 und 3 <abbr title=\"Absatz\">Abs.<\/abbr> 1 der <abbr title=\"Interdisziplin\u00e4re Studienanteile\">ISA<\/abbr>-Ordnung vom 13. Dezember 2007 fort.<\/p>\n<p>&nbsp;<\/p>\n<h3 style=\"text-align: center\">\u00a7 8 Inkrafttreten<\/h3>\n<p>Diese Ordnung tritt am Tag nach der Ver\u00f6ffentlichung im Hochschulanzeiger der Universit\u00e4t in Kraft. Zugleich tritt die <abbr title=\"Interdisziplin\u00e4re Studienanteile\">ISA<\/abbr>-Ordnung vom 13. Dezember 2007 au\u00dfer Kraft.<\/p>\n<hr \/>\n<p>Beschlossen vom Akademischen Senat am 08. Dezember 2011<br \/>\nVer\u00f6ffentlicht im Hochschulanzeiger <abbr title=\"Nummer\">Nr.<\/abbr> 03\/ 2012 am 03. April 2012<\/p>\n","protected":false},"excerpt":{"rendered":"<p>Ordnung f\u00fcr die Gestaltung, das Studium und die Organisation der Interdisziplin\u00e4ren Studienanteile in den Bachelor- und Master-Studieng\u00e4ngen an der Helmut-Schmidt-Universit\u00e4t \/ Universit\u00e4t der Bundeswehr Hamburg \u00a7 1 Ziele, Aufgaben und [&hellip;]<\/p>\n","protected":false},"author":865,"featured_media":0,"parent":0,"menu_order":0,"comment_status":"closed","ping_status":"closed","template":"","meta":{"footnotes":""},"categories":[124],"tags":[],"class_list":["post-807","page","type-page","status-publish","hentry","category-isa"],"_links":{"self":[{"href":"https:\/\/www.hsu-hh.de\/asv\/wp-json\/wp\/v2\/pages\/807","targetHints":{"allow":["GET"]}}],"collection":[{"href":"https:\/\/www.hsu-hh.de\/asv\/wp-json\/wp\/v2\/pages"}],"about":[{"href":"https:\/\/www.hsu-hh.de\/asv\/wp-json\/wp\/v2\/types\/page"}],"author":[{"embeddable":true,"href":"https:\/\/www.hsu-hh.de\/asv\/wp-json\/wp\/v2\/users\/865"}],"replies":[{"embeddable":true,"href":"https:\/\/www.hsu-hh.de\/asv\/wp-json\/wp\/v2\/comments?post=807"}],"version-history":[{"count":8,"href":"https:\/\/www.hsu-hh.de\/asv\/wp-json\/wp\/v2\/pages\/807\/revisions"}],"predecessor-version":[{"id":3206,"href":"https:\/\/www.hsu-hh.de\/asv\/wp-json\/wp\/v2\/pages\/807\/revisions\/3206"}],"wp:attachment":[{"href":"https:\/\/www.hsu-hh.de\/asv\/wp-json\/wp\/v2\/media?parent=807"}],"wp:term":[{"taxonomy":"category","embeddable":true,"href":"https:\/\/www.hsu-hh.de\/asv\/wp-json\/wp\/v2\/categories?post=807"},{"taxonomy":"post_tag","embeddable":true,"href":"https:\/\/www.hsu-hh.de\/asv\/wp-json\/wp\/v2\/tags?post=807"}],"curies":[{"name":"wp","href":"https:\/\/api.w.org\/{rel}","templated":true}]}}