{"id":796,"date":"2018-02-13T15:17:26","date_gmt":"2018-02-13T14:17:26","guid":{"rendered":"https:\/\/www.hsu-hh.de\/asv\/?page_id=796"},"modified":"2018-04-18T10:07:00","modified_gmt":"2018-04-18T08:07:00","slug":"afb-promo","status":"publish","type":"page","link":"https:\/\/www.hsu-hh.de\/asv\/afb-promo\/","title":{"rendered":"Ausf\u00fchrungsbestimmungen zur kumulativen Dissertation nach \u00a7 5 Abs. 1 PromO"},"content":{"rendered":"<p style=\"text-align: center\"><a href=\"https:\/\/www.hsu-hh.de\/asv\/wp-content\/uploads\/sites\/776\/2018\/02\/Ausfuehrungsbestimmungen-zur-PromO-Neufassg.pdf\"><img loading=\"lazy\" decoding=\"async\" class=\"alignnone size-full wp-image-2024\" src=\"https:\/\/www.hsu-hh.de\/asv\/wp-content\/uploads\/sites\/776\/2018\/02\/PDF-laden.jpg\" alt=\"PDF laden\" width=\"71\" height=\"68\" \/><\/a><\/p>\n<p>Eine Gesamtheit von wissenschaftlichen Fachaufs\u00e4tzen kann als kumulative Dissertation anerkannt werden, wenn die folgenden Anforderungen erf\u00fcllt sind:<\/p>\n<p>1. Eine kumulative Dissertation muss mindestens drei wissenschaftliche Fachaufs\u00e4tze umfassen.<\/p>\n<p>2. Die Bewerberin\/der Bewerber muss in allen eingereichten Fachaufs\u00e4tzen als Autorin\/Autor genannt und als solche\/solcher erkenntlich sein.<\/p>\n<p>3. Die Bewerberin\/der Bewerber muss bei mindestens einem der eingereichten Fachaufs\u00e4tze alleinige Autorin\/alleiniger Autor sein. Bei allen \u00fcbrigen Fachaufs\u00e4tzen k\u00f6nnen Koautorinnen\/Koautoren beteiligt sein.<\/p>\n<p>4. Alle Fachaufs\u00e4tze, die Gegenstand einer kumulativen Dissertation werden sollen, m\u00fcssen zum Zeitpunkt der Begutachtung der wissenschaftlichen Fach\u00f6ffentlichkeit zug\u00e4nglich sein. Dies wird regelm\u00e4\u00dfig durch die Publikation in einem der folgenden wissenschaftlichen Organe gew\u00e4hrleistet:<br \/>\na. Wissenschaftliche Fachzeitschrift<br \/>\nb. Jahrbuch (mit <abbr title=\"International Standard Book Number\">ISBN<\/abbr>-Nummer)<br \/>\nc. Sammelband (mit <abbr title=\"International Standard Book Number\">ISBN<\/abbr>-Nummer)<br \/>\nd. Wissenschaftliche Diskussionspapierreihe (mit ISSN- oder <abbr title=\"International Standard Book Number\">ISBN<\/abbr>-Nummer).<\/p>\n<p>5. Mindestens einer der Fachaufs\u00e4tze muss in einer wissenschaftlichen Fachzeitschrift mit externem Refereeverfahren zur Publikation angenommen sein.<\/p>\n<p>6. Maximal eine der eingereichten Arbeiten darf bereits Bestandteil eines anderen, mit Erfolg abgeschlossenen oder laufenden Promotionsverfahrens sein.<\/p>\n<p>7. Der Fakult\u00e4tsrat kann von den durch die vorstehenden Ziffern 1-6 bestimmten Anforderungen Abweichungen zulassen.<\/p>\n","protected":false},"excerpt":{"rendered":"<p>Eine Gesamtheit von wissenschaftlichen Fachaufs\u00e4tzen kann als kumulative Dissertation anerkannt werden, wenn die folgenden Anforderungen erf\u00fcllt sind: 1. Eine kumulative Dissertation muss mindestens drei wissenschaftliche Fachaufs\u00e4tze umfassen. 2. Die Bewerberin\/der [&hellip;]<\/p>\n","protected":false},"author":865,"featured_media":0,"parent":0,"menu_order":0,"comment_status":"closed","ping_status":"closed","template":"","meta":{"footnotes":""},"categories":[],"tags":[],"class_list":["post-796","page","type-page","status-publish","hentry"],"_links":{"self":[{"href":"https:\/\/www.hsu-hh.de\/asv\/wp-json\/wp\/v2\/pages\/796","targetHints":{"allow":["GET"]}}],"collection":[{"href":"https:\/\/www.hsu-hh.de\/asv\/wp-json\/wp\/v2\/pages"}],"about":[{"href":"https:\/\/www.hsu-hh.de\/asv\/wp-json\/wp\/v2\/types\/page"}],"author":[{"embeddable":true,"href":"https:\/\/www.hsu-hh.de\/asv\/wp-json\/wp\/v2\/users\/865"}],"replies":[{"embeddable":true,"href":"https:\/\/www.hsu-hh.de\/asv\/wp-json\/wp\/v2\/comments?post=796"}],"version-history":[{"count":2,"href":"https:\/\/www.hsu-hh.de\/asv\/wp-json\/wp\/v2\/pages\/796\/revisions"}],"predecessor-version":[{"id":2056,"href":"https:\/\/www.hsu-hh.de\/asv\/wp-json\/wp\/v2\/pages\/796\/revisions\/2056"}],"wp:attachment":[{"href":"https:\/\/www.hsu-hh.de\/asv\/wp-json\/wp\/v2\/media?parent=796"}],"wp:term":[{"taxonomy":"category","embeddable":true,"href":"https:\/\/www.hsu-hh.de\/asv\/wp-json\/wp\/v2\/categories?post=796"},{"taxonomy":"post_tag","embeddable":true,"href":"https:\/\/www.hsu-hh.de\/asv\/wp-json\/wp\/v2\/tags?post=796"}],"curies":[{"name":"wp","href":"https:\/\/api.w.org\/{rel}","templated":true}]}}