{"id":73,"date":"2017-07-03T15:52:08","date_gmt":"2017-07-03T13:52:08","guid":{"rendered":"https:\/\/www.hsu-hh.de\/vorlage\/?page_id=73"},"modified":"2024-01-10T18:19:17","modified_gmt":"2024-01-10T17:19:17","slug":"startseite","status":"publish","type":"page","link":"https:\/\/www.hsu-hh.de\/asv\/","title":{"rendered":"Herzlich willkommen auf den Seiten des B\u00fcros f\u00fcr Senatsangelegenheiten!"},"content":{"rendered":"<p><img loading=\"lazy\" decoding=\"async\" class=\"wp-image-3168 aligncenter\" src=\"https:\/\/www.hsu-hh.de\/asv\/wp-content\/uploads\/sites\/776\/2018\/03\/Bild-Gremien.png\" alt=\"Bild Gremien\" width=\"291\" height=\"191\" srcset=\"https:\/\/www.hsu-hh.de\/asv\/wp-content\/uploads\/sites\/776\/2018\/03\/Bild-Gremien.png 691w, https:\/\/www.hsu-hh.de\/asv\/wp-content\/uploads\/sites\/776\/2018\/03\/Bild-Gremien-300x197.png 300w\" sizes=\"auto, (max-width: 291px) 100vw, 291px\" \/><\/p>\n<p>Die Aufgaben des B\u00fcros f\u00fcr Senatsangelegenheiten umfassen neben der Vorbereitung, Durchf\u00fchrung und Nachbereitung der Sitzungen des Akademischen Senats auch die Bereitstellung der an der <abbr title=\"Helmut Schmidt Universit\u00e4t\">HSU<\/abbr> geltenden Ordnungen sowie die Einarbeitung der vom Senat genehmigten \u00c4nderungen in diese.<strong><br \/>\n<\/strong><\/p>\n<p>Auf den nachfolgenden Seiten finden Sie einen kurzen \u00dcberblick \u00fcber die Gremien der Akademischen Selbstverwaltung sowie die M\u00f6glichkeit, sich die Ordnungen der Universit\u00e4t durchzulesen oder als PDF herunterzuladen. Zus\u00e4tzliche Informationen wie die aktuelle Zusammensetzung der Gremien k\u00f6nnen Sie weiterhin unseren Seiten im Intranet entnehmen.<\/p>\n<p>Wenn Sie weitere Fragen haben, <a href=\"mailto:senatssekretariat@hsu-hh.de\" rel='nofollow'>kontaktieren<\/a> Sie uns gerne.<\/p>\n<div class=\"content-block3\">\n<p style=\"text-align: center\"><a href=\"https:\/\/www.hsu-hh.de\/asv\/?page_id=104&amp;preview=true\"><img loading=\"lazy\" decoding=\"async\" class=\"alignnone wp-image-3140\" src=\"https:\/\/www.hsu-hh.de\/asv\/wp-content\/uploads\/sites\/776\/2018\/03\/Selbstverwaltung.png\" alt=\"Selbstverwaltung\" width=\"124\" height=\"109\" srcset=\"https:\/\/www.hsu-hh.de\/asv\/wp-content\/uploads\/sites\/776\/2018\/03\/Selbstverwaltung.png 417w, https:\/\/www.hsu-hh.de\/asv\/wp-content\/uploads\/sites\/776\/2018\/03\/Selbstverwaltung-300x265.png 300w\" sizes=\"auto, (max-width: 124px) 100vw, 124px\" \/><\/a><\/p>\n<h3 style=\"text-align: center\"><a href=\"https:\/\/www.hsu-hh.de\/asv\/?page_id=104&amp;preview=true\">Gremien<\/a><\/h3>\n<h3>Bitte ausw\u00e4hlen<\/h3>\n<p style=\"text-align: center\"><a href=\"https:\/\/www.hsu-hh.de\/asv\/?page_id=629&amp;preview=true\">Akademischer Senat<\/a><\/p>\n<p style=\"text-align: center\"><a href=\"https:\/\/www.hsu-hh.de\/asv\/?page_id=630&amp;preview=true\">Senatsaussch\u00fcsse<\/a><\/p>\n<\/div>\n<div class=\"content-block3\">\n<p style=\"text-align: center\"><a href=\"https:\/\/www.hsu-hh.de\/asv\/?page_id=243&amp;preview=true\"><img loading=\"lazy\" decoding=\"async\" class=\"alignnone wp-image-3131\" src=\"https:\/\/www.hsu-hh.de\/asv\/wp-content\/uploads\/sites\/776\/2018\/03\/B\u00fccher-Ordnungen.png\" alt=\"B\u00fccher Ordnungen\" width=\"96\" height=\"109\" srcset=\"https:\/\/www.hsu-hh.de\/asv\/wp-content\/uploads\/sites\/776\/2018\/03\/B\u00fccher-Ordnungen.png 383w, https:\/\/www.hsu-hh.de\/asv\/wp-content\/uploads\/sites\/776\/2018\/03\/B\u00fccher-Ordnungen-263x300.png 263w\" sizes=\"auto, (max-width: 96px) 100vw, 96px\" \/><\/a><\/p>\n<h3 style=\"text-align: center\"><a href=\"https:\/\/www.hsu-hh.de\/asv\/?page_id=243&amp;preview=true\">Ordnungen<\/a><\/h3>\n<h3>Bitte ausw\u00e4hlen<\/h3>\n<p style=\"text-align: center\"><a href=\"https:\/\/www.hsu-hh.de\/asv\/?page_id=217&amp;preview=true\">Studien- und Pr\u00fcfungsordnungen<\/a><\/p>\n<p style=\"text-align: center\">\u00a0<a href=\"https:\/\/www.hsu-hh.de\/asv\/?page_id=660&amp;preview=true\">Weitere Ordnungen der Fakult\u00e4ten<\/a><\/p>\n<p style=\"text-align: center\"><a href=\"https:\/\/www.hsu-hh.de\/asv\/?page_id=661&amp;preview=true\">Organisation der Universit\u00e4t<\/a><\/p>\n<p style=\"text-align: center\">\u00a0<a href=\"https:\/\/www.hsu-hh.de\/asv\/?page_id=663&amp;preview=true\">Sonstige Ordnungen<\/a><\/p>\n<\/div>\n<div class=\"content-block3\">\n<h2><a href=\"https:\/\/www.hsu-hh.de\/asv\/?page_id=120&amp;preview=true\"><strong><img loading=\"lazy\" decoding=\"async\" class=\"aligncenter wp-image-2819\" src=\"https:\/\/www.hsu-hh.de\/asv\/wp-content\/uploads\/sites\/776\/2018\/02\/E-mail.png\" alt=\"E-mail\" width=\"94\" height=\"57\" \/><\/strong><\/a><\/h2>\n<h3 style=\"text-align: center\">\u00a0<a href=\"https:\/\/www.hsu-hh.de\/asv\/?page_id=120&amp;preview=true\">Kontakt<\/a><\/h3>\n<h2><\/h2>\n<\/div>\n","protected":false},"excerpt":{"rendered":"<p>Die Aufgaben des B\u00fcros f\u00fcr Senatsangelegenheiten umfassen neben der Vorbereitung, Durchf\u00fchrung und Nachbereitung der Sitzungen des Akademischen Senats auch die Bereitstellung der an der HSU geltenden Ordnungen sowie die Einarbeitung [&hellip;]<\/p>\n","protected":false},"author":1,"featured_media":0,"parent":0,"menu_order":0,"comment_status":"closed","ping_status":"closed","template":"","meta":{"footnotes":""},"categories":[35],"tags":[],"class_list":["post-73","page","type-page","status-publish","hentry","category-startseite"],"_links":{"self":[{"href":"https:\/\/www.hsu-hh.de\/asv\/wp-json\/wp\/v2\/pages\/73","targetHints":{"allow":["GET"]}}],"collection":[{"href":"https:\/\/www.hsu-hh.de\/asv\/wp-json\/wp\/v2\/pages"}],"about":[{"href":"https:\/\/www.hsu-hh.de\/asv\/wp-json\/wp\/v2\/types\/page"}],"author":[{"embeddable":true,"href":"https:\/\/www.hsu-hh.de\/asv\/wp-json\/wp\/v2\/users\/1"}],"replies":[{"embeddable":true,"href":"https:\/\/www.hsu-hh.de\/asv\/wp-json\/wp\/v2\/comments?post=73"}],"version-history":[{"count":84,"href":"https:\/\/www.hsu-hh.de\/asv\/wp-json\/wp\/v2\/pages\/73\/revisions"}],"predecessor-version":[{"id":6557,"href":"https:\/\/www.hsu-hh.de\/asv\/wp-json\/wp\/v2\/pages\/73\/revisions\/6557"}],"wp:attachment":[{"href":"https:\/\/www.hsu-hh.de\/asv\/wp-json\/wp\/v2\/media?parent=73"}],"wp:term":[{"taxonomy":"category","embeddable":true,"href":"https:\/\/www.hsu-hh.de\/asv\/wp-json\/wp\/v2\/categories?post=73"},{"taxonomy":"post_tag","embeddable":true,"href":"https:\/\/www.hsu-hh.de\/asv\/wp-json\/wp\/v2\/tags?post=73"}],"curies":[{"name":"wp","href":"https:\/\/api.w.org\/{rel}","templated":true}]}}