{"id":704,"date":"2018-02-06T08:49:01","date_gmt":"2018-02-06T07:49:01","guid":{"rendered":"https:\/\/www.hsu-hh.de\/asv\/?page_id=704"},"modified":"2018-04-18T10:13:06","modified_gmt":"2018-04-18T08:13:06","slug":"gasthoererordnung","status":"publish","type":"page","link":"https:\/\/www.hsu-hh.de\/asv\/gasthoererordnung\/","title":{"rendered":"Gasth\u00f6rerordnung"},"content":{"rendered":"<h3 style=\"text-align: center\">Ordnung f\u00fcr die Zulassung von Gasth\u00f6rerinnen und Gasth\u00f6rern an der Helmut-Schmidt-Universit\u00e4t \/ Universit\u00e4t der Bundeswehr Hamburg<\/h3>\n<p style=\"text-align: center\"><a href=\"https:\/\/www.hsu-hh.de\/asv\/wp-content\/uploads\/sites\/776\/2018\/02\/Gasthoererordnung.pdf\"><img loading=\"lazy\" decoding=\"async\" class=\"alignnone size-full wp-image-2024\" src=\"https:\/\/www.hsu-hh.de\/asv\/wp-content\/uploads\/sites\/776\/2018\/02\/PDF-laden.jpg\" alt=\"PDF laden\" width=\"71\" height=\"68\" \/><\/a><\/p>\n<h3 style=\"text-align: center\">\u00a7 1 Personenkreis<\/h3>\n<p>Gasth\u00f6rerinnen und Gasth\u00f6rer \u2013 im folgenden Gasth\u00f6rer genannt \u2013 sind Personen, die sich in einzelnen Wissensgebieten weiterbilden wollen, ohne dabei einen Studienabschluss an der Helmut-Schmidt-Universit\u00e4t \/ Universit\u00e4t der Bundeswehr Hamburg anzustreben.<\/p>\n<p>&nbsp;<\/p>\n<h3 style=\"text-align: center\">\u00a7 2 Zulassung<\/h3>\n<p>Die Zulassung als Gasth\u00f6rer steht jedem offen. Sie unterliegt den Beschr\u00e4nkungen des \u00a7 5 dieser Ordnung. Die Zulassung gilt jeweils f\u00fcr ein Trimester.<\/p>\n<p>&nbsp;<\/p>\n<h3 style=\"text-align: center\">\u00a7 3 Antrag<\/h3>\n<p>Der Antrag auf Zulassung als Gasth\u00f6rer ist schriftlich unter Vorlage des Personalausweises oder eines entsprechenden Ausweises beim Studiensekretariat der Helmut-Schmidt-Universit\u00e4t \/ Universit\u00e4t der Bundeswehr Hamburg zu stellen.<\/p>\n<p>&nbsp;<\/p>\n<h3 style=\"text-align: center\">\u00a7 4 Zust\u00e4ndigkeit<\/h3>\n<p>\u00dcber die Zulassung als Gasth\u00f6rer entscheidet der Pr\u00e4sident der Helmut-Schmidt-Universit\u00e4t \/ Universit\u00e4t der Bundeswehr Hamburg.<\/p>\n<p>&nbsp;<\/p>\n<h3 style=\"text-align: center\">\u00a7 5 Versagungsgr\u00fcnde und Widerruf der Zulassung<\/h3>\n<p>(1) Die Zulassung als Gasth\u00f6rer soll versagt werden, wenn<\/p>\n<ol>\n<li>der Bewerber an einer \u00fcbertragbaren Krankheit leidet, durch die er die Gesundheit anderer Personen gef\u00e4hrdet, mit denen er im Rahmen seines Studiums in engere Ber\u00fchrung kommt, oder wenn er trotz Verdachts einer solchen Krankheit ein gefordertes \u00e4rztliches Zeugnis nicht beibringt,<\/li>\n<li>bei dem Bewerber einer der Entm\u00fcndigungstatbest\u00e4nde des \u00a7 6 <abbr title=\"Absatz\">Abs.<\/abbr> 1 des B\u00fcrgerlichen Gesetzbuches gegeben ist.<\/li>\n<\/ol>\n<p>&nbsp;<\/p>\n<p>(2) Die Zulassung kann aufgehoben werden, wenn<\/p>\n<ol>\n<li>sie durch Zwang, arglistige T\u00e4uschung oder Bestechung herbeigef\u00fchrt wurde,<\/li>\n<li>nach der Zulassung Tatsachen bekannt werden oder eintreten, die zur Versagung der Zulassung gef\u00fchrt h\u00e4tten,<\/li>\n<li>der Gasth\u00f6rer durch Anwendung von Gewalt, durch Aufforderung zur Gewalt, durch Bedrohung mit Gewalt oder auf andere Weise ein Mitglied der Hochschule von der Aus\u00fcbung seiner Rechte oder Pflichten abh\u00e4lt, abzuhalten versucht oder an solchen Handlungen teilnimmt,<\/li>\n<li>der Gasth\u00f6rer den bestimmungsgem\u00e4\u00dfen Betrieb einer Hochschuleinrichtung, die T\u00e4tigkeit eines Hochschulorgans oder die Durchf\u00fchrung einer Hochschulveranstaltung behindert oder an solchen Handlungen teilnimmt,<\/li>\n<li>der Gasth\u00f6rer wiederholt Anordnungen zuwiderhandelt, die gegen ihn von der Hochschule wegen Verletzung seiner Pflichten entsprechend \u00a7 9 <abbr title=\"Absatz\">Abs.<\/abbr> 2 <abbr title=\"Hamburgisches Hochschulgesetz\">HmbHG<\/abbr> getroffen worden sind.<\/li>\n<\/ol>\n<p>&nbsp;<\/p>\n<h3 style=\"text-align: center\">\u00a7 6 Stellung als Gasth\u00f6rer<\/h3>\n<p>(1) Gasth\u00f6rer empfangen mit der Zulassung einen Gasth\u00f6rerausweis, der beim Besuch der wissenschaftlichen Einrichtungen der Helmut-Schmidt-Universit\u00e4t \/ Universit\u00e4t der Bundeswehr Hamburg auf Verlangen vorzuzeigen ist.<\/p>\n<p>(2) Gasth\u00f6rer sind nicht Studenten der Helmut-Schmidt-Universit\u00e4t \/ Universit\u00e4t der Bundeswehr Hamburg.<\/p>\n<p>(3) Gasth\u00f6rer sind nicht berechtigt, Pr\u00fcfungen abzulegen.<\/p>\n<p>&nbsp;<\/p>\n<h3 style=\"text-align: center\">\u00a7 7 Besuch von Lehrveranstaltungen<\/h3>\n<p>(1) Gasth\u00f6rer k\u00f6nnen an Vorlesungen uneingeschr\u00e4nkt teilnehmen. Die Teilnahme an anderen Lehrveranstaltungen setzt die Anmeldung bei dem Angeh\u00f6rigen des Lehrk\u00f6rpers, der die Lehrveranstaltung angek\u00fcndigt hat, und dessen schriftliche Einwilligung voraus.<\/p>\n<p>(2) Wenn die vom Fachbereich beschlossene Teilnehmerzahl einer Lehrveranstaltung nicht durch eingeschriebene Studenten der Helmut-Schmidt-Universit\u00e4t \/ Universit\u00e4t der Bundeswehr Hamburg ausgesch\u00f6pft wird, stehen die freien Pl\u00e4tze Gasth\u00f6rern zur Verf\u00fcgung. \u00dcberschreitet die Zahl der Gasth\u00f6reranmeldungen die Zahl der freien Pl\u00e4tze, entscheidet das Los \u00fcber die Teilnahmeberechtigung.<\/p>\n<p>&nbsp;<\/p>\n<h3 style=\"text-align: center\">\u00a7 8 Ausgabe von Teilnahmescheinen<\/h3>\n<p>Soweit die Teilnahme an Lehrveranstaltungen Studenten der Helmut-Schmidt-Universit\u00e4t \/ Universit\u00e4t der Bundeswehr Hamburg bescheinigt wird, erhalten auch Gasth\u00f6rer die \u00fcblichen Teilnahmebescheinigungen, aus denen jedoch hervorgehen muss, dass sie einem Gasth\u00f6rer erteilt wurden.<\/p>\n<p>&nbsp;<\/p>\n<h3 style=\"text-align: center\">\u00a7 9 Inkrafttreten<\/h3>\n<p>Diese Ordnung tritt am Tage der Ver\u00f6ffentlichung im Hochschulanzeiger in Kraft.* Gleichzeitig tritt die Gasth\u00f6rerordnung vom 29.02.1980 au\u00dfer Kraft.<\/p>\n<p>* 14.06.1991<\/p>\n","protected":false},"excerpt":{"rendered":"<p>Ordnung f\u00fcr die Zulassung von Gasth\u00f6rerinnen und Gasth\u00f6rern an der Helmut-Schmidt-Universit\u00e4t \/ Universit\u00e4t der Bundeswehr Hamburg \u00a7 1 Personenkreis Gasth\u00f6rerinnen und Gasth\u00f6rer \u2013 im folgenden Gasth\u00f6rer genannt \u2013 sind Personen, [&hellip;]<\/p>\n","protected":false},"author":865,"featured_media":0,"parent":0,"menu_order":0,"comment_status":"closed","ping_status":"closed","template":"","meta":{"footnotes":""},"categories":[],"tags":[],"class_list":["post-704","page","type-page","status-publish","hentry"],"_links":{"self":[{"href":"https:\/\/www.hsu-hh.de\/asv\/wp-json\/wp\/v2\/pages\/704","targetHints":{"allow":["GET"]}}],"collection":[{"href":"https:\/\/www.hsu-hh.de\/asv\/wp-json\/wp\/v2\/pages"}],"about":[{"href":"https:\/\/www.hsu-hh.de\/asv\/wp-json\/wp\/v2\/types\/page"}],"author":[{"embeddable":true,"href":"https:\/\/www.hsu-hh.de\/asv\/wp-json\/wp\/v2\/users\/865"}],"replies":[{"embeddable":true,"href":"https:\/\/www.hsu-hh.de\/asv\/wp-json\/wp\/v2\/comments?post=704"}],"version-history":[{"count":6,"href":"https:\/\/www.hsu-hh.de\/asv\/wp-json\/wp\/v2\/pages\/704\/revisions"}],"predecessor-version":[{"id":3126,"href":"https:\/\/www.hsu-hh.de\/asv\/wp-json\/wp\/v2\/pages\/704\/revisions\/3126"}],"wp:attachment":[{"href":"https:\/\/www.hsu-hh.de\/asv\/wp-json\/wp\/v2\/media?parent=704"}],"wp:term":[{"taxonomy":"category","embeddable":true,"href":"https:\/\/www.hsu-hh.de\/asv\/wp-json\/wp\/v2\/categories?post=704"},{"taxonomy":"post_tag","embeddable":true,"href":"https:\/\/www.hsu-hh.de\/asv\/wp-json\/wp\/v2\/tags?post=704"}],"curies":[{"name":"wp","href":"https:\/\/api.w.org\/{rel}","templated":true}]}}