{"id":673,"date":"2018-02-05T14:40:02","date_gmt":"2018-02-05T13:40:02","guid":{"rendered":"https:\/\/www.hsu-hh.de\/asv\/?page_id=673"},"modified":"2024-09-04T13:58:55","modified_gmt":"2024-09-04T11:58:55","slug":"fakultaet-wirtschafts-und-sozialwissenschaften-2","status":"publish","type":"page","link":"https:\/\/www.hsu-hh.de\/asv\/fakultaet-wirtschafts-und-sozialwissenschaften-2\/","title":{"rendered":"Fakult\u00e4t Wirtschafts- und Sozialwissenschaften"},"content":{"rendered":"<h3>Promotionsordnung<\/h3>\n<div class=\"col-xs-12 downloads-item\">\n<div class=\"row border-line\">\n<div class=\"thumbnail-area\"><img decoding=\"async\" class=\"download-image\" src=\"\/wp-content\/themes\/hsu\/img\/dummy\/downloads_dummy.png\" alt=\"\" \/><\/div>\n<div class=\"text-area\"><a href=\"https:\/\/www.hsu-hh.de\/asv\/wp-content\/uploads\/sites\/776\/2024\/09\/PromO_WiSo_Neufassung_2024.pdf\"><span class=\"download-text\">Promotionsordnung der Fakult\u00e4t f\u00fcr Wirtschafts- und Sozialwissenschaften Neufassung 2024<\/span><\/a><\/div>\n<div class=\"download-area\"><a class=\"download-link\" href=\"https:\/\/www.hsu-hh.de\/asv\/wp-content\/uploads\/sites\/776\/2024\/09\/PromO_WiSo_Neufassung_2024.pdf\"><span class=\"download-name\">pdf laden<\/span><span class=\"donwload-icon\"><img decoding=\"async\" class=\"download-icon\" src=\"\/wp-content\/themes\/hsu\/img\/icons\/download_icon.png\" alt=\"download icon\" \/><\/span><span class=\"download-size\">243 kB<\/span><\/a><\/div>\n<\/div>\n<\/div>\n<div class=\"col-xs-12 downloads-item\">\n<div class=\"row border-line\">\n<div class=\"thumbnail-area\"><a href=\"https:\/\/www.hsu-hh.de\/asv\/?page_id=796&amp;preview=true\"><img decoding=\"async\" class=\"download-image\" src=\"\/wp-content\/themes\/hsu\/img\/dummy\/downloads_dummy.png\" alt=\"\" \/><\/a><\/div>\n<div class=\"text-area\"><a href=\"https:\/\/www.hsu-hh.de\/asv\/?page_id=796&amp;preview=true\"><span class=\"download-text\">Ausf\u00fchrungsbestimmungen<\/span><\/a><\/div>\n<div class=\"download-area\"><a class=\"download-link\" href=\"https:\/\/www.hsu-hh.de\/asv\/wp-content\/uploads\/sites\/776\/2018\/02\/Ausfuehrungsbestimmungen-zur-PromO-Neufassg.pdf\"><span class=\"download-name\">pdf laden<\/span><span class=\"donwload-icon\"><img decoding=\"async\" class=\"download-icon\" src=\"\/wp-content\/themes\/hsu\/img\/icons\/download_icon.png\" alt=\"download icon\" \/><\/span><span class=\"download-size\">9 KB<\/span><\/a><\/div>\n<\/div>\n<\/div>\n<h3>Habilitationsordnung<\/h3>\n<div class=\"col-xs-12 downloads-item\">\n<div class=\"row border-line\">\n<div class=\"thumbnail-area\"><a href=\"https:\/\/www.hsu-hh.de\/asv\/?page_id=2123&amp;preview=true\"><img decoding=\"async\" class=\"download-image\" src=\"\/wp-content\/themes\/hsu\/img\/dummy\/downloads_dummy.png\" alt=\"\" \/><\/a><\/div>\n<div class=\"text-area\"><a href=\"https:\/\/www.hsu-hh.de\/asv\/?page_id=2123&amp;preview=true\"><span class=\"download-text\">Habilitationsordnung der Fakult\u00e4t f\u00fcr Wirtschafts- und Sozialwissenschaften<\/span><\/a><\/div>\n<div class=\"download-area\"><a class=\"download-link\" href=\"https:\/\/www.hsu-hh.de\/asv\/wp-content\/uploads\/sites\/776\/2018\/02\/Habilitationsordnung_WiSo.pdf\"><span class=\"download-name\">pdf laden<\/span><span class=\"donwload-icon\"><img decoding=\"async\" class=\"download-icon\" src=\"\/wp-content\/themes\/hsu\/img\/icons\/download_icon.png\" alt=\"download icon\" \/><\/span><span class=\"download-size\">229 KB<\/span><\/a><\/div>\n<\/div>\n<\/div>\n<h3>Praktikumsordnung f\u00fcr den Bachelor-Studiengang \u201eRechtswissenschaft f\u00fcr die \u00f6ffentliche Verwaltung\u201c<\/h3>\n<div class=\"col-xs-12 downloads-item\">\n<div class=\"row border-line\">\n<div class=\"thumbnail-area\"><img decoding=\"async\" class=\"download-image\" src=\"\/wp-content\/themes\/hsu\/img\/dummy\/downloads_dummy.png\" alt=\"\" \/><\/div>\n<div class=\"text-area\"><a href=\"https:\/\/www.hsu-hh.de\/asv\/wp-content\/uploads\/sites\/776\/2023\/12\/PraktO_RoeV.pdf\" target=\"_blank\" rel=\"noopener\"><span class=\"download-text\">Praktikumsordnung f\u00fcr den Bachelor-Studiengang \u201eRechtswissenschaft f\u00fcr die \u00f6ffentliche Verwaltung\u201c <\/span><\/a><\/div>\n<div class=\"download-area\"><a class=\"download-link\" href=\"https:\/\/www.hsu-hh.de\/asv\/wp-content\/uploads\/sites\/776\/2023\/12\/PraktO_RoeV.pdf\"><span class=\"download-name\">pdf laden<\/span><span class=\"donwload-icon\"><img decoding=\"async\" class=\"download-icon\" src=\"\/wp-content\/themes\/hsu\/img\/icons\/download_icon.png\" alt=\"download icon\" \/><\/span><span class=\"download-size\">144 kB<\/span><\/a><\/div>\n<\/div>\n<\/div>\n","protected":false},"excerpt":{"rendered":"<p>Promotionsordnung Promotionsordnung der Fakult\u00e4t f\u00fcr Wirtschafts- und Sozialwissenschaften Neufassung 2024 pdf laden243 kB Ausf\u00fchrungsbestimmungen pdf laden9 KB Habilitationsordnung Habilitationsordnung der Fakult\u00e4t f\u00fcr Wirtschafts- und Sozialwissenschaften pdf laden229 KB Praktikumsordnung f\u00fcr [&hellip;]<\/p>\n","protected":false},"author":865,"featured_media":0,"parent":0,"menu_order":0,"comment_status":"closed","ping_status":"closed","template":"","meta":{"footnotes":""},"categories":[4],"tags":[],"class_list":["post-673","page","type-page","status-publish","hentry","category-forschung"],"_links":{"self":[{"href":"https:\/\/www.hsu-hh.de\/asv\/wp-json\/wp\/v2\/pages\/673","targetHints":{"allow":["GET"]}}],"collection":[{"href":"https:\/\/www.hsu-hh.de\/asv\/wp-json\/wp\/v2\/pages"}],"about":[{"href":"https:\/\/www.hsu-hh.de\/asv\/wp-json\/wp\/v2\/types\/page"}],"author":[{"embeddable":true,"href":"https:\/\/www.hsu-hh.de\/asv\/wp-json\/wp\/v2\/users\/865"}],"replies":[{"embeddable":true,"href":"https:\/\/www.hsu-hh.de\/asv\/wp-json\/wp\/v2\/comments?post=673"}],"version-history":[{"count":21,"href":"https:\/\/www.hsu-hh.de\/asv\/wp-json\/wp\/v2\/pages\/673\/revisions"}],"predecessor-version":[{"id":6764,"href":"https:\/\/www.hsu-hh.de\/asv\/wp-json\/wp\/v2\/pages\/673\/revisions\/6764"}],"wp:attachment":[{"href":"https:\/\/www.hsu-hh.de\/asv\/wp-json\/wp\/v2\/media?parent=673"}],"wp:term":[{"taxonomy":"category","embeddable":true,"href":"https:\/\/www.hsu-hh.de\/asv\/wp-json\/wp\/v2\/categories?post=673"},{"taxonomy":"post_tag","embeddable":true,"href":"https:\/\/www.hsu-hh.de\/asv\/wp-json\/wp\/v2\/tags?post=673"}],"curies":[{"name":"wp","href":"https:\/\/api.w.org\/{rel}","templated":true}]}}