{"id":671,"date":"2018-02-05T14:40:02","date_gmt":"2018-02-05T13:40:02","guid":{"rendered":"https:\/\/www.hsu-hh.de\/asv\/?page_id=671"},"modified":"2026-02-26T16:38:20","modified_gmt":"2026-02-26T15:38:20","slug":"fakultaet-geistes-und-sozialwissenschaften-2","status":"publish","type":"page","link":"https:\/\/www.hsu-hh.de\/asv\/fakultaet-geistes-und-sozialwissenschaften-2\/","title":{"rendered":"Fakult\u00e4t Geistes- und Sozialwissenschaften"},"content":{"rendered":"<h3>Promotionsordnung<\/h3>\n<div class=\"col-xs-12 downloads-item\">\n<div class=\"row border-line\">\n<div class=\"thumbnail-area\"><a href=\"https:\/\/www.hsu-hh.de\/asv\/?page_id=756&amp;preview=true\"><img decoding=\"async\" class=\"download-image\" src=\"\/wp-content\/themes\/hsu\/img\/dummy\/downloads_dummy.png\" alt=\"\" \/><\/a><\/div>\n<div class=\"text-area\"><a href=\"https:\/\/www.hsu-hh.de\/asv\/?page_id=756&amp;preview=true\"><span class=\"download-text\">Promotionsordnung der Fakult\u00e4t f\u00fcr Geistes- und Sozialwissenschaften (PromO <abbr title=\"Geistes- und Sozialwissenschaften\">GeiSo<\/abbr>)<\/span><\/a><\/div>\n<div class=\"download-area\"><a class=\"download-link\" href=\"https:\/\/www.hsu-hh.de\/asv\/wp-content\/uploads\/sites\/776\/2018\/02\/PromO-GeiSo-2013-LF-genehmigt.pdf\"><span class=\"download-name\">pdf laden<\/span><span class=\"donwload-icon\"><img decoding=\"async\" class=\"download-icon\" src=\"\/wp-content\/themes\/hsu\/img\/icons\/download_icon.png\" alt=\"download icon\" \/><\/span><span class=\"download-size\">67 KB<\/span><\/a><\/div>\n<\/div>\n<\/div>\n<h3>Habilitationsordnung<\/h3>\n<div class=\"col-xs-12 downloads-item\">\n<div class=\"row border-line\">\n<div class=\"thumbnail-area\"><a href=\"https:\/\/www.hsu-hh.de\/asv\/?page_id=2095&amp;preview=true\"><img decoding=\"async\" class=\"download-image\" src=\"\/wp-content\/themes\/hsu\/img\/dummy\/downloads_dummy.png\" alt=\"\" \/><\/a><\/div>\n<div class=\"text-area\"><a href=\"https:\/\/www.hsu-hh.de\/asv\/?page_id=2095&amp;preview=true\"><span class=\"download-text\">Habilitationsordnung der Fakult\u00e4t f\u00fcr Geistes- und Sozialwissenschaften (<abbr title=\"Habilitationsordnung\">HabilO<\/abbr> <abbr title=\"Geistes- und Sozialwissenschaften\">GeiSo<\/abbr>)<\/span><\/a><\/div>\n<div class=\"download-area\"><a class=\"download-link\" href=\"https:\/\/www.hsu-hh.de\/asv\/wp-content\/uploads\/sites\/776\/2018\/02\/Habilitationsordnung-GeiSo-2010-Druckversion.pdf\"><span class=\"download-name\">pdf laden<\/span><span class=\"donwload-icon\"><img decoding=\"async\" class=\"download-icon\" src=\"\/wp-content\/themes\/hsu\/img\/icons\/download_icon.png\" alt=\"download icon\" \/><\/span><span class=\"download-size\">144 KB<\/span><\/a><\/div>\n<\/div>\n<\/div>\n","protected":false},"excerpt":{"rendered":"<p>Promotionsordnung Promotionsordnung der Fakult\u00e4t f\u00fcr Geistes- und Sozialwissenschaften (PromO GeiSo) pdf laden67 KB Habilitationsordnung Habilitationsordnung der Fakult\u00e4t f\u00fcr Geistes- und Sozialwissenschaften (HabilO GeiSo) pdf laden144 KB<\/p>\n","protected":false},"author":865,"featured_media":0,"parent":0,"menu_order":0,"comment_status":"closed","ping_status":"closed","template":"","meta":{"footnotes":""},"categories":[4],"tags":[],"class_list":["post-671","page","type-page","status-publish","hentry","category-forschung"],"_links":{"self":[{"href":"https:\/\/www.hsu-hh.de\/asv\/wp-json\/wp\/v2\/pages\/671","targetHints":{"allow":["GET"]}}],"collection":[{"href":"https:\/\/www.hsu-hh.de\/asv\/wp-json\/wp\/v2\/pages"}],"about":[{"href":"https:\/\/www.hsu-hh.de\/asv\/wp-json\/wp\/v2\/types\/page"}],"author":[{"embeddable":true,"href":"https:\/\/www.hsu-hh.de\/asv\/wp-json\/wp\/v2\/users\/865"}],"replies":[{"embeddable":true,"href":"https:\/\/www.hsu-hh.de\/asv\/wp-json\/wp\/v2\/comments?post=671"}],"version-history":[{"count":48,"href":"https:\/\/www.hsu-hh.de\/asv\/wp-json\/wp\/v2\/pages\/671\/revisions"}],"predecessor-version":[{"id":7042,"href":"https:\/\/www.hsu-hh.de\/asv\/wp-json\/wp\/v2\/pages\/671\/revisions\/7042"}],"wp:attachment":[{"href":"https:\/\/www.hsu-hh.de\/asv\/wp-json\/wp\/v2\/media?parent=671"}],"wp:term":[{"taxonomy":"category","embeddable":true,"href":"https:\/\/www.hsu-hh.de\/asv\/wp-json\/wp\/v2\/categories?post=671"},{"taxonomy":"post_tag","embeddable":true,"href":"https:\/\/www.hsu-hh.de\/asv\/wp-json\/wp\/v2\/tags?post=671"}],"curies":[{"name":"wp","href":"https:\/\/api.w.org\/{rel}","templated":true}]}}