{"id":670,"date":"2018-02-05T14:40:02","date_gmt":"2018-02-05T13:40:02","guid":{"rendered":"https:\/\/www.hsu-hh.de\/asv\/?page_id=670"},"modified":"2025-08-28T14:01:49","modified_gmt":"2025-08-28T12:01:49","slug":"fak-et-ordn","status":"publish","type":"page","link":"https:\/\/www.hsu-hh.de\/asv\/fak-et-ordn\/","title":{"rendered":"Fakult\u00e4t Elektrotechnik"},"content":{"rendered":"<h3>Praktikumsordnung<\/h3>\n<div class=\"col-xs-12 downloads-item\">\n<div class=\"row border-line\">\n<div class=\"thumbnail-area\"><img decoding=\"async\" class=\"download-image\" src=\"\/wp-content\/themes\/hsu\/img\/dummy\/downloads_dummy.png\" alt=\"\" \/><\/div>\n<div class=\"text-area\"><a href=\"https:\/\/www.hsu-hh.de\/asv\/wp-content\/uploads\/sites\/776\/2025\/08\/PraktO_ET_2025.pdf\"><span class=\"download-text\">Praktikumsordnung der Fakult\u00e4t f\u00fcr Elektrotechnik<\/span><\/a><\/div>\n<div class=\"download-area\"><\/div>\n<\/div>\n<\/div>\n<h3>Promotionsordnung<\/h3>\n<div class=\"col-xs-12 downloads-item\">\n<div class=\"row border-line\">\n<div class=\"thumbnail-area\"><a href=\"https:\/\/www.hsu-hh.de\/asv\/?page_id=693&amp;preview=true\"><img decoding=\"async\" class=\"download-image\" src=\"\/wp-content\/themes\/hsu\/img\/dummy\/downloads_dummy.png\" alt=\"\" \/><\/a><\/div>\n<div class=\"text-area\"><a href=\"https:\/\/www.hsu-hh.de\/asv\/?page_id=693&amp;preview=true\"><span class=\"download-text\">Promotionsordnung der Fakult\u00e4t f\u00fcr Elektrotechnik<\/span><\/a><\/div>\n<div class=\"download-area\"><a class=\"download-link\" href=\"https:\/\/www.hsu-hh.de\/asv\/wp-content\/uploads\/sites\/776\/2018\/02\/PromO-ET-Stand-Maerz-2011.pdf\"><span class=\"download-name\">pdf laden<\/span><span class=\"donwload-icon\"><img decoding=\"async\" class=\"download-icon\" src=\"\/wp-content\/themes\/hsu\/img\/icons\/download_icon.png\" alt=\"download icon\" \/><\/span><span class=\"download-size\">58 KB<\/span><\/a><\/div>\n<\/div>\n<\/div>\n<h3>Habilitationsordnung<\/h3>\n<div class=\"col-xs-12 downloads-item\">\n<div class=\"row border-line\">\n<div class=\"thumbnail-area\"><a href=\"https:\/\/www.hsu-hh.de\/asv\/?page_id=2103&amp;preview=true\"><img decoding=\"async\" class=\"download-image\" src=\"\/wp-content\/themes\/hsu\/img\/dummy\/downloads_dummy.png\" alt=\"\" \/><\/a><\/div>\n<div class=\"text-area\"><a href=\"https:\/\/www.hsu-hh.de\/asv\/?page_id=2103&amp;preview=true\"><span class=\"download-text\">Habilationsordnung Fachbereich Elektrotechnik<\/span><\/a><\/div>\n<div class=\"download-area\"><a class=\"download-link\" href=\"https:\/\/www.hsu-hh.de\/asv\/wp-content\/uploads\/sites\/776\/2018\/02\/Habilitationsordnung-ET-Dezember-1980-1.pdf\"><span class=\"download-name\">pdf laden<\/span><span class=\"donwload-icon\"><img decoding=\"async\" class=\"download-icon\" src=\"\/wp-content\/themes\/hsu\/img\/icons\/download_icon.png\" alt=\"download icon\" \/><\/span><span class=\"download-size\">2 MB<\/span><\/a><\/div>\n<\/div>\n<\/div>\n<div class=\"col-xs-12 downloads-item\">\n<div class=\"row pub-block\"><\/div>\n<\/div>\n","protected":false},"excerpt":{"rendered":"<p>Praktikumsordnung Praktikumsordnung der Fakult\u00e4t f\u00fcr Elektrotechnik Promotionsordnung Promotionsordnung der Fakult\u00e4t f\u00fcr Elektrotechnik pdf laden58 KB Habilitationsordnung Habilationsordnung Fachbereich Elektrotechnik pdf laden2 MB<\/p>\n","protected":false},"author":865,"featured_media":0,"parent":0,"menu_order":0,"comment_status":"closed","ping_status":"closed","template":"","meta":{"footnotes":""},"categories":[4],"tags":[],"class_list":["post-670","page","type-page","status-publish","hentry","category-forschung"],"_links":{"self":[{"href":"https:\/\/www.hsu-hh.de\/asv\/wp-json\/wp\/v2\/pages\/670","targetHints":{"allow":["GET"]}}],"collection":[{"href":"https:\/\/www.hsu-hh.de\/asv\/wp-json\/wp\/v2\/pages"}],"about":[{"href":"https:\/\/www.hsu-hh.de\/asv\/wp-json\/wp\/v2\/types\/page"}],"author":[{"embeddable":true,"href":"https:\/\/www.hsu-hh.de\/asv\/wp-json\/wp\/v2\/users\/865"}],"replies":[{"embeddable":true,"href":"https:\/\/www.hsu-hh.de\/asv\/wp-json\/wp\/v2\/comments?post=670"}],"version-history":[{"count":19,"href":"https:\/\/www.hsu-hh.de\/asv\/wp-json\/wp\/v2\/pages\/670\/revisions"}],"predecessor-version":[{"id":6944,"href":"https:\/\/www.hsu-hh.de\/asv\/wp-json\/wp\/v2\/pages\/670\/revisions\/6944"}],"wp:attachment":[{"href":"https:\/\/www.hsu-hh.de\/asv\/wp-json\/wp\/v2\/media?parent=670"}],"wp:term":[{"taxonomy":"category","embeddable":true,"href":"https:\/\/www.hsu-hh.de\/asv\/wp-json\/wp\/v2\/categories?post=670"},{"taxonomy":"post_tag","embeddable":true,"href":"https:\/\/www.hsu-hh.de\/asv\/wp-json\/wp\/v2\/tags?post=670"}],"curies":[{"name":"wp","href":"https:\/\/api.w.org\/{rel}","templated":true}]}}