{"id":663,"date":"2018-02-05T14:03:56","date_gmt":"2018-02-05T13:03:56","guid":{"rendered":"https:\/\/www.hsu-hh.de\/asv\/?page_id=663"},"modified":"2025-12-17T14:56:18","modified_gmt":"2025-12-17T13:56:18","slug":"sonstige-ordnungen","status":"publish","type":"page","link":"https:\/\/www.hsu-hh.de\/asv\/sonstige-ordnungen\/","title":{"rendered":"Sonstige Ordnungen"},"content":{"rendered":"<div class=\"col-xs-12 downloads-item\">\n<div class=\"row border-line\">\n<div class=\"thumbnail-area\"><img decoding=\"async\" class=\"download-image\" src=\"\/wp-content\/themes\/hsu\/img\/dummy\/downloads_dummy.png\" alt=\"\" \/><\/div>\n<div class=\"text-area\"><span class=\"download-text\">Evaluationsordnung<\/span><\/div>\n<div class=\"download-area\"><a class=\"download-link\" href=\"https:\/\/www.hsu-hh.de\/asv\/wp-content\/uploads\/sites\/776\/2025\/12\/EvaluationsO_HSU_in_Kraft_getreten_03.12.2025.pdf\"><span class=\"download-name\">pdf laden<\/span><span class=\"donwload-icon\"><img decoding=\"async\" class=\"download-icon\" src=\"\/wp-content\/themes\/hsu\/img\/icons\/download_icon.png\" alt=\"download icon\" \/><\/span><span class=\"download-size\">132 kB<\/span><\/a><\/div>\n<\/div>\n<\/div>\n<h3>\u00a0<\/h3>\n<h3><abbr title=\"Interdisziplin\u00e4re Studienanteile\">ISA<\/abbr>-Ordnung<\/h3>\n<div class=\"col-xs-12 downloads-item\">\n<div class=\"row border-line\">\n<div class=\"thumbnail-area\"><img decoding=\"async\" class=\"download-image\" src=\"\/wp-content\/themes\/hsu\/img\/dummy\/downloads_dummy.png\" alt=\"\" \/><\/div>\n<div class=\"text-area\"><span class=\"download-text\"><abbr title=\"Interdisziplin\u00e4re Studienanteile\">ISA<\/abbr>-Ordnung<br \/><\/span><\/div>\n<div class=\"download-area\"><a class=\"download-link\" href=\"https:\/\/www.hsu-hh.de\/asv\/wp-content\/uploads\/sites\/776\/2024\/09\/ISA-Ordnung-2024-nach-533.AS_.pdf\"><span class=\"download-name\">pdf laden<\/span><span class=\"donwload-icon\"><img decoding=\"async\" class=\"download-icon\" src=\"\/wp-content\/themes\/hsu\/img\/icons\/download_icon.png\" alt=\"download icon\" \/><\/span><span class=\"download-size\">90 kB<\/span><\/a><\/div>\n<\/div>\n<\/div>\n<h3>Gasth\u00f6rerordnung<\/h3>\n<div class=\"col-xs-12 downloads-item\">\n<div class=\"row border-line\">\n<div class=\"thumbnail-area\"><a href=\"https:\/\/www.hsu-hh.de\/asv\/?page_id=704&amp;preview=true\"><img decoding=\"async\" class=\"download-image\" src=\"\/wp-content\/themes\/hsu\/img\/dummy\/downloads_dummy.png\" alt=\"\" \/><\/a><\/div>\n<div class=\"text-area\"><a href=\"https:\/\/www.hsu-hh.de\/asv\/wp-content\/uploads\/sites\/776\/2018\/02\/Gasthoererordnung.pdf\"><span class=\"download-text\">Gasth\u00f6rerordnung <\/span><\/a><\/div>\n<div class=\"download-area\"><a class=\"download-link\" href=\"https:\/\/www.hsu-hh.de\/asv\/wp-content\/uploads\/sites\/776\/2018\/02\/Gasthoererordnung.pdf\"><span class=\"download-name\">pdf laden<\/span><span class=\"donwload-icon\"><img decoding=\"async\" class=\"download-icon\" src=\"\/wp-content\/themes\/hsu\/img\/icons\/download_icon.png\" alt=\"download icon\" \/><\/span><span class=\"download-size\">17 KB<\/span><\/a><\/div>\n<\/div>\n<\/div>\n<h3>Lehrbef\u00e4higungsordnung<\/h3>\n<div class=\"col-xs-12 downloads-item\">\n<div class=\"row border-line\">\n<div class=\"thumbnail-area\"><a href=\"https:\/\/www.hsu-hh.de\/asv\/?page_id=1967&amp;preview=true\"><img decoding=\"async\" class=\"download-image\" src=\"\/wp-content\/themes\/hsu\/img\/dummy\/downloads_dummy.png\" alt=\"\" \/><\/a><\/div>\n<div class=\"text-area\"><a href=\"https:\/\/www.hsu-hh.de\/asv\/wp-content\/uploads\/sites\/776\/2018\/02\/Lehrbefaehigungsordnung.pdf\"><span class=\"download-text\">Lehrbef\u00e4higungsordnung <\/span><\/a><\/div>\n<div class=\"download-area\"><a class=\"download-link\" href=\"https:\/\/www.hsu-hh.de\/asv\/wp-content\/uploads\/sites\/776\/2018\/02\/Lehrbefaehigungsordnung.pdf\"><span class=\"download-name\">pdf laden<\/span><span class=\"donwload-icon\"><img decoding=\"async\" class=\"download-icon\" src=\"\/wp-content\/themes\/hsu\/img\/icons\/download_icon.png\" alt=\"download icon\" \/><\/span><span class=\"download-size\">19 KB<\/span><\/a><\/div>\n<\/div>\n<\/div>\n<h3>Lehrbefugnisordnung<\/h3>\n<div class=\"col-xs-12 downloads-item\">\n<div class=\"row border-line\">\n<div class=\"thumbnail-area\"><a href=\"https:\/\/www.hsu-hh.de\/asv\/?page_id=1968&amp;preview=true\"><img decoding=\"async\" class=\"download-image\" src=\"\/wp-content\/themes\/hsu\/img\/dummy\/downloads_dummy.png\" alt=\"\" \/><\/a><\/div>\n<div class=\"text-area\"><a href=\"https:\/\/www.hsu-hh.de\/asv\/wp-content\/uploads\/sites\/776\/2018\/02\/Lehrbefugnisordnung.pdf\"><span class=\"download-text\">Lehrbefugnisordnung<\/span><\/a><\/div>\n<div class=\"download-area\"><a class=\"download-link\" href=\"https:\/\/www.hsu-hh.de\/asv\/wp-content\/uploads\/sites\/776\/2018\/02\/Lehrbefugnisordnung.pdf\"><span class=\"download-name\">pdf laden<\/span><span class=\"donwload-icon\"><img decoding=\"async\" class=\"download-icon\" src=\"\/wp-content\/themes\/hsu\/img\/icons\/download_icon.png\" alt=\"download icon\" \/><\/span><span class=\"download-size\">35 KB<\/span><\/a><\/div>\n<\/div>\n<\/div>\n<h3>Ordnung \u00fcber Verleihung der Bezeichnung Professorin\/Professor<\/h3>\n<div class=\"col-xs-12 downloads-item\">\n<div class=\"row border-line\">\n<div class=\"thumbnail-area\"><a href=\"https:\/\/www.hsu-hh.de\/asv\/?page_id=1970&amp;preview=true\"><img decoding=\"async\" class=\"download-image\" src=\"\/wp-content\/themes\/hsu\/img\/dummy\/downloads_dummy.png\" alt=\"\" \/><\/a><\/div>\n<div class=\"text-area\"><a href=\"https:\/\/www.hsu-hh.de\/asv\/?page_id=1970\"><span class=\"download-text\">HonProfO<\/span><\/a><\/div>\n<div class=\"download-area\"><a class=\"download-link\" href=\"https:\/\/www.hsu-hh.de\/asv\/wp-content\/uploads\/sites\/776\/2018\/02\/HonProfO.pdf\"><span class=\"download-name\">pdf laden<\/span><span class=\"donwload-icon\"><img decoding=\"async\" class=\"download-icon\" src=\"\/wp-content\/themes\/hsu\/img\/icons\/download_icon.png\" alt=\"download icon\" \/><\/span><span class=\"download-size\">61 KB<\/span><\/a><\/div>\n<\/div>\n<\/div>\n\n\n<h3 class=\"wp-block-heading\" id=\"gute-wissenschaftliche-praxis\">Ordnung zur Sicherstellung guter wissenschaftlicher Praxis und zum Umgang mit wissenschaftlichem Fehlverhalten an der <abbr title=\"Helmut Schmidt Universit\u00e4t\">HSU<\/abbr>\/UniBw H<\/h3>\n\n\n\n<div class=\"wp-block-hsu-downloadblock\"><div class=\"thumbnail-area\"><img decoding=\"async\" src=\"\/wp-content\/themes\/hsu\/img\/dummy\/downloads_dummy.png\" alt=\"Download Symbol-Icon\" \/><\/div><div class=\"text-area\"> <a href=\"https:\/\/www.hsu-hh.de\/asv\/wp-content\/uploads\/sites\/776\/2023\/10\/Ordnung_gute_wiss._Praxis_20230719_HSU_UniBw_H.pdf\">Ordnung zur Sicherung guter wissenschaftlicher Praxis und zum Umgang mit wissenschaftlichem Fehlverhalten an der Helmut-Schmidt-Universit\u00e4t\/Universit\u00e4t der Bundeswehr Hamburg<\/a><\/div><div class=\"download-area\"><a class=\"download-link\" href=\"https:\/\/www.hsu-hh.de\/asv\/wp-content\/uploads\/sites\/776\/2024\/01\/Ordnung_gute_wiss._Praxis_20230719_HSU_UniBw_H.pdf\"><span class=\"download-name\">pdf laden<\/span><span class=\"download-icon\"><img decoding=\"async\" class=\"download-icon\" alt=\"download icon\" src=\"\/wp-content\/themes\/hsu\/img\/icons\/download_icon.png\" \/><\/span><span class=\"download-size\">217 kB<\/span><\/a><\/div><\/div>\n\n\n\n<h3 class=\"wp-block-heading\">Gesch\u00e4fts- und Verfahrensordnung der lokalen Ethikkommission f\u00fcr Forschung in den Geistes- und Sozialwissenschaften, Wirtschaftswissenschaften und Ingenieurwissenschaften mit Menschen als Studienteilnehmerinnen und Studienteilnehmer an der <abbr title=\"Helmut Schmidt Universit\u00e4t\">HSU<\/abbr>\/UniBw H<\/h3>\n\n\n\n<div class=\"wp-block-hsu-downloadblock\"><div class=\"thumbnail-area\"><img decoding=\"async\" src=\"\/wp-content\/themes\/hsu\/img\/dummy\/downloads_dummy.png\" alt=\"Download Symbol-Icon\" \/><\/div><div class=\"text-area\"><a href=\"https:\/\/www.hsu-hh.de\/asv\/wp-content\/uploads\/sites\/776\/2023\/10\/Geschaefts-u.-Verfahrensordnung_Ethikkommission_2023.pdf\">Gesch\u00e4fts- u. Verfahrensordnung Ethikkommission 2023<\/a><\/div><div class=\"download-area\"><a class=\"download-link\" href=\"https:\/\/www.hsu-hh.de\/asv\/wp-content\/uploads\/sites\/776\/2023\/10\/Geschaefts-u.-Verfahrensordnung_Ethikkommission_2023.pdf\"><span class=\"download-name\">pdf laden<\/span><span class=\"download-icon\"><img decoding=\"async\" class=\"download-icon\" alt=\"download icon\" src=\"\/wp-content\/themes\/hsu\/img\/icons\/download_icon.png\" \/><\/span><span class=\"download-size\">222 kB<\/span><\/a><\/div><\/div>\n\n\n\n<h3 class=\"wp-block-heading\">Satzung des Zentrums f\u00fcr wissenschaftliche Weiterbildung an der <abbr title=\"Helmut Schmidt Universit\u00e4t\">HSU<\/abbr>\/UniBw Hamburg<\/h3>\n\n\n\n<div class=\"wp-block-hsu-downloadblock\"><div class=\"thumbnail-area\"><img decoding=\"async\" src=\"\/wp-content\/themes\/hsu\/img\/dummy\/downloads_dummy.png\" alt=\"Download Symbol-Icon\" \/><\/div><div class=\"text-area\"><a href=\"https:\/\/www.hsu-hh.de\/asv\/wp-content\/uploads\/sites\/776\/2025\/01\/Satzung_ZWW_fuer_HSA.pdf\">Satzung des Zentrums f\u00fcr wissenschaftliche Weiterbildung<\/a><\/div><div class=\"download-area\"><a class=\"download-link\" href=\"https:\/\/www.hsu-hh.de\/asv\/wp-content\/uploads\/sites\/776\/2025\/01\/Satzung_ZWW_fuer_HSA.pdf\"><span class=\"download-name\">pdf laden<\/span><span class=\"download-icon\"><img decoding=\"async\" class=\"download-icon\" alt=\"download icon\" src=\"\/wp-content\/themes\/hsu\/img\/icons\/download_icon.png\" \/><\/span><span class=\"download-size\">68 kB<\/span><\/a><\/div><\/div>\n","protected":false},"excerpt":{"rendered":"<p>Evaluationsordnung pdf laden132 kB \u00a0 ISA-Ordnung ISA-Ordnung pdf laden90 kB Gasth\u00f6rerordnung Gasth\u00f6rerordnung pdf laden17 KB Lehrbef\u00e4higungsordnung Lehrbef\u00e4higungsordnung pdf laden19 KB Lehrbefugnisordnung Lehrbefugnisordnung pdf laden35 KB Ordnung \u00fcber Verleihung der Bezeichnung [&hellip;]<\/p>\n","protected":false},"author":865,"featured_media":0,"parent":0,"menu_order":0,"comment_status":"closed","ping_status":"closed","template":"","meta":{"footnotes":""},"categories":[4],"tags":[],"class_list":["post-663","page","type-page","status-publish","hentry","category-forschung"],"_links":{"self":[{"href":"https:\/\/www.hsu-hh.de\/asv\/wp-json\/wp\/v2\/pages\/663","targetHints":{"allow":["GET"]}}],"collection":[{"href":"https:\/\/www.hsu-hh.de\/asv\/wp-json\/wp\/v2\/pages"}],"about":[{"href":"https:\/\/www.hsu-hh.de\/asv\/wp-json\/wp\/v2\/types\/page"}],"author":[{"embeddable":true,"href":"https:\/\/www.hsu-hh.de\/asv\/wp-json\/wp\/v2\/users\/865"}],"replies":[{"embeddable":true,"href":"https:\/\/www.hsu-hh.de\/asv\/wp-json\/wp\/v2\/comments?post=663"}],"version-history":[{"count":55,"href":"https:\/\/www.hsu-hh.de\/asv\/wp-json\/wp\/v2\/pages\/663\/revisions"}],"predecessor-version":[{"id":6991,"href":"https:\/\/www.hsu-hh.de\/asv\/wp-json\/wp\/v2\/pages\/663\/revisions\/6991"}],"wp:attachment":[{"href":"https:\/\/www.hsu-hh.de\/asv\/wp-json\/wp\/v2\/media?parent=663"}],"wp:term":[{"taxonomy":"category","embeddable":true,"href":"https:\/\/www.hsu-hh.de\/asv\/wp-json\/wp\/v2\/categories?post=663"},{"taxonomy":"post_tag","embeddable":true,"href":"https:\/\/www.hsu-hh.de\/asv\/wp-json\/wp\/v2\/tags?post=663"}],"curies":[{"name":"wp","href":"https:\/\/api.w.org\/{rel}","templated":true}]}}