{"id":660,"date":"2018-02-05T14:03:56","date_gmt":"2018-02-05T13:03:56","guid":{"rendered":"https:\/\/www.hsu-hh.de\/asv\/?page_id=660"},"modified":"2026-02-26T16:16:37","modified_gmt":"2026-02-26T15:16:37","slug":"ordnungen-der-fakultaeten","status":"publish","type":"page","link":"https:\/\/www.hsu-hh.de\/asv\/ordnungen-der-fakultaeten\/","title":{"rendered":"Weitere Ordnungen der Fakult\u00e4ten"},"content":{"rendered":"<div class=\"content-block4\">\u00a0<\/div>\n<div class=\"content-block3\">\n<h3 style=\"text-align: center\"><img loading=\"lazy\" decoding=\"async\" class=\"alignnone wp-image-2855\" src=\"https:\/\/www.hsu-hh.de\/asv\/wp-content\/uploads\/sites\/776\/2018\/02\/Fakult\u00e4t-Elektrotechnik.png\" alt=\"Fakult\u00e4t Elektrotechnik\" width=\"130\" height=\"127\" srcset=\"https:\/\/www.hsu-hh.de\/asv\/wp-content\/uploads\/sites\/776\/2018\/02\/Fakult\u00e4t-Elektrotechnik.png 491w, https:\/\/www.hsu-hh.de\/asv\/wp-content\/uploads\/sites\/776\/2018\/02\/Fakult\u00e4t-Elektrotechnik-300x294.png 300w\" sizes=\"auto, (max-width: 130px) 100vw, 130px\" \/><\/h3>\n<h3 style=\"text-align: center\">Fakult\u00e4t f\u00fcr Elektrotechnik<\/h3>\n<h3>W\u00e4hlen Sie eine Ordnung aus<\/h3>\n<p style=\"text-align: center\"><a href=\"https:\/\/www.hsu-hh.de\/asv\/?page_id=685&amp;preview=true\">Praktikumsordnung<\/a><\/p>\n<p style=\"text-align: center\"><a href=\"https:\/\/www.hsu-hh.de\/asv\/?page_id=693&amp;preview=true\">Promotionsordnung<\/a><\/p>\n<p style=\"text-align: center\"><a href=\"https:\/\/www.hsu-hh.de\/asv\/?page_id=2103&amp;preview=true\">Habilitationsordnung<\/a><\/p>\n<\/div>\n<div class=\"content-block3\">\n<h3 style=\"text-align: center\"><img loading=\"lazy\" decoding=\"async\" class=\"alignnone wp-image-2853\" src=\"https:\/\/www.hsu-hh.de\/asv\/wp-content\/uploads\/sites\/776\/2018\/02\/Fakult\u00e4t-Maschinenbau2.png\" alt=\"Fakult\u00e4t Maschinenbau2\" width=\"130\" height=\"127\" srcset=\"https:\/\/www.hsu-hh.de\/asv\/wp-content\/uploads\/sites\/776\/2018\/02\/Fakult\u00e4t-Maschinenbau2.png 493w, https:\/\/www.hsu-hh.de\/asv\/wp-content\/uploads\/sites\/776\/2018\/02\/Fakult\u00e4t-Maschinenbau2-300x293.png 300w\" sizes=\"auto, (max-width: 130px) 100vw, 130px\" \/><\/h3>\n<h3 style=\"text-align: center\">Fakult\u00e4t f\u00fcr Maschinenbau und Bauingenieurwesen<\/h3>\n<h3>W\u00e4hlen Sie eine Ordnung aus<\/h3>\n<p style=\"text-align: center\"><a href=\"https:\/\/www.hsu-hh.de\/asv\/?page_id=823&amp;preview=true\">Praktikumsordnung<\/a><\/p>\n<p style=\"text-align: center\"><a href=\"https:\/\/www.hsu-hh.de\/asv\/wp-content\/uploads\/sites\/776\/2023\/12\/PromO-MBIW_Neufassung_in_Kraft_getreten_21.12.2023.pdf\">Promotionsordnung<\/a><\/p>\n<p style=\"text-align: center\"><a href=\"https:\/\/www.hsu-hh.de\/asv\/wp-content\/uploads\/sites\/776\/2025\/07\/Lesefassung_HabilO-MB_2025_veroeffentlicht.pdf\">Habilitationsordnung<\/a><\/p>\n<\/div>\n<div class=\"clearfix\">\u00a0<\/div>\n<div class=\"content-block3\">\n<h3 style=\"text-align: center\"><img loading=\"lazy\" decoding=\"async\" class=\"alignnone wp-image-3154\" src=\"https:\/\/www.hsu-hh.de\/asv\/wp-content\/uploads\/sites\/776\/2018\/03\/GeiSo.png\" alt=\"GeiSo\" width=\"130\" height=\"127\" srcset=\"https:\/\/www.hsu-hh.de\/asv\/wp-content\/uploads\/sites\/776\/2018\/03\/GeiSo.png 493w, https:\/\/www.hsu-hh.de\/asv\/wp-content\/uploads\/sites\/776\/2018\/03\/GeiSo-300x293.png 300w\" sizes=\"auto, (max-width: 130px) 100vw, 130px\" \/><\/h3>\n<h3 style=\"text-align: center\">Fakult\u00e4t f\u00fcr Geistes- und Sozialwissenschaften<\/h3>\n<h3>W\u00e4hlen Sie eine Ordnung aus<\/h3>\n<p style=\"text-align: center\"><a href=\"https:\/\/www.hsu-hh.de\/asv\/?page_id=756&amp;preview=true\">Promotionsordnung<\/a><\/p>\n<p style=\"text-align: center\"><a href=\"https:\/\/www.hsu-hh.de\/asv\/?page_id=2095&amp;preview=true\">Habilitationsordnung<\/a><\/p>\n<\/div>\n<div class=\"content-block3\">\n<h3 style=\"text-align: center\"><img loading=\"lazy\" decoding=\"async\" class=\"alignnone wp-image-3156\" src=\"https:\/\/www.hsu-hh.de\/asv\/wp-content\/uploads\/sites\/776\/2018\/03\/Fak-WiSo.png\" alt=\"Fak WiSo\" width=\"130\" height=\"127\" srcset=\"https:\/\/www.hsu-hh.de\/asv\/wp-content\/uploads\/sites\/776\/2018\/03\/Fak-WiSo.png 493w, https:\/\/www.hsu-hh.de\/asv\/wp-content\/uploads\/sites\/776\/2018\/03\/Fak-WiSo-300x293.png 300w\" sizes=\"auto, (max-width: 130px) 100vw, 130px\" \/><\/h3>\n<h3 style=\"text-align: center\">Fakult\u00e4t f\u00fcr Wirtschafts- und Sozialwissenschaften<\/h3>\n<h3>W\u00e4hlen Sie eine Ordnung aus<\/h3>\n<p style=\"text-align: center\"><a href=\"https:\/\/www.hsu-hh.de\/asv\/promo-wiso-neu\/\">Promotionsordnung<\/a><\/p>\n<p style=\"text-align: center\"><a href=\"https:\/\/www.hsu-hh.de\/asv\/wp-content\/uploads\/sites\/776\/2018\/08\/Ausfuehrungsbestimmungen-zur-PromO-Neufassg.pdf\" target=\"_blank\" rel=\"noopener noreferrer\">Ausf\u00fchrungsbestimmungen PromO<\/a><\/p>\n<p style=\"text-align: center\"><a href=\"https:\/\/www.hsu-hh.de\/asv\/?page_id=2123&amp;preview=true\">Habilitationsordnung<\/a><\/p>\n<\/div>\n<div class=\"content-block3\">\n<h3 style=\"text-align: center\"><img loading=\"lazy\" decoding=\"async\" class=\"alignnone wp-image-2861\" src=\"https:\/\/www.hsu-hh.de\/asv\/wp-content\/uploads\/sites\/776\/2018\/02\/Bereich-WI.png\" alt=\"Bereich WI\" width=\"130\" height=\"127\" srcset=\"https:\/\/www.hsu-hh.de\/asv\/wp-content\/uploads\/sites\/776\/2018\/02\/Bereich-WI.png 493w, https:\/\/www.hsu-hh.de\/asv\/wp-content\/uploads\/sites\/776\/2018\/02\/Bereich-WI-300x293.png 300w\" sizes=\"auto, (max-width: 130px) 100vw, 130px\" \/><\/h3>\n<h3 style=\"text-align: center\">Studienbereich Wirtschaftsingenieurwesen<\/h3>\n<h3>W\u00e4hlen Sie eine Ordnung aus<\/h3>\n<p style=\"text-align: center\"><a href=\"https:\/\/www.hsu-hh.de\/asv\/?page_id=819&amp;preview=true\">Praktikumsordnung<\/a><\/p>\n<\/div>\n\n\n<p><\/p>\n","protected":false},"excerpt":{"rendered":"<p>\u00a0 Fakult\u00e4t f\u00fcr Elektrotechnik W\u00e4hlen Sie eine Ordnung aus Praktikumsordnung Promotionsordnung Habilitationsordnung Fakult\u00e4t f\u00fcr Maschinenbau und Bauingenieurwesen W\u00e4hlen Sie eine Ordnung aus Praktikumsordnung Promotionsordnung Habilitationsordnung \u00a0 Fakult\u00e4t f\u00fcr Geistes- und [&hellip;]<\/p>\n","protected":false},"author":865,"featured_media":0,"parent":0,"menu_order":0,"comment_status":"closed","ping_status":"closed","template":"","meta":{"footnotes":""},"categories":[4],"tags":[],"class_list":["post-660","page","type-page","status-publish","hentry","category-forschung"],"_links":{"self":[{"href":"https:\/\/www.hsu-hh.de\/asv\/wp-json\/wp\/v2\/pages\/660","targetHints":{"allow":["GET"]}}],"collection":[{"href":"https:\/\/www.hsu-hh.de\/asv\/wp-json\/wp\/v2\/pages"}],"about":[{"href":"https:\/\/www.hsu-hh.de\/asv\/wp-json\/wp\/v2\/types\/page"}],"author":[{"embeddable":true,"href":"https:\/\/www.hsu-hh.de\/asv\/wp-json\/wp\/v2\/users\/865"}],"replies":[{"embeddable":true,"href":"https:\/\/www.hsu-hh.de\/asv\/wp-json\/wp\/v2\/comments?post=660"}],"version-history":[{"count":141,"href":"https:\/\/www.hsu-hh.de\/asv\/wp-json\/wp\/v2\/pages\/660\/revisions"}],"predecessor-version":[{"id":7040,"href":"https:\/\/www.hsu-hh.de\/asv\/wp-json\/wp\/v2\/pages\/660\/revisions\/7040"}],"wp:attachment":[{"href":"https:\/\/www.hsu-hh.de\/asv\/wp-json\/wp\/v2\/media?parent=660"}],"wp:term":[{"taxonomy":"category","embeddable":true,"href":"https:\/\/www.hsu-hh.de\/asv\/wp-json\/wp\/v2\/categories?post=660"},{"taxonomy":"post_tag","embeddable":true,"href":"https:\/\/www.hsu-hh.de\/asv\/wp-json\/wp\/v2\/tags?post=660"}],"curies":[{"name":"wp","href":"https:\/\/api.w.org\/{rel}","templated":true}]}}