{"id":630,"date":"2018-02-05T12:59:33","date_gmt":"2018-02-05T11:59:33","guid":{"rendered":"https:\/\/www.hsu-hh.de\/asv\/?page_id=630"},"modified":"2022-03-16T12:50:43","modified_gmt":"2022-03-16T11:50:43","slug":"senatsausschuesse","status":"publish","type":"page","link":"https:\/\/www.hsu-hh.de\/asv\/senatsausschuesse\/","title":{"rendered":"Senatsaussch\u00fcsse"},"content":{"rendered":"<p>Nach \u00a7 20 der Rahmenbestimmungen f\u00fcr Struktur und Organisation der HSU\/UniBw H bestehen folgende st\u00e4ndige Senatsaussch\u00fcsse:<\/p>\n<ul>\n<li>Senatsausschuss f\u00fcr Lehre und Studium<\/li>\n<li>Senatsausschuss f\u00fcr Forschung und wissenschaftlichen Nachwuchs<\/li>\n<li>Senatsausschuss f\u00fcr Internationales<\/li>\n<li>Senatsausschuss f\u00fcr Haushalts-, Planungs- und Bauangelegenheiten<\/li>\n<li>Senatsausschuss f\u00fcr Bibliotheksangelegenheiten<\/li>\n<\/ul>\n<p>Es k\u00f6nnen weitere Senatsaussch\u00fcsse f\u00fcr bestimmte Angelegenheiten eingesetzt werden.\u00a0 So gibt es u.a. folgende weitere Senatsaussch\u00fcsse:<\/p>\n<ul>\n<li>Senatsausschuss f\u00fcr EDV-Angelegenheiten<\/li>\n<li>Senatsausschuss f\u00fcr Satzungen<\/li>\n<li>Senatsausschuss zur F\u00f6rderung der Chancengleichheit<\/li>\n<li>Kommission zur Untersuchung von Vorw\u00fcrfen wissenschaftlichen Fehlverhaltens<\/li>\n<\/ul>\n<p>Die Zusammensetzung und die Befugnisse der Senatsaussch\u00fcsse sind in der Grundordnung geregelt.<\/p>\n","protected":false},"excerpt":{"rendered":"<p>Nach \u00a7 20 der Rahmenbestimmungen f\u00fcr Struktur und Organisation der HSU\/UniBw H bestehen folgende st\u00e4ndige Senatsaussch\u00fcsse: Senatsausschuss f\u00fcr Lehre und Studium Senatsausschuss f\u00fcr Forschung und wissenschaftlichen Nachwuchs Senatsausschuss f\u00fcr Internationales [&hellip;]<\/p>\n","protected":false},"author":865,"featured_media":0,"parent":0,"menu_order":0,"comment_status":"closed","ping_status":"closed","template":"","meta":{"footnotes":""},"categories":[4],"tags":[],"class_list":["post-630","page","type-page","status-publish","hentry","category-forschung"],"_links":{"self":[{"href":"https:\/\/www.hsu-hh.de\/asv\/wp-json\/wp\/v2\/pages\/630","targetHints":{"allow":["GET"]}}],"collection":[{"href":"https:\/\/www.hsu-hh.de\/asv\/wp-json\/wp\/v2\/pages"}],"about":[{"href":"https:\/\/www.hsu-hh.de\/asv\/wp-json\/wp\/v2\/types\/page"}],"author":[{"embeddable":true,"href":"https:\/\/www.hsu-hh.de\/asv\/wp-json\/wp\/v2\/users\/865"}],"replies":[{"embeddable":true,"href":"https:\/\/www.hsu-hh.de\/asv\/wp-json\/wp\/v2\/comments?post=630"}],"version-history":[{"count":10,"href":"https:\/\/www.hsu-hh.de\/asv\/wp-json\/wp\/v2\/pages\/630\/revisions"}],"predecessor-version":[{"id":6111,"href":"https:\/\/www.hsu-hh.de\/asv\/wp-json\/wp\/v2\/pages\/630\/revisions\/6111"}],"wp:attachment":[{"href":"https:\/\/www.hsu-hh.de\/asv\/wp-json\/wp\/v2\/media?parent=630"}],"wp:term":[{"taxonomy":"category","embeddable":true,"href":"https:\/\/www.hsu-hh.de\/asv\/wp-json\/wp\/v2\/categories?post=630"},{"taxonomy":"post_tag","embeddable":true,"href":"https:\/\/www.hsu-hh.de\/asv\/wp-json\/wp\/v2\/tags?post=630"}],"curies":[{"name":"wp","href":"https:\/\/api.w.org\/{rel}","templated":true}]}}