{"id":629,"date":"2018-02-05T12:59:33","date_gmt":"2018-02-05T11:59:33","guid":{"rendered":"https:\/\/www.hsu-hh.de\/asv\/?page_id=629"},"modified":"2018-04-18T10:04:13","modified_gmt":"2018-04-18T08:04:13","slug":"akademischer-senat","status":"publish","type":"page","link":"https:\/\/www.hsu-hh.de\/asv\/akademischer-senat\/","title":{"rendered":"Akademischer Senat"},"content":{"rendered":"<p>Der Akademische Senat ist das h\u00f6chste Gremium der akademischen Selbstverwaltung der Universit\u00e4t. Er beschlie\u00dft in allen die Universit\u00e4t als Ganzes ber\u00fchrenden akademischen Angelegenheiten von besonderer Bedeutung.<\/p>\n<p>Zu seinen Aufgaben geh\u00f6ren insbesondere:<\/p>\n<ul>\n<li>Beschlussfassung f\u00fcr die Grundordnung der HSU\/UniBw H und die Rahmengesch\u00e4ftsordnung f\u00fcr die akademischen Gremien<\/li>\n<li>Beschlussfassung \u00fcber Grundsatzfragen der F\u00f6rderung des wissenschaftlichen Nachwuchses<\/li>\n<li>Stellungnahme zu den Studien- und Diplompr\u00fcfungsordnungen, den Promotions- und Habilitationsordnungen<\/li>\n<li>Stellungnahme zu Vorschl\u00e4gen der Fakult\u00e4ten zur Fortentwicklung abgestufter und aufeinander bezogener Studieng\u00e4nge und Studienabschl\u00fcsse<\/li>\n<li>Stellungnahme zu Vorschl\u00e4gen der Fakult\u00e4ten f\u00fcr die Berufung von Professoren<\/li>\n<li>Stellungnahme zu Vorschl\u00e4gen der Fakult\u00e4ten f\u00fcr die Einstellung von Hochschuldozenten<\/li>\n<li>Beschlussfassung \u00fcber Antr\u00e4ge auf Erteilung von Lehrauftr\u00e4gen und die Verleihung akademischer W\u00fcrden<\/li>\n<li>Stellungnahme zu der Erteilung der Lehrbefugnis<\/li>\n<li>Beschlussfassung \u00fcber Beitr\u00e4ge zur Planung der weiteren Entwicklung der HSU\/UniBw H<\/li>\n<li>Stellungnahme zu Antr\u00e4gen auf Professurvertretungen<\/li>\n<\/ul>\n<p>&nbsp;<\/p>\n<p>Dar\u00fcber hinaus beschlie\u00dft der Akademische Senat den Beitrag der HSU\/UniBw H zum Haushaltsvorschlag und koordiniert die T\u00e4tigkeit der Fakult\u00e4ten.<\/p>\n","protected":false},"excerpt":{"rendered":"<p>Der Akademische Senat ist das h\u00f6chste Gremium der akademischen Selbstverwaltung der Universit\u00e4t. Er beschlie\u00dft in allen die Universit\u00e4t als Ganzes ber\u00fchrenden akademischen Angelegenheiten von besonderer Bedeutung. Zu seinen Aufgaben geh\u00f6ren [&hellip;]<\/p>\n","protected":false},"author":865,"featured_media":0,"parent":0,"menu_order":0,"comment_status":"closed","ping_status":"closed","template":"","meta":{"footnotes":""},"categories":[],"tags":[],"class_list":["post-629","page","type-page","status-publish","hentry"],"_links":{"self":[{"href":"https:\/\/www.hsu-hh.de\/asv\/wp-json\/wp\/v2\/pages\/629","targetHints":{"allow":["GET"]}}],"collection":[{"href":"https:\/\/www.hsu-hh.de\/asv\/wp-json\/wp\/v2\/pages"}],"about":[{"href":"https:\/\/www.hsu-hh.de\/asv\/wp-json\/wp\/v2\/types\/page"}],"author":[{"embeddable":true,"href":"https:\/\/www.hsu-hh.de\/asv\/wp-json\/wp\/v2\/users\/865"}],"replies":[{"embeddable":true,"href":"https:\/\/www.hsu-hh.de\/asv\/wp-json\/wp\/v2\/comments?post=629"}],"version-history":[{"count":5,"href":"https:\/\/www.hsu-hh.de\/asv\/wp-json\/wp\/v2\/pages\/629\/revisions"}],"predecessor-version":[{"id":2353,"href":"https:\/\/www.hsu-hh.de\/asv\/wp-json\/wp\/v2\/pages\/629\/revisions\/2353"}],"wp:attachment":[{"href":"https:\/\/www.hsu-hh.de\/asv\/wp-json\/wp\/v2\/media?parent=629"}],"wp:term":[{"taxonomy":"category","embeddable":true,"href":"https:\/\/www.hsu-hh.de\/asv\/wp-json\/wp\/v2\/categories?post=629"},{"taxonomy":"post_tag","embeddable":true,"href":"https:\/\/www.hsu-hh.de\/asv\/wp-json\/wp\/v2\/tags?post=629"}],"curies":[{"name":"wp","href":"https:\/\/api.w.org\/{rel}","templated":true}]}}