{"id":4828,"date":"2019-11-05T23:12:27","date_gmt":"2019-11-05T22:12:27","guid":{"rendered":"https:\/\/www.hsu-hh.de\/asv\/?page_id=4828"},"modified":"2022-10-14T18:59:02","modified_gmt":"2022-10-14T16:59:02","slug":"fspo-roev","status":"publish","type":"page","link":"https:\/\/www.hsu-hh.de\/asv\/fspo-roev\/","title":{"rendered":"FSPO R\u00f6V mit 2. \u00c4O"},"content":{"rendered":"<h3 style=\"text-align: center\">Fachspezifische Studien- und Pr\u00fcfungsordnung f\u00fcr den Bachelor-Studiengang Rechtswissenschaft f\u00fcr die \u00f6ffentliche Verwaltung mit dem Abschluss LL.B. an der Fakult\u00e4t f\u00fcr Wirtschafts- und Sozialwissenschaften der Helmut-Schmidt-Universit\u00e4t \/ Universit\u00e4t der Bundeswehr Hamburg (<abbr title=\"Fachspezifische Studien- und Pr\u00fcfungsordnung\">FSPO<\/abbr> R\u00f6V)<\/h3>\n<h3 style=\"text-align: center\"><a href=\"https:\/\/www.hsu-hh.de\/asv\/wp-content\/uploads\/sites\/776\/2022\/10\/FSPO-RoeV_mit_2.AendO_fuer_Homepage.pdf\"><img loading=\"lazy\" decoding=\"async\" class=\"alignnone wp-image-2024 size-full\" src=\"https:\/\/www.hsu-hh.de\/asv\/wp-content\/uploads\/sites\/776\/2018\/02\/PDF-laden.jpg\" alt=\"PDF laden\" width=\"71\" height=\"68\" data-credit=\"beuchleb\" \/><\/a><\/h3>\n<p>\u00a0<\/p>\n<p>Auf Grund von \u00a7 112 <abbr title=\"Absatz\">Abs.<\/abbr> 1 und <abbr title=\"Absatz\">Abs.<\/abbr> 3 Satz 1 des Hamburgischen Hochschulgesetzes vom 18. Juli 2001 (<abbr title=\"Hamburgisches Gesetz- und Verordnungsblatt\">HmbGVBl.<\/abbr>, S. 171) in der geltenden Fassung in Verbindung mit dem \u00dcbertragungsbescheid der Hamburgischen Beh\u00f6rde f\u00fcr Wissenschaft und Forschung vom 23. Oktober 1978 in der Neufassung vom 5. Juli 2007 wurde diese Fachspezifische Studien- und Pr\u00fcfungsordnung f\u00fcr den Bachelor-Studiengang Rechtswissenschaft f\u00fcr die \u00f6ffentliche Verwaltung an der Fakult\u00e4t f\u00fcr Wirtschafts- und Sozialwissenschaften<\/p>\n<p>im Fakult\u00e4tsrat beschlossen am 21.02.2019,<\/p>\n<p>vom Akademischen Senat gebilligt am 14.03.2019,<\/p>\n<p>durch die Beh\u00f6rde f\u00fcr Wissenschaft, Forschung und Gleichstellung der Freien und Hansestadt Hamburg am 04.10.2019 genehmigt,<\/p>\n<p>durch das Bundesministerium der Verteidigung am 08.10.2019 genehmigt und<\/p>\n<p>im Hochschulanzeiger <abbr title=\"Nummer\">Nr.<\/abbr> 09\/2019 ver\u00f6ffentlicht am 16.10.2019.<\/p>\n<p>\u00a0<\/p>\n<p><strong><a href=\"https:\/\/www.hsu-hh.de\/asv\/wp-content\/uploads\/sites\/776\/2022\/10\/Chronik-der-Aenderung-FSPO-RoeV-mit-2.-AeO.pdf\">\u00c4nderung der Ordnung mit 2. \u00c4O<\/a><br \/><\/strong><\/p>\n<p>\u00a0<\/p>\n<p><strong>Inhaltsverzeichnis<\/strong><\/p>\n<p>\u00a0<\/p>\n<p>Inhaltsverzeichnis<\/p>\n<p>\u00a0<\/p>\n<p><strong>I. Erg\u00e4nzende Bestimmungen<\/strong><\/p>\n<p>\u00a0<\/p>\n<p><a href=\"#roev_2\" rel='nofollow'><strong>Zu \u00a7 2\u00a0\u00a0\u00a0 Studienziele, Pr\u00fcfungszweck, Akademische Grade<\/strong><\/a><\/p>\n<p>\u00a0<\/p>\n<p><a href=\"#roev_4\" rel='nofollow'>Zu \u00a7 4\u00a0\u00a0\u00a0 Aufbau des Studiums<\/a><\/p>\n<p>\u00a0<\/p>\n<p><a href=\"#roev_10\" rel='nofollow'>Zu \u00a7 10\u00a0\u00a0 Zulassung zu Modulpr\u00fcfungen<\/a>\u00a0\u00a0\u00a0\u00a0\u00a0\u00a0\u00a0\u00a0\u00a0\u00a0\u00a0\u00a0<\/p>\n<p>\u00a0<\/p>\n<p><a href=\"#roev_11\" rel='nofollow'>Zu \u00a7 11\u00a0\u00a0 Modulpr\u00fcfungen<\/a><\/p>\n<p>\u00a0<\/p>\n<p><a href=\"#roev_13\" rel='nofollow'>Zu \u00a7 13\u00a0\u00a0 Pr\u00fcfungsarten<\/a><\/p>\n<p>\u00a0<\/p>\n<p><a href=\"#roev_14\" rel='nofollow'>Zu \u00a7 14\u00a0\u00a0 Abschlussarbeiten<\/a><\/p>\n<p>\u00a0<\/p>\n<p><a href=\"#roev_15\" rel='nofollow'>Zu \u00a7 15\u00a0\u00a0 Bewertung von Pr\u00fcfungsleistungen und Notenbildung<\/a><\/p>\n<p>\u00a0<\/p>\n<p><a href=\"#roev_16\" rel='nofollow'>Zu \u00a7 16\u00a0\u00a0 Wiederholung von Pr\u00fcfungsleistungen<\/a><\/p>\n<p>\u00a0<\/p>\n<p><a href=\"#roev_22\" rel='nofollow'>Zu \u00a7 22 Bestehen und Nichtbestehen<\/a><\/p>\n<p>\u00a0<\/p>\n<p><a href=\"#roev_23\" rel='nofollow'>Zu \u00a7 23\u00a0\u00a0 Zeugnis, Urkunde und Diplomanhang<\/a><\/p>\n<p>\u00a0<\/p>\n<p><a href=\"#roev_inkraft\" rel='nofollow'><strong>II. Inkrafttreten<\/strong><\/a><\/p>\n<p>\u00a0<\/p>\n<p><strong><a href=\"#roev_anlagen\" rel='nofollow'>III. Anlage: Modul\u00fcbersicht<\/a><\/strong><\/p>\n<p>\u00a0<\/p>\n<p><strong>Pr\u00e4ambel<\/strong><\/p>\n<p>1Diese Fachspezifische Studien- und Pr\u00fcfungsordnung (<abbr title=\"Fachspezifische Studien- und Pr\u00fcfungsordnung\">FSPO<\/abbr> R\u00f6V) enth\u00e4lt Regelungen \u00fcber Ablauf und Verfahren des Studiums und der Pr\u00fcfungen im Bachelorstudiengang Rechtswissenschaft f\u00fcr die \u00f6ffentliche Verwaltung an der Helmut-Schmidt-Universit\u00e4t\/Universit\u00e4t der Bundeswehr Hamburg (Universit\u00e4t). 2Sie erg\u00e4nzt die Allgemeine Pr\u00fcfungsordnung f\u00fcr die Bachelor-Studieng\u00e4nge und f\u00fcr die Master-Studieng\u00e4nge an der Helmut-Schmidt-Universit\u00e4t\/Universit\u00e4t der Bundeswehr Hamburg um fachspezifische Aspekte.<\/p>\n<p>\u00a0<\/p>\n<p><strong>I. Erg\u00e4nzende Bestimmungen<\/strong><\/p>\n<p><strong><a id=\"roev_2\" rel='nofollow'><\/a>Zu \u00a7 2, Studienziele, Pr\u00fcfungszweck, Akademischer Grad<\/strong><\/p>\n<p>(1) 1Studienziele des Bachelor-Studiengangs sind \u2013 auf der Basis wissenschaftlicher Durchdringung juristischer Fachgebiete \u2013 der Erwerb von grundlegenden fachlichen, methodischen und allgemeinen berufsqualifizierenden Kompetenzen, die auch f\u00fcr die berufliche Praxis des gehobenen nichttechnischen Verwaltungsdienstes bef\u00e4higen. 2Im Rahmen eines Grundstudiums der Rechtswissenschaft, erg\u00e4nzt durch Anteile der Verwaltungswissenschaften, der Betriebswirtschaftslehre, der Volkswirt\u00ad schaftslehre und der Psychologie, wird die F\u00e4higkeit vermittelt, sowohl spezielle Anwendungen als auch \u00fcbergreifende Zusammenh\u00e4nge selbst\u00e4ndig wissenschaftlich zu erschlie\u00dfen. 3Neben der fachwissenschaftlichen Ausbildung umfasst das Studium die Vermittlung allgemeiner berufsqualifizierender und Schl\u00fcsselkompetenzen sowie die Pers\u00f6nlichkeitsentwicklung.<\/p>\n<p>(2) 1Die Fakult\u00e4t Wirtschafts- und Sozialwissenschaften verleiht bei erfolgreichem Abschluss des Bachelor-Studienganges den akademischen Grad \u201eBachelor of Laws (LL.B.)\u201c. 2Der Bachelor-Abschluss belegt das Erreichen der Studienziele nach Absatz\u00a01. 3Er ist ein erster wissenschaftlicher und berufsqualifizierender Abschluss.<\/p>\n<p><strong><a id=\"roev_4\" rel='nofollow'><\/a>Zu \u00a7 4,\u00a0Aufbau des Studiums<\/strong><\/p>\n<p>Zu \u00a7\u00a04 Absatz\u00a01:<\/p>\n<p>1Der Studiengang ist modularisiert. 2Neben Modulen aus dem Kernfach Rechtswissenschaft geh\u00f6ren dazu Module aus den Verwaltungs\u00ad wissenschaften, aus den Wirtschaftswissenschaften (Betriebswirtschaftslehre oder Volkswirtschaftslehre) und aus der Psychologie sowie Module zum Erwerb allgemeiner berufsqualifizierender Kompetenzen. 3N\u00e4here Angaben zu Inhalt und Aufbau des Studiums sind der Modul\u00fcbersicht in der Anlage sowie dem Modulhandbuch f\u00fcr den Studiengang in der jeweils g\u00fcltigen Fassung zu entnehmen.<\/p>\n<p>Zu \u00a7 4 Absatz 4:<\/p>\n<p>1Der Studiengang integriert interdisziplin\u00e4re Studienanteile in Form der in der Anlage unter 5. bis 7. aufgef\u00fchrten Module. 2Die Fremdsprachenausbildung umfasst zwei Module im Umfang von jeweils vier Leistungspunkten. 3Studierende, die nicht bereits \u00fcber fortgeschrittene Englischkenntnisse (mindestens SLP EN 3332) verf\u00fcgen, haben diese in den f\u00fcr diesen Studiengang angebotenen Modulen der englischen Sprache zu erwerben.<\/p>\n<p><strong><a id=\"roev_10\" rel='nofollow'><\/a>Zu \u00a7 10, Zulassung zu Modulpr\u00fcfungen<\/strong><\/p>\n<p>Zu \u00a7 10 Absatz 6:<\/p>\n<p>Vers\u00e4umen Studierende die Antragstellung entsprechend \u00a7 10 <abbr title=\"Absatz\">Abs.<\/abbr> 1 <abbr title=\"Nummer\">Nr.<\/abbr> 4 <abbr title=\"Allgemeine Pr\u00fcfungsordnung\">APO<\/abbr>, gelten sie in Pflichtmodulen ihres Fachtrimesters und in von ihnen belegten Wahlpflichtmodulen gleichwohl als zur anstehenden Pr\u00fcfung zugelassen, wenn die Voraussetzungen des \u00a7 10 <abbr title=\"Absatz\">Abs.<\/abbr> 1 <abbr title=\"Nummer\">Nr.<\/abbr> 1 bis 3 <abbr title=\"Allgemeine Pr\u00fcfungsordnung\">APO<\/abbr> erf\u00fcllt sind.<\/p>\n<p><strong><a id=\"roev_11\" rel='nofollow'><\/a>Zu \u00a7 11, Modulpr\u00fcfungen<\/strong><\/p>\n<p>Zu \u00a7 11 Absatz 3:<\/p>\n<p>Die in dem Studiengang angebotenen Module, etwaige Zulassungsvoraussetzungen f\u00fcr die Modulpr\u00fcfung, Art und Umfang der geforderten Pr\u00fcfungsleistungen sowie die dem Modul zugeordneten Leistungspunkte sind der Anlage zu entnehmen.<\/p>\n<p><strong><a id=\"roev_13\" rel='nofollow'><\/a>Zu \u00a7 13, Pr\u00fcfungsarten<\/strong><\/p>\n<p>Zu \u00a7\u00a013 Absatz\u00a01:<\/p>\n<p>(1) Pr\u00fcfungsarten im Sinne dieser <abbr title=\"Fachspezifische Studien- und Pr\u00fcfungsordnung\">FSPO<\/abbr> sind<\/p>\n<p>\u2013 Klausuren<\/p>\n<p>\u2013 m\u00fcndliche Pr\u00fcfungen<\/p>\n<p>\u2013 Hausarbeiten<\/p>\n<p>\u2013 Referate<\/p>\n<p>\u2013 Seminarleistungen<\/p>\n<p>\u2013 Projektleistungen<\/p>\n<p>\u2013 Disputation<\/p>\n<p>\u2013 Praktikumsberichte<\/p>\n<p>\u2013 Kolloquium (zu \u00a7 14 <abbr title=\"Absatz\">Abs.<\/abbr> 5)<\/p>\n<p>\u2013 Thesenpapiere<\/p>\n<p>(2) 1Klausuren sind unter Aufsicht anzufertigende schriftliche Arbeiten, in denen vorgegebene Aufgaben selbst\u00e4ndig und nur mit den von den Pr\u00fcfenden zugelassenen Hilfsmitteln zu bearbeiten sind. 2Die Bearbeitungsdauer f\u00fcr rechtswissenschaftliche Klausurarbeiten betr\u00e4gt mindestens 30 und h\u00f6chstens 90 Minuten pro <abbr title=\"Trimesterwochenstunde\">TWS<\/abbr>. 3F\u00fcr aus anderen Fachgebieten importierte Module gelten die Bestimmungen der einschl\u00e4gigen <abbr title=\"Fachspezifische Studien- und Pr\u00fcfungsordnung\">FSPO<\/abbr>.<\/p>\n<p>(3) 1In den interdisziplin\u00e4ren Modulen (VerwL, <abbr title=\"Betriebswirtschaftslehre\">BWL<\/abbr>, <abbr title=\"Volkswirtschaftslehre\">VWL<\/abbr>, Psychologie) k\u00f6nnen Klausurarbeiten ganz oder teilweise im Antwort-Wahl-Verfahren (Multiple Choice) durchgef\u00fchrt werden. 2N\u00e4heres regeln die diesbez\u00fcglichen Ausf\u00fchrungsbestimmungen der Universit\u00e4t in der jeweils g\u00fcltigen Fassung.<\/p>\n<p>(4) Eine Hausarbeit ist eine schriftliche Bearbeitung einer vorgegebenen Aufgabe, die den Stoff der betreffenden Lehrveranstaltung erweitert oder vertieft.<\/p>\n<p>(5) 1Ein Referat ist der m\u00fcndliche Vortrag \u00fcber ein vorgegebenes Thema. 2Der Vortrag dauert nach Ma\u00dfgabe des Pr\u00fcfers oder der Pr\u00fcferin mindestens 20, h\u00f6chstens 60 Minuten. 3Es kann zus\u00e4tzlich eine schriftliche Ausarbeitung des Themas vorgesehen werden; deren Umfang betr\u00e4gt dann 5-20 Seiten. 4Sofern eine schriftliche Ausarbeitung zum Referat anzufertigen ist, bilden Referat und schriftliche Ausarbeitung die Grundlage f\u00fcr die Gesamtnote der Pr\u00fcfung.<\/p>\n<p>(6) Eine Seminarleistung umfasst in der Regel eine Hausarbeit und ein Referat und kann mit einem Nachweis der aktiven Teilnahme verbunden werden.<\/p>\n<p>(7) 1Projektleistungen werden erfolgreich erbracht durch eine Vorstellung der L\u00f6sungsans\u00e4tze zum gew\u00e4hlten Thema als Referat und\/oder einen Abschlussbericht f\u00fcr das Projekt. 2Ein Projekt-Abschlussbericht umfasst in der Regel<\/p>\n<p>\u00b7\u00a0\u00a0\u00a0\u00a0\u00a0\u00a0\u00a0 die Beschreibung des Projektauftrags und seine Abgrenzung,<\/p>\n<p>\u00b7\u00a0\u00a0\u00a0\u00a0\u00a0\u00a0\u00a0 die Erarbeitung der rechtswissenschaftlichen Grundlagen unter Einbeziehung und Auswertung einschl\u00e4giger Literatur und Rechtsprechung,<\/p>\n<p>\u00b7\u00a0\u00a0\u00a0\u00a0\u00a0\u00a0\u00a0 die Anwendung der Erkenntnisse auf die konkrete Fragestellung,<\/p>\n<p>\u00b7\u00a0\u00a0\u00a0\u00a0\u00a0\u00a0\u00a0 die Dokumentation des Projektablaufs und der Projektergebnisse.<\/p>\n<p>(8) 1M\u00fcndliche Pr\u00fcfungen werden von zwei Pr\u00fcfenden oder von einem <abbr title=\"beziehungsweise\">bzw.<\/abbr> einer Pr\u00fcfenden in Gegenwart eines oder einer sachkundigen Beisitzenden durchgef\u00fchrt. 2Die m\u00fcndliche Pr\u00fcfung kann als Einzelpr\u00fcfung oder als Gruppenpr\u00fcfung von bis zu vier Studierenden abgelegt werden. 3Die Pr\u00fcfungsdauer soll je Pr\u00fcfling zwischen 15 und 45 Minuten betragen. 4Die oder der Beisitzende ist vor der Notenfestsetzung zu h\u00f6ren. 5Die wesentlichen Gegenst\u00e4nde und Ergebnisse der Pr\u00fcfung sind in einem von den Pr\u00fcfenden und Beisitzenden zu unterzeichnenden Protokoll festzuhalten. 6M\u00fcndliche Pr\u00fcfungen finden nach Ma\u00dfgabe der r\u00e4umlichen Verh\u00e4ltnisse hochschul\u00f6ffentlich statt; Studierende, die zu der betreffenden Pr\u00fcfung angemeldet sind, sind ausgeschlossen. 7Auf Antrag des Pr\u00fcflings kann die \u00d6ffentlichkeit ausgeschlossen werden.<\/p>\n<p>(9) 1Die Disputation ist ein wissenschaftliches Streitgespr\u00e4ch, das die Argumentations- und Urteilsf\u00e4higkeit des oder der Studierenden unter Beweis stellt. 2Sie wird durch ein kurzes Referat des Pr\u00fcflings eingeleitet, in dem dieser die Thesen und Ergebnisse seiner Arbeit pr\u00e4sentiert. 3Daran schlie\u00dft sich eine Diskussion mit den Pr\u00fcfern (<abbr title=\"sogenannt\">sog.<\/abbr> Verteidigung der Arbeit) oder aber ein Pr\u00fcfungsgespr\u00e4ch (Kolloquium) an. 4Absatz\u00a08 gilt entsprechend.<\/p>\n<p>(10) 1Praktikumsberichte sind schriftlich anzufertigende Arbeiten, welche die Praxiserfahrungen dokumentieren. 2N\u00e4here Einzelheiten regelt die Praktikumsordnung.<\/p>\n<p>(11) Thesenpapiere sind kurze schriftliche Ausarbeitungen, die Forschungs\u00ad ergebnisse pr\u00e4gnant zusammenfassen.<\/p>\n<p><strong><a id=\"roev_14\" rel='nofollow'><\/a>Zu \u00a7 14, Abschlussarbeiten<\/strong><\/p>\n<p>Zu \u00a7\u00a014 Absatz\u00a05:<\/p>\n<p>1Das Modul f\u00fcr die Bachelor-Arbeit umfasst die Abschlussarbeit mit einem Bearbeitungszeitraum von zehn Wochen und einem Umfang von zw\u00f6lf Leistungspunkten sowie ein Pr\u00fcfungskolloquium im Umfang von drei Leistungspunkten. 2Im Rahmen des Pr\u00fcfungskolloquiums stellt die Kandidatin oder der Kandidat die eigene Bachelor-Arbeit vor und\/oder verteidigt sie im Kontext.<\/p>\n<p>Zu \u00a7\u00a014 Absatz\u00a06:<\/p>\n<p>1Wird die Bachelor-Arbeit im Erstversuch nicht sp\u00e4testens am 07. Januar des dritten Studienjahres (8. Trimester) \u00fcbernommen, gilt sie gem\u00e4\u00df \u00a7\u00a017 <abbr title=\"Allgemeine Pr\u00fcfungsordnung\">APO<\/abbr> als mit \u201enicht ausreichend\u201c bewertet.<\/p>\n<p><strong><a id=\"roev_15\" rel='nofollow'><\/a>Zu \u00a7 15, Bewertung von Pr\u00fcfungsleistungen und Notenbildung<\/strong><\/p>\n<p>Zu \u00a7\u00a015 Absatz\u00a04:<\/p>\n<p>Besteht eine Modulpr\u00fcfung aus mehreren Teilpr\u00fcfungen, so muss jede Teilpr\u00fcfung bestanden sein.<\/p>\n<p>Zu \u00a7 15 <abbr title=\"Absatz\">Abs.<\/abbr> 5:<\/p>\n<p>F\u00fcr die Module zur Fremdsprachenausbildung und f\u00fcr die Praktika ist die Bewertung auf die Feststellung \u201ebestanden\u201c oder \u201enicht bestanden\u201c beschr\u00e4nkt.<\/p>\n<p><strong><a id=\"roev_16\" rel='nofollow'><\/a>Zu \u00a7 16, Wiederholung von Pr\u00fcfungsleistungen<\/strong><\/p>\n<p>Zu \u00a7\u00a016 Absatz\u00a03:<\/p>\n<p>1Die erste Wiederholungsm\u00f6glichkeit wird grunds\u00e4tzlich im auf die Durchf\u00fchrung des Moduls folgenden Trimester angeboten. 2Die zweite Wiederholungsm\u00f6glichkeit wird in der Regel durch Teilnahme an der entsprechenden Modulpr\u00fcfung des folgenden Studienjahres angeboten. 3Besteht die M\u00f6glichkeit zur Teilnahme an der entsprechenden Modulpr\u00fcfung des folgenden Studienjahres nicht oder wird das betreffende Modul in dem Folgejahr nicht angeboten, so kann die zweite Wiederholung als m\u00fcndliche Pr\u00fcfung angeboten werden.<\/p>\n<p>Zu \u00a7 16 Absatz 4:<\/p>\n<p>1Auf Antrag der <abbr title=\"beziehungsweise\">bzw.<\/abbr> des Studierenden kann eine Klausurarbeit bei erfolgloser Wahrnehmung der Zweitwiederholung um eine m\u00fcndliche Pr\u00fcfung erg\u00e4nzt werden. 2Bei dieser Pr\u00fcfung handelt es sich nicht um einen zus\u00e4tzlichen selbstst\u00e4ndigen Pr\u00fcfungsversuch, sondern eine Erg\u00e4nzung der Zweitwiederholung (m\u00fcndliche Erg\u00e4nzungspr\u00fcfung). 3Aus den einzelnen Noten der erfolglosen Zweitwiederholung und der m\u00fcndlichen Erg\u00e4nzungspr\u00fcfung ist das arithmetische Mittel zu bilden, das die abschlie\u00dfende Note der Zweitwiederholungspr\u00fcfung darstellt. 4Die Dauer der Pr\u00fcfung betr\u00e4gt mindestens 20 und h\u00f6chstens 60 Minuten. 5Der Antrag auf m\u00fcndliche Erg\u00e4nzungspr\u00fcfung ist beim Pr\u00fcfungsamt innerhalb von zwei Wochen nach Bekanntgabe des Ergebnisses der Zweitwiederholung zu stellen; die Pr\u00fcfung soll innerhalb von sechs Wochen nach Antragstellung abgelegt werden. 6Die Zahl der m\u00fcndlichen Erg\u00e4nzungspr\u00fcfungen ist im Studium auf drei beschr\u00e4nkt. 7In den F\u00e4llen der \u00a7 17 <abbr title=\"Absatz\">Abs.<\/abbr> 1 und \u00a7 18 <abbr title=\"Allgemeine Pr\u00fcfungsordnung\">APO<\/abbr> ist eine Erg\u00e4nzungspr\u00fcfung ausgeschlossen.<\/p>\n<p>Zu \u00a7\u00a016 Absatz\u00a07:<\/p>\n<p>1Die Bachelor-Arbeit muss im Wiederholungsversuch sp\u00e4testens am 01. Juli im dritten Studienjahr \u00fcbernommen werden. 2Ist die \u00dcbernahme nicht in dieser Frist erfolgt, gilt sie hinsichtlich der Bearbeitungszeit als am 01. Juli im dritten Studienjahr \u00fcbernommen.<\/p>\n<p><strong><a id=\"roev_22\" rel='nofollow'><\/a>Zu \u00a7 22, Bestehen und Nichtbestehen<\/strong><\/p>\n<p>Zu \u00a7 22 Absatz 2 Satz 1:<\/p>\n<p>Das Nichtbestehen eines Wahlpflichtmoduls kann durch das Bestehen alternativ w\u00e4hlbarer Module mit mindestens der erforderlichen Anzahl an Leistungspunkten geheilt werden.<\/p>\n<p><strong><a id=\"roev_23\" rel='nofollow'><\/a>Zu \u00a7 23, Zeugnis, Urkunde und Diplomanhang<\/strong><\/p>\n<p>Zu \u00a7 23 Absatz 5:<\/p>\n<p>Zur Verdeutlichung der relativen Leistung der Absolventin <abbr title=\"beziehungsweise\">bzw.<\/abbr> des Absolventen enth\u00e4lt das Diploma Supplement eine Angabe der Notenverteilung f\u00fcr die letzten drei Jahrg\u00e4nge.<\/p>\n<p><strong><a id=\"roev_inkraft\" rel='nofollow'><\/a>II. Inkrafttreten<\/strong><\/p>\n<p>Diese Ordnung tritt mit Wirkung vom 1. Oktober 2019 in Kraft.<\/p>\n<p><strong><a id=\"roev_anlagen\" rel='nofollow'><\/a>III. Anlagen<\/strong><\/p>\n<p><br \/><h3>Modul\u00fcbersicht<\/h3><\/p>\n<div class=\"col-xs-12 downloads-item\">\n<div class=\"row border-line\">\n<div class=\"thumbnail-area\"><img decoding=\"async\" class=\"download-image\" src=\"\/wp-content\/themes\/hsu\/img\/dummy\/downloads_dummy.png\" alt=\"\" \/><\/div>\n<div class=\"text-area\"><span class=\"download-text\"><a href=\"https:\/\/www.hsu-hh.de\/asv\/wp-content\/uploads\/sites\/776\/2022\/10\/Anlage_FSPO-RoeV_mit_2.AendO_fuer_Homepage_Beginn-vor-2022.pdf\">Modul\u00fcbersicht f\u00fcr Studierende mit Studienbeginn vor 2022<\/a><br \/><\/span><\/div>\n<div class=\"download-area\"><a class=\"download-link\" href=\"https:\/\/www.hsu-hh.de\/asv\/wp-content\/uploads\/sites\/776\/2022\/10\/Anlage_FSPO-RoeV_mit_2.AendO_fuer_Homepage_Beginn-vor-2022.pdf\"><span class=\"download-name\">pdf laden<\/span><span class=\"donwload-icon\"><img decoding=\"async\" class=\"download-icon\" src=\"\/wp-content\/themes\/hsu\/img\/icons\/download_icon.png\" alt=\"download icon\" \/><\/span><span class=\"download-size\">125 kB<\/span><\/a><\/div>\n<\/div>\n<\/div>\n<div class=\"col-xs-12 downloads-item\">\n<div class=\"row border-line\">\n<div class=\"thumbnail-area\"><img decoding=\"async\" class=\"download-image\" src=\"\/wp-content\/themes\/hsu\/img\/dummy\/downloads_dummy.png\" alt=\"\" \/><\/div>\n<div class=\"text-area\"><span class=\"download-text\"><a href=\"https:\/\/www.hsu-hh.de\/asv\/wp-content\/uploads\/sites\/776\/2022\/10\/Anlage_FSPO-RoeV_mit_2.AendO_fuer_Homepage_Beginn-nach-2021.pdf\">Modul\u00fcbersicht f\u00fcr Studierende mit Studienbeginn nach 2021<\/a><br \/><\/span><\/div>\n<div class=\"download-area\"><a class=\"download-link\" href=\"https:\/\/www.hsu-hh.de\/asv\/wp-content\/uploads\/sites\/776\/2022\/10\/Anlage_FSPO-RoeV_mit_2.AendO_fuer_Homepage_Beginn-nach-2021.pdf\"><span class=\"download-name\">pdf laden<\/span><span class=\"donwload-icon\"><img decoding=\"async\" class=\"download-icon\" src=\"\/wp-content\/themes\/hsu\/img\/icons\/download_icon.png\" alt=\"download icon\" \/><\/span><span class=\"download-size\">122 kB<\/span><\/a><\/div>\n<\/div>\n<\/div>\n<p>\u00a0<\/p>\n<p>\/toggle]<\/p>\n<p><\/p>\n\n\n<p><\/p>\n","protected":false},"excerpt":{"rendered":"<p>Fachspezifische Studien- und Pr\u00fcfungsordnung f\u00fcr den Bachelor-Studiengang Rechtswissenschaft f\u00fcr die \u00f6ffentliche Verwaltung mit dem Abschluss LL.B. an der Fakult\u00e4t f\u00fcr Wirtschafts- und Sozialwissenschaften der Helmut-Schmidt-Universit\u00e4t \/ Universit\u00e4t der Bundeswehr Hamburg [&hellip;]<\/p>\n","protected":false},"author":167,"featured_media":0,"parent":0,"menu_order":0,"comment_status":"closed","ping_status":"closed","template":"","meta":{"footnotes":""},"categories":[4],"tags":[],"class_list":["post-4828","page","type-page","status-publish","hentry","category-forschung"],"_links":{"self":[{"href":"https:\/\/www.hsu-hh.de\/asv\/wp-json\/wp\/v2\/pages\/4828","targetHints":{"allow":["GET"]}}],"collection":[{"href":"https:\/\/www.hsu-hh.de\/asv\/wp-json\/wp\/v2\/pages"}],"about":[{"href":"https:\/\/www.hsu-hh.de\/asv\/wp-json\/wp\/v2\/types\/page"}],"author":[{"embeddable":true,"href":"https:\/\/www.hsu-hh.de\/asv\/wp-json\/wp\/v2\/users\/167"}],"replies":[{"embeddable":true,"href":"https:\/\/www.hsu-hh.de\/asv\/wp-json\/wp\/v2\/comments?post=4828"}],"version-history":[{"count":39,"href":"https:\/\/www.hsu-hh.de\/asv\/wp-json\/wp\/v2\/pages\/4828\/revisions"}],"predecessor-version":[{"id":6341,"href":"https:\/\/www.hsu-hh.de\/asv\/wp-json\/wp\/v2\/pages\/4828\/revisions\/6341"}],"wp:attachment":[{"href":"https:\/\/www.hsu-hh.de\/asv\/wp-json\/wp\/v2\/media?parent=4828"}],"wp:term":[{"taxonomy":"category","embeddable":true,"href":"https:\/\/www.hsu-hh.de\/asv\/wp-json\/wp\/v2\/categories?post=4828"},{"taxonomy":"post_tag","embeddable":true,"href":"https:\/\/www.hsu-hh.de\/asv\/wp-json\/wp\/v2\/tags?post=4828"}],"curies":[{"name":"wp","href":"https:\/\/api.w.org\/{rel}","templated":true}]}}