{"id":274,"date":"2018-01-30T15:11:15","date_gmt":"2018-01-30T14:11:15","guid":{"rendered":"https:\/\/www.hsu-hh.de\/asv\/?page_id=274"},"modified":"2018-04-18T10:07:07","modified_gmt":"2018-04-18T08:07:07","slug":"fakultaet-maschinenbau","status":"publish","type":"page","link":"https:\/\/www.hsu-hh.de\/asv\/fakultaet-maschinenbau\/","title":{"rendered":"Fakult\u00e4t Maschinenbau"},"content":{"rendered":"<div class=\"col-xs-12 downloads-item\">\n<div class=\"row border-line\">\n<div class=\"thumbnail-area\"><a href=\"https:\/\/www.hsu-hh.de\/asv\/?page_id=531&amp;preview=true\"><img decoding=\"async\" class=\"download-image\" src=\"\/wp-content\/themes\/hsu\/img\/dummy\/downloads_dummy.png\" alt=\"\" \/><\/a><\/div>\n<div class=\"text-area\"><span class=\"download-text\"><a href=\"https:\/\/www.hsu-hh.de\/asv\/?page_id=531&amp;preview=true\">Fachspezifische Studien- und Pr\u00fcfungsordnung f\u00fcr den Bachelor-Studiengang und f\u00fcr die Master-Studieng\u00e4nge an der Fakult\u00e4t Maschinenbau<\/a><br \/>\n<\/span><\/div>\n<div class=\"download-area\"><a class=\"download-link\" href=\"https:\/\/www.hsu-hh.de\/asv\/wp-content\/uploads\/sites\/776\/2018\/02\/FSPO-MB_LF_mit_4.\u00c4O_mit_kompletten_Anlagen-1.pdf\"><span class=\"download-name\">pdf laden<\/span><span class=\"donwload-icon\"><img decoding=\"async\" class=\"download-icon\" src=\"\/wp-content\/themes\/hsu\/img\/icons\/download_icon.png\" alt=\"download icon\" \/><\/span><span class=\"download-size\">518 KB<\/span><\/a><\/div>\n<\/div>\n<\/div>\n<p>&nbsp;<\/p>\n","protected":false},"excerpt":{"rendered":"<p>Fachspezifische Studien- und Pr\u00fcfungsordnung f\u00fcr den Bachelor-Studiengang und f\u00fcr die Master-Studieng\u00e4nge an der Fakult\u00e4t Maschinenbau pdf laden518 KB &nbsp;<\/p>\n","protected":false},"author":865,"featured_media":0,"parent":0,"menu_order":0,"comment_status":"closed","ping_status":"closed","template":"","meta":{"footnotes":""},"categories":[],"tags":[],"class_list":["post-274","page","type-page","status-publish","hentry"],"_links":{"self":[{"href":"https:\/\/www.hsu-hh.de\/asv\/wp-json\/wp\/v2\/pages\/274","targetHints":{"allow":["GET"]}}],"collection":[{"href":"https:\/\/www.hsu-hh.de\/asv\/wp-json\/wp\/v2\/pages"}],"about":[{"href":"https:\/\/www.hsu-hh.de\/asv\/wp-json\/wp\/v2\/types\/page"}],"author":[{"embeddable":true,"href":"https:\/\/www.hsu-hh.de\/asv\/wp-json\/wp\/v2\/users\/865"}],"replies":[{"embeddable":true,"href":"https:\/\/www.hsu-hh.de\/asv\/wp-json\/wp\/v2\/comments?post=274"}],"version-history":[{"count":4,"href":"https:\/\/www.hsu-hh.de\/asv\/wp-json\/wp\/v2\/pages\/274\/revisions"}],"predecessor-version":[{"id":536,"href":"https:\/\/www.hsu-hh.de\/asv\/wp-json\/wp\/v2\/pages\/274\/revisions\/536"}],"wp:attachment":[{"href":"https:\/\/www.hsu-hh.de\/asv\/wp-json\/wp\/v2\/media?parent=274"}],"wp:term":[{"taxonomy":"category","embeddable":true,"href":"https:\/\/www.hsu-hh.de\/asv\/wp-json\/wp\/v2\/categories?post=274"},{"taxonomy":"post_tag","embeddable":true,"href":"https:\/\/www.hsu-hh.de\/asv\/wp-json\/wp\/v2\/tags?post=274"}],"curies":[{"name":"wp","href":"https:\/\/api.w.org\/{rel}","templated":true}]}}