{"id":243,"date":"2018-01-30T13:35:34","date_gmt":"2018-01-30T12:35:34","guid":{"rendered":"https:\/\/www.hsu-hh.de\/asv\/?page_id=243"},"modified":"2024-01-10T17:57:11","modified_gmt":"2024-01-10T16:57:11","slug":"ordnungen","status":"publish","type":"page","link":"https:\/\/www.hsu-hh.de\/asv\/ordnungen\/","title":{"rendered":"Ordnungen"},"content":{"rendered":"<p style=\"text-align: center\"><img loading=\"lazy\" decoding=\"async\" class=\"alignnone wp-image-3171\" src=\"https:\/\/www.hsu-hh.de\/asv\/wp-content\/uploads\/sites\/776\/2018\/03\/Bild-Ordnungen.png\" alt=\"Bild Ordnungen\" width=\"291\" height=\"186\" srcset=\"https:\/\/www.hsu-hh.de\/asv\/wp-content\/uploads\/sites\/776\/2018\/03\/Bild-Ordnungen.png 825w, https:\/\/www.hsu-hh.de\/asv\/wp-content\/uploads\/sites\/776\/2018\/03\/Bild-Ordnungen-300x191.png 300w, https:\/\/www.hsu-hh.de\/asv\/wp-content\/uploads\/sites\/776\/2018\/03\/Bild-Ordnungen-768x490.png 768w\" sizes=\"auto, (max-width: 291px) 100vw, 291px\" \/><\/p>\n<p>In diesem Bereich sind die zurzeit g\u00fcltigen Ordnungen der <abbr title=\"Helmut Schmidt Universit\u00e4t\">HSU<\/abbr> &#8211; zumeist in nichtamtlicher Lesefassung &#8211; abrufbar.<\/p>\n<p>Unter dem Punkt &#8222;<a href=\"https:\/\/www.hsu-hh.de\/asv\/?page_id=217&amp;preview=true\">Studien- und Pr\u00fcfungsordnungen<\/a>&#8220; finden Sie die Allgemeine Pr\u00fcfungsordnung und die f\u00fcr Ihren Studiengang g\u00fcltige fachspezifische Studien- und Pr\u00fcfungsordnung sowie die f\u00fcr die weiterbildenden Studieng\u00e4nge geltenden Studien- und Pr\u00fcfungsordnungen.<\/p>\n<p>Unter &#8222;<a href=\"https:\/\/www.hsu-hh.de\/asv\/?page_id=660&amp;preview=true\">Weitere Ordnungen der Fakult\u00e4ten<\/a>&#8220; sind die Praktikums-, Promotions- und Habilitationsordnungen der Fakult\u00e4ten zu finden. Die Trimestereinteilung sowie die Immatrikulations- und Exmatrikulationsordnungen stehen Ihnen unter dem Men\u00fcpunkt &#8222;<a href=\"https:\/\/www.hsu-hh.de\/asv\/?page_id=661&amp;preview=true\">Organisation der Universit\u00e4t<\/a>&#8220; zur Verf\u00fcgung. Weitere Ordnungen wie die <abbr title=\"Interdisziplin\u00e4re Studienanteile\">ISA<\/abbr>-Ordnungen und die Gasth\u00f6rerordnung finden sie unter dem letzten Men\u00fcpunkt &#8222;<a href=\"https:\/\/www.hsu-hh.de\/asv\/?page_id=663&amp;preview=true\">Sonstige Ordnungen&#8220;<\/a>.<\/p>\n<p>F\u00fcr weitere Informationen <a href=\"mailto:senatssekretariat@hsu-hh.de\" rel='nofollow'>kontaktieren<\/a> Sie uns gerne.<\/p>\n<div class=\"content-block4\">\n<p style=\"text-align: center\"><a href=\"https:\/\/www.hsu-hh.de\/asv\/?page_id=217&amp;preview=true\"><img loading=\"lazy\" decoding=\"async\" class=\"alignnone wp-image-2811\" src=\"https:\/\/www.hsu-hh.de\/asv\/wp-content\/uploads\/sites\/776\/2018\/02\/Absolvent.png\" alt=\"Absolvent\" width=\"69\" height=\"133\" srcset=\"https:\/\/www.hsu-hh.de\/asv\/wp-content\/uploads\/sites\/776\/2018\/02\/Absolvent.png 198w, https:\/\/www.hsu-hh.de\/asv\/wp-content\/uploads\/sites\/776\/2018\/02\/Absolvent-155x300.png 155w\" sizes=\"auto, (max-width: 69px) 100vw, 69px\" \/><\/a><\/p>\n<h3 style=\"text-align: center\"><a href=\"https:\/\/www.hsu-hh.de\/asv\/?page_id=217&amp;preview=true\">Studien- und Pr\u00fcfungsordnungen<\/a><\/h3>\n<h3>Bitte ausw\u00e4hlen<\/h3>\n<p style=\"text-align: center\"><a href=\"https:\/\/www.hsu-hh.de\/asv\/?page_id=2238&amp;preview=true\">Allgemeine Pr\u00fcfungsordnung<\/a><\/p>\n<p style=\"text-align: center\"><a href=\"https:\/\/www.hsu-hh.de\/asv\/?page_id=1541&amp;preview=true\">FSPOs der Studieng\u00e4nge<\/a><\/p>\n<p style=\"text-align: center\"><a href=\"https:\/\/www.hsu-hh.de\/asv\/?page_id=412&amp;preview=true\">SPOs der weiterbildenden Studieng\u00e4nge<\/a><\/p>\n<\/div>\n<div class=\"content-block4\">\n<h3 style=\"text-align: center\"><a href=\"https:\/\/www.hsu-hh.de\/asv\/?page_id=660&amp;preview=true\"><img loading=\"lazy\" decoding=\"async\" class=\"alignnone wp-image-2893\" src=\"https:\/\/www.hsu-hh.de\/asv\/wp-content\/uploads\/sites\/776\/2018\/02\/Fakult\u00e4t.png\" alt=\"Fakult\u00e4t\" width=\"121\" height=\"118\" srcset=\"https:\/\/www.hsu-hh.de\/asv\/wp-content\/uploads\/sites\/776\/2018\/02\/Fakult\u00e4t.png 493w, https:\/\/www.hsu-hh.de\/asv\/wp-content\/uploads\/sites\/776\/2018\/02\/Fakult\u00e4t-300x293.png 300w\" sizes=\"auto, (max-width: 121px) 100vw, 121px\" \/><\/a><\/h3>\n<h3 style=\"text-align: center\"><a href=\"https:\/\/www.hsu-hh.de\/asv\/?page_id=660&amp;preview=true\">Weitere Ordnungen der Fakult\u00e4ten<\/a><\/h3>\n<h3>Bitte ausw\u00e4hlen<\/h3>\n<p style=\"text-align: center\"><a href=\"https:\/\/www.hsu-hh.de\/asv\/?page_id=670&amp;preview=true\">Fakult\u00e4t Elektrotechnik<\/a><\/p>\n<p style=\"text-align: center\"><a href=\"https:\/\/www.hsu-hh.de\/asv\/fakultaet-geistes-und-sozialwissenschaften-2\/\">Fakult\u00e4t Geistes- und Sozialwissenschaften<\/a><\/p>\n<p style=\"text-align: center\"><a href=\"https:\/\/www.hsu-hh.de\/asv\/?page_id=672&amp;preview=true\">Fakult\u00e4t Maschinenbau<\/a><\/p>\n<p style=\"text-align: center\"><a href=\"https:\/\/www.hsu-hh.de\/asv\/?page_id=673&amp;preview=true\">Fakult\u00e4t Wirtschafts- und Sozialwissenschaften<\/a><\/p>\n<p style=\"text-align: center\"><a href=\"https:\/\/www.hsu-hh.de\/asv\/?page_id=813&amp;preview=true\">Bereichsausschuss Wirtschaftsingenieur-wesen<\/a><\/p>\n<\/div>\n<div class=\"content-block4\">\n<h3><a href=\"https:\/\/www.hsu-hh.de\/asv\/?page_id=661&amp;preview=true\"><img loading=\"lazy\" decoding=\"async\" class=\"aligncenter wp-image-2809\" src=\"https:\/\/www.hsu-hh.de\/asv\/wp-content\/uploads\/sites\/776\/2018\/02\/Wegweiser.png\" alt=\"Wegweiser\" width=\"140\" height=\"140\" srcset=\"https:\/\/www.hsu-hh.de\/asv\/wp-content\/uploads\/sites\/776\/2018\/02\/Wegweiser.png 579w, https:\/\/www.hsu-hh.de\/asv\/wp-content\/uploads\/sites\/776\/2018\/02\/Wegweiser-150x150.png 150w, https:\/\/www.hsu-hh.de\/asv\/wp-content\/uploads\/sites\/776\/2018\/02\/Wegweiser-300x300.png 300w, https:\/\/www.hsu-hh.de\/asv\/wp-content\/uploads\/sites\/776\/2018\/02\/Wegweiser-100x100.png 100w\" sizes=\"auto, (max-width: 140px) 100vw, 140px\" \/><\/a><\/h3>\n<h3 style=\"text-align: center\"><a href=\"https:\/\/www.hsu-hh.de\/asv\/?page_id=661&amp;preview=true\">Organisation der Universit\u00e4t<\/a><\/h3>\n<h3>Bitte ausw\u00e4hlen<\/h3>\n<p style=\"text-align: center\"><a href=\"https:\/\/www.hsu-hh.de\/asv\/?page_id=1927&amp;preview=true\">Trimestereinteilung<\/a><\/p>\n<p style=\"text-align: center\"><a href=\"https:\/\/www.hsu-hh.de\/asv\/?page_id=2297&amp;preview=true\">Immatrikulations- und Exmatrikulationsordnung<\/a><\/p>\n<p style=\"text-align: center\"><a href=\"https:\/\/www.hsu-hh.de\/asv\/?page_id=1931&amp;preview=true\">Rahmenbestimmungen der Universit\u00e4t<\/a><\/p>\n<p style=\"text-align: center\"><a href=\"https:\/\/www.hsu-hh.de\/asv\/?page_id=1932&amp;preview=true\">Rahmengesch\u00e4ftsordnung f\u00fcr die Gremien<\/a><\/p>\n<\/div>\n<div class=\"content-block4\">\n<h3 style=\"text-align: center\"><a href=\"https:\/\/www.hsu-hh.de\/asv\/?page_id=663&amp;preview=true\"><img loading=\"lazy\" decoding=\"async\" class=\"alignnone wp-image-2404\" src=\"https:\/\/www.hsu-hh.de\/asv\/wp-content\/uploads\/sites\/776\/2018\/02\/Paragraph2.png\" alt=\"Paragraph2\" width=\"166\" height=\"139\" srcset=\"https:\/\/www.hsu-hh.de\/asv\/wp-content\/uploads\/sites\/776\/2018\/02\/Paragraph2.png 418w, https:\/\/www.hsu-hh.de\/asv\/wp-content\/uploads\/sites\/776\/2018\/02\/Paragraph2-300x251.png 300w\" sizes=\"auto, (max-width: 166px) 100vw, 166px\" \/><\/a><\/h3>\n<h3 style=\"text-align: center\"><a href=\"https:\/\/www.hsu-hh.de\/asv\/?page_id=663&amp;preview=true\">Sonstige Ordnungen<\/a><\/h3>\n<h3>Bitte ausw\u00e4hlen<\/h3>\n<p style=\"text-align: center\"><a href=\"https:\/\/www.hsu-hh.de\/asv\/?page_id=799&amp;preview=true\"><abbr title=\"Interdisziplin\u00e4re Studienanteile\">ISA<\/abbr>-Ordnung<\/a><\/p>\n<p style=\"text-align: center\"><a href=\"https:\/\/www.hsu-hh.de\/asv\/?page_id=704&amp;preview=true\">Gasth\u00f6rerordnung<\/a><\/p>\n<p style=\"text-align: center\"><a href=\"https:\/\/www.hsu-hh.de\/asv\/?page_id=1967&amp;preview=true\">Lehrbef\u00e4higungsordnung<\/a><\/p>\n<p style=\"text-align: center\"><a href=\"https:\/\/www.hsu-hh.de\/asv\/?page_id=1968&amp;preview=true\">Lehrbefugnisordnung<\/a><\/p>\n<p style=\"text-align: center\"><a href=\"https:\/\/www.hsu-hh.de\/asv\/?page_id=1970&amp;preview=true\">Ordnung \u00fcber Verleihung der Bezeichnung &#8222;Professorin&#8220;\/ &#8222;Professor&#8220;<\/a><\/p>\n<p style=\"text-align: center\"><a href=\"https:\/\/www.hsu-hh.de\/asv\/wp-content\/uploads\/sites\/776\/2019\/11\/Richtlinien-zum-Schutz-vor-Diskriminierung.pdf\">Richtlinie der <abbr title=\"Helmut Schmidt Universit\u00e4t\">HSU<\/abbr>\/UniBw H zum Schutz vor Diskriminierung und Gewaltanwendungen f\u00fcr Angeh\u00f6rige und G\u00e4ste<\/a><\/p>\n<p><a href=\"https:\/\/www.hsu-hh.de\/asv\/wp-content\/uploads\/sites\/776\/2022\/01\/Richtlinie-zur-Sicherung-guter-wiss.-Praxis.pdf\" data-wplink-edit=\"true\">Ordnung zur Sicherung guter wissenschaftlicher Praxis und zum Umgang mit<br \/>\nwissenschaftlichem Fehlverhalten an der Helmut-Schmidt-Universit\u00e4t\/Universit\u00e4t<br \/>\nder Bundeswehr Hamburg<\/a><\/p>\n<\/div>\n","protected":false},"excerpt":{"rendered":"<p>In diesem Bereich sind die zurzeit g\u00fcltigen Ordnungen der HSU &#8211; zumeist in nichtamtlicher Lesefassung &#8211; abrufbar. Unter dem Punkt &#8222;Studien- und Pr\u00fcfungsordnungen&#8220; finden Sie die Allgemeine Pr\u00fcfungsordnung und die [&hellip;]<\/p>\n","protected":false},"author":865,"featured_media":0,"parent":0,"menu_order":0,"comment_status":"closed","ping_status":"closed","template":"","meta":{"footnotes":""},"categories":[4],"tags":[],"class_list":["post-243","page","type-page","status-publish","hentry","category-forschung"],"_links":{"self":[{"href":"https:\/\/www.hsu-hh.de\/asv\/wp-json\/wp\/v2\/pages\/243","targetHints":{"allow":["GET"]}}],"collection":[{"href":"https:\/\/www.hsu-hh.de\/asv\/wp-json\/wp\/v2\/pages"}],"about":[{"href":"https:\/\/www.hsu-hh.de\/asv\/wp-json\/wp\/v2\/types\/page"}],"author":[{"embeddable":true,"href":"https:\/\/www.hsu-hh.de\/asv\/wp-json\/wp\/v2\/users\/865"}],"replies":[{"embeddable":true,"href":"https:\/\/www.hsu-hh.de\/asv\/wp-json\/wp\/v2\/comments?post=243"}],"version-history":[{"count":135,"href":"https:\/\/www.hsu-hh.de\/asv\/wp-json\/wp\/v2\/pages\/243\/revisions"}],"predecessor-version":[{"id":6551,"href":"https:\/\/www.hsu-hh.de\/asv\/wp-json\/wp\/v2\/pages\/243\/revisions\/6551"}],"wp:attachment":[{"href":"https:\/\/www.hsu-hh.de\/asv\/wp-json\/wp\/v2\/media?parent=243"}],"wp:term":[{"taxonomy":"category","embeddable":true,"href":"https:\/\/www.hsu-hh.de\/asv\/wp-json\/wp\/v2\/categories?post=243"},{"taxonomy":"post_tag","embeddable":true,"href":"https:\/\/www.hsu-hh.de\/asv\/wp-json\/wp\/v2\/tags?post=243"}],"curies":[{"name":"wp","href":"https:\/\/api.w.org\/{rel}","templated":true}]}}