{"id":2249,"date":"2018-02-21T11:41:58","date_gmt":"2018-02-21T10:41:58","guid":{"rendered":"https:\/\/www.hsu-hh.de\/asv\/?page_id=2249"},"modified":"2018-04-18T10:13:10","modified_gmt":"2018-04-18T08:13:10","slug":"ausf-mc","status":"publish","type":"page","link":"https:\/\/www.hsu-hh.de\/asv\/ausf-mc\/","title":{"rendered":"Ausf\u00fchrungsbestimmung Antwort-Wahl-Verfahren"},"content":{"rendered":"<h3 style=\"text-align: center\">Ausf\u00fchrungsbestimmungen zur Durchf\u00fchrung und Bewertung von schriftlichen Pr\u00fcfungen nach dem Antwort-Wahl-Verfahren (Multiple-Choice-Verfahren) an der Helmut-Schmidt-Universit\u00e4t\/Universit\u00e4t der Bundeswehr Hamburg<\/h3>\n<h3 style=\"text-align: center\"><a href=\"https:\/\/www.hsu-hh.de\/asv\/wp-content\/uploads\/sites\/776\/2018\/02\/MC-Ausfuehrungsbestimmungen-2015-03-18.pdf\"><img loading=\"lazy\" decoding=\"async\" class=\"alignnone size-full wp-image-2024\" src=\"https:\/\/www.hsu-hh.de\/asv\/wp-content\/uploads\/sites\/776\/2018\/02\/PDF-laden.jpg\" alt=\"PDF laden\" width=\"71\" height=\"68\" \/><\/a><\/h3>\n<h3 style=\"text-align: center\">Pr\u00e4ambel<\/h3>\n<p>Diese Ausf\u00fchrungsbestimmungen regeln die Durchf\u00fchrung und Bewertung von schriftlichen Pr\u00fcfungen, die ganz oder teilweise im Antwort-Wahl-Verfahren (Multiple-Choice) durchgef\u00fchrt und automatisch ausgewertet werden. Sie erg\u00e4nzen die Bestimmungen der Allgemeinen Pr\u00fcfungsordnung f\u00fcr die Bachelor- und Master-Studieng\u00e4nge an der Helmut-Schmidt-Universit\u00e4t\/Universit\u00e4t der Bundeswehr Hamburg (<abbr title=\"Allgemeine Pr\u00fcfungsordnung\">APO<\/abbr>) und legen eine einheitliche Vorgehensweise fest (\u00a7 13 <abbr title=\"Absatz\">Abs.<\/abbr> 2 <abbr title=\"Allgemeine Pr\u00fcfungsordnung\">APO<\/abbr>).<\/p>\n<p>&nbsp;<\/p>\n<h3 style=\"text-align: center\">\u00a7 1 Erstellung der Klausurarbeit<\/h3>\n<p>(1) Die Klausurarbeit wird von dem <abbr title=\"beziehungsweise\">bzw.<\/abbr> der jeweils Pr\u00fcfenden erstellt. Sieht die Pr\u00fcfungsordnung f\u00fcr eine Pr\u00fcfungsleistung die Bewertung durch zwei Pr\u00fcfende vor, haben beide Pr\u00fcfende die Klausurarbeit gemeinsam zu erstellen.<\/p>\n<p>(2) Den Pr\u00fcfenden obliegt auch die Erstellung der Musterl\u00f6sung (\u00a7 2) sowie die Festlegung der Bewertungsgrunds\u00e4tze (\u00a7 3), der Bestehensvoraussetzungen (\u00a7 4) und der Notenzuordnung (\u00a7 5).<\/p>\n<p>(3) Erstellung <abbr title=\"beziehungsweise\">bzw.<\/abbr> Festlegung haben vor Durchf\u00fchrung der Klausur in schriftlicher Form zu erfolgen.<\/p>\n<p>&nbsp;<\/p>\n<h3 style=\"text-align: center\">\u00a7 2 Musterl\u00f6sung<\/h3>\n<p>In der Musterl\u00f6sung ist festzulegen, welche Antworten als zutreffend anerkannt werden und wie hoch jede Aufgabe im Rahmen der Gesamtklausur gewichtet wird.<\/p>\n<p>&nbsp;<\/p>\n<h3 style=\"text-align: center\">\u00a7 3 Bewertungsgrunds\u00e4tze<\/h3>\n<p>(1) Die Bewertungsgrunds\u00e4tze sind so festzulegen, dass sie in Verbindung mit der Notenzuordnung (\u00a7 5) eine eindeutige Benotung erlauben.<\/p>\n<p>(2) Insbesondere ist die Bewertung f\u00fcr die F\u00e4lle zu regeln, dass bei einer Einfachwahlaufgabe mehrere Antwortm\u00f6glichkeiten gew\u00e4hlt werden <abbr title=\"beziehungsweise\">bzw.<\/abbr> dass bei einer Mehrfachwahlaufgabe nicht alle richtigen oder auch falsche Antwortm\u00f6glichkeiten gew\u00e4hlt werden.<\/p>\n<p>(3) Die Vergabe negativer Bewertungspunkte f\u00fcr eine Aufgabe ist unzul\u00e4ssig.<\/p>\n<p>&nbsp;<\/p>\n<h3 style=\"text-align: center\">\u00a7 4 Bestehensvoraussetzungen<\/h3>\n<p>(1) Die Pr\u00fcfung ist bestanden,<\/p>\n<p>1. wenn insgesamt mindestens 60 Prozent der maximal m\u00f6glichen Bewertungspunkte erreicht wurden (absolute Bestehensquote)<\/p>\n<p>2. wenn die Zahl der erreichten Bewertungspunkte mindestens 50 Prozent der maximal m\u00f6glichen Bewertungspunkte betr\u00e4gt und um nicht mehr als 20 Prozent die durchschnittlichen Pr\u00fcfungsleistungen der Studierenden, die an dem entsprechenden Pr\u00fcfungstermin teilgenommen haben, unterschreitet (relative Bestehensquote)<\/p>\n<p>(2) Die\/ der Pr\u00fcfende kann zugunsten der Studierenden von Absatz 1 abweichende Prozentzahlen festlegen.<\/p>\n<p>&nbsp;<\/p>\n<h3 style=\"text-align: center\">\u00a7 5 Notenzuordnung<\/h3>\n<p>Die Pr\u00fcfungsleistungen sind den Notenstufen nach \u00a7 15 <abbr title=\"Absatz\">Abs.<\/abbr> 1 <abbr title=\"beziehungsweise\">bzw.<\/abbr> 2 <abbr title=\"Allgemeine Pr\u00fcfungsordnung\">APO<\/abbr> zuzuordnen. In den F\u00e4llen des \u00a7 4 <abbr title=\"Absatz\">Abs.<\/abbr> 1 <abbr title=\"Nummer\">Nr.<\/abbr> 2 sowie des \u00a7 7 ist die Zuordnung entsprechend anzupassen.<\/p>\n<p>&nbsp;<\/p>\n<h3 style=\"text-align: center\">\u00a7 6 Bekanntgabe<\/h3>\n<p>(1) Die Bewertungsgrunds\u00e4tze nach \u00a7 3 <abbr title=\"Absatz\">Abs.<\/abbr> 2, etwaige abweichende Prozentzahlen nach \u00a7 4 <abbr title=\"Absatz\">Abs.<\/abbr> 2 sowie die Notenzuordnung nach \u00a7 5 sind mindestens zwei Wochen vor dem Pr\u00fcfungstermin \u00fcber den offiziellen Aushang des Pr\u00fcfungsamtes bekannt zu machen.<\/p>\n<p>(2) Der Klausuraufgabentext muss Angaben zur Gewichtung der Aufgaben enthalten sowie dazu, ob jeweils nur eine Antwortm\u00f6glichkeit zutreffend ist (Einfachwahlaufgabe) oder ob mehrere Antwortm\u00f6glichkeiten zutreffen (Mehrfachwahlaufgabe). Die Bewertungsgrunds\u00e4tze nach \u00a7 3 <abbr title=\"Absatz\">Abs.<\/abbr> 2 sind nochmals anzugeben.<\/p>\n<p>&nbsp;<\/p>\n<h3 style=\"text-align: center\">\u00a7 7 Nachtr\u00e4gliche \u00dcberpr\u00fcfung der Pr\u00fcfungsfrage<\/h3>\n<p>Die Pr\u00fcfenden haben bei Auswertung der Klausurarbeiten darauf zu achten, ob sich Anhaltspunkte \u2013 z. B. die H\u00e4ufung falscher Antworten bei bestimmten Pr\u00fcfungsfragen \u2013 daf\u00fcr ergeben, dass eine Pr\u00fcfungsaufgabe missverst\u00e4ndlich formuliert oder fehlerhaft ist. Ist dies nach \u00dcberzeugung der Pr\u00fcfenden der Fall, so ist durch geeignete Anpassung der Bewertung sicherzustellen, dass Antworten, die insoweit von der L\u00f6sungsskizze abweichen, nicht zu Lasten der Pr\u00fcflinge gehen.<\/p>\n<p>&#8212;&#8212;&#8212;&#8212;&#8212;&#8212;&#8212;&#8212;&#8212;&#8212;&#8212;&#8212;&#8212;&#8212;&#8212;&#8212;&#8212;&#8212;&#8212;&#8212;&#8212;&#8212;&#8212;&#8212;&#8212;&#8212;&#8212;&#8212;&#8212;&#8212;&#8212;&#8212;&#8212;&#8212;&#8212;&#8212;&#8212;&#8212;<br \/>\nBeschluss des Akademischen Senates in der 439. Sitzung am 12. M\u00e4rz 2015<br \/>\nVer\u00f6ffentlichung im HSA <abbr title=\"Nummer\">Nr.<\/abbr> 04\/ 2015 vom 17. M\u00e4rz 2015<\/p>\n","protected":false},"excerpt":{"rendered":"<p>Ausf\u00fchrungsbestimmungen zur Durchf\u00fchrung und Bewertung von schriftlichen Pr\u00fcfungen nach dem Antwort-Wahl-Verfahren (Multiple-Choice-Verfahren) an der Helmut-Schmidt-Universit\u00e4t\/Universit\u00e4t der Bundeswehr Hamburg Pr\u00e4ambel Diese Ausf\u00fchrungsbestimmungen regeln die Durchf\u00fchrung und Bewertung von schriftlichen Pr\u00fcfungen, die [&hellip;]<\/p>\n","protected":false},"author":865,"featured_media":0,"parent":0,"menu_order":0,"comment_status":"closed","ping_status":"closed","template":"","meta":{"footnotes":""},"categories":[],"tags":[],"class_list":["post-2249","page","type-page","status-publish","hentry"],"_links":{"self":[{"href":"https:\/\/www.hsu-hh.de\/asv\/wp-json\/wp\/v2\/pages\/2249","targetHints":{"allow":["GET"]}}],"collection":[{"href":"https:\/\/www.hsu-hh.de\/asv\/wp-json\/wp\/v2\/pages"}],"about":[{"href":"https:\/\/www.hsu-hh.de\/asv\/wp-json\/wp\/v2\/types\/page"}],"author":[{"embeddable":true,"href":"https:\/\/www.hsu-hh.de\/asv\/wp-json\/wp\/v2\/users\/865"}],"replies":[{"embeddable":true,"href":"https:\/\/www.hsu-hh.de\/asv\/wp-json\/wp\/v2\/comments?post=2249"}],"version-history":[{"count":3,"href":"https:\/\/www.hsu-hh.de\/asv\/wp-json\/wp\/v2\/pages\/2249\/revisions"}],"predecessor-version":[{"id":2573,"href":"https:\/\/www.hsu-hh.de\/asv\/wp-json\/wp\/v2\/pages\/2249\/revisions\/2573"}],"wp:attachment":[{"href":"https:\/\/www.hsu-hh.de\/asv\/wp-json\/wp\/v2\/media?parent=2249"}],"wp:term":[{"taxonomy":"category","embeddable":true,"href":"https:\/\/www.hsu-hh.de\/asv\/wp-json\/wp\/v2\/categories?post=2249"},{"taxonomy":"post_tag","embeddable":true,"href":"https:\/\/www.hsu-hh.de\/asv\/wp-json\/wp\/v2\/tags?post=2249"}],"curies":[{"name":"wp","href":"https:\/\/api.w.org\/{rel}","templated":true}]}}