{"id":1970,"date":"2018-02-13T12:35:48","date_gmt":"2018-02-13T11:35:48","guid":{"rendered":"https:\/\/www.hsu-hh.de\/asv\/?page_id=1970"},"modified":"2018-04-18T10:18:48","modified_gmt":"2018-04-18T08:18:48","slug":"honprofo","status":"publish","type":"page","link":"https:\/\/www.hsu-hh.de\/asv\/honprofo\/","title":{"rendered":"HonProfO"},"content":{"rendered":"<h3 style=\"text-align: center\">Ordnung f\u00fcr die Beantragung der Verleihung der Bezeichnung \u201eProfessorin\u201c\/\u201eProfessor\u201c als akademische W\u00fcrde an der Helmut-Schmidt-Universit\u00e4t\/ Universit\u00e4t der Bundeswehr Hamburg (HSU\/ UniBw H)<\/h3>\n<p style=\"text-align: center\"><a href=\"https:\/\/www.hsu-hh.de\/asv\/wp-content\/uploads\/sites\/776\/2018\/02\/HonProfO.pdf\"><img loading=\"lazy\" decoding=\"async\" class=\"alignnone size-full wp-image-2024\" src=\"https:\/\/www.hsu-hh.de\/asv\/wp-content\/uploads\/sites\/776\/2018\/02\/PDF-laden.jpg\" alt=\"PDF laden\" width=\"71\" height=\"68\" \/><\/a><\/p>\n<p>in der Fassung vom 10. Mai 2012<\/p>\n<p>&nbsp;<\/p>\n<h3 style=\"text-align: center\">\u00a7 1 Voraussetzung f\u00fcr die Verleihung<\/h3>\n<p>(1) Die Bezeichnung \u201eProfessorin\u201c <abbr title=\"beziehungsweise\">bzw.<\/abbr> \u201eProfessor\u201c als akademische W\u00fcrde gem\u00e4\u00df \u00a7 56 der Rahmenbestimmungen f\u00fcr Struktur und Organisation der HSU\/ UniBw H (RB) kann auf Antrag des Akademischen Senats vom Bundesminister der Verteidigung im Einvernehmen mit der zust\u00e4ndigen Landesbeh\u00f6rde Personen verliehen werden, wenn sie<\/p>\n<p style=\"padding-left: 30px\">1. hervorragende wissenschaftliche Leistungen, die denjenigen einer Professorin <abbr title=\"beziehungsweise\">bzw.<\/abbr> eines Professors der HSU\/ UniBw H vergleichbar sind, oder au\u00dferordentliche Leistungen bei der Anwendung oder Entwicklung wissenschaftlicher Erkenntnisse und Methoden auf dem Gebiet, das sie in der Lehre vertreten, erbracht und einschl\u00e4gige Ver\u00f6ffentlichungen vorgelegt haben. In begr\u00fcndeten Ausnahmef\u00e4llen kann auf das Erfordernis einschl\u00e4giger Ver\u00f6ffentlichungen verzichtet werden.<\/p>\n<p style=\"padding-left: 30px\">2. \u00fcber eine in der Regel f\u00fcnfj\u00e4hrige, mindestens jedoch dreij\u00e4hrige Erfahrung in selbst\u00e4ndiger Lehre an der HSU\/ UniBw H verf\u00fcgen. In besonderen F\u00e4llen kann diese Verpflichtung durch entsprechende Lehre an einer anderen wissenschaftlichen Hochschule als erf\u00fcllt gelten.<\/p>\n<p>(2) Personen, die als Professorin <abbr title=\"beziehungsweise\">bzw.<\/abbr> Professor einer Hochschule im Geltungsbereich des Hochschulrahmengesetzes angeh\u00f6ren <abbr title=\"beziehungsweise\">bzw.<\/abbr> angeh\u00f6rten oder eine vergleichbare Rechtsstellung innehaben, k\u00f6nnen nicht vorgeschlagen werden.<\/p>\n<p>&nbsp;<\/p>\n<h3 style=\"text-align: center\">\u00a7 2 Voraussetzungen f\u00fcr die Antragstellung<\/h3>\n<p>(1) Das Vorschlagsrecht f\u00fcr die Einleitung eines Antragsverfahrens \u00fcbt die zust\u00e4ndige Fakult\u00e4t aus. Hierzu bedarf es<\/p>\n<p style=\"padding-left: 30px\">1. einer Begr\u00fcndung,<\/p>\n<p style=\"padding-left: 30px\">2. einer W\u00fcrdigung der fachlichen, p\u00e4dagogischen und pers\u00f6nlichen Eignung der <abbr title=\"beziehungsweise\">bzw.<\/abbr> des Vorgeschlagenen, die die Dekanin <abbr title=\"beziehungsweise\">bzw.<\/abbr> der Dekan verfasst und der Gutachten von zwei Professorinnen <abbr title=\"beziehungsweise\">bzw.<\/abbr> Professoren des betreffenden Faches beigef\u00fcgt sein m\u00fcssen. Mindestens eine der gutachtenden Personen muss einer anderen wissenschaftlichen Hochschule angeh\u00f6ren,<\/p>\n<p style=\"padding-left: 30px\">3. eines den Vorschlag an den Akademischen Senat tragenden Beschlusses durch den Fakult\u00e4tsrat.<\/p>\n<p>(2) Der Akademische Senat entscheidet per Beschluss \u00fcber die Stellung des Antrages an den Bundesminister der Verteidigung.<\/p>\n<p>&nbsp;<\/p>\n<h3 style=\"text-align: center\">\u00a7 3 Rechte und Pflichten der Professorin\/ des Professors<\/h3>\n<p>(1) Die Professorin\/ der Professor hat das Recht, Vorlesungen auf ihrem\/ seinem Arbeitsgebiet &#8211; andere Lehrveranstaltungen im Einvernehmen mit der Fakult\u00e4t &#8211; abzuhalten, sowie Dissertationen zu betreuen und zu begutachten. Nach Ma\u00dfgabe der Pr\u00fcfungsordnungen kann sie\/ er zum Pr\u00fcfer bei akademischen Pr\u00fcfungen bestellt werden.<\/p>\n<p>(2) Die Professorin\/ der Professor ist bis zur Vollendung des 62. Lebensjahres verpflichtet, auf Anforderung der Fakult\u00e4t auf ihrem\/ seinem wissenschaftlichen Arbeitsgebiet Lehrveranstaltungen im Umfang von bis zu sechs Trimesterwochenstunden je Studienjahr zu \u00fcbernehmen.<\/p>\n<p>(3) Mit der Verleihung ist die Begr\u00fcndung eines Dienstverh\u00e4ltnisses nicht verbunden; die Verleihung begr\u00fcndet keinen Anspruch auf Dienst- und Versorgungsbez\u00fcge und keine Anwartschaft auf Bestellung zur Professorin\/zum Professor.<\/p>\n<p>&nbsp;<\/p>\n<h3 style=\"text-align: center\">\u00a7 4 Widerruf<\/h3>\n<p>(1) Die HSU\/ UniBw H beantragt beim Bundesminister der Verteidigung den Widerruf der Verleihung, wenn die Professorin <abbr title=\"beziehungsweise\">bzw.<\/abbr> der Professor<\/p>\n<p style=\"padding-left: 30px\">1. schriftlich gegen\u00fcber der HSU\/ UniBw H auf die Verleihung verzichtet;<\/p>\n<p style=\"padding-left: 30px\">2. im ordentlichen Strafverfahren durch das Urteil eines deutschen Gerichts im Geltungsbereich des Grundgesetzes zu einer Strafe verurteilt wird, die bei Beamten den Verlust der Beamtenrechte nach sich zieht.<\/p>\n<p>(2) Der Akademische Senat kann per Beschluss den Widerruf der Verleihung beantragen, wenn die Professorin <abbr title=\"beziehungsweise\">bzw.<\/abbr> der Professor<\/p>\n<p style=\"padding-left: 30px\">1. zur Professorin <abbr title=\"beziehungsweise\">bzw.<\/abbr> zum Professor an einer Hochschule bestellt wird oder eine vergleichbare Rechtsstellung erwirbt;<\/p>\n<p style=\"padding-left: 30px\">2. zur Honorarprofessorin <abbr title=\"beziehungsweise\">bzw.<\/abbr> zum Honorarprofessor an einer anderen Hochschule bestellt wird oder eine vergleichbare Rechtsstellung erwirbt;<\/p>\n<p style=\"padding-left: 30px\">3. vor Vollendung des zweiundsechzigsten Lebensjahres aus Gr\u00fcnden, die sie <abbr title=\"beziehungsweise\">bzw.<\/abbr> er zu vertreten hat, ein Jahr lang keine Lehrt\u00e4tigkeit mehr ausge\u00fcbt hat;<\/p>\n<p style=\"padding-left: 30px\">4. sich durch ihr\/ sein Verhalten der Stellung einer\/ eines Angeh\u00f6rigen des Lehrk\u00f6rpers unw\u00fcrdig erweist.<\/p>\n<p>(3) Vor dem Widerruf ist die Professorin <abbr title=\"beziehungsweise\">bzw.<\/abbr> der Professor anzuh\u00f6ren.<\/p>\n<p>&nbsp;<\/p>\n<h3 style=\"text-align: center\">\u00a7 5 Inkrafttreten<\/h3>\n<p>Diese Ordnung tritt am Tage nach ihrer Ver\u00f6ffentlichung im Hochschulanzeiger &#8211; Amtliche Mitteilung der HSU\/ UniBw H &#8211; in Kraft.<\/p>\n<p>&#8212;&#8212;&#8212;&#8212;&#8212;&#8212;&#8212;&#8212;&#8212;&#8212;&#8212;&#8212;&#8212;&#8212;&#8212;&#8212;&#8212;&#8212;&#8212;&#8212;&#8212;&#8212;&#8212;&#8212;&#8212;&#8212;&#8212;&#8212;&#8212;&#8212;&#8212;&#8212;&#8212;&#8212;&#8212;&#8212;&#8212;&#8211;<br \/>\nBeschluss Akademischer Senat: 412. Sitzung am 10. Mai 2012<br \/>\nVer\u00f6ffentlichung im HSA <abbr title=\"Nummer\">Nr.<\/abbr> 10\/ 2012 vom 30. Oktober 2012<\/p>\n","protected":false},"excerpt":{"rendered":"<p>Ordnung f\u00fcr die Beantragung der Verleihung der Bezeichnung \u201eProfessorin\u201c\/\u201eProfessor\u201c als akademische W\u00fcrde an der Helmut-Schmidt-Universit\u00e4t\/ Universit\u00e4t der Bundeswehr Hamburg (HSU\/ UniBw H) in der Fassung vom 10. Mai 2012 &nbsp; [&hellip;]<\/p>\n","protected":false},"author":865,"featured_media":0,"parent":0,"menu_order":0,"comment_status":"closed","ping_status":"closed","template":"","meta":{"footnotes":""},"categories":[],"tags":[],"class_list":["post-1970","page","type-page","status-publish","hentry"],"_links":{"self":[{"href":"https:\/\/www.hsu-hh.de\/asv\/wp-json\/wp\/v2\/pages\/1970","targetHints":{"allow":["GET"]}}],"collection":[{"href":"https:\/\/www.hsu-hh.de\/asv\/wp-json\/wp\/v2\/pages"}],"about":[{"href":"https:\/\/www.hsu-hh.de\/asv\/wp-json\/wp\/v2\/types\/page"}],"author":[{"embeddable":true,"href":"https:\/\/www.hsu-hh.de\/asv\/wp-json\/wp\/v2\/users\/865"}],"replies":[{"embeddable":true,"href":"https:\/\/www.hsu-hh.de\/asv\/wp-json\/wp\/v2\/comments?post=1970"}],"version-history":[{"count":10,"href":"https:\/\/www.hsu-hh.de\/asv\/wp-json\/wp\/v2\/pages\/1970\/revisions"}],"predecessor-version":[{"id":3212,"href":"https:\/\/www.hsu-hh.de\/asv\/wp-json\/wp\/v2\/pages\/1970\/revisions\/3212"}],"wp:attachment":[{"href":"https:\/\/www.hsu-hh.de\/asv\/wp-json\/wp\/v2\/media?parent=1970"}],"wp:term":[{"taxonomy":"category","embeddable":true,"href":"https:\/\/www.hsu-hh.de\/asv\/wp-json\/wp\/v2\/categories?post=1970"},{"taxonomy":"post_tag","embeddable":true,"href":"https:\/\/www.hsu-hh.de\/asv\/wp-json\/wp\/v2\/tags?post=1970"}],"curies":[{"name":"wp","href":"https:\/\/api.w.org\/{rel}","templated":true}]}}