{"id":1968,"date":"2018-02-13T12:35:48","date_gmt":"2018-02-13T11:35:48","guid":{"rendered":"https:\/\/www.hsu-hh.de\/asv\/?page_id=1968"},"modified":"2018-04-18T10:10:17","modified_gmt":"2018-04-18T08:10:17","slug":"lehrbefugnisordnung","status":"publish","type":"page","link":"https:\/\/www.hsu-hh.de\/asv\/lehrbefugnisordnung\/","title":{"rendered":"Lehrbefugnisordnung"},"content":{"rendered":"<h2 style=\"text-align: center\">ORDNUNG \u00fcber die Lehrbefugnis als Privatdozent an der Helmut-Schmidt-Universit\u00e4t Universit\u00e4t der Bundeswehr Hamburg<\/h2>\n<p style=\"text-align: center\"><a href=\"https:\/\/www.hsu-hh.de\/asv\/wp-content\/uploads\/sites\/776\/2018\/02\/Lehrbefugnisordnung.pdf\"><img loading=\"lazy\" decoding=\"async\" class=\"alignnone size-full wp-image-2024\" src=\"https:\/\/www.hsu-hh.de\/asv\/wp-content\/uploads\/sites\/776\/2018\/02\/PDF-laden.jpg\" alt=\"PDF laden\" width=\"71\" height=\"68\" \/><\/a><\/p>\n<p>Die Erstfassung der Lehrbefugnisordnung wurde<br \/>\nIm Akademischen Senat Senat HSBw Hamburg beschlossen am 08.04.1982,<br \/>\ndurch den Pr\u00e4ses der BWF am 12.01.1983,<br \/>\ndurch BMVg genehmigt mit Erlass vom 19.01.1983,<br \/>\nim Hochschulanzeiger ver\u00f6ffentlicht am 01.02.1983.<\/p>\n<p>&nbsp;<\/p>\n<h3>Inhaltsverzeichnis<\/h3>\n<p><a href=\"#LB_1\" rel='nofollow'>\u00a7 1 Voraussetzungen<\/a><\/p>\n<p><a href=\"#LB_2\" rel='nofollow'>\u00a7 2 Antrag<\/a><\/p>\n<p><a href=\"#LB_3\" rel='nofollow'>\u00a7 3 Verleihung der Lehrbefugnis<\/a><\/p>\n<p><a href=\"#LB_4\" rel='nofollow'>\u00a7 4 Erweiterung der Lehrbefugnis<\/a><\/p>\n<p><a href=\"#LB_5\" rel='nofollow'>\u00a7 5 Pflichten des Privatdozenten<\/a><\/p>\n<p><a href=\"#LB_6\" rel='nofollow'>\u00a7 6 Rechte des Privatdozenten<\/a><\/p>\n<p><a href=\"#LB_7\" rel='nofollow'>\u00a7 7 Erl\u00f6schen und Entzug der Lehrbefugnis<\/a><\/p>\n<p><a href=\"#LB_8\" rel='nofollow'>\u00a7 8 Zust\u00e4ndigkeit des Akademischen Senats<\/a><\/p>\n<p><a href=\"#LB_9\" rel='nofollow'>\u00a7 9 Inkrafttreten<\/a><\/p>\n<p><a href=\"#LB_Anl\" rel='nofollow'>Anlage<\/a><\/p>\n<p>&nbsp;<\/p>\n<h3 style=\"text-align: center\"><a id=\"LB_1\" rel='nofollow'><\/a>\u00a7 1 Voraussetzungen<\/h3>\n<p style=\"text-align: left\">(1) Voraussetzungen f\u00fcr die Erteilung der Lehrbefugnis als Privatdozent sind<\/p>\n<p style=\"text-align: left;padding-left: 30px\">1. die Habilitation,<\/p>\n<p style=\"text-align: left;padding-left: 30px\">2. der Nachweis der Lehrbef\u00e4higung.<\/p>\n<p style=\"text-align: left\">Die Voraussetzung der Nummer 1 gilt auch dann als erf\u00fcllt, wenn einem habilitierten Bewerber die venia legendi wegen Nichterf\u00fcllung der Lehrverpflichtungen entzogen worden ist.<\/p>\n<p style=\"text-align: left\">(2) Der Nachweis der Lehrbef\u00e4higung erfolgt aufgrund der Lehrbef\u00e4higungsordnung der Hochschule der Bundeswehr Hamburg in ihrer jeweils geltenden Fassung.\u00b9<\/p>\n<p>\u00b9Inzwischen ge\u00e4ndert durch Neufassung der Habilitationsordnungen.<\/p>\n<p>&nbsp;<\/p>\n<h3 style=\"text-align: center\"><a id=\"LB_2\" rel='nofollow'><\/a>\u00a7 2 Antrag<\/h3>\n<p>(1) Der Antrag auf die Erteilung der Lehrbefugnis als Privatdozent ist an denjenigen Fachbereich zu richten, dem das Fach\/Fachgebiet zugeordnet ist, in dem die Lehrbefugnis erworben werden soll.<\/p>\n<p>(2) Der Antrag muss die Bezeichnung des Faches\/Fachgebiets enthalten, f\u00fcr das die Lehrbefugnis angestrebt wird. Ihm sind beizuf\u00fcgen<\/p>\n<p style=\"padding-left: 30px\">1. die Nachweise nach \u00a7 1,<\/p>\n<p style=\"padding-left: 30px\">2. eine Erkl\u00e4rung dar\u00fcber, dass der Bewerber bereit ist, nach Zuerkennung der Lehrbefugnis seine Lehrverpflichtung nach \u00a7 5 zu erf\u00fcllen.<\/p>\n<p>(3) \u00dcber den Antrag soll innerhalb von zwei Monaten entschieden werden.<\/p>\n<p>&nbsp;<\/p>\n<h3 style=\"text-align: center\"><a id=\"LB_3\" rel='nofollow'><\/a>\u00a7 3 Verleihung der Lehrbefugnis<\/h3>\n<p>(1) Der Fachbereich stellt eine Urkunde \u00fcber die Verleihung der Lehrbefugnis als Privatdozent aus (Anlage). Die Verleihung erfolgt f\u00fcr ein bestimmtes Fach\/Fachgebiet. Das Fach\/Fachgebiet kann enger als vom Bewerber beantragt festgelegt werden. Das Fach\/Fachgebiet ist in der Urkunde anzugeben.<\/p>\n<p>(2) Mit der Verleihung der Lehrbefugnis als Privatdozent ist das Recht verbunden, die akademische Bezeichnung \u201ePrivatdozent\u201c zu f\u00fchren.<\/p>\n<p>&nbsp;<\/p>\n<h3 style=\"text-align: center\"><a id=\"LB_4\" rel='nofollow'><\/a>\u00a7 4 Erweiterung der Lehrbefugnis<\/h3>\n<p>Der Privatdozent kann die Erweiterung seiner Lehrbefugnis beantragen. \u00a7\u00a7 2 und 3 gelten entsprechend; auf dem Gebiet, um welches das Fach\/Fachgebiet seiner Lehrbefugnis erweitert werden soll, sind zus\u00e4tzliche wissenschaftliche Leistungen nachzuweisen. Ist das Fach\/Fachgebiet, um das die Lehrbefugnis erweitert werden soll, einem anderen Fachbereich zugeordnet, so ist dieser zust\u00e4ndig.<\/p>\n<p>&nbsp;<\/p>\n<h3 style=\"text-align: center\"><a id=\"LB_5\" rel='nofollow'><\/a>\u00a7 5 Pflichten des Privatdozenten<\/h3>\n<p>(1) Der Privatdozent ist verpflichtet, auf Anforderung des Fachbereichs innerhalb seines Faches\/Fachgebiets Lehrveranstaltungen im Umfang von bis zu zwei Trimesterwochenstunden zu \u00fcbernehmen. Eine weitergehende Lehrverpflichtung aufgrund eines Dienstverh\u00e4ltnisses mit der Bundesrepublik Deutschland bleibt unber\u00fchrt.<\/p>\n<p>(2) Der Privatdozent ist in der Lehrt\u00e4tigkeit an Beschl\u00fcsse des Fachbereichsrates nur insoweit gebunden, als diese sich auf die Organisation und den Gegenstand des akademischen Unterrichts beziehen.<\/p>\n<p>(3) Der Fachbereich kann den Privatdozenten auf seinen Antrag hin auf Zeit von seiner Verpflichtung nach Absatz 1 freistellen.<\/p>\n<p>&nbsp;<\/p>\n<h3 style=\"text-align: center\"><a id=\"LB_6\" rel='nofollow'><\/a>\u00a7 6 Rechte des Privatdozenten<\/h3>\n<p>(1) Der Privatdozent darf \u00fcber die Anforderungen des Fachbereichs hinaus Lehrveranstaltungen in dem Fach\/Fachgebiet seiner Lehrbefugnis als Teil des vom Fachbereichsrat aufzustellenden Plans der Lehrveranstaltungen ank\u00fcndigen und abhalten, soweit dem nicht ein Mangel an R\u00e4umlichkeiten oder sonstigen Hilfsmitteln entgegensteht. Deren Zuweisung kann nur in begr\u00fcndeten F\u00e4llen versagt werden.<\/p>\n<p>(2) Dem Privatdozenten sollen die Forschungseinrichtungen der Hochschule im Rahmen des M\u00f6glichen zug\u00e4nglich gemacht werden.<\/p>\n<p>&nbsp;<\/p>\n<h3 style=\"text-align: center\"><a id=\"LB_7\" rel='nofollow'><\/a>\u00a7 7 Erl\u00f6schen und Entzug der Lehrbefugnis<\/h3>\n<p>(1) Die Lehrbefugnis erlischt,<\/p>\n<p style=\"padding-left: 30px\">1. wenn der Privatdozent an einer anderen Hochschule zum Privatdozenten ernannt wird oder dort eine vergleichbare Rechtsstellung erwirbt<\/p>\n<p style=\"padding-left: 30px\">oder<\/p>\n<p style=\"padding-left: 30px\">2. wenn der Privatdozent an einer anderen Hochschule zum Professor bestellt oder zum Honorarprofessor ernannt wird oder dort eine vergleichbare Rechtsstellung erwirbt<\/p>\n<p style=\"padding-left: 30px\">oder<\/p>\n<p style=\"padding-left: 30px\">3. wenn der Privatdozent auf seine Lehrbefugnis durch schriftliche Erkl\u00e4rung gegen\u00fcber dem Fachbereich verzichtet<\/p>\n<p style=\"padding-left: 30px\">oder<\/p>\n<p style=\"padding-left: 30px\">4. wenn der Privatdozent im ordentlichen Strafverfahren durch das Urteil eines deutschen Gerichts im Geltungsbereich des Grundgesetzes zu einer Strafe verurteilt wird, die bei Beamten den Verlust der Beamtenrechte nach sich zieht.<\/p>\n<p>(2) Die Lehrbefugnis kann entzogen werden,<\/p>\n<p style=\"padding-left: 30px\">1. wenn der Privatdozent in mindestens zwei aufeinander folgenden Trimestern aus Gr\u00fcnden, die er zu vertreten hat, seinen Verpflichtungen gem\u00e4\u00df \u00a7 5 nicht nachgekommen ist<\/p>\n<p style=\"padding-left: 30px\">oder<\/p>\n<p style=\"padding-left: 30px\">2. wenn der Privatdozent eine Handlung begeht, die bei einem Beamten eine Disziplinarma\u00dfnahme zur Folge h\u00e4tte, die nur im f\u00f6rmlichen Disziplinarverfahren verh\u00e4ngt werden kann<\/p>\n<p style=\"padding-left: 30px\">oder<\/p>\n<p style=\"padding-left: 30px\">3. wenn ein Grund vorliegt, der bei einem Beamten die R\u00fccknahme der Ernennung zum Beamten rechtfertigen w\u00fcrde.<\/p>\n<p>(3) Vor dem Entzug der Lehrbefugnis ist der Privatdozent anzuh\u00f6ren.<\/p>\n<p>(4) Mit dem Erl\u00f6schen <abbr title=\"beziehungsweise\">bzw.<\/abbr> dem Entzug der Lehrbefugnis verliert der Betreffende das Recht, die akademische Bezeichnung \u201ePrivatdozent\u201c zu f\u00fchren.<\/p>\n<p>&nbsp;<\/p>\n<h3 style=\"text-align: center\"><a id=\"LB_8\" rel='nofollow'><\/a>\u00a7 8 Zust\u00e4ndigkeit des Akademischen Senats<\/h3>\n<p>F\u00fcr F\u00e4cher\/Fachgebiete, die keinem Fachbereich zugeordnet sind, tritt an die Stelle des Fachbereichsrates der Akademische Senat. Dieser kann die Zuordnung zu einem Fachbereich vornehmen.<\/p>\n<p>&nbsp;<\/p>\n<h3 style=\"text-align: center\"><a id=\"LB_9\" rel='nofollow'><\/a>\u00a7 9 Inkrafttreten<\/h3>\n<p>Diese Ordnung tritt mit ihrer Bekanntgabe im Hochschulanzeiger in Kraft.<\/p>\n<p>&nbsp;<\/p>\n<h3 style=\"text-align: center\"><a id=\"LB_Anl\" rel='nofollow'><\/a>Anlage<\/h3>\n<p><img loading=\"lazy\" decoding=\"async\" class=\"size-full wp-image-1991 alignleft\" src=\"https:\/\/www.hsu-hh.de\/asv\/wp-content\/uploads\/sites\/776\/2018\/02\/LB_Anlage.jpg\" alt=\"LB Anlage\" width=\"551\" height=\"663\" srcset=\"https:\/\/www.hsu-hh.de\/asv\/wp-content\/uploads\/sites\/776\/2018\/02\/LB_Anlage.jpg 551w, https:\/\/www.hsu-hh.de\/asv\/wp-content\/uploads\/sites\/776\/2018\/02\/LB_Anlage-249x300.jpg 249w\" sizes=\"auto, (max-width: 551px) 100vw, 551px\" \/><\/p>\n","protected":false},"excerpt":{"rendered":"<p>ORDNUNG \u00fcber die Lehrbefugnis als Privatdozent an der Helmut-Schmidt-Universit\u00e4t Universit\u00e4t der Bundeswehr Hamburg Die Erstfassung der Lehrbefugnisordnung wurde Im Akademischen Senat Senat HSBw Hamburg beschlossen am 08.04.1982, durch den Pr\u00e4ses [&hellip;]<\/p>\n","protected":false},"author":865,"featured_media":0,"parent":0,"menu_order":0,"comment_status":"closed","ping_status":"closed","template":"","meta":{"footnotes":""},"categories":[],"tags":[],"class_list":["post-1968","page","type-page","status-publish","hentry"],"_links":{"self":[{"href":"https:\/\/www.hsu-hh.de\/asv\/wp-json\/wp\/v2\/pages\/1968","targetHints":{"allow":["GET"]}}],"collection":[{"href":"https:\/\/www.hsu-hh.de\/asv\/wp-json\/wp\/v2\/pages"}],"about":[{"href":"https:\/\/www.hsu-hh.de\/asv\/wp-json\/wp\/v2\/types\/page"}],"author":[{"embeddable":true,"href":"https:\/\/www.hsu-hh.de\/asv\/wp-json\/wp\/v2\/users\/865"}],"replies":[{"embeddable":true,"href":"https:\/\/www.hsu-hh.de\/asv\/wp-json\/wp\/v2\/comments?post=1968"}],"version-history":[{"count":7,"href":"https:\/\/www.hsu-hh.de\/asv\/wp-json\/wp\/v2\/pages\/1968\/revisions"}],"predecessor-version":[{"id":3128,"href":"https:\/\/www.hsu-hh.de\/asv\/wp-json\/wp\/v2\/pages\/1968\/revisions\/3128"}],"wp:attachment":[{"href":"https:\/\/www.hsu-hh.de\/asv\/wp-json\/wp\/v2\/media?parent=1968"}],"wp:term":[{"taxonomy":"category","embeddable":true,"href":"https:\/\/www.hsu-hh.de\/asv\/wp-json\/wp\/v2\/categories?post=1968"},{"taxonomy":"post_tag","embeddable":true,"href":"https:\/\/www.hsu-hh.de\/asv\/wp-json\/wp\/v2\/tags?post=1968"}],"curies":[{"name":"wp","href":"https:\/\/api.w.org\/{rel}","templated":true}]}}