{"id":1967,"date":"2018-02-13T12:35:48","date_gmt":"2018-02-13T11:35:48","guid":{"rendered":"https:\/\/www.hsu-hh.de\/asv\/?page_id=1967"},"modified":"2018-04-18T10:09:46","modified_gmt":"2018-04-18T08:09:46","slug":"lehrbefaehigungsordnung","status":"publish","type":"page","link":"https:\/\/www.hsu-hh.de\/asv\/lehrbefaehigungsordnung\/","title":{"rendered":"Lehrbef\u00e4higungsordnung"},"content":{"rendered":"<h3 style=\"text-align: center\">ORDNUNG \u00fcber die Feststellung der Lehrbef\u00e4higung an der Universit\u00e4t der Bundeswehr Hamburg<\/h3>\n<p><a href=\"https:\/\/www.hsu-hh.de\/asv\/wp-content\/uploads\/sites\/776\/2018\/02\/Lehrbefaehigungsordnung.pdf\"><img loading=\"lazy\" decoding=\"async\" class=\"wp-image-2024 size-full aligncenter\" src=\"https:\/\/www.hsu-hh.de\/asv\/wp-content\/uploads\/sites\/776\/2018\/02\/PDF-laden.jpg\" alt=\"PDF laden\" width=\"71\" height=\"68\" \/><\/a><\/p>\n<p>Die Erstfassung der Lehrbef\u00e4higungsordnung wurde<\/p>\n<ul>\n<li>\u00a0im Akademischen Senat HSBw Hamburg beschlossen am 14.01.1982<\/li>\n<li>durch den Pr\u00e4ses der BWF genehmigt am 12.01.1983<\/li>\n<li>durch BMVg genehmigt mit Erlass vom 19.01.1983<\/li>\n<li>im Hochschulanzeiger ver\u00f6ffentlicht am 01.02.1983<\/li>\n<\/ul>\n<h3><\/h3>\n<div class=\"thumbnail-area\"><\/div>\n<h3 style=\"text-align: center\">\u00a7 1<\/h3>\n<p>(1) Die Pr\u00fcfung und Feststellung der Lehrbef\u00e4higung obliegt den Fachbereichen.<\/p>\n<p>(2) Die Fachbereiche orientieren sich dabei in der Regel an folgenden Kriterien:<\/p>\n<p>1. mehrj\u00e4hrige berufliche T\u00e4tigkeit in der Ausbildung oder<\/p>\n<p>2. mehrj\u00e4hrige Erfahrung in der akademischen Lehre.<\/p>\n<p>Zus\u00e4tzliche Kenntnisse und Erfahrungen in der Studienreform oder in der Studienberatung k\u00f6nnen ber\u00fccksichtigt werden<\/p>\n<p>&nbsp;<\/p>\n<h3 style=\"text-align: center\">\u00a7 2<\/h3>\n<p>Diese Ordnung tritt mit ihrer Bekanntgabe im Hochschulanzeiger in Kraft.<\/p>\n","protected":false},"excerpt":{"rendered":"<p>ORDNUNG \u00fcber die Feststellung der Lehrbef\u00e4higung an der Universit\u00e4t der Bundeswehr Hamburg Die Erstfassung der Lehrbef\u00e4higungsordnung wurde \u00a0im Akademischen Senat HSBw Hamburg beschlossen am 14.01.1982 durch den Pr\u00e4ses der BWF [&hellip;]<\/p>\n","protected":false},"author":865,"featured_media":0,"parent":0,"menu_order":0,"comment_status":"closed","ping_status":"closed","template":"","meta":{"footnotes":""},"categories":[],"tags":[],"class_list":["post-1967","page","type-page","status-publish","hentry"],"_links":{"self":[{"href":"https:\/\/www.hsu-hh.de\/asv\/wp-json\/wp\/v2\/pages\/1967","targetHints":{"allow":["GET"]}}],"collection":[{"href":"https:\/\/www.hsu-hh.de\/asv\/wp-json\/wp\/v2\/pages"}],"about":[{"href":"https:\/\/www.hsu-hh.de\/asv\/wp-json\/wp\/v2\/types\/page"}],"author":[{"embeddable":true,"href":"https:\/\/www.hsu-hh.de\/asv\/wp-json\/wp\/v2\/users\/865"}],"replies":[{"embeddable":true,"href":"https:\/\/www.hsu-hh.de\/asv\/wp-json\/wp\/v2\/comments?post=1967"}],"version-history":[{"count":15,"href":"https:\/\/www.hsu-hh.de\/asv\/wp-json\/wp\/v2\/pages\/1967\/revisions"}],"predecessor-version":[{"id":2027,"href":"https:\/\/www.hsu-hh.de\/asv\/wp-json\/wp\/v2\/pages\/1967\/revisions\/2027"}],"wp:attachment":[{"href":"https:\/\/www.hsu-hh.de\/asv\/wp-json\/wp\/v2\/media?parent=1967"}],"wp:term":[{"taxonomy":"category","embeddable":true,"href":"https:\/\/www.hsu-hh.de\/asv\/wp-json\/wp\/v2\/categories?post=1967"},{"taxonomy":"post_tag","embeddable":true,"href":"https:\/\/www.hsu-hh.de\/asv\/wp-json\/wp\/v2\/tags?post=1967"}],"curies":[{"name":"wp","href":"https:\/\/api.w.org\/{rel}","templated":true}]}}