{"id":104,"date":"2017-11-08T14:32:27","date_gmt":"2017-11-08T13:32:27","guid":{"rendered":"https:\/\/www.hsu-hh.de\/asv\/?page_id=104"},"modified":"2018-04-18T10:48:27","modified_gmt":"2018-04-18T08:48:27","slug":"gremien","status":"publish","type":"page","link":"https:\/\/www.hsu-hh.de\/asv\/gremien\/","title":{"rendered":"Gremien"},"content":{"rendered":"<p style=\"text-align: center\"><img loading=\"lazy\" decoding=\"async\" class=\"alignnone wp-image-3084\" src=\"https:\/\/www.hsu-hh.de\/asv\/wp-content\/uploads\/sites\/776\/2018\/02\/Titelbild.png\" alt=\"Titelbild\" width=\"291\" height=\"201\" srcset=\"https:\/\/www.hsu-hh.de\/asv\/wp-content\/uploads\/sites\/776\/2018\/02\/Titelbild.png 960w, https:\/\/www.hsu-hh.de\/asv\/wp-content\/uploads\/sites\/776\/2018\/02\/Titelbild-300x208.png 300w, https:\/\/www.hsu-hh.de\/asv\/wp-content\/uploads\/sites\/776\/2018\/02\/Titelbild-768x531.png 768w\" sizes=\"auto, (max-width: 291px) 100vw, 291px\" \/><\/p>\n<p>Nach \u00a7 1 Absatz 1 der Rahmenbestimmungen f\u00fcr Struktur und Organisation der Helmut-Schmidt-Universit\u00e4t verwaltet die Universit\u00e4t ihre akademischen Angelegenheiten selbst. Sie nimmt diese gem\u00e4\u00df \u00a7 2 Absatz 1 der Rahmenbestimmungen als Selbstverwaltungsaufgaben wahr.<\/p>\n<p>H\u00f6chstes Gremium der akademischen Selbstverwaltung ist der <a href=\"https:\/\/www.hsu-hh.de\/asv\/?page_id=629&amp;preview=true\">Akademische Senat<\/a>. Ihm arbeiten mehrere <a href=\"https:\/\/www.hsu-hh.de\/asv\/?page_id=630&amp;preview=true\">Senatsaussch\u00fcsse<\/a> zu. Die folgenden Seiten geben Ihnen einen kleinen \u00dcberblick \u00fcber die Aufgaben des Senats und \u00fcber die ihm zuarbeitenden Aussch\u00fcssen.<\/p>\n<p>F\u00fcr weitere Informationen <a href=\"mailto:senatssekretariat@hsu-hh.de\" rel='nofollow'>kontaktieren<\/a> Sie uns gerne.<\/p>\n","protected":false},"excerpt":{"rendered":"<p>Nach \u00a7 1 Absatz 1 der Rahmenbestimmungen f\u00fcr Struktur und Organisation der Helmut-Schmidt-Universit\u00e4t verwaltet die Universit\u00e4t ihre akademischen Angelegenheiten selbst. Sie nimmt diese gem\u00e4\u00df \u00a7 2 Absatz 1 der Rahmenbestimmungen [&hellip;]<\/p>\n","protected":false},"author":167,"featured_media":0,"parent":0,"menu_order":0,"comment_status":"closed","ping_status":"closed","template":"","meta":{"footnotes":""},"categories":[],"tags":[],"class_list":["post-104","page","type-page","status-publish","hentry"],"_links":{"self":[{"href":"https:\/\/www.hsu-hh.de\/asv\/wp-json\/wp\/v2\/pages\/104","targetHints":{"allow":["GET"]}}],"collection":[{"href":"https:\/\/www.hsu-hh.de\/asv\/wp-json\/wp\/v2\/pages"}],"about":[{"href":"https:\/\/www.hsu-hh.de\/asv\/wp-json\/wp\/v2\/types\/page"}],"author":[{"embeddable":true,"href":"https:\/\/www.hsu-hh.de\/asv\/wp-json\/wp\/v2\/users\/167"}],"replies":[{"embeddable":true,"href":"https:\/\/www.hsu-hh.de\/asv\/wp-json\/wp\/v2\/comments?post=104"}],"version-history":[{"count":20,"href":"https:\/\/www.hsu-hh.de\/asv\/wp-json\/wp\/v2\/pages\/104\/revisions"}],"predecessor-version":[{"id":3480,"href":"https:\/\/www.hsu-hh.de\/asv\/wp-json\/wp\/v2\/pages\/104\/revisions\/3480"}],"wp:attachment":[{"href":"https:\/\/www.hsu-hh.de\/asv\/wp-json\/wp\/v2\/media?parent=104"}],"wp:term":[{"taxonomy":"category","embeddable":true,"href":"https:\/\/www.hsu-hh.de\/asv\/wp-json\/wp\/v2\/categories?post=104"},{"taxonomy":"post_tag","embeddable":true,"href":"https:\/\/www.hsu-hh.de\/asv\/wp-json\/wp\/v2\/tags?post=104"}],"curies":[{"name":"wp","href":"https:\/\/api.w.org\/{rel}","templated":true}]}}