{"id":271,"date":"2017-11-13T10:29:24","date_gmt":"2017-11-13T09:29:24","guid":{"rendered":"https:\/\/www.hsu-hh.de\/ast\/?page_id=271"},"modified":"2017-11-13T10:29:24","modified_gmt":"2017-11-13T09:29:24","slug":"bachelorstudium","status":"publish","type":"page","link":"https:\/\/www.hsu-hh.de\/ast\/lehre\/bachelorstudium","title":{"rendered":"Bachelorstudium"},"content":{"rendered":"<h3>Verbrennungsmotorische Antriebe<\/h3>\n<p>Verbrennungsmotoren in Hubkolbenbauart sind neben Elektromotoren st\u00fcckzahlm\u00e4\u00dfig weltweit die dominierenden Antriebssysteme. Ausgehend vom kleinsten Modellmotor mit wenigen 100 W bis hin zur gr\u00f6\u00dften Schiffshauptmaschine mit weit \u00fcber 80.000 kW erledigen sie in allen Fahrzeugen und in vielen station\u00e4ren Anwendungen zuverl\u00e4ssig und kosteng\u00fcnstig die unterschiedlichsten Antriebsaufgaben.<\/p>\n<p>Auf der Basis der Grundlagen der Thermodynamik und der Technischen Mechanik werden die motorischen Kreisprozesse erl\u00e4utert, mit denen der Studierende erste Auslegungs- und Wirkungsgradberechnungen vornehmen kann. Weiterhin wird die Wirkungsgradkette des Energiewandlungsprozesses von der chemisch gebundenen Kraftstoffenergie bis zur mechanischen Antriebsleistung <abbr title=\"zum Beispiel\">z.B.<\/abbr> f\u00fcr ein Stra\u00dfenfahrzeug behandelt.<\/p>\n<p>Die Studierenden lernen die charakterisierenden Kenngr\u00f6\u00dfen f\u00fcr Otto- und Dieselmotoren f\u00fcr die 2-Takt und 4-Takt-Verfahren kennen. Anhand der verbrennungstechnischen Kraftstoffeigenschaften wird die Beziehung zur Leistungsbestimmung eingehend behandelt, um daran anschlie\u00dfend den Einfluss der einzelnen Kenngr\u00f6\u00dfen auf das Motorverhalten zu beschreiben.<\/p>\n<p>Dargestellt werden die betrieblichen Eigenschaften der Motoren im Motorkennfeld, um hieraus die unterschiedlichsten Antriebsf\u00e4lle n\u00e4her zu beleuchten. Neben der Betrachtung der Wirkungsgrade erfolgt die Erl\u00e4uterung der Abgaszusammensetzung von Otto- und Dieselmotoren, wobei auch auf die Wechselbeziehungen zwischen Verbrauch und Emissionen eingegangen wird.<\/p>\n<p>Erg\u00e4nzend zur Vorlesung werden \u00dcBUNGEN angeboten, die den theoretischen Lehrinhalt mit Hilfe durchgerechneter konkret ausgef\u00fchrter Beispielmotoren abrunden. Weiterhin wird jedem Studierenden die M\u00f6glichkeit geboten, im Rahmen des LABORVERSUCHS am Motorpr\u00fcfstand Wirkungsgradmessungen auszuf\u00fchren.<\/p>\n<p>Die erfolgreich abgeschlossene Lehrveranstaltung VERBRENNUNGSMOTORISCHE ANTRIEBE versetzt die Studierenden in die Lage, erste Experimente mit Hilfe von Motorpr\u00fcfst\u00e4nden unter Anleitung durchzuf\u00fchren.<\/p>\n<h3>Antriebslabor<\/h3>\n<p>Innerhalb des Moduls ANTRIEBE werden zusammen drei Versuche aus den Teilmodulen ELEKTRISCHE ANTRIEBE, STR\u00d6MUNGSMASCHINEN und VERBRENNUNGSMOTORISCHE ANTRIEBE angeboten.<\/p>\n<p>Der Verbrennungsmotorenversuch beinhaltet die Vermessung des Wirkungsgradkennfelds eines modernen abgasturboaufgeladenen direkteingespritzten Pkw-Dieselmotors und f\u00fchrt am Motorpr\u00fcfstand in die hierzu erforderliche Motorenmesstechnik ein. Eine ausf\u00fchrliche Beschreibung des LABORVERSUCHS dient als Leitfaden f\u00fcr die Mess- und Auswerteaufgabe.<\/p>\n<p>In kleinen Gruppen werden verschiedene Betriebspunkte des Motorkennfelds angefahren und die zur Auswertung des Wirkungsgrads erforderlichen Messgr\u00f6\u00dfen erfasst. Die Messwerte aller Gruppen stehen anschlie\u00dfend allen Laborteilnehmern zur Auswertung zur Verf\u00fcgung.<\/p>\n<p>Der erfolgreich abgeschlossene Laborversuch ist die Voraussetzung zur Teilnahme an der sp\u00e4teren Pr\u00fcfung und bereitet auf diese vor, in dem sich die Studierenden neben Vorlesung und \u00dcbung im praktischen Pr\u00fcfstandsbetrieb mit zentralen Eigenschaften des Motors auseinandersetzen.<\/p>\n<h3>Bachelorarbeit<\/h3>\n<p>Am Lehrstuhl f\u00fcr Antriebssystemtechnik werden BACHELOR-AREBEITEN vergeben, die nach M\u00f6glichkeit einen direkten Bezug zu den aktuellen Forschungsthemen haben.<\/p>\n<p>Es wird den Studierenden empfohlen, zur rechtzeitigen Abkl\u00e4rung einer Aufgabenstellung mit den Wissenschaftlichen Mitarbeitern Kontakt aufzunehmen. Auf diese Weise kann sehr individuell eine thematische Ausrichtung gefunden werden, die den eigenen Neigungen und W\u00fcnschen folgt.<\/p>\n<p>Die Bachelor-Arbeit ist als Abschlussarbeit die erste eigenst\u00e4ndige Arbeit, die im Verlauf des Studiums angefertigt wird. Erfahrungsgem\u00e4\u00df sind hierbei gezielte Hilfestellungen sinnvoll und von Zeit zu Zeit auch unverzichtbar, wozu der betreuende Wissenschaftliche Mitarbeiter und die weiteren Mitarbeiter des Lehrstuhls stets gern bereit sind.<\/p>\n<p>Bereits w\u00e4hrend des letzten Drittels der Bearbeitungszeit stellen die Studierenden im Rahmen eines Kolloquiums die bis dahin erzielten Ergebnisse in einem kurzen Vortrag institutsintern zur Diskussion.<\/p>\n","protected":false},"excerpt":{"rendered":"<p>Verbrennungsmotorische Antriebe Verbrennungsmotoren in Hubkolbenbauart sind neben Elektromotoren st\u00fcckzahlm\u00e4\u00dfig weltweit die dominierenden Antriebssysteme. Ausgehend vom kleinsten Modellmotor mit wenigen 100 W bis hin zur gr\u00f6\u00dften Schiffshauptmaschine mit weit \u00fcber 80.000 [&hellip;]<\/p>\n","protected":false},"author":54,"featured_media":0,"parent":258,"menu_order":0,"comment_status":"closed","ping_status":"closed","template":"","meta":{"footnotes":""},"categories":[6],"tags":[],"class_list":["post-271","page","type-page","status-publish","hentry","category-lehre"],"_links":{"self":[{"href":"https:\/\/www.hsu-hh.de\/ast\/wp-json\/wp\/v2\/pages\/271","targetHints":{"allow":["GET"]}}],"collection":[{"href":"https:\/\/www.hsu-hh.de\/ast\/wp-json\/wp\/v2\/pages"}],"about":[{"href":"https:\/\/www.hsu-hh.de\/ast\/wp-json\/wp\/v2\/types\/page"}],"author":[{"embeddable":true,"href":"https:\/\/www.hsu-hh.de\/ast\/wp-json\/wp\/v2\/users\/54"}],"replies":[{"embeddable":true,"href":"https:\/\/www.hsu-hh.de\/ast\/wp-json\/wp\/v2\/comments?post=271"}],"version-history":[{"count":2,"href":"https:\/\/www.hsu-hh.de\/ast\/wp-json\/wp\/v2\/pages\/271\/revisions"}],"predecessor-version":[{"id":352,"href":"https:\/\/www.hsu-hh.de\/ast\/wp-json\/wp\/v2\/pages\/271\/revisions\/352"}],"up":[{"embeddable":true,"href":"https:\/\/www.hsu-hh.de\/ast\/wp-json\/wp\/v2\/pages\/258"}],"wp:attachment":[{"href":"https:\/\/www.hsu-hh.de\/ast\/wp-json\/wp\/v2\/media?parent=271"}],"wp:term":[{"taxonomy":"category","embeddable":true,"href":"https:\/\/www.hsu-hh.de\/ast\/wp-json\/wp\/v2\/categories?post=271"},{"taxonomy":"post_tag","embeddable":true,"href":"https:\/\/www.hsu-hh.de\/ast\/wp-json\/wp\/v2\/tags?post=271"}],"curies":[{"name":"wp","href":"https:\/\/api.w.org\/{rel}","templated":true}]}}