{"id":247,"date":"2017-11-13T09:28:34","date_gmt":"2017-11-13T08:28:34","guid":{"rendered":"https:\/\/www.hsu-hh.de\/ast\/?page_id=247"},"modified":"2017-11-13T11:18:16","modified_gmt":"2017-11-13T10:18:16","slug":"allgemeines","status":"publish","type":"page","link":"https:\/\/www.hsu-hh.de\/ast\/lehre\/allgemeines","title":{"rendered":"Allgemeines"},"content":{"rendered":"<h3>Lehrveranstaltungen<\/h3>\n<p><a href=\"https:\/\/www.hsu-hh.de\/ast\/lehrveranstaltungen\/\">Allgemeines zu den Lehrveranstaltungen<\/a><\/p>\n<p>Der Lehrstuhl f\u00fcr Antriebssystemtechnik bietet im Bachelor-Studium im Rahmen des anwendungsorientierten Moduls ANTRIEBE die Lehrveranstaltung VERBRENNUGSMOTORISCHE ANTRIEBE an, die sich in der Vorlesung und H\u00f6rsaal\u00fcbung mit den grundlegenden Zusammenh\u00e4ngen der Verbrennungsmotoren besch\u00e4ftigt. Die praktische Erg\u00e4nzung der Vorlesungs- und \u00dcbungsinhalte erfolgt durch den LABORVERSUCH, bei dem in kleinen Gruppen am Motorpr\u00fcfstand das Wirkungsgradkennfeld eines modernen abgasturboaufgeladenen direkteingespritzten Pkw-Dieselmotors vermessen wird.<\/p>\n<p>Den Studierenden wird weiterhin die M\u00f6glichkeit gegeben, sich mit motortechnischen Fragestellungen im Rahmen der BACHELOR-ARBEIT vertiefend auseinander zu setzen. Die Themen der Abschlussarbeit werden aus den laufenden Forschungsarbeiten abgeleitet und stehen somit in einem direkten Bezug zu aktuellen Fragestellungen des Fachgebiets.<\/p>\n<p>Im Master-Studiengang Fahrzeugtechnik bildet die Lehrveranstaltung VERBRENNUNGMOTOREN I\/II ein Kernfach, welches jedoch auch innerhalb der anderen Masterstudieng\u00e4nge als eintrimestriges Kurzfach VERBRENNUNGMOTOREN I geh\u00f6rt werden kann. Der Lehrinhalt baut konsequent auf den Grundlagen der zuvor absolvierten Lehrveranstaltung des Bachelor-Studiengangs auf.<\/p>\n<p>Neben modernsten Simulationstools zur Auslegung von Verbrennungsmotoren werden die Schwerpunkte Aufladung, Betrieb der Motoren und die konstruktive Gestaltung der einzelnen Motorenbaugruppen durch die Vorlesung und den hinzugeh\u00f6renden H\u00f6rsaal\u00fcbungen vermittelt.<\/p>\n<p>Gezielt auf theoretische und besonders experimentelle STUDIEN- und MASTER-ARBEITEN bereitet die Lehrveranstaltung MESSEN AN VERBRENNUNGMOTOREN vor. Im Rahmen der Vorlesung werden modernste rechnergest\u00fctzte Analyse- und Auswerteverfahren als Mittel zur Weiterentwicklung von Verbrennungsmotoren erl\u00e4utert, w\u00e4hrend die Studierenden die zugeh\u00f6rigen \u00dcbungen als \u201eproblem-based learning\u201c in kleinen Gruppen an den Pr\u00fcfst\u00e4nden des Lehrstuhls in Form von Einspritzverlaufsmessungen an einer rechnergesteuerten Dieseleinspritzanlage, Emissionsmessungen an einem Einzylinder-Forschungs-Ottomotor oder Indiziermessungen an einem Ottomotor mit ver\u00e4nderlichem Verdichtungsverh\u00e4ltnis absolvieren.<\/p>\n<p>Im Rahmen des VERTIEFUNGSLABORS des Masterstudiengangs Fahrzeugtechnik bietet der Lehrstuhl zwei theoretisch-experimentelle Laborversuche an, die sich mit der Analyse des Verbrennungsvorgangs, der Messung der Durchstr\u00f6mungseigenschaften von modernen Zylinderk\u00f6pfen und der Simulation des gesamten Zylinderprozesses besch\u00e4ftigen.<\/p>\n<p>STUDIEN- und MASTER-ARBEITEN werden wie bei der Bachlor-Arbeit aus den laufenden Forschungsarbeiten abgeleitet und stehen ebenfalls in einem direkten Bezug zu aktuellen Fragestellungen des Fachgebiets.<\/p>\n<p>Durch die inhaltlich konsequent aufeinander aufbauenden und einander erg\u00e4nzenden Lehrveranstaltungen wird das Fachgebiet Verbrennungsmotoren tief erschlossen, wobei ein besonderer Schwerpunkt auf das Methodenwissen gelegt wird, wodurch sich die Studierenden das langfristig wirkende Potential f\u00fcr eine sp\u00e4tere berufliche T\u00e4tigkeit im direkten oder weiteren Umfeld der motorischen Antriebstechnik erarbeiten.<\/p>\n<h3>Vorlesungsunterlagen<\/h3>\n<p>Die aktuellen Vorlesungsunterlagen f\u00fcr die Veranstaltungen des Lehrstuhls k\u00f6nnen, ausgenommen der ISA-Veranstaltung (siehe ISA), \u00fcber die ILIAS -Plattform der Helmut-Schmidt-Universit\u00e4t bezogen werden. Dar\u00fcberhinaus werden aktuelle Informationen und Lerninhalte zu den Veranstaltungen \u00fcber die ILIAS-Plattform ver\u00f6ffentlicht.Die ILIAS-Plattform ist allen Studenten der HSU und TUHH nach einer Registrierung zug\u00e4nglich. Das zum Beitritt der Veranstaltung in ILIAS <abbr title=\"gegebenenfalls\">ggf.<\/abbr> ben\u00f6tigte Passwort wird in der Einf\u00fchrungsveranstaltung des jeweiligen Kurses bekanntgegeben.<\/p>\n<h3>Kooperation mit der TUHH<\/h3>\n<p>Bereits kurz nach der Gr\u00fcndung der beiden Universit\u00e4ten \u201eHelmut-Schmidt-Universit\u00e4t\/Universit\u00e4t der Bundeswehr Hamburg (HSU)\u201c und der \u201eTechnischen Universit\u00e4t Hamburg-Harburg (TUHH)\u201c wurde in einem Kooperationsvertrag vereinbart, im Bereich der Ingenieurwissenschaften in Forschung und Lehre zusammen zu arbeiten.<\/p>\n<p>Studierende der TUHH nehmen regelm\u00e4\u00dfig an der Lehrveranstaltung VERBRENNUNGSMOTOREN I teil, werden jedoch im Gegensatz zu den Studierenden der HSU in diesem Fach schriftlich gepr\u00fcft.<\/p>\n<p>Studierende der HSU k\u00f6nnen im Rahmen des Masterstudiums Fahrzeugtechnik den Studienschwerpunkt SCHIFFSMASCHINENBAU w\u00e4hlen und absolvieren nach Ma\u00dfgabe der Studien- und Pr\u00fcfungsordnung der HSU zahlreiche Lehrveranstaltungen bis hin zur abschlie\u00dfenden Master-Arbeit an der TUHH in Hamburg-Harburg.<\/p>\n<p>Interessierte Studierende wenden sich bitte hierzu an den jeweils amtierenden Studiendekan der Fakult\u00e4t f\u00fcr Maschinenbau oder an Prof. <abbr title=\"Doktor der Ingenieurwissenschaften\">Dr.-Ing.<\/abbr> W. Thiemann, Institut f\u00fcr Fahrzeugtechnik und Antriebssystemtechnik.<\/p>\n","protected":false},"excerpt":{"rendered":"<p>Lehrveranstaltungen Allgemeines zu den Lehrveranstaltungen Der Lehrstuhl f\u00fcr Antriebssystemtechnik bietet im Bachelor-Studium im Rahmen des anwendungsorientierten Moduls ANTRIEBE die Lehrveranstaltung VERBRENNUGSMOTORISCHE ANTRIEBE an, die sich in der Vorlesung und H\u00f6rsaal\u00fcbung [&hellip;]<\/p>\n","protected":false},"author":54,"featured_media":0,"parent":258,"menu_order":0,"comment_status":"closed","ping_status":"closed","template":"","meta":{"footnotes":""},"categories":[6],"tags":[],"class_list":["post-247","page","type-page","status-publish","hentry","category-lehre"],"_links":{"self":[{"href":"https:\/\/www.hsu-hh.de\/ast\/wp-json\/wp\/v2\/pages\/247","targetHints":{"allow":["GET"]}}],"collection":[{"href":"https:\/\/www.hsu-hh.de\/ast\/wp-json\/wp\/v2\/pages"}],"about":[{"href":"https:\/\/www.hsu-hh.de\/ast\/wp-json\/wp\/v2\/types\/page"}],"author":[{"embeddable":true,"href":"https:\/\/www.hsu-hh.de\/ast\/wp-json\/wp\/v2\/users\/54"}],"replies":[{"embeddable":true,"href":"https:\/\/www.hsu-hh.de\/ast\/wp-json\/wp\/v2\/comments?post=247"}],"version-history":[{"count":6,"href":"https:\/\/www.hsu-hh.de\/ast\/wp-json\/wp\/v2\/pages\/247\/revisions"}],"predecessor-version":[{"id":267,"href":"https:\/\/www.hsu-hh.de\/ast\/wp-json\/wp\/v2\/pages\/247\/revisions\/267"}],"up":[{"embeddable":true,"href":"https:\/\/www.hsu-hh.de\/ast\/wp-json\/wp\/v2\/pages\/258"}],"wp:attachment":[{"href":"https:\/\/www.hsu-hh.de\/ast\/wp-json\/wp\/v2\/media?parent=247"}],"wp:term":[{"taxonomy":"category","embeddable":true,"href":"https:\/\/www.hsu-hh.de\/ast\/wp-json\/wp\/v2\/categories?post=247"},{"taxonomy":"post_tag","embeddable":true,"href":"https:\/\/www.hsu-hh.de\/ast\/wp-json\/wp\/v2\/tags?post=247"}],"curies":[{"name":"wp","href":"https:\/\/api.w.org\/{rel}","templated":true}]}}