{"id":221,"date":"2017-11-10T12:05:44","date_gmt":"2017-11-10T11:05:44","guid":{"rendered":"https:\/\/www.hsu-hh.de\/ast\/?page_id=221"},"modified":"2017-11-13T09:43:07","modified_gmt":"2017-11-13T08:43:07","slug":"m-sc-gunnar-marsch","status":"publish","type":"page","link":"https:\/\/www.hsu-hh.de\/ast\/startseite\/labormitarbeiter\/m-sc-gunnar-marsch","title":{"rendered":"M. Sc. Gunnar Marsch"},"content":{"rendered":"<div class=\"ansprechparter-container\">\n<div class=\"row ansprechpartner-item ansprechparter-header\">\n<div class=\"col-xs-8 col-lg-12\" style=\"margin-bottom: 30px\"><\/div>\n<div class=\"col-md-4 col-lg-3 col-xs-4 ansprechpartner-item floatright img-circle center-block\" style=\"margin-bottom: 30px\">\n<div class=\"img-responsive-wrapper\"><img loading=\"lazy\" decoding=\"async\" class=\"alignnone size-full wp-image-223\" src=\"https:\/\/www.hsu-hh.de\/ast\/wp-content\/uploads\/sites\/663\/2017\/11\/Gunnar_Bild-klein.jpg\" alt=\"M .Sc. Gunnar Marsch\" width=\"223\" height=\"287\" \/><\/div>\n<\/div>\n<div class=\"col-md-12 col-lg-3 col-xs-12 ansprechpartner-item kontakt floatright\" style=\"margin-bottom: 30px\">\n<div class=\"row\">\n<div class=\"col-xs-12 col-sm-6 col-lg-12\">\n<div class=\"row\">\n<div class=\"col-xs-12 col-lg-4 row-text bold\">Raum:<\/div>\n<div class=\"col-xs-12 col-lg-8 row-text\">230<\/div>\n<\/div>\n<\/div>\n<div class=\"col-xs-12 col-sm-6 col-lg-12\">\n<div class=\"row\">\n<div class=\"col-xs-12 col-lg-4 row-text bold\">Telefon:<\/div>\n<div class=\"col-xs-12 col-lg-8 row-text\">+49-40-6541-3506<\/div>\n<\/div>\n<\/div>\n<div class=\"col-xs-12 col-sm-6 col-lg-12\">\n<div class=\"row\">\n<div class=\"col-xs-12 col-lg-4 row-text bold\">Fax:<\/div>\n<div class=\"col-xs-12 col-lg-8 row-text\">+49-40-6541-2036<\/div>\n<\/div>\n<\/div>\n<div class=\"col-xs-12 col-sm-6 col-lg-12\">\n<div class=\"row\">\n<div class=\"col-xs-12 col-md-12 row-text bold\">Email:<\/div>\n<div class=\"col-xs-12 col-md-12 row-text\"><a href=\"mailto:gunnar.marsch@hsu-hh.de\" rel='nofollow'>Mailto:<\/a><\/div>\n<\/div>\n<\/div>\n<\/div>\n<\/div>\n<div class=\"col-md-6 col-lg-3 col-xs-12 ansprechpartner-item anschrift floatright\">\n<div class=\"row-headline\">Besucheranschrift<\/div>\n<div class=\"row-text\">Helmut-Schmidt-Universit\u00e4t<\/div>\n<div class=\"row-text\">Geb\u00e4ude H8<\/div>\n<div class=\"row-text\">Holstenhofweg 85<\/div>\n<div class=\"row-text\">22043 Hamburg<\/div>\n<\/div>\n<div class=\"col-md-6 col-lg-3 col-xs-12 ansprechpartner-item anschrift floatright\">\n<div class=\"row-headline\">Postanschrift<\/div>\n<div class=\"row-text\">Helmut-Schmidt-Universit\u00e4t<\/div>\n<div class=\"row-text\">Fakult\u00e4t f\u00fcr Maschinenbau<\/div>\n<div class=\"row-text\">Institut f\u00fcr Fahrzeug- und Antriebssystemtechnik<\/div>\n<div class=\"row-text\">Postfach 70 08 22<\/div>\n<div class=\"row-text\">22008 Hamburg<\/div>\n<\/div>\n<\/div>\n<div class=\"clearfix\"><\/div>\n<\/div>\n<p>&nbsp;<\/p>\n","protected":false},"excerpt":{"rendered":"<p>Raum: 230 Telefon: +49-40-6541-3506 Fax: +49-40-6541-2036 Email: Mailto: Besucheranschrift Helmut-Schmidt-Universit\u00e4t Geb\u00e4ude H8 Holstenhofweg 85 22043 Hamburg Postanschrift Helmut-Schmidt-Universit\u00e4t Fakult\u00e4t f\u00fcr Maschinenbau Institut f\u00fcr Fahrzeug- und Antriebssystemtechnik Postfach 70 08 22 [&hellip;]<\/p>\n","protected":false},"author":54,"featured_media":0,"parent":152,"menu_order":0,"comment_status":"closed","ping_status":"closed","template":"","meta":{"footnotes":""},"categories":[4,6,8],"tags":[],"class_list":["post-221","page","type-page","status-publish","hentry","category-forschung","category-lehre","category-team"],"_links":{"self":[{"href":"https:\/\/www.hsu-hh.de\/ast\/wp-json\/wp\/v2\/pages\/221","targetHints":{"allow":["GET"]}}],"collection":[{"href":"https:\/\/www.hsu-hh.de\/ast\/wp-json\/wp\/v2\/pages"}],"about":[{"href":"https:\/\/www.hsu-hh.de\/ast\/wp-json\/wp\/v2\/types\/page"}],"author":[{"embeddable":true,"href":"https:\/\/www.hsu-hh.de\/ast\/wp-json\/wp\/v2\/users\/54"}],"replies":[{"embeddable":true,"href":"https:\/\/www.hsu-hh.de\/ast\/wp-json\/wp\/v2\/comments?post=221"}],"version-history":[{"count":2,"href":"https:\/\/www.hsu-hh.de\/ast\/wp-json\/wp\/v2\/pages\/221\/revisions"}],"predecessor-version":[{"id":224,"href":"https:\/\/www.hsu-hh.de\/ast\/wp-json\/wp\/v2\/pages\/221\/revisions\/224"}],"up":[{"embeddable":true,"href":"https:\/\/www.hsu-hh.de\/ast\/wp-json\/wp\/v2\/pages\/152"}],"wp:attachment":[{"href":"https:\/\/www.hsu-hh.de\/ast\/wp-json\/wp\/v2\/media?parent=221"}],"wp:term":[{"taxonomy":"category","embeddable":true,"href":"https:\/\/www.hsu-hh.de\/ast\/wp-json\/wp\/v2\/categories?post=221"},{"taxonomy":"post_tag","embeddable":true,"href":"https:\/\/www.hsu-hh.de\/ast\/wp-json\/wp\/v2\/tags?post=221"}],"curies":[{"name":"wp","href":"https:\/\/api.w.org\/{rel}","templated":true}]}}