{"id":146,"date":"2017-11-10T10:02:49","date_gmt":"2017-11-10T09:02:49","guid":{"rendered":"https:\/\/www.hsu-hh.de\/ast\/?page_id=146"},"modified":"2019-11-22T08:13:27","modified_gmt":"2019-11-22T07:13:27","slug":"dipl-ing-fh-frank-aschenbrenner","status":"publish","type":"page","link":"https:\/\/www.hsu-hh.de\/ast\/startseite\/labormitarbeiter\/dipl-ing-fh-frank-aschenbrenner","title":{"rendered":"Dipl.-Ing. (FH) Frank Aschenbrenner"},"content":{"rendered":"<div class=\"ansprechparter-container\">\n<div class=\"row ansprechpartner-item ansprechparter-header\">\n<h2 class=\"col-xs-8 col-lg-12\" style=\"margin-bottom: 30px\"><strong>Pr\u00fcfstandsleitung<\/strong><\/h2>\n<div class=\"col-md-4 col-lg-3 col-xs-4 ansprechpartner-item floatright img-circle center-block\" style=\"margin-bottom: 30px\">\n<div class=\"img-responsive-wrapper\"><img loading=\"lazy\" decoding=\"async\" class=\"alignnone size-full wp-image-226\" src=\"https:\/\/www.hsu-hh.de\/ast\/wp-content\/uploads\/sites\/663\/2017\/11\/aschenbrennerNeuweb.jpg\" alt=\"Frank Aschenbrenner\" width=\"223\" height=\"285\" \/><\/div>\n<\/div>\n<div class=\"col-md-12 col-lg-3 col-xs-12 ansprechpartner-item kontakt floatright\" style=\"margin-bottom: 30px\">\n<div class=\"row\">\n<div class=\"col-xs-12 col-sm-6 col-lg-12\">\n<div class=\"row\">\n<div class=\"col-xs-12 col-lg-4 row-text bold\">Raum:<\/div>\n<div class=\"col-xs-12 col-lg-8 row-text\">103<\/div>\n<\/div>\n<\/div>\n<div class=\"col-xs-12 col-sm-6 col-lg-12\">\n<div class=\"row\">\n<div class=\"col-xs-12 col-lg-4 row-text bold\">Telefon:<\/div>\n<div class=\"col-xs-12 col-lg-8 row-text\">+49-40-6541-2827<\/div>\n<\/div>\n<\/div>\n<div class=\"col-xs-12 col-sm-6 col-lg-12\">\n<div class=\"row\">\n<div class=\"col-xs-12 col-lg-4 row-text bold\">Fax:<\/div>\n<div class=\"col-xs-12 col-lg-8 row-text\">+49-40-6541-2036<\/div>\n<\/div>\n<\/div>\n<div class=\"col-xs-12 col-sm-6 col-lg-12\">\n<div class=\"row\">\n<div class=\"col-xs-12 col-md-12 row-text bold\">Email:<\/div>\n<div class=\"col-xs-12 col-md-12 row-text\"><a href=\"mailto:frank.aschenbrenner@hsu-hh.de\" rel='nofollow'>Mailto:<\/a><\/div>\n<\/div>\n<\/div>\n<\/div>\n<\/div>\n<div class=\"col-md-6 col-lg-3 col-xs-12 ansprechpartner-item anschrift floatright\">\n<div class=\"row-headline\">Besucheranschrift<\/div>\n<div class=\"row-text\">Helmut-Schmidt-Universit\u00e4t<\/div>\n<div class=\"row-text\">Geb\u00e4ude H9<\/div>\n<div class=\"row-text\">Holstenhofweg 85<\/div>\n<div class=\"row-text\">22043 Hamburg<\/div>\n<\/div>\n<div class=\"col-md-6 col-lg-3 col-xs-12 ansprechpartner-item anschrift floatright\">\n<div class=\"row-headline\">Postanschrift<\/div>\n<div class=\"row-text\">Helmut-Schmidt-Universit\u00e4t<\/div>\n<div class=\"row-text\">Fakult\u00e4t f\u00fcr\u00a0Maschinenbau<\/div>\n<div class=\"row-text\">Institut\u00a0f\u00fcr Fahrzeug- und Antriebsystemtechnik<\/div>\n<div class=\"row-text\">Postfach 70 08 22<\/div>\n<div class=\"row-text\">22008 Hamburg<\/div>\n<\/div>\n<\/div>\n<h2 class=\"clearfix\"><\/h2>\n<\/div>\n<p>&nbsp;<\/p>\n","protected":false},"excerpt":{"rendered":"<p>Pr\u00fcfstandsleitung Raum: 103 Telefon: +49-40-6541-2827 Fax: +49-40-6541-2036 Email: Mailto: Besucheranschrift Helmut-Schmidt-Universit\u00e4t Geb\u00e4ude H9 Holstenhofweg 85 22043 Hamburg Postanschrift Helmut-Schmidt-Universit\u00e4t Fakult\u00e4t f\u00fcr\u00a0Maschinenbau Institut\u00a0f\u00fcr Fahrzeug- und Antriebsystemtechnik Postfach 70 08 22 22008 [&hellip;]<\/p>\n","protected":false},"author":54,"featured_media":0,"parent":152,"menu_order":0,"comment_status":"closed","ping_status":"closed","template":"","meta":{"footnotes":""},"categories":[8],"tags":[],"class_list":["post-146","page","type-page","status-publish","hentry","category-team"],"_links":{"self":[{"href":"https:\/\/www.hsu-hh.de\/ast\/wp-json\/wp\/v2\/pages\/146","targetHints":{"allow":["GET"]}}],"collection":[{"href":"https:\/\/www.hsu-hh.de\/ast\/wp-json\/wp\/v2\/pages"}],"about":[{"href":"https:\/\/www.hsu-hh.de\/ast\/wp-json\/wp\/v2\/types\/page"}],"author":[{"embeddable":true,"href":"https:\/\/www.hsu-hh.de\/ast\/wp-json\/wp\/v2\/users\/54"}],"replies":[{"embeddable":true,"href":"https:\/\/www.hsu-hh.de\/ast\/wp-json\/wp\/v2\/comments?post=146"}],"version-history":[{"count":8,"href":"https:\/\/www.hsu-hh.de\/ast\/wp-json\/wp\/v2\/pages\/146\/revisions"}],"predecessor-version":[{"id":480,"href":"https:\/\/www.hsu-hh.de\/ast\/wp-json\/wp\/v2\/pages\/146\/revisions\/480"}],"up":[{"embeddable":true,"href":"https:\/\/www.hsu-hh.de\/ast\/wp-json\/wp\/v2\/pages\/152"}],"wp:attachment":[{"href":"https:\/\/www.hsu-hh.de\/ast\/wp-json\/wp\/v2\/media?parent=146"}],"wp:term":[{"taxonomy":"category","embeddable":true,"href":"https:\/\/www.hsu-hh.de\/ast\/wp-json\/wp\/v2\/categories?post=146"},{"taxonomy":"post_tag","embeddable":true,"href":"https:\/\/www.hsu-hh.de\/ast\/wp-json\/wp\/v2\/tags?post=146"}],"curies":[{"name":"wp","href":"https:\/\/api.w.org\/{rel}","templated":true}]}}