{"id":73,"date":"2017-07-03T15:52:08","date_gmt":"2017-07-03T13:52:08","guid":{"rendered":"https:\/\/www.hsu-hh.de\/vorlage\/?page_id=73"},"modified":"2020-01-16T13:47:57","modified_gmt":"2020-01-16T12:47:57","slug":"startseite","status":"publish","type":"page","link":"https:\/\/www.hsu-hh.de\/arbeitsrecht\/","title":{"rendered":"Prof. Dr. jur. Hans Hanau &#8211; Professur f\u00fcr B\u00fcrgerliches Recht, Handels-, Wirtschafts- und Arbeitsrecht"},"content":{"rendered":"<p>&nbsp;<\/p>\n<div id=\"category_content_0UaVSb1E\" class=\"hsu_category archive-page\"><article  id=\"post-541\" class=\"category-list-item post-541 post type-post status-publish format-standard hentry \"><a href=\"https:\/\/www.hsu-hh.de\/arbeitsrecht\/willkommen\" title=\"Willkommen!\" ><div class=\"hsu_category_article-content-wrap\"><div class=\"hsu_category_article-content-wrap-inner\"><div>\t<header class=\"entry-header\">\t\t<h3 class=\"entry-title\">Willkommen!\t\t<\/h3>\t<\/header><div class=\"entry-content-excerpt\">Herzlich willkommen zur Internetpr\u00e4sentation von Professor Dr. jur. Hans Hanau &#8211;\u00a0Professur f\u00fcr B\u00fcrgerliches Recht, Handels-, Wirtschafts- und Arbeitsrecht. Auf den nachfolgenden Seiten stellen sich Professor Hanau und sein Team vor. \u00a0 \u00a0<\/div> <\/div><\/div><\/div><\/a><\/article><\/div>\n<h3>News<\/h3>\n<div id=\"category_content_8iTUrsH5\" class=\"hsu_category archive-page\"><article  id=\"post-2348\" class=\"category-list-item post-2348 post type-post status-publish format-standard hentry \"><a href=\"https:\/\/www.hsu-hh.de\/arbeitsrecht\/arbeitszeit-gastvortraege-im-winter-2026-personalbeziehungen-in-netzwerken\" title=\"Arbeitszeit \u2013 Gastvortr\u00e4ge im Winter 2026 \u2013 Personalbeziehungen in Netzwerken\" >\t<div class=\"article-listitem-datetime\">\t\t<time class=\"updated\" datetime=\"2026-02-09 15:25:45\"><\/time>\t\t<span class=\"article-month\">\t\t\t<time class=\"entry-date published\" datetime=\"\">Jan<\/time>\t\t<\/span>\t\t<span class=\"article-day\">\t\t\t<time class=\"entry-date published\" datetime=\"\">20<\/time>\t\t<\/span>\t\t<span class=\"article-datetime\">\t\t\t<time class=\"entry-date published\" datetime=\"\">2026<\/time>\t\t<\/span>\t<\/div><div class=\"hsu_category_article-content-wrap\"><div class=\"hsu_category_article-content-wrap-inner\"><div>\t<header class=\"entry-header\">\t\t<h3 class=\"entry-title\">Arbeitszeit \u2013 Gastvortr\u00e4ge im Winter 2026 \u2013 Personalbeziehungen in Netzwerken\t\t<\/h3>\t<\/header><div class=\"entry-content-excerpt\">Professor Dr. Hans Hanau veranstaltet gemeinsam mit Professor Dr. Wenzel Matiaske auch in diesem Wintertrimester eine Gastvortragsreihe \u2013 dieses Jahr zum Thema Arbeitszeit. Die Vortr\u00e4ge finden immer dienstags ab 14 Uhr im Seminarraum 301 statt.<\/div> <\/div><\/div><\/div><\/a><\/article><article  id=\"post-2303\" class=\"category-list-item post-2303 post type-post status-publish format-standard hentry \"><a href=\"https:\/\/www.hsu-hh.de\/arbeitsrecht\/hanau-goes-tokio-vortrag-an-der-gakushuin-universitaet-beim-jdga-symposium-2025\" title=\"Hanau goes Tokio: Vortrag an der Gakush\u016bin-Universit\u00e4t auf dem JDGA-Symposium 2025\" >\t<div class=\"article-listitem-datetime\">\t\t<time class=\"updated\" datetime=\"2026-02-02 11:11:17\"><\/time>\t\t<span class=\"article-month\">\t\t\t<time class=\"entry-date published\" datetime=\"\">Oct<\/time>\t\t<\/span>\t\t<span class=\"article-day\">\t\t\t<time class=\"entry-date published\" datetime=\"\">20<\/time>\t\t<\/span>\t\t<span class=\"article-datetime\">\t\t\t<time class=\"entry-date published\" datetime=\"\">2025<\/time>\t\t<\/span>\t<\/div><div class=\"hsu_category_article-content-wrap\"><div class=\"hsu_category_article-content-wrap-inner\"><div>\t<header class=\"entry-header\">\t\t<h3 class=\"entry-title\">Hanau goes Tokio: Vortrag an der Gakush\u016bin-Universit\u00e4t auf dem JDGA-Symposium 2025\t\t<\/h3>\t<\/header><div class=\"entry-content-excerpt\">Professor Dr. Hans Hanau hielt am 10. Oktober 2025 an der Gakush\u016bin-Universit\u00e4t Tokio einen Vortrag \u201eZum Verh\u00e4ltnis von Arbeitszeitschutz und Entgeltschutz: Hat die Pflicht zum Aufzeichnen der Arbeitszeit Einfluss auf die Beweislast im \u00dcberstundenprozess?\u201c. Das Referat wurde dem Auditorium konsekutiv ins Japanische \u00fcbersetzt.<\/div> <\/div><\/div><\/div><\/a><\/article><article  id=\"post-2333\" class=\"category-list-item post-2333 post type-post status-publish format-standard hentry \"><a href=\"https:\/\/www.hsu-hh.de\/arbeitsrecht\/beweislast-im-ueberstundenprozess-ap-anmerkung-von-prof-dr-hans-hanau\" title=\"Beweislast im \u00dcberstundenprozess \u2013 AP-Anmerkung von Prof. Dr. Hans Hanau\" >\t<div class=\"article-listitem-datetime\">\t\t<time class=\"updated\" datetime=\"2026-02-09 15:04:42\"><\/time>\t\t<span class=\"article-month\">\t\t\t<time class=\"entry-date published\" datetime=\"\">Oct<\/time>\t\t<\/span>\t\t<span class=\"article-day\">\t\t\t<time class=\"entry-date published\" datetime=\"\">01<\/time>\t\t<\/span>\t\t<span class=\"article-datetime\">\t\t\t<time class=\"entry-date published\" datetime=\"\">2025<\/time>\t\t<\/span>\t<\/div><div class=\"hsu_category_article-content-wrap\"><div class=\"hsu_category_article-content-wrap-inner\"><div>\t<header class=\"entry-header\">\t\t<h3 class=\"entry-title\">Beweislast im \u00dcberstundenprozess \u2013 AP-Anmerkung von Prof. Dr. Hans Hanau\t\t<\/h3>\t<\/header><div class=\"entry-content-excerpt\">Das Bundesarbeitsgericht hat in seinem Urteil vom 12.02.2025 (5 AZR 51\/24) unter anderem klargestellt, dass aus einer Pflicht zur Aufzeichnung der Arbeitszeit nicht ohne Weiteres Beweiserleichterungen im \u00dcberstunden(verg\u00fctungs)prozess folgen. In seiner Anmerkung f\u00fcr das Nachschlagewerk Arbeitsrechtliche Praxis (AP) begr\u00fc\u00dft Professor Hanau die Entscheidung, ordnet sie systematisch ein und zeigt dabei auf, dass sich die Arbeitszeit...<\/div> <\/div><\/div><\/div><\/a><\/article><article  id=\"post-2310\" class=\"category-list-item post-2310 post type-post status-publish format-standard hentry \"><a href=\"https:\/\/www.hsu-hh.de\/arbeitsrecht\/der-arbeitgeberaehnliche-festschriftbeitrag-von-hans-hanau-zum-65-geburstag-von-stefan-lunk\" title=\"Der Arbeitgeber\u00e4hnliche \u2013 Festschriftbeitrag von Hans Hanau zum 65. Geburstag von Stefan Lunk\" >\t<div class=\"article-listitem-datetime\">\t\t<time class=\"updated\" datetime=\"2026-01-27 17:41:02\"><\/time>\t\t<span class=\"article-month\">\t\t\t<time class=\"entry-date published\" datetime=\"\">Jun<\/time>\t\t<\/span>\t\t<span class=\"article-day\">\t\t\t<time class=\"entry-date published\" datetime=\"\">28<\/time>\t\t<\/span>\t\t<span class=\"article-datetime\">\t\t\t<time class=\"entry-date published\" datetime=\"\">2025<\/time>\t\t<\/span>\t<\/div><div class=\"hsu_category_article-content-wrap\"><div class=\"hsu_category_article-content-wrap-inner\"><div>\t<header class=\"entry-header\">\t\t<h3 class=\"entry-title\">Der Arbeitgeber\u00e4hnliche \u2013 Festschriftbeitrag von Hans Hanau zum 65. Geburstag von Stefan Lunk\t\t<\/h3>\t<\/header><div class=\"entry-content-excerpt\">In seinem Festschriftbeitrag greift Professor Hans Hanau die Figur des \u201eArbeitgeber\u00e4hnlichen\u201c auf, die auch der Jubilar verschiedentlich in den wissenschaftlichen Diskurs eingebracht hat.<\/div> <\/div><\/div><\/div><\/a><\/article><article  id=\"post-2283\" class=\"category-list-item post-2283 post type-post status-publish format-standard hentry \"><a href=\"https:\/\/www.hsu-hh.de\/arbeitsrecht\/gastvrotrag_dullinger_2025\" title=\"Grenz\u00fcberschreitender K\u00fcndigungsschutz \u2013 Gastvortrag von Dr. Thomas Dullinger (WU Wien)\" >\t<div class=\"article-listitem-datetime\">\t\t<time class=\"updated\" datetime=\"2025-05-27 17:04:27\"><\/time>\t\t<span class=\"article-month\">\t\t\t<time class=\"entry-date published\" datetime=\"\">May<\/time>\t\t<\/span>\t\t<span class=\"article-day\">\t\t\t<time class=\"entry-date published\" datetime=\"\">27<\/time>\t\t<\/span>\t\t<span class=\"article-datetime\">\t\t\t<time class=\"entry-date published\" datetime=\"\">2025<\/time>\t\t<\/span>\t<\/div><div class=\"hsu_category_article-content-wrap\"><div class=\"hsu_category_article-content-wrap-inner\"><div>\t<header class=\"entry-header\">\t\t<h3 class=\"entry-title\">Grenz\u00fcberschreitender K\u00fcndigungsschutz \u2013 Gastvortrag von Dr. Thomas Dullinger (WU Wien)\t\t<\/h3>\t<\/header><div class=\"entry-content-excerpt\">Der Vortrag findet am 2. Juni 2025 um 16.00 Uhr im H1, SR 207 statt.<\/div> <\/div><\/div><\/div><\/a><\/article><\/div><div class=\"col-xs-12 col-md-3 col-md-push-4\"><span class=\"link no-arrow\"><button class=\"categorymore hsu_btn\" id=\"8iTUrsH5\"  data-category=\"Startseite\" data-categoryid=\"148\" data-posts_per_page=\"5\" data-order=\"DESC\" data-paged=\"2\" data-more_posts=\"1\" data-nocontent=\"1\" data-uid=\"8iTUrsH5\">Mehr Beitr\u00e4ge<\/button><\/span><\/div><div class=\"clearfix\"><\/div>\n<h3>Bekanntmachungen f\u00fcr Studenten<\/h3>\n<div id=\"category_content_QAMKtkuE\" class=\"hsu_category archive-page\"><article  id=\"post-1900\" class=\"category-list-item post-1900 post type-post status-publish format-standard hentry \"><a href=\"https:\/\/www.hsu-hh.de\/arbeitsrecht\/klausureinsichtnahme-risiko-und-vertrag-risikoverteilung-in-austauschbeziehungen-vom-29-03-2023\" title=\"Klausureinsicht: Risiko und Vertrag: Risikoverteilung in Austauschbeziehungen vom 29.03.2023\" >\t<div class=\"article-listitem-datetime\">\t\t<time class=\"updated\" datetime=\"2023-04-25 10:51:31\"><\/time>\t\t<span class=\"article-month\">\t\t\t<time class=\"entry-date published\" datetime=\"\">Apr<\/time>\t\t<\/span>\t\t<span class=\"article-day\">\t\t\t<time class=\"entry-date published\" datetime=\"\">25<\/time>\t\t<\/span>\t\t<span class=\"article-datetime\">\t\t\t<time class=\"entry-date published\" datetime=\"\">2023<\/time>\t\t<\/span>\t<\/div><div class=\"hsu_category_article-content-wrap\"><div class=\"hsu_category_article-content-wrap-inner\"><div>\t<header class=\"entry-header\">\t\t<h3 class=\"entry-title\">Klausureinsicht: Risiko und Vertrag: Risikoverteilung in Austauschbeziehungen vom 29.03.2023\t\t<\/h3>\t<\/header><div class=\"entry-content-excerpt\">Die Einsichtnahme f\u00fcr die Klausur Risiko und Vertrag: Risikoverteilung in Austauschbeziehungen vom 29.03.2023 findet in der KW20 (Himmelfahrtswoche) statt. Bitte melden Sie sich daf\u00fcr bis sp\u00e4testens 28.04.2023, 14 Uhr an. Versp\u00e4tete Anmeldungen k\u00f6nnen leider nicht mehr ber\u00fccksichtigt werden. Die Anmeldung erfolgt per E-Mail mit dem Betreff &#8222;RuV-Einsicht&#8220; und unter Mitteilung Ihres Namens und Ihrer Matrikelnummer...<\/div> <\/div><\/div><\/div><\/a><\/article><article  id=\"post-970\" class=\"category-list-item post-970 post type-post status-publish format-standard hentry \"><a href=\"https:\/\/www.hsu-hh.de\/arbeitsrecht\/klausureinsicht_arbeitsrecht_ft2019\" title=\"Klausureinsicht: Arbeitsrecht\" >\t<div class=\"article-listitem-datetime\">\t\t<time class=\"updated\" datetime=\"2020-01-16 13:49:53\"><\/time>\t\t<span class=\"article-month\">\t\t\t<time class=\"entry-date published\" datetime=\"\">Jan<\/time>\t\t<\/span>\t\t<span class=\"article-day\">\t\t\t<time class=\"entry-date published\" datetime=\"\">16<\/time>\t\t<\/span>\t\t<span class=\"article-datetime\">\t\t\t<time class=\"entry-date published\" datetime=\"\">2020<\/time>\t\t<\/span>\t<\/div><div class=\"hsu_category_article-content-wrap\"><div class=\"hsu_category_article-content-wrap-inner\"><div>\t<header class=\"entry-header\">\t\t<h3 class=\"entry-title\">Klausureinsicht: Arbeitsrecht\t\t<\/h3>\t<\/header><div class=\"entry-content-excerpt\">Die Klausur im Arbeitsrecht vom 17.12.2019 kann am Montag, dem 20.01.2020 von 10.00 bis 11.45 Uhr in den R\u00e4umen 2112 und 2114 eingesehen werden. Bitte beachten Sie die genaue Raumverteilung vor Ort! Ihre Klausur kann nur in dem Ihnen zugewiesenen Raum eingesehen werden.<\/div> <\/div><\/div><\/div><\/a><\/article><article  id=\"post-923\" class=\"category-list-item post-923 post type-post status-publish format-standard hentry \"><a href=\"https:\/\/www.hsu-hh.de\/arbeitsrecht\/uebung_wpr_i_ht2019\" title=\"\u00dcbung im Wirtschaftsprivatrecht I (HT 2019)\" >\t<div class=\"article-listitem-datetime\">\t\t<time class=\"updated\" datetime=\"2019-12-05 10:56:14\"><\/time>\t\t<span class=\"article-month\">\t\t\t<time class=\"entry-date published\" datetime=\"\">Nov<\/time>\t\t<\/span>\t\t<span class=\"article-day\">\t\t\t<time class=\"entry-date published\" datetime=\"\">19<\/time>\t\t<\/span>\t\t<span class=\"article-datetime\">\t\t\t<time class=\"entry-date published\" datetime=\"\">2019<\/time>\t\t<\/span>\t<\/div><div class=\"hsu_category_article-content-wrap\"><div class=\"hsu_category_article-content-wrap-inner\"><div>\t<header class=\"entry-header\">\t\t<h3 class=\"entry-title\">\u00dcbung im Wirtschaftsprivatrecht I (HT 2019)\t\t<\/h3>\t<\/header><div class=\"entry-content-excerpt\">UPDATE: Die Veranstaltung am 06.12. findet vereinbarungsgem\u00e4\u00df nicht statt. Die zus\u00e4tzlich angebotene \u00dcbung im Wirtschaftsprivatrecht I bei Ass. jur. Marie Kruckow und Dipl.-Jur. Andreas Z\u00f6llner findet am Freitag, dem 29.11.2019, 8.00 bis 9.30 Uhr (H1, SR 401\/402) Freitag, dem 06.12.2019, 8.00 bis 9.30 Uhr (H1, SR 401\/402) statt.<\/div> <\/div><\/div><\/div><\/a><\/article><article  id=\"post-910\" class=\"category-list-item post-910 post type-post status-publish format-standard hentry \"><a href=\"https:\/\/www.hsu-hh.de\/arbeitsrecht\/klausureinsicht_wpr_i_02-09-19\" title=\"Klausureinsicht: Wirtschaftsprivatrecht I vom 02.09.2019\" >\t<div class=\"article-listitem-datetime\">\t\t<time class=\"updated\" datetime=\"2019-10-22 11:03:07\"><\/time>\t\t<span class=\"article-month\">\t\t\t<time class=\"entry-date published\" datetime=\"\">Oct<\/time>\t\t<\/span>\t\t<span class=\"article-day\">\t\t\t<time class=\"entry-date published\" datetime=\"\">22<\/time>\t\t<\/span>\t\t<span class=\"article-datetime\">\t\t\t<time class=\"entry-date published\" datetime=\"\">2019<\/time>\t\t<\/span>\t<\/div><div class=\"hsu_category_article-content-wrap\"><div class=\"hsu_category_article-content-wrap-inner\"><div>\t<header class=\"entry-header\">\t\t<h3 class=\"entry-title\">Klausureinsicht: Wirtschaftsprivatrecht I vom 02.09.2019\t\t<\/h3>\t<\/header><div class=\"entry-content-excerpt\">Die Klausur Wirtschaftsprivatrecht I vom 02.09.2019 kann am &nbsp; Dienstag, dem 05.11.2019 von 10 bis 12 Uhr &nbsp; in den R\u00e4ume 2112 und 2114 eingesehen werden. Bitte planen Sie l\u00e4ngere Wartezeiten ein! Bitte pr\u00fcfen Sie an diesem Tag diese Seite noch einmal auf die Bekanntgabe etwaiger Modi der Einsichtnahme!<\/div> <\/div><\/div><\/div><\/a><\/article><article  id=\"post-861\" class=\"category-list-item post-861 post type-post status-publish format-standard hentry \"><a href=\"https:\/\/www.hsu-hh.de\/arbeitsrecht\/uebung_arbr_ft-2019\" title=\"\u00dcbung im Arbeitsrecht (FT 2019)\" >\t<div class=\"article-listitem-datetime\">\t\t<time class=\"updated\" datetime=\"2019-06-17 11:38:03\"><\/time>\t\t<span class=\"article-month\">\t\t\t<time class=\"entry-date published\" datetime=\"\">Jun<\/time>\t\t<\/span>\t\t<span class=\"article-day\">\t\t\t<time class=\"entry-date published\" datetime=\"\">17<\/time>\t\t<\/span>\t\t<span class=\"article-datetime\">\t\t\t<time class=\"entry-date published\" datetime=\"\">2019<\/time>\t\t<\/span>\t<\/div><div class=\"hsu_category_article-content-wrap\"><div class=\"hsu_category_article-content-wrap-inner\"><div>\t<header class=\"entry-header\">\t\t<h3 class=\"entry-title\">\u00dcbung im Arbeitsrecht (FT 2019)\t\t<\/h3>\t<\/header><div class=\"entry-content-excerpt\">Die Materialien zur \u00dcbung im Arbeitsrecht (Z\u00f6llner\/Kruckow) finden Sie im Intranet (hier &gt;&gt;).<\/div> <\/div><\/div><\/div><\/a><\/article><\/div><div class=\"col-xs-12 col-md-3 col-md-push-4\"><span class=\"link no-arrow\"><button class=\"categorymore hsu_btn\" id=\"QAMKtkuE\"  data-category=\"Startseite\" data-categoryid=\"152\" data-posts_per_page=\"5\" data-order=\"DESC\" data-paged=\"2\" data-more_posts=\"1\" data-nocontent=\"1\" data-uid=\"QAMKtkuE\">Mehr Beitr\u00e4ge<\/button><\/span><\/div><div class=\"clearfix\"><\/div>\n<p>&nbsp;<\/p>\n","protected":false},"excerpt":{"rendered":"<p>&nbsp; News Bekanntmachungen f\u00fcr Studenten &nbsp;<\/p>\n","protected":false},"author":1,"featured_media":0,"parent":0,"menu_order":0,"comment_status":"closed","ping_status":"closed","template":"","meta":{"footnotes":""},"categories":[],"tags":[98,106,44,94,156,104,102,96,154,100],"class_list":["post-73","page","type-page","status-publish","hentry","tag-andreas-zoellner","tag-arbeitsrecht","tag-hanau","tag-hans-hanau","tag-hendrik-schwager","tag-kruckow","tag-marie-kruckow","tag-prof-hanau","tag-schwager","tag-zoellner"],"_links":{"self":[{"href":"https:\/\/www.hsu-hh.de\/arbeitsrecht\/wp-json\/wp\/v2\/pages\/73","targetHints":{"allow":["GET"]}}],"collection":[{"href":"https:\/\/www.hsu-hh.de\/arbeitsrecht\/wp-json\/wp\/v2\/pages"}],"about":[{"href":"https:\/\/www.hsu-hh.de\/arbeitsrecht\/wp-json\/wp\/v2\/types\/page"}],"author":[{"embeddable":true,"href":"https:\/\/www.hsu-hh.de\/arbeitsrecht\/wp-json\/wp\/v2\/users\/1"}],"replies":[{"embeddable":true,"href":"https:\/\/www.hsu-hh.de\/arbeitsrecht\/wp-json\/wp\/v2\/comments?post=73"}],"version-history":[{"count":55,"href":"https:\/\/www.hsu-hh.de\/arbeitsrecht\/wp-json\/wp\/v2\/pages\/73\/revisions"}],"predecessor-version":[{"id":2352,"href":"https:\/\/www.hsu-hh.de\/arbeitsrecht\/wp-json\/wp\/v2\/pages\/73\/revisions\/2352"}],"wp:attachment":[{"href":"https:\/\/www.hsu-hh.de\/arbeitsrecht\/wp-json\/wp\/v2\/media?parent=73"}],"wp:term":[{"taxonomy":"category","embeddable":true,"href":"https:\/\/www.hsu-hh.de\/arbeitsrecht\/wp-json\/wp\/v2\/categories?post=73"},{"taxonomy":"post_tag","embeddable":true,"href":"https:\/\/www.hsu-hh.de\/arbeitsrecht\/wp-json\/wp\/v2\/tags?post=73"}],"curies":[{"name":"wp","href":"https:\/\/api.w.org\/{rel}","templated":true}]}}