{"id":366,"date":"2017-09-29T08:30:54","date_gmt":"2017-09-29T06:30:54","guid":{"rendered":"https:\/\/www.hsu-hh.de\/arbeitsrecht\/?page_id=366"},"modified":"2022-07-04T14:11:43","modified_gmt":"2022-07-04T12:11:43","slug":"team-2","status":"publish","type":"page","link":"https:\/\/www.hsu-hh.de\/arbeitsrecht\/en\/team-2","title":{"rendered":"Team"},"content":{"rendered":"<h3>Professor of Law Dr. Hans Hanau<\/h3>\n<p><strong>mailing adress:\u00a0\u00a0 <\/strong><\/p>\n<p>Helmut-Schmidt-Universit\u00e4t, D-22039 Hamburg<\/p>\n<p><strong>visiting adress:<\/strong><br \/>\nHelmut-Schmidt-Universit\u00e4t<br \/>\nHolstenhofweg 85, H1, Room 2116<br \/>\nD-22043 Hamburg<\/p>\n<p>Tel.: +49(0)40\/6541-2781<\/p>\n<p>Fax: 040\/6541-3537<\/p>\n<p>E-Mail: <a href=\"mailto:hanau@hsu-hh.de\" rel='nofollow'>hanau@hsu-hh.de<\/a><\/p>\n<p><strong>consulation<\/strong> by arrangement<\/p>\n<p><a href=\"https:\/\/www.hsu-hh.de\/arbeitsrecht\/wp-content\/uploads\/sites\/723\/2017\/09\/Lebenslauf-Homepage.pdf\">curriculum vitae<\/a><\/p>\n<p><a href=\"https:\/\/www.hsu-hh.de\/arbeitsrecht\/wp-content\/uploads\/sites\/723\/2017\/09\/Schriftenverzeichnis-Homepage-1.pdf\">List of publications<\/a><\/p>\n<h3>Office<\/h3>\n<p><strong>Anja Lahann<\/strong><\/p>\n<p><strong>mailing adress:<\/strong> D-22039 Hamburg<\/p>\n<p><strong>visiting adress:<\/strong> Holstenhofweg 85, D-22043 Hamburg<\/p>\n<p>H1, Room 2115<\/p>\n<p>Tel.: 040\/6541-2621<\/p>\n<p>Fax: 040\/6541-2087<\/p>\n<p>E-Mail: <a href=\"lahanna@hsu-hh.de\" rel='nofollow'>lahanna@hsu-hh.de<\/a><\/p>\n<h3>Graduate\u00a0 assistant<\/h3>\n<p><strong><abbr title=\"Rechtsreferendar\">Ref. jur.<\/abbr> Marie Kruckow<\/strong><\/p>\n<p><strong>mailing adress:<\/strong> D-22039 Hamburg<\/p>\n<p><strong>visiting adress:<\/strong> Holstenhofweg 85, D-22043 Hamburg<\/p>\n<p>H1, Room 2112<\/p>\n<p>Tel.: 040\/6541-3196<\/p>\n<p>Fax: 040\/6541-3250<\/p>\n<p>E-Mail: <a href=\"mailto:marie.kruckow@hsu-hh.de\" rel='nofollow'>marie.kruckow@hsu-hh.de<\/a><\/p>\n<hr \/>\n<p><strong> <abbr title=\"Diplom-Jurist\">Dipl.-Jur.<\/abbr> Andreas Z\u00f6llner<\/strong><\/p>\n<p><strong>mailing adress:<\/strong> D-22039 Hamburg<\/p>\n<p><strong>visiting adress:<\/strong> Holstenhofweg 85, D-22043 Hamburg<\/p>\n<p>H1, Room 2114<\/p>\n<p>Tel.: 040\/6541-2109<\/p>\n<p>E-Mail: <a href=\"mailto:andreas.zoellner@hsu-hh.de\" rel='nofollow'>andreas.zoellner@hsu-hh.de<\/a><\/p>\n<p><strong>Curriculum vitae:<\/strong><\/p>\n<p><em>Akademischer Werdegang<\/em><\/p>\n<p>Seit 2017: Doktorand der Bucerius Law School mit einem arbeitsrechtlichen Promotionsvorhaben<\/p>\n<p>2010-2016: Studium der Rechtswissenschaft an der Universit\u00e4t Hamburg, abgeschlossen mit der Ersten Juristischen Pr\u00fcfung vor dem Justizpr\u00fcfungsamt bei dem Hanseatischen Oberlandesgericht<\/p>\n<p><em>Beruflicher Werdegang<\/em><\/p>\n<p>Seit 2016: Wissenschaftlicher Mitarbeiter der Helmut-Schmidt-Universit\u00e4t\/Universit\u00e4t der Bundeswehr bei der Professur f\u00fcr B\u00fcrgerliches Recht, Handels-, Wirtschafts- und Arbeitsrecht des Herrn Professor <abbr title=\"Doktor\">Dr.<\/abbr> Hans Hanau<\/p>\n<p>Seit 2016: Tutor f\u00fcr B\u00fcrgerliches Recht, Handels- und Gesellschaftsrecht an der Hochschule f\u00fcr Angewandte Wissenschaften Hamburg bei der Professur f\u00fcr Recht der Frau Professorin <abbr title=\"Doktor\">Dr.<\/abbr> Birgit Weiher<\/p>\n<p>2013-2016: Mitarbeiter bei der Fachanwaltskanzlei f\u00fcr Arbeitsrecht Gragert \u2666 Stamer Partnerschaft von Rechtsanw\u00e4lten mbB in Hamburg<\/p>\n<p><strong>Mitgliedschaften\/Ehren\u00e4mter<\/strong><\/p>\n<p>&#8211; Senat der Bucerius Law School<\/p>\n<p>&#8211; Hamburger Verein f\u00fcr Arbeitsrecht e.V.<\/p>\n<p>&#8211; Offiziersheimgesellschaft der Universit\u00e4t der Bundeswehr e.V.<\/p>\n<h3>Undergraduate assistant<\/h3>\n<p><strong>Jacob Jesche<\/strong><\/p>\n<h3>Former employee<\/h3>\n<p><strong>Lawyer <abbr title=\"Doktor\">Dr.<\/abbr> Niels Bialeck<\/strong><\/p>\n<p><strong>mailing adress:<\/strong> 22039 Hamburg<\/p>\n<p><strong>visiting adress:<\/strong> Holstenhofweg 85, 22043 Hamburg<\/p>\n<p>Geb\u00e4ude H1, Raum 2112<\/p>\n<p>Tel.: 040\/6541-3296<br \/>\nFax: 040\/6541-3250<\/p>\n<p>E-Mail: <a href=\"mailto:bialeck@hsu-hh.de\" rel='nofollow'>bialeck@hsu-hh.de<\/a><\/p>\n","protected":false},"excerpt":{"rendered":"<p>Professor of Law Dr. Hans Hanau mailing adress:\u00a0\u00a0 Helmut-Schmidt-Universit\u00e4t, D-22039 Hamburg visiting adress: Helmut-Schmidt-Universit\u00e4t Holstenhofweg 85, H1, Room 2116 D-22043 Hamburg Tel.: +49(0)40\/6541-2781 Fax: 040\/6541-3537 E-Mail: hanau@hsu-hh.de consulation by arrangement [&hellip;]<\/p>\n","protected":false},"author":64,"featured_media":0,"parent":0,"menu_order":0,"comment_status":"closed","ping_status":"closed","template":"","meta":{"footnotes":""},"categories":[9],"tags":[88],"class_list":["post-366","page","type-page","status-publish","hentry","category-team-en","tag-team-en"],"_links":{"self":[{"href":"https:\/\/www.hsu-hh.de\/arbeitsrecht\/wp-json\/wp\/v2\/pages\/366","targetHints":{"allow":["GET"]}}],"collection":[{"href":"https:\/\/www.hsu-hh.de\/arbeitsrecht\/wp-json\/wp\/v2\/pages"}],"about":[{"href":"https:\/\/www.hsu-hh.de\/arbeitsrecht\/wp-json\/wp\/v2\/types\/page"}],"author":[{"embeddable":true,"href":"https:\/\/www.hsu-hh.de\/arbeitsrecht\/wp-json\/wp\/v2\/users\/64"}],"replies":[{"embeddable":true,"href":"https:\/\/www.hsu-hh.de\/arbeitsrecht\/wp-json\/wp\/v2\/comments?post=366"}],"version-history":[{"count":34,"href":"https:\/\/www.hsu-hh.de\/arbeitsrecht\/wp-json\/wp\/v2\/pages\/366\/revisions"}],"predecessor-version":[{"id":1705,"href":"https:\/\/www.hsu-hh.de\/arbeitsrecht\/wp-json\/wp\/v2\/pages\/366\/revisions\/1705"}],"wp:attachment":[{"href":"https:\/\/www.hsu-hh.de\/arbeitsrecht\/wp-json\/wp\/v2\/media?parent=366"}],"wp:term":[{"taxonomy":"category","embeddable":true,"href":"https:\/\/www.hsu-hh.de\/arbeitsrecht\/wp-json\/wp\/v2\/categories?post=366"},{"taxonomy":"post_tag","embeddable":true,"href":"https:\/\/www.hsu-hh.de\/arbeitsrecht\/wp-json\/wp\/v2\/tags?post=366"}],"curies":[{"name":"wp","href":"https:\/\/api.w.org\/{rel}","templated":true}]}}