{"id":350,"date":"2017-09-27T14:30:37","date_gmt":"2017-09-27T12:30:37","guid":{"rendered":"https:\/\/www.hsu-hh.de\/arbeitsrecht\/?page_id=350"},"modified":"2018-05-18T16:56:10","modified_gmt":"2018-05-18T14:56:10","slug":"forschung","status":"publish","type":"page","link":"https:\/\/www.hsu-hh.de\/arbeitsrecht\/forschung","title":{"rendered":"Forschung"},"content":{"rendered":"<p>Die Forschungsschwerpunkte von Professor <abbr title=\"Doktor\">Dr.<\/abbr> Hanau und seinem Team liegen im individuellen, kollektiven und europ\u00e4ischen Arbeitsrecht, insbesondere im Bereich der Digitalisierung und Entgrenzung der Arbeitswelt.<\/p>\n<p>&nbsp;<\/p>\n<p>Professor <abbr title=\"Doktor\">Dr.<\/abbr> Hanau ist zudem Mitglied des von der Landesforschungsf\u00f6rderung Hamburg gef\u00f6rderten multidisziplin\u00e4ren\u00a0<a href=\"https:\/\/www.sga.uni-hamburg.de\/\" rel='nofollow'>Forschungsverbundes &#8222;Standards guter Arbeit&#8220;<\/a>.<\/p>\n<p>&nbsp;<\/p>\n<p><img loading=\"lazy\" decoding=\"async\" class=\"aligncenter wp-image-668 size-slider-image\" src=\"https:\/\/www.hsu-hh.de\/arbeitsrecht\/wp-content\/uploads\/sites\/723\/2018\/05\/AP-Regal-e1526655345382-1800x600.jpg\" alt=\"B\u00fccher\" width=\"1800\" height=\"600\" \/><\/p>\n","protected":false},"excerpt":{"rendered":"<p>Die Forschungsschwerpunkte von Professor Dr. Hanau und seinem Team liegen im individuellen, kollektiven und europ\u00e4ischen Arbeitsrecht, insbesondere im Bereich der Digitalisierung und Entgrenzung der Arbeitswelt. &nbsp; Professor Dr. Hanau ist [&hellip;]<\/p>\n","protected":false},"author":64,"featured_media":0,"parent":0,"menu_order":0,"comment_status":"closed","ping_status":"closed","template":"","meta":{"footnotes":""},"categories":[],"tags":[],"class_list":["post-350","page","type-page","status-publish","hentry"],"_links":{"self":[{"href":"https:\/\/www.hsu-hh.de\/arbeitsrecht\/wp-json\/wp\/v2\/pages\/350","targetHints":{"allow":["GET"]}}],"collection":[{"href":"https:\/\/www.hsu-hh.de\/arbeitsrecht\/wp-json\/wp\/v2\/pages"}],"about":[{"href":"https:\/\/www.hsu-hh.de\/arbeitsrecht\/wp-json\/wp\/v2\/types\/page"}],"author":[{"embeddable":true,"href":"https:\/\/www.hsu-hh.de\/arbeitsrecht\/wp-json\/wp\/v2\/users\/64"}],"replies":[{"embeddable":true,"href":"https:\/\/www.hsu-hh.de\/arbeitsrecht\/wp-json\/wp\/v2\/comments?post=350"}],"version-history":[{"count":5,"href":"https:\/\/www.hsu-hh.de\/arbeitsrecht\/wp-json\/wp\/v2\/pages\/350\/revisions"}],"predecessor-version":[{"id":669,"href":"https:\/\/www.hsu-hh.de\/arbeitsrecht\/wp-json\/wp\/v2\/pages\/350\/revisions\/669"}],"wp:attachment":[{"href":"https:\/\/www.hsu-hh.de\/arbeitsrecht\/wp-json\/wp\/v2\/media?parent=350"}],"wp:term":[{"taxonomy":"category","embeddable":true,"href":"https:\/\/www.hsu-hh.de\/arbeitsrecht\/wp-json\/wp\/v2\/categories?post=350"},{"taxonomy":"post_tag","embeddable":true,"href":"https:\/\/www.hsu-hh.de\/arbeitsrecht\/wp-json\/wp\/v2\/tags?post=350"}],"curies":[{"name":"wp","href":"https:\/\/api.w.org\/{rel}","templated":true}]}}