{"id":1182,"date":"2020-11-19T15:56:13","date_gmt":"2020-11-19T14:56:13","guid":{"rendered":"https:\/\/www.hsu-hh.de\/arbeitsrecht\/?page_id=1182"},"modified":"2020-11-26T12:09:47","modified_gmt":"2020-11-26T11:09:47","slug":"hinweise-fuer-studierende","status":"publish","type":"page","link":"https:\/\/www.hsu-hh.de\/arbeitsrecht\/lehre\/hinweise-fuer-studierende","title":{"rendered":"Hinweise f\u00fcr Studierende"},"content":{"rendered":"\n<h2 class=\"wp-block-heading\"><strong>Hilfsmittel<\/strong> <strong>in Klausuren<\/strong><\/h2>\n\n\n\n<div class=\"wp-block-image is-style-default\"><figure class=\"alignleft size-large is-resized\"><img loading=\"lazy\" decoding=\"async\" src=\"https:\/\/www.hsu-hh.de\/arbeitsrecht\/wp-content\/uploads\/sites\/723\/2020\/11\/Klausuren-1024x768.jpg\" data-credit=\"Hendrik Schwager\" alt=\"Klausuren\" class=\"wp-image-1195\" width=\"303\" height=\"227\" \/><\/figure><\/div>\n\n\n\n<p>Erlaubte Hilfsmittel sind <strong>unkommentierte Rechtsnormen<\/strong>. Als \u201eunkommentiert\u201c gelten Rechtsnormen grunds\u00e4tzlich in der vom Normgeber oder vom Verlag ver\u00f6ffentlichten Textfassung. <em>Zul\u00e4ssig<\/em> ist nur das Anbringen von Verweisungen auf andere Normen (Nummern) am Rand eines Normtextes, ferner das Unterstreichen oder Markieren von Text im Sinne einer Lesehilfe. Keinesfalls d\u00fcrfen diese Hinzuf\u00fcgungen einem System folgen; insbesondere darf sich aus ihnen keine bestimmte Pr\u00fcfungsreihenfolge ergeben.<\/p>\n\n\n\n<p>Unter Ber\u00fccksichtigung dieser Vorgaben sind auch am Rand befestigte Reiter zul\u00e4ssig, etwa um in Gesetzessammlungen den Anfang eines Gesetzes zu markieren.<\/p>\n\n\n\n<p>Bitte beachten Sie, dass nicht der klausurstellende Lehrstuhl, sondern allein der <a href=\"https:\/\/www.hsu-hh.de\/prfgawiso\/\">Pr\u00fcfungsausschuss<\/a> zu entscheiden hat, ob ein T\u00e4uschungsversuch vorliegt. Daher k\u00f6nnen wir nur den allgemeinen Rat geben, zur\u00fcckhaltend zu markieren, um im Zweifel auf der sicheren Seite zu sein.<\/p>\n\n\n\n<h2 class=\"wp-block-heading\"><strong>Bachelor-, Master- und Seminararbeiten<\/strong><\/h2>\n\n\n\n<p>Die aktuellen Anforderungen an die Formalia bei Hausarbeiten finden Sie hier:<\/p>\n\n\n\n<div class=\"wp-block-hsu-downloadblock\"><div class=\"thumbnail-area\"><img decoding=\"async\" src=\"\/wp-content\/themes\/hsu\/img\/dummy\/downloads_dummy.png\" alt=\"Download Symbol-Icon\" \/><\/div><div class=\"text-area\">Formalia Hausarbeiten Arbeitsrecht (Stand 05-04-2016)<\/div><div class=\"download-area\"><a class=\"download-link\" href=\"https:\/\/www.hsu-hh.de\/arbeitsrecht\/wp-content\/uploads\/sites\/723\/2017\/09\/Formalia-Hausarbeiten-Arbeitsrecht-Stand-05-04-2016.pdf\"><span class=\"download-name\">pdf laden<\/span><span class=\"download-icon\"><img decoding=\"async\" class=\"download-icon\" alt=\"download icon\" src=\"\/wp-content\/themes\/hsu\/img\/icons\/download_icon.png\" \/><\/span><span class=\"download-size\">153 kB<\/span><\/a><\/div><\/div>\n","protected":false},"excerpt":{"rendered":"<p>Hilfsmittel in Klausuren Erlaubte Hilfsmittel sind unkommentierte Rechtsnormen. Als \u201eunkommentiert\u201c gelten Rechtsnormen grunds\u00e4tzlich in der vom Normgeber oder vom Verlag ver\u00f6ffentlichten Textfassung. Zul\u00e4ssig ist nur das Anbringen von Verweisungen auf [&hellip;]<\/p>\n","protected":false},"author":2456,"featured_media":0,"parent":259,"menu_order":0,"comment_status":"closed","ping_status":"closed","template":"","meta":{"footnotes":""},"categories":[4],"tags":[201,204,199,198,200,197,68,203,202],"class_list":["post-1182","page","type-page","status-publish","hentry","category-start","tag-erlaubt","tag-formalia","tag-gesetze","tag-hilfsmittel","tag-hilfsmittelverfuegung","tag-klausuren","tag-lehre","tag-markierungen","tag-verboten"],"_links":{"self":[{"href":"https:\/\/www.hsu-hh.de\/arbeitsrecht\/wp-json\/wp\/v2\/pages\/1182","targetHints":{"allow":["GET"]}}],"collection":[{"href":"https:\/\/www.hsu-hh.de\/arbeitsrecht\/wp-json\/wp\/v2\/pages"}],"about":[{"href":"https:\/\/www.hsu-hh.de\/arbeitsrecht\/wp-json\/wp\/v2\/types\/page"}],"author":[{"embeddable":true,"href":"https:\/\/www.hsu-hh.de\/arbeitsrecht\/wp-json\/wp\/v2\/users\/2456"}],"replies":[{"embeddable":true,"href":"https:\/\/www.hsu-hh.de\/arbeitsrecht\/wp-json\/wp\/v2\/comments?post=1182"}],"version-history":[{"count":84,"href":"https:\/\/www.hsu-hh.de\/arbeitsrecht\/wp-json\/wp\/v2\/pages\/1182\/revisions"}],"predecessor-version":[{"id":1305,"href":"https:\/\/www.hsu-hh.de\/arbeitsrecht\/wp-json\/wp\/v2\/pages\/1182\/revisions\/1305"}],"up":[{"embeddable":true,"href":"https:\/\/www.hsu-hh.de\/arbeitsrecht\/wp-json\/wp\/v2\/pages\/259"}],"wp:attachment":[{"href":"https:\/\/www.hsu-hh.de\/arbeitsrecht\/wp-json\/wp\/v2\/media?parent=1182"}],"wp:term":[{"taxonomy":"category","embeddable":true,"href":"https:\/\/www.hsu-hh.de\/arbeitsrecht\/wp-json\/wp\/v2\/categories?post=1182"},{"taxonomy":"post_tag","embeddable":true,"href":"https:\/\/www.hsu-hh.de\/arbeitsrecht\/wp-json\/wp\/v2\/tags?post=1182"}],"curies":[{"name":"wp","href":"https:\/\/api.w.org\/{rel}","templated":true}]}}