{"id":1074,"date":"2020-03-16T16:12:59","date_gmt":"2020-03-16T15:12:59","guid":{"rendered":"https:\/\/www.hsu-hh.de\/arbeitsrecht\/?page_id=1074"},"modified":"2023-02-22T10:26:21","modified_gmt":"2023-02-22T09:26:21","slug":"schwager","status":"publish","type":"page","link":"https:\/\/www.hsu-hh.de\/arbeitsrecht\/schwager","title":{"rendered":"Dipl.-Jur. Hendrik Schwager"},"content":{"rendered":"<div>\n<div>\n<div class=\"ansprechparter-container\">\n<div class=\"row ansprechpartner-item ansprechparter-header\">\n<div class=\"col-xs-8 col-lg-12\">\n<div class=\"mobile-small\">\n<h2>Wissenschaftlicher Mitarbeiter<\/h2>\n<\/div>\n<\/div>\n<div class=\"col-md-4 col-lg-3 col-xs-4 ansprechpartner-item floatright img-circle center-block\">\n<div class=\"img-responsive-wrapper\">\n<p><img loading=\"lazy\" decoding=\"async\" class=\"img-circle img-responsive center-block alignnone wp-image-1020 size-thumbnail\" src=\"https:\/\/www.hsu-hh.de\/arbeitsrecht\/wp-content\/uploads\/sites\/723\/2020\/02\/DSC_1190-klein-scaled-e1581524468541-150x150.jpg\" alt=\"Hendrik Schwager\" width=\"150\" height=\"150\" data-credit=\"H. Schwager\" srcset=\"https:\/\/www.hsu-hh.de\/arbeitsrecht\/wp-content\/uploads\/sites\/723\/2020\/02\/DSC_1190-klein-scaled-e1581524468541-150x150.jpg 150w, https:\/\/www.hsu-hh.de\/arbeitsrecht\/wp-content\/uploads\/sites\/723\/2020\/02\/DSC_1190-klein-scaled-e1581524468541-100x100.jpg 100w\" sizes=\"auto, (max-width: 150px) 100vw, 150px\" \/><\/p>\n<\/div>\n<\/div>\n<div class=\"col-md-12 col-lg-3 col-xs-12 ansprechpartner-item kontakt floatright\">\n<div class=\"row\">\n<div class=\"col-xs-12 col-sm-6 col-lg-12\">\n<div class=\"row\">\n<div class=\"col-xs-12 col-lg-4 row-text bold\">Raum:<\/div>\n<div class=\"col-xs-12 col-lg-8 row-text\">2112<\/div>\n<\/div>\n<\/div>\n<div class=\"col-xs-12 col-sm-6 col-lg-12\">\n<div class=\"row\">\n<div class=\"col-xs-12 col-lg-4 row-text bold\">Telefon:<\/div>\n<div class=\"col-xs-12 col-lg-8 row-text\">(040) 6541-3296<\/div>\n<\/div>\n<\/div>\n<div class=\"col-xs-12 col-sm-6 col-lg-12\">\n<div class=\"row\">\n<div class=\"col-xs-12 col-lg-4 row-text bold\">Fax:<\/div>\n<div class=\"col-xs-12 col-lg-8 row-text\">(040) 6541-3250<\/div>\n<\/div>\n<\/div>\n<div class=\"col-xs-12 col-sm-6 col-lg-12\">\n<div class=\"row\">\n<div class=\"col-xs-12 col-md-12 row-text bold\">E-Mail:<\/div>\n<div class=\"col-xs-12 col-md-12 row-text\"><a href=\"mailto:schwager@hsu-hh.de\" rel='nofollow'>schwager@hsu-hh.de<\/a><\/div>\n<\/div>\n<\/div>\n<\/div>\n<\/div>\n<div class=\"col-md-6 col-lg-3 col-xs-12 ansprechpartner-item anschrift floatright\">\n<div class=\"row-headline\">Besucheranschrift<\/div>\n<div class=\"row-text\">Helmut-Schmidt-Universit\u00e4t<\/div>\n<div class=\"row-text\">Geb\u00e4ude H1<\/div>\n<div class=\"row-text\">Holstenhofweg 85<\/div>\n<div class=\"row-text\">22043 Hamburg<\/div>\n<\/div>\n<div class=\"col-md-6 col-lg-3 col-xs-12 ansprechpartner-item anschrift floatright\">\n<div class=\"row-headline\">Postanschrift<\/div>\n<div class=\"row-text\">Helmut-Schmidt-Universit\u00e4t<br \/>\nFakult\u00e4t f\u00fcr Wirtschafts- und Sozialwissenschaften<br \/>\nPostfach 70 08 22<br \/>\n22008 Hamburg<\/div>\n<\/div>\n<\/div>\n<\/div>\n<div class=\"clearfix\"><\/div>\n<h3>Ver\u00f6ffentlichungen<\/h3>\n<p><strong>\u2014 Schriften \u2014<\/strong><\/p>\n<p><strong>Notentabelle im Arbeitszeugnis: Warum einfach, wenn\u2019s auch kompliziert geht?<\/strong>, in: Sammlung Arbeitsrechtlicher Entscheidungen (SAE) 2022, Heft 4, S. 98\u2013110 (gemeinsam mit <a href=\"https:\/\/www.hsu-hh.de\/arbeitsrecht\/zoellner\"><em>Andreas Z\u00f6llner<\/em><\/a>)<\/p>\n<p><a href=\"https:\/\/www.lto.de\/persistent\/a_id\/50577\/\" target=\"_blank\" rel=\"noopener\">Compliance am Nordpol: Der Weih\u00adnachts\u00admann zwi\u00adschen Lichter- und Lie\u00adfer\u00adkette<\/a>, in: Legal Tribune Online (LTO) v. 23.12.2022 (gemeinsam mit <a href=\"https:\/\/www.hsu-hh.de\/arbeitsrecht\/zoellner\"><em>Andreas Z\u00f6llner<\/em><\/a>)<\/p>\n<p><a href=\"https:\/\/www.juwiss.de\/119-2021\/\" target=\"_blank\" rel=\"noopener\">Grippem\u00e4rchen statt Krippenspiel: Ist der Weihnachtsmann ein Impfverweigerer?<\/a>, in: JuWissBlog Nr. 119\/2021 v. 24.12.2021 (gemeinsam mit <a href=\"https:\/\/www.hsu-hh.de\/arbeitsrecht\/zoellner\"><em>Andreas Z\u00f6llner<\/em><\/a>)<\/p>\n<p><a href=\"https:\/\/www.researchgate.net\/publication\/357323888_Arbeitnehmerstatus_eines_Crowdworkers_-_wenn_statt_der_Pflicht_der_Anreiz_ruft_SAE_2021_Heft_4_S_98-109\" target=\"_blank\" rel=\"noopener\">Arbeitnehmerstatus eines Crowdworkers \u2013 wenn statt der Pflicht der Anreiz ruft<\/a>, in: SAE 2021, Heft 4, S. 98\u2013109 (gemeinsam mit <a href=\"https:\/\/www.hsu-hh.de\/arbeitsrecht\/zoellner\"><em>Andreas Z\u00f6llner<\/em><\/a>)<\/p>\n<p><a href=\"https:\/\/www.lto.de\/recht\/feuilleton\/f\/weihnachten-christkind-corona-regeln-einreise-verbot-quarantaene-lockdown\/\" rel='nofollow'>Super\u00adsp\u00adreader unter dem roten Mantel des Gesetzes? \u2013 Der Weihnachtsmann und die Corona-Regeln<\/a>, in: LTO v. 23.12.2020 (gemeinsam mit <a href=\"https:\/\/www.hsu-hh.de\/arbeitsrecht\/zoellner\"><em>Andreas Z\u00f6llner<\/em><\/a>)<\/p>\n<p><a href=\"https:\/\/www.juwiss.de\/25-2020\/\" rel='nofollow'>Kurzarbeitergeld als lex corona \u2013 Regierung und Gesetzgeber im Kampf gegen das Virus f\u00fcr die Wirtschaft<\/a>, JuWissBlog Nr. 25\/2020 vom 17.3.2020 (gemeinsam mit <a href=\"https:\/\/www.hsu-hh.de\/arbeitsrecht\/zoellner\"><em>Andreas Z\u00f6llner<\/em><\/a>)<\/p>\n<p><a href=\"http:\/\/hamburger-rechtsnotizen.de\/download\/heft-2017\/Meyn-Schwager-HRN-2017-17-25.pdf\" rel='nofollow'>Der Urlaubsanspruch: Arbeitsschutz zwischen deutschem Privatrecht und europ\u00e4ischem Sanktionsrecht. Eine dogmatische Einordnung<\/a> in: Hamburger Rechtsnotizen 2017, S. 17\u201325 (gemeinsam mit <em>Arne Nis Meyn<\/em>)<\/p>\n<p><strong>\u2014 Vortr\u00e4ge \u2014<\/strong><\/p>\n<p><a href=\"https:\/\/www.hsu-hh.de\/arbeitsrecht\/gastvortraege_winter2022\">Crowdwork \u2013 regulieren statt differenzieren?<\/a><br \/>\nHelmut-Schmidt-Universit\u00e4t\/Universit\u00e4t der Bundeswehr Hamburg am 01.02.2022<\/p>\n<\/div>\n<\/div>\n<div>\n<div>\n<h3>Lehre<\/h3>\n<p><strong>Helmut-Schmidt-Universit\u00e4t\/Universit\u00e4t der Bundeswehr<\/strong><\/p>\n<p><em><abbr title=\"Wintertrimester\">WT<\/abbr> 2023<\/em><\/p>\n<p style=\"padding-left: 40px\">\u00dcbung Vertragsrecht I<\/p>\n<p style=\"padding-left: 40px\">Master-Seminar\/Colloquium \u201eArbeitsrecht und Personalmanagement in Netzwerkorganisationen: Personalbeziehungen in Netzwerken\u201c (<abbr title=\"Professor\">Prof.<\/abbr> <abbr title=\"Doktor\">Dr.<\/abbr> <em>W. Matiaske<\/em>\/<abbr title=\"Professor\">Prof.<\/abbr> <abbr title=\"Doktor\">Dr.<\/abbr> <em>H. Hanau<\/em>)<\/p>\n<p><em><abbr title=\"Fr\u00fchjahrstrimester\">FT<\/abbr> 2022<\/em><\/p>\n<p style=\"padding-left: 40px\">Vorlesungsvertretung Arbeitsrecht<br \/>\n(f\u00fcr <abbr title=\"Professor\">Prof.<\/abbr> <abbr title=\"Doktor\">Dr.<\/abbr> Hans Hanau)<\/p>\n<p><em><abbr title=\"Wintertrimester\">WT<\/abbr> 2022<\/em><\/p>\n<p style=\"padding-left: 40px\">Vorlesungsvertretungen Vertragsrecht I sowie Risiko und Vertrag: Risikoverteilung in Austauschbeziehungen<br \/>\n(f\u00fcr <abbr title=\"Professor\">Prof.<\/abbr> <abbr title=\"Doktor\">Dr.<\/abbr> Hans Hanau)<\/p>\n<p style=\"padding-left: 40px\">\u00dcbung Vertragsrecht I<\/p>\n<p style=\"padding-left: 40px\">Master-Seminar\/Colloquium \u201eArbeitsrecht und Personalmanagement in Netzwerkorganisationen: Personalbeziehungen in Netzwerken\u201c (<abbr title=\"Professor\">Prof.<\/abbr> <abbr title=\"Doktor\">Dr.<\/abbr> <em>W. Matiaske<\/em>\/<abbr title=\"Professor\">Prof.<\/abbr> <abbr title=\"Doktor\">Dr.<\/abbr> <em>H. Hanau<\/em>)<\/p>\n<p><em><abbr title=\"Wintertrimester\">WT<\/abbr> 2021<\/em><\/p>\n<p style=\"padding-left: 40px\">\u00dcbung Vertragsrecht I<\/p>\n<p style=\"padding-left: 40px\">Master-Seminar\/Colloquium \u201eArbeitsrecht und Personalmanagement in Netzwerkorganisationen: Personalbeziehungen in Netzwerken\u201c (<abbr title=\"Professor\">Prof.<\/abbr> <abbr title=\"Doktor\">Dr.<\/abbr> <em>W. Matiaske<\/em>\/<abbr title=\"Professor\">Prof.<\/abbr> <abbr title=\"Doktor\">Dr.<\/abbr> <em>H. Hanau<\/em>)<\/p>\n<p><em><abbr title=\"Fr\u00fchjahrstrimester\">FT<\/abbr> 2020<\/em><\/p>\n<p style=\"padding-left: 40px\">\u00dcbung Arbeitsrecht mit Grundlagen der Fallmethodik<br \/>\n(im Wechsel mit <abbr title=\"Rechtsreferendar\">Ref. jur.<\/abbr> <em>Meyn<\/em>)<\/p>\n<p><em><abbr title=\"Wintertrimester\">WT<\/abbr> 2020<\/em><\/p>\n<p style=\"padding-left: 40px\">\u00dcbung Vertragsrecht I<br \/>\n(im Wechsel mit <abbr title=\"Diplom-Jurist\">Dipl.-Jur.<\/abbr> <a href=\"https:\/\/www.hsu-hh.de\/arbeitsrecht\/zoellner\"><em>Z\u00f6llner<\/em><\/a> und Ass. jur. <em>Kruckow<\/em>)<\/p>\n<p><strong>Weitere Lehrauftr\u00e4ge<br \/>\n<\/strong><\/p>\n<p><em><abbr title=\"Wintersemester\">WiSe<\/abbr> 2019\/20<\/em><\/p>\n<p style=\"padding-left: 40px\"><a href=\"https:\/\/www.uni-bremen.de\/jura\/fachbereich-6-rechtswissenschaft\/fachbereich\/personen\/vertr-prof-dr-anne-dienelt\/\" rel='nofollow'>Universit\u00e4t Bremen<\/a><br \/>\nLeitung zweier Arbeitsgemeinschaften im Verfassungsrecht I (Grundrechte)<\/p>\n<h3>Sprechstunde<\/h3>\n<p>Vereinbaren Sie bitte einen individuellen Termin: <a href=\"mailto:schwager@hsu-hh.de\" rel='nofollow'>schwager@hsu-hh.de<\/a><\/p>\n<\/div>\n<\/div>\n","protected":false},"excerpt":{"rendered":"<p>Wissenschaftlicher Mitarbeiter Raum: 2112 Telefon: (040) 6541-3296 Fax: (040) 6541-3250 E-Mail: schwager@hsu-hh.de Besucheranschrift Helmut-Schmidt-Universit\u00e4t Geb\u00e4ude H1 Holstenhofweg 85 22043 Hamburg Postanschrift Helmut-Schmidt-Universit\u00e4t Fakult\u00e4t f\u00fcr Wirtschafts- und Sozialwissenschaften Postfach 70 08 [&hellip;]<\/p>\n","protected":false},"author":2456,"featured_media":0,"parent":0,"menu_order":0,"comment_status":"closed","ping_status":"closed","template":"","meta":{"footnotes":""},"categories":[4],"tags":[106,118,44,94,156,154,122],"class_list":["post-1074","page","type-page","status-publish","hentry","category-start","tag-arbeitsrecht","tag-hamburg","tag-hanau","tag-hans-hanau","tag-hendrik-schwager","tag-schwager","tag-universitaet"],"_links":{"self":[{"href":"https:\/\/www.hsu-hh.de\/arbeitsrecht\/wp-json\/wp\/v2\/pages\/1074","targetHints":{"allow":["GET"]}}],"collection":[{"href":"https:\/\/www.hsu-hh.de\/arbeitsrecht\/wp-json\/wp\/v2\/pages"}],"about":[{"href":"https:\/\/www.hsu-hh.de\/arbeitsrecht\/wp-json\/wp\/v2\/types\/page"}],"author":[{"embeddable":true,"href":"https:\/\/www.hsu-hh.de\/arbeitsrecht\/wp-json\/wp\/v2\/users\/2456"}],"replies":[{"embeddable":true,"href":"https:\/\/www.hsu-hh.de\/arbeitsrecht\/wp-json\/wp\/v2\/comments?post=1074"}],"version-history":[{"count":24,"href":"https:\/\/www.hsu-hh.de\/arbeitsrecht\/wp-json\/wp\/v2\/pages\/1074\/revisions"}],"predecessor-version":[{"id":1837,"href":"https:\/\/www.hsu-hh.de\/arbeitsrecht\/wp-json\/wp\/v2\/pages\/1074\/revisions\/1837"}],"wp:attachment":[{"href":"https:\/\/www.hsu-hh.de\/arbeitsrecht\/wp-json\/wp\/v2\/media?parent=1074"}],"wp:term":[{"taxonomy":"category","embeddable":true,"href":"https:\/\/www.hsu-hh.de\/arbeitsrecht\/wp-json\/wp\/v2\/categories?post=1074"},{"taxonomy":"post_tag","embeddable":true,"href":"https:\/\/www.hsu-hh.de\/arbeitsrecht\/wp-json\/wp\/v2\/tags?post=1074"}],"curies":[{"name":"wp","href":"https:\/\/api.w.org\/{rel}","templated":true}]}}