{"id":329,"date":"2021-09-20T11:46:53","date_gmt":"2021-09-20T09:46:53","guid":{"rendered":"https:\/\/www.hsu-hh.de\/arbeit\/?page_id=329"},"modified":"2021-09-27T10:16:31","modified_gmt":"2021-09-27T08:16:31","slug":"crowdwork-und-crowdworker-vor-waehrend-und-nach-der-beruflichen-ausbildung","status":"publish","type":"page","link":"https:\/\/www.hsu-hh.de\/arbeit\/crowdwork-und-crowdworker-vor-waehrend-und-nach-der-beruflichen-ausbildung\/","title":{"rendered":"Crowdwork und Crowdworker vor, w\u00e4hrend und nach der beruflichen Ausbildung"},"content":{"rendered":"<h2>\u2013 Kompetenz-\/Subjektivierungseffekte, individuelle Beruflichkeit und lernf\u00f6rderliche Plattformgestaltung (CKoBeLeP, 2021-2024)<\/h2>\n\n\n<p>Im Forschungsprojekt <em>CKoBeLeP<\/em> soll die Arbeitsform Crowdwork sowie Crowdwork-Plattformen aus berufs- und wirtschaftsp\u00e4dagogischer, arbeitssoziologischer, beruflichkeits-, subjektivierungs- und kompetenzorientierter Sicht empirisch analysiert werden. Das interdisziplin\u00e4re Projektteam untersucht in verschiedenen Teilprojekten kompetenzrelevante und subjektivierende Effekte, die berufsbiographische Bedeutung sowie die lernf\u00f6rderliche Gestaltung plattformbasierter Arbeit. Ein Schwerpunkt liegt dabei auf der Gruppe junger Erwachsener vor, w\u00e4hrend und nach der Ausbildung, die plattformbasierte Arbeit als Nebenjob oder Hauptbesch\u00e4ftigung aus\u00fcben. Die Forschungs- und Entwicklungsaktivit\u00e4ten sollen gemeinsam mit ausgew\u00e4hlten Crowdworking-Plattformen und anderen Stakeholdern als Praxispartner umgesetzt werden. Das Projekt wird von der Helmut-Schmidt-Universit\u00e4t Hamburg (HSU) in Zusammenarbeit mit dem Wissenschaftszentrum Berlin f\u00fcr Sozialforschung (WZB) und der Universit\u00e4t Duisburg-Essen (UDE) durchgef\u00fchrt und wird von vier kooperierenden Professuren getragen. Es ist Teil des Zentrums f\u00fcr Digitalisierungs- und Technologieforschung (dtec.bw) der HSU\/UniBw H.<\/p>\n\n\n<h3>Projektleitung<\/h3>\n<p><a href=\"https:\/\/www.hsu-hh.de\/bbp\/team\/karin-buechter\/\">Prof. Dr. Karin B\u00fcchter<\/a> und <a href=\"https:\/\/www.hsu-hh.de\/bbp\/team\/marcus-eckelt\/\">Dr. Marcus Eckelt<\/a> (HSU\/UniBw H)<\/p>\n<h3>Forschungsteam<\/h3>\n<p><a href=\"https:\/\/www.hsu-hh.de\/bbp\/team\/karin-buechter\/\">Prof. Dr. Karin B\u00fcchter <\/a>(HSU\/UniBw H)<br \/><a href=\"https:\/\/www.uni-due.de\/soziologie\/kleemann.php\" rel='nofollow'>Prof. Dr. Frank Kleemann<\/a> (UDE)<br \/><a href=\"https:\/\/www.wzb.eu\/de\/personen\/martin-krzywdzinski\" rel='nofollow'>Prof. Dr. Martin Krzywdzinski<\/a> (WZB &amp; HSU\/UniBw H)<br \/><a href=\"https:\/\/www.hsu-hh.de\/bapaed\/mitarbeitende\/schloemer\/\">Prof. Dr. Tobias Schl\u00f6mer<\/a> (HSU\/UniBw H)<\/p>\n<p><a href=\"https:\/\/www.uni-due.de\/soziologie\/becker_a.php\" rel='nofollow'>Annika Becker<\/a> (UDE)<br \/><a href=\"https:\/\/www.hsu-hh.de\/bbp\/team\/marcus-eckelt\/\">Dr. Marcus Eckelt<\/a> (HSU\/UniBw H)<br \/><a href=\"https:\/\/www.hsu-hh.de\/arbeit\/wissenschaftlicher-mitarbeiter-im-projekt-crowdwork-und-crowdworker\/\">Leonard Ecker<\/a> (HSU\/UniBw H)<br \/><a href=\"https:\/\/www.hsu-hh.de\/bbp\/team\/heinrich-rascher\/\">Kristina Heinrich-Rascher<\/a><br \/><a href=\"https:\/\/www.hsu-hh.de\/bbp\/team\/inga-kuelpmann\/\">Inga K\u00fclpmann<\/a><br \/>Karen Schwien<br \/><a href=\"https:\/\/www.hsu-hh.de\/bapaed\/mitarbeitende\/tim-thrun\/\">Tim Thrun<\/a><\/p>\n<h3><a href=\"https:\/\/www.hsu-hh.de\/bbp\/forschung\/crowdwork\/\">Link zum Projekt<\/a><\/h3>","protected":false},"excerpt":{"rendered":"<p>\u2013 Kompetenz-\/Subjektivierungseffekte, individuelle Beruflichkeit und lernf\u00f6rderliche Plattformgestaltung (CKoBeLeP, 2021-2024) Im Forschungsprojekt CKoBeLeP soll die Arbeitsform Crowdwork sowie Crowdwork-Plattformen aus berufs- und wirtschaftsp\u00e4dagogischer, arbeitssoziologischer, beruflichkeits-, subjektivierungs- und kompetenzorientierter Sicht empirisch analysiert [&hellip;]<\/p>\n","protected":false},"author":582,"featured_media":0,"parent":0,"menu_order":0,"comment_status":"closed","ping_status":"closed","template":"","meta":{"footnotes":""},"categories":[4],"tags":[],"class_list":["post-329","page","type-page","status-publish","hentry","category-forschung"],"_links":{"self":[{"href":"https:\/\/www.hsu-hh.de\/arbeit\/wp-json\/wp\/v2\/pages\/329","targetHints":{"allow":["GET"]}}],"collection":[{"href":"https:\/\/www.hsu-hh.de\/arbeit\/wp-json\/wp\/v2\/pages"}],"about":[{"href":"https:\/\/www.hsu-hh.de\/arbeit\/wp-json\/wp\/v2\/types\/page"}],"author":[{"embeddable":true,"href":"https:\/\/www.hsu-hh.de\/arbeit\/wp-json\/wp\/v2\/users\/582"}],"replies":[{"embeddable":true,"href":"https:\/\/www.hsu-hh.de\/arbeit\/wp-json\/wp\/v2\/comments?post=329"}],"version-history":[{"count":5,"href":"https:\/\/www.hsu-hh.de\/arbeit\/wp-json\/wp\/v2\/pages\/329\/revisions"}],"predecessor-version":[{"id":369,"href":"https:\/\/www.hsu-hh.de\/arbeit\/wp-json\/wp\/v2\/pages\/329\/revisions\/369"}],"wp:attachment":[{"href":"https:\/\/www.hsu-hh.de\/arbeit\/wp-json\/wp\/v2\/media?parent=329"}],"wp:term":[{"taxonomy":"category","embeddable":true,"href":"https:\/\/www.hsu-hh.de\/arbeit\/wp-json\/wp\/v2\/categories?post=329"},{"taxonomy":"post_tag","embeddable":true,"href":"https:\/\/www.hsu-hh.de\/arbeit\/wp-json\/wp\/v2\/tags?post=329"}],"curies":[{"name":"wp","href":"https:\/\/api.w.org\/{rel}","templated":true}]}}