{"id":784,"date":"2019-10-30T16:35:42","date_gmt":"2019-10-30T15:35:42","guid":{"rendered":"https:\/\/www.hsu-hh.de\/apo\/?page_id=784"},"modified":"2019-10-30T16:51:49","modified_gmt":"2019-10-30T15:51:49","slug":"newsarchiv","status":"publish","type":"page","link":"https:\/\/www.hsu-hh.de\/apo\/newsarchiv","title":{"rendered":"Newsarchiv"},"content":{"rendered":"<div id=\"category_content_CU4QJ5gT\" class=\"hsu_category archive-page\"><article  id=\"post-1245\" class=\"category-list-item post-1245 post type-post status-publish format-standard hentry \"><a href=\"https:\/\/www.hsu-hh.de\/apo\/best-paper-award-gewonnen\" title=\"Best Paper Award gewonnen\" >\t<div class=\"article-listitem-datetime\">\t\t<time class=\"updated\" datetime=\"2021-06-17 16:59:04\"><\/time>\t\t<span class=\"article-month\">\t\t\t<time class=\"entry-date published\" datetime=\"\">Jun<\/time>\t\t<\/span>\t\t<span class=\"article-day\">\t\t\t<time class=\"entry-date published\" datetime=\"\">17<\/time>\t\t<\/span>\t\t<span class=\"article-datetime\">\t\t\t<time class=\"entry-date published\" datetime=\"\">2021<\/time>\t\t<\/span>\t<\/div><div class=\"hsu_category_article-content-wrap\"><div class=\"hsu_category_article-content-wrap-inner\"><div>\t<header class=\"entry-header\">\t\t<h3 class=\"entry-title\">Best Paper Award gewonnen\t\t<\/h3>\t<\/header><div class=\"entry-content-excerpt\">Wir freuen uns mitzuteilen, dass das Paper \u201eThe joint role of HRM and leadership for teleworker well-being \u2013 An analysis during the COVID-19 pandemic\u201c von Niklas G\u00fcnther, Sven Hauff und Philip Dorsel auf der diesj\u00e4hrigen European Academy of Management Konferenz mit dem Best Paper Award des Human Resource Management Tracks ausgezeichnet wurde.<\/div> <\/div><\/div><\/div><\/a><\/article><article  id=\"post-879\" class=\"category-list-item post-879 post type-post status-publish format-standard hentry \"><a href=\"https:\/\/www.hsu-hh.de\/apo\/cfp-management-revue-good-work-eroding-and-new-standards-in-a-changing-world\" title=\"CfP: Management Revue \u201cGood Work: Eroding and New Standards in a Changing World\u201d\" >\t<div class=\"article-listitem-datetime\">\t\t<time class=\"updated\" datetime=\"2019-11-08 11:43:21\"><\/time>\t\t<span class=\"article-month\">\t\t\t<time class=\"entry-date published\" datetime=\"\">Nov<\/time>\t\t<\/span>\t\t<span class=\"article-day\">\t\t\t<time class=\"entry-date published\" datetime=\"\">08<\/time>\t\t<\/span>\t\t<span class=\"article-datetime\">\t\t\t<time class=\"entry-date published\" datetime=\"\">2019<\/time>\t\t<\/span>\t<\/div><div class=\"hsu_category_article-content-wrap\"><div class=\"hsu_category_article-content-wrap-inner\"><div>\t<header class=\"entry-header\">\t\t<h3 class=\"entry-title\">CfP: Management Revue \u201cGood Work: Eroding and New Standards in a Changing World\u201d\t\t<\/h3>\t<\/header><div class=\"entry-content-excerpt\">Sven Hauff und Daniela Rastetter (Universit\u00e4t Hamburg) sind Gastherausgeber f\u00fcr ein Special Issue der Management Revue \u2013 Socio Economics Studies zum Thema \u201cGood Work: Eroding and New Standards in a Changing World\u201d. Der entsprechende Call for Papers findet sich hier. Einreichungsfrist ist der 30. Dezember 2019.<\/div> <\/div><\/div><\/div><\/a><\/article><article  id=\"post-873\" class=\"category-list-item post-873 post type-post status-publish format-standard hentry \"><a href=\"https:\/\/www.hsu-hh.de\/apo\/euram-2020-track-zur-necessary-condition-analysis-method-and-applications\" title=\"EURAM 2020: Symposium zur \"Necessary Condition Analysis - Method and Applications\"\" >\t<div class=\"article-listitem-datetime\">\t\t<time class=\"updated\" datetime=\"2019-11-06 15:54:16\"><\/time>\t\t<span class=\"article-month\">\t\t\t<time class=\"entry-date published\" datetime=\"\">Nov<\/time>\t\t<\/span>\t\t<span class=\"article-day\">\t\t\t<time class=\"entry-date published\" datetime=\"\">06<\/time>\t\t<\/span>\t\t<span class=\"article-datetime\">\t\t\t<time class=\"entry-date published\" datetime=\"\">2019<\/time>\t\t<\/span>\t<\/div><div class=\"hsu_category_article-content-wrap\"><div class=\"hsu_category_article-content-wrap-inner\"><div>\t<header class=\"entry-header\">\t\t<h3 class=\"entry-title\">EURAM 2020: Symposium zur \"Necessary Condition Analysis - Method and Applications\"\t\t<\/h3>\t<\/header><div class=\"entry-content-excerpt\">Gemeinsam mit Nicole Franziska Richter (University of Southern Denmark), Jan Dul (Rotterdam School of Management) und Florence Allard-Poesi (Universit\u00e9 Paris-Est) f\u00fchrt Sven Hauff auf der n\u00e4chsten EURAM Konferenz in Dublin (10-12 Juni, 2020) ein Symposium zum Thema &#8222;Necessary Condition Analysis &#8211; Method and Applications&#8220; durch. Das Ziel des Symposiums ist es, die Methode allen interessierten...<\/div> <\/div><\/div><\/div><\/a><\/article><\/div>\n","protected":false},"excerpt":{"rendered":"","protected":false},"author":2351,"featured_media":0,"parent":0,"menu_order":0,"comment_status":"closed","ping_status":"closed","template":"","meta":{"footnotes":""},"categories":[],"tags":[],"class_list":["post-784","page","type-page","status-publish","hentry"],"_links":{"self":[{"href":"https:\/\/www.hsu-hh.de\/apo\/wp-json\/wp\/v2\/pages\/784","targetHints":{"allow":["GET"]}}],"collection":[{"href":"https:\/\/www.hsu-hh.de\/apo\/wp-json\/wp\/v2\/pages"}],"about":[{"href":"https:\/\/www.hsu-hh.de\/apo\/wp-json\/wp\/v2\/types\/page"}],"author":[{"embeddable":true,"href":"https:\/\/www.hsu-hh.de\/apo\/wp-json\/wp\/v2\/users\/2351"}],"replies":[{"embeddable":true,"href":"https:\/\/www.hsu-hh.de\/apo\/wp-json\/wp\/v2\/comments?post=784"}],"version-history":[{"count":5,"href":"https:\/\/www.hsu-hh.de\/apo\/wp-json\/wp\/v2\/pages\/784\/revisions"}],"predecessor-version":[{"id":804,"href":"https:\/\/www.hsu-hh.de\/apo\/wp-json\/wp\/v2\/pages\/784\/revisions\/804"}],"wp:attachment":[{"href":"https:\/\/www.hsu-hh.de\/apo\/wp-json\/wp\/v2\/media?parent=784"}],"wp:term":[{"taxonomy":"category","embeddable":true,"href":"https:\/\/www.hsu-hh.de\/apo\/wp-json\/wp\/v2\/categories?post=784"},{"taxonomy":"post_tag","embeddable":true,"href":"https:\/\/www.hsu-hh.de\/apo\/wp-json\/wp\/v2\/tags?post=784"}],"curies":[{"name":"wp","href":"https:\/\/api.w.org\/{rel}","templated":true}]}}