{"id":600,"date":"2019-10-16T10:02:48","date_gmt":"2019-10-16T08:02:48","guid":{"rendered":"https:\/\/www.hsu-hh.de\/apo\/?page_id=600"},"modified":"2019-10-17T15:12:16","modified_gmt":"2019-10-17T13:12:16","slug":"notwendige-bedingungen-im-hrm","status":"publish","type":"page","link":"https:\/\/www.hsu-hh.de\/apo\/notwendige-bedingungen-im-hrm","title":{"rendered":"Notwendige Bedingungen im HRM"},"content":{"rendered":"<p>HRM Aktivit\u00e4ten k\u00f6nnen entweder hinreichend oder notwendig f\u00fcr bestimmte individuelle oder organisationsbezogene Outcomes sein. Im Vergleich zu einer hinreichenden Bedingung stellt eine notwendige Bedingung einen kritischen Faktor, einen Engpass oder eine m\u00f6gliche Barriere zur Erzielung eines Outcomes dar. Die Idee der notwendigen Bedingungen findet sich in vielen Theorien des HRM, wird bislang aber kaum empirisch untersucht. Dies ist insbesondere darauf zur\u00fcckzuf\u00fchren, dass traditionelle, auf Regressionen basierte Verfahren nicht in der Lage sind, notwendige Bedingungen zu identifizieren. Dieses Defizit wird durch die Methode der Necessary Condition Analysis (NCA) (Dul 2016) \u00fcberwunden. Ziel unserer Forschungsaktivit\u00e4ten ist es, die M\u00f6glichkeiten der NCA im Bereich des HRM zu pr\u00fcfen. Weiter Informationen finden Sie <a href=\"http:\/\/www.erim.eur.nl\/necessary-condition-analysis\/\" rel='nofollow'>hier<\/a>.<\/p>\n<p><a href=\"https:\/\/www.hsu-hh.de\/apo\/forschung\">Zur\u00fcck<\/a><\/p>\n","protected":false},"excerpt":{"rendered":"<p>HRM Aktivit\u00e4ten k\u00f6nnen entweder hinreichend oder notwendig f\u00fcr bestimmte individuelle oder organisationsbezogene Outcomes sein. Im Vergleich zu einer hinreichenden Bedingung stellt eine notwendige Bedingung einen kritischen Faktor, einen Engpass oder [&hellip;]<\/p>\n","protected":false},"author":2351,"featured_media":0,"parent":0,"menu_order":0,"comment_status":"closed","ping_status":"closed","template":"","meta":{"footnotes":""},"categories":[4],"tags":[],"class_list":["post-600","page","type-page","status-publish","hentry","category-forschung"],"_links":{"self":[{"href":"https:\/\/www.hsu-hh.de\/apo\/wp-json\/wp\/v2\/pages\/600","targetHints":{"allow":["GET"]}}],"collection":[{"href":"https:\/\/www.hsu-hh.de\/apo\/wp-json\/wp\/v2\/pages"}],"about":[{"href":"https:\/\/www.hsu-hh.de\/apo\/wp-json\/wp\/v2\/types\/page"}],"author":[{"embeddable":true,"href":"https:\/\/www.hsu-hh.de\/apo\/wp-json\/wp\/v2\/users\/2351"}],"replies":[{"embeddable":true,"href":"https:\/\/www.hsu-hh.de\/apo\/wp-json\/wp\/v2\/comments?post=600"}],"version-history":[{"count":2,"href":"https:\/\/www.hsu-hh.de\/apo\/wp-json\/wp\/v2\/pages\/600\/revisions"}],"predecessor-version":[{"id":629,"href":"https:\/\/www.hsu-hh.de\/apo\/wp-json\/wp\/v2\/pages\/600\/revisions\/629"}],"wp:attachment":[{"href":"https:\/\/www.hsu-hh.de\/apo\/wp-json\/wp\/v2\/media?parent=600"}],"wp:term":[{"taxonomy":"category","embeddable":true,"href":"https:\/\/www.hsu-hh.de\/apo\/wp-json\/wp\/v2\/categories?post=600"},{"taxonomy":"post_tag","embeddable":true,"href":"https:\/\/www.hsu-hh.de\/apo\/wp-json\/wp\/v2\/tags?post=600"}],"curies":[{"name":"wp","href":"https:\/\/api.w.org\/{rel}","templated":true}]}}