{"id":593,"date":"2019-10-16T09:57:57","date_gmt":"2019-10-16T07:57:57","guid":{"rendered":"https:\/\/www.hsu-hh.de\/apo\/?page_id=593"},"modified":"2019-11-15T16:06:06","modified_gmt":"2019-11-15T15:06:06","slug":"integration-internationaler-migranten","status":"publish","type":"page","link":"https:\/\/www.hsu-hh.de\/apo\/integration-internationaler-migranten","title":{"rendered":"Integration internationaler Migranten"},"content":{"rendered":"<p>Die Integration von Migranten und Gefl\u00fcchteten (Menschen die freiwillig nach Deutschland gekommen sind <abbr title=\"beziehungsweise\">bzw.<\/abbr> ihre Heimat aufgrund politischer Verfolgung, Krieg, lebensbedrohlichen Notlagen <abbr title=\"et cetera\">etc.<\/abbr> verlassen mussten) in die lokalen Arbeitsm\u00e4rkte stellt eine gro\u00dfe Chance, aber auch eine gro\u00dfe Herausforderung f\u00fcr Unternehmen und Gesellschaft dar. Trotz der zunehmenden Bedeutung internationaler Migration gibt es zu diesem Thema nur wenig Forschung. Vor allem fehlt es an Studien zu den individuellen, organisatorischen und gesellschaftlichen Einflussfaktoren des Integrationserfolgs. Vor diesem Hintergrund m\u00f6chten wir\u00a0 die Arbeitssituation von internationalen Migranten und Gefl\u00fcchteten in Deutschland untersuchen. Dabei interessieren wir uns insbesondere f\u00fcr die Rolle des Personalmanagements\u00a0 und den Einfluss interkulturellen Kompetenzen. Basierend auf unseren Ergebnissen m\u00f6chten wir Handlungsempfehlungen f\u00fcr Unternehmen ableiten, damit diese eine bestm\u00f6gliche Integration internationaler Fachkr\u00e4fte gew\u00e4hrleisten k\u00f6nnen.<\/p>\n<p>&nbsp;<\/p>\n<p><a href=\"https:\/\/www.hsu-hh.de\/apo\/forschung\">Zur\u00fcck<\/a><\/p>\n","protected":false},"excerpt":{"rendered":"<p>Die Integration von Migranten und Gefl\u00fcchteten (Menschen die freiwillig nach Deutschland gekommen sind bzw. ihre Heimat aufgrund politischer Verfolgung, Krieg, lebensbedrohlichen Notlagen etc. verlassen mussten) in die lokalen Arbeitsm\u00e4rkte stellt [&hellip;]<\/p>\n","protected":false},"author":2351,"featured_media":0,"parent":0,"menu_order":0,"comment_status":"closed","ping_status":"closed","template":"","meta":{"footnotes":""},"categories":[4],"tags":[],"class_list":["post-593","page","type-page","status-publish","hentry","category-forschung"],"_links":{"self":[{"href":"https:\/\/www.hsu-hh.de\/apo\/wp-json\/wp\/v2\/pages\/593","targetHints":{"allow":["GET"]}}],"collection":[{"href":"https:\/\/www.hsu-hh.de\/apo\/wp-json\/wp\/v2\/pages"}],"about":[{"href":"https:\/\/www.hsu-hh.de\/apo\/wp-json\/wp\/v2\/types\/page"}],"author":[{"embeddable":true,"href":"https:\/\/www.hsu-hh.de\/apo\/wp-json\/wp\/v2\/users\/2351"}],"replies":[{"embeddable":true,"href":"https:\/\/www.hsu-hh.de\/apo\/wp-json\/wp\/v2\/comments?post=593"}],"version-history":[{"count":16,"href":"https:\/\/www.hsu-hh.de\/apo\/wp-json\/wp\/v2\/pages\/593\/revisions"}],"predecessor-version":[{"id":993,"href":"https:\/\/www.hsu-hh.de\/apo\/wp-json\/wp\/v2\/pages\/593\/revisions\/993"}],"wp:attachment":[{"href":"https:\/\/www.hsu-hh.de\/apo\/wp-json\/wp\/v2\/media?parent=593"}],"wp:term":[{"taxonomy":"category","embeddable":true,"href":"https:\/\/www.hsu-hh.de\/apo\/wp-json\/wp\/v2\/categories?post=593"},{"taxonomy":"post_tag","embeddable":true,"href":"https:\/\/www.hsu-hh.de\/apo\/wp-json\/wp\/v2\/tags?post=593"}],"curies":[{"name":"wp","href":"https:\/\/api.w.org\/{rel}","templated":true}]}}