{"id":356,"date":"2019-04-01T22:37:06","date_gmt":"2019-04-01T20:37:06","guid":{"rendered":"https:\/\/www.hsu-hh.de\/apo\/?page_id=356"},"modified":"2023-04-26T15:12:58","modified_gmt":"2023-04-26T13:12:58","slug":"philip-gubernator","status":"publish","type":"page","link":"https:\/\/www.hsu-hh.de\/apo\/philip-gubernator","title":{"rendered":"Philip Gubernator"},"content":{"rendered":"\n<hr class=\"wp-block-separator has-css-opacity\" \/>\n\n\n\n<div class=\"wp-block-media-text alignwide has-media-on-the-right is-stacked-on-mobile\" style=\"grid-template-columns:auto 18%\"><div class=\"wp-block-media-text__content\">\n<div class=\"wp-block-columns is-layout-flex wp-container-core-columns-is-layout-9d6595d7 wp-block-columns-is-layout-flex\">\n<div class=\"wp-block-column is-layout-flow wp-block-column-is-layout-flow\">\n<p><strong>Postanschrift<\/strong> <br>Helmut-Schmidt-Universit\u00e4t Professur f\u00fcr Arbeit, Personal und Organisation <br>Postfach 70 08 22 <br>22008 Hamburg<\/p>\n<\/div>\n\n\n\n<div class=\"wp-block-column is-layout-flow wp-block-column-is-layout-flow\">\n<p><strong>Besucheranschrift <\/strong><br>Helmut-Schmidt-Universit\u00e4t<br>Geb\u00e4ude H4 <br>Holstenhofweg 85<br>22043 Hamburg<\/p>\n<\/div>\n\n\n\n<div class=\"wp-block-column is-layout-flow wp-block-column-is-layout-flow\">\n<p><strong>Raum: <\/strong><br>Geb\u00e4ude H4, <br>Raum 102<br><strong>Telefon:<\/strong> <br>+49 40 6541-3211 &nbsp; <\/p>\n\n\n\n<p><strong>E-Mail: <\/strong><br><a href=\"mailto:gubernator@hsu-hh.de\" data-type=\"mailto\" data-id=\"mailto:gubernator@hsu-hh.de\" rel='nofollow'>gubernator@hsu-hh.de<\/a><\/p>\n<\/div>\n<\/div>\n<\/div><figure class=\"wp-block-media-text__media\"><img loading=\"lazy\" decoding=\"async\" width=\"150\" height=\"200\" src=\"https:\/\/www.hsu-hh.de\/apo\/wp-content\/uploads\/sites\/801\/2019\/10\/image_portrait.png\" data-credit=\"\" alt=\"-\" class=\"wp-image-539 size-full\" \/><\/figure><\/div>\n\n\n\n<hr class=\"wp-block-separator has-css-opacity\" \/>\n\n\n<h2>Lebenslauf<\/h2>\n<h3>Akademischer Werdegang<\/h3>\n<p>Seit 09\/2019<br><strong>Wissenschaftlicher Mitarbeiter an der Professur f\u00fcr Arbeit, Personal und Organisation<\/strong> (<abbr title=\"Professor\">Prof.<\/abbr> <abbr title=\"Doktor\">Dr.<\/abbr> Sven Hauff), an der Fakult\u00e4t f\u00fcr Geistes-und Sozialwissenschaften, Helmut-Schmidt-Universit\u00e4t \u2013 Universit\u00e4t der Bundeswehr Hamburg<\/p>\n<p>04\/2017&nbsp;\u2013 08\/2019<br><strong>M.A. Human Resource Management \/ Personalpolitik<\/strong><br>an der Universit\u00e4t Hamburg<\/p>\n<p>04\/2012 \u2013 09\/2015<br><strong>B.A. Betriebswirtschaftslehre<\/strong> mit dem Schwerpunkt Personalwirtschaft und Personaldienstleistungen an der Internationalen Berufsakademie N\u00fcrnberg<\/p>\n<h3>Berufliche T\u00e4tigkeiten \/ Praktika<\/h3>\n<p>06\/2017 \u2013 08\/2019<br>Global Airlift Solutions Werkstudent<\/p>\n<p>04\/2017 \u2013 08\/2019<br>Kompensum Personaldienstleistungen&nbsp; Personaldisponent<\/p>\n<p>04\/2012 \u2013 09\/2015<br>Kompensum Personaldienstleistungen<br>Personaldisponent im Rahmen eines dualen Studiums<\/p>","protected":false},"excerpt":{"rendered":"<p>Lebenslauf Akademischer Werdegang Seit 09\/2019Wissenschaftlicher Mitarbeiter an der Professur f\u00fcr Arbeit, Personal und Organisation (Prof. Dr. Sven Hauff), an der Fakult\u00e4t f\u00fcr Geistes-und Sozialwissenschaften, Helmut-Schmidt-Universit\u00e4t \u2013 Universit\u00e4t der Bundeswehr Hamburg [&hellip;]<\/p>\n","protected":false},"author":979,"featured_media":0,"parent":0,"menu_order":0,"comment_status":"closed","ping_status":"closed","template":"","meta":{"footnotes":""},"categories":[8],"tags":[],"class_list":["post-356","page","type-page","status-publish","hentry","category-team"],"_links":{"self":[{"href":"https:\/\/www.hsu-hh.de\/apo\/wp-json\/wp\/v2\/pages\/356","targetHints":{"allow":["GET"]}}],"collection":[{"href":"https:\/\/www.hsu-hh.de\/apo\/wp-json\/wp\/v2\/pages"}],"about":[{"href":"https:\/\/www.hsu-hh.de\/apo\/wp-json\/wp\/v2\/types\/page"}],"author":[{"embeddable":true,"href":"https:\/\/www.hsu-hh.de\/apo\/wp-json\/wp\/v2\/users\/979"}],"replies":[{"embeddable":true,"href":"https:\/\/www.hsu-hh.de\/apo\/wp-json\/wp\/v2\/comments?post=356"}],"version-history":[{"count":13,"href":"https:\/\/www.hsu-hh.de\/apo\/wp-json\/wp\/v2\/pages\/356\/revisions"}],"predecessor-version":[{"id":1323,"href":"https:\/\/www.hsu-hh.de\/apo\/wp-json\/wp\/v2\/pages\/356\/revisions\/1323"}],"wp:attachment":[{"href":"https:\/\/www.hsu-hh.de\/apo\/wp-json\/wp\/v2\/media?parent=356"}],"wp:term":[{"taxonomy":"category","embeddable":true,"href":"https:\/\/www.hsu-hh.de\/apo\/wp-json\/wp\/v2\/categories?post=356"},{"taxonomy":"post_tag","embeddable":true,"href":"https:\/\/www.hsu-hh.de\/apo\/wp-json\/wp\/v2\/tags?post=356"}],"curies":[{"name":"wp","href":"https:\/\/api.w.org\/{rel}","templated":true}]}}