{"id":348,"date":"2019-04-01T22:36:40","date_gmt":"2019-04-01T20:36:40","guid":{"rendered":"https:\/\/www.hsu-hh.de\/apo\/?page_id=348"},"modified":"2022-08-09T14:16:04","modified_gmt":"2022-08-09T12:16:04","slug":"niklas-guenther","status":"publish","type":"page","link":"https:\/\/www.hsu-hh.de\/apo\/niklas-guenther","title":{"rendered":"Niklas G\u00fcnther"},"content":{"rendered":"\n<hr class=\"wp-block-separator has-css-opacity\" \/>\n\n\n\n<div class=\"wp-block-media-text alignwide has-media-on-the-right is-stacked-on-mobile\" style=\"grid-template-columns:auto 20%\"><figure class=\"wp-block-media-text__media\"><img loading=\"lazy\" decoding=\"async\" width=\"150\" height=\"199\" src=\"https:\/\/www.hsu-hh.de\/apo\/wp-content\/uploads\/sites\/801\/2019\/10\/image_portrait.jpg\" data-credit=\"\" alt=\"-\" class=\"wp-image-541 size-full\" \/><\/figure><div class=\"wp-block-media-text__content\">\n<div class=\"wp-block-columns is-layout-flex wp-container-core-columns-is-layout-9d6595d7 wp-block-columns-is-layout-flex\">\n<div class=\"wp-block-column is-layout-flow wp-block-column-is-layout-flow\">\n<p><strong>Postanschrift<\/strong> <br>Helmut-Schmidt-Universit\u00e4t Professur f\u00fcr Arbeit, Personal und Organisation <br>Postfach 70 08 22 <br>22008 Hamburg<\/p>\n<\/div>\n\n\n\n<div class=\"wp-block-column is-layout-flow wp-block-column-is-layout-flow\">\n<p><strong>Besucheranschrift <\/strong><br>Helmut-Schmidt-Universit\u00e4t Geb\u00e4ude H4 <br>Holstenhofweg 85<br>22043 Hamburg<\/p>\n<\/div>\n\n\n\n<div class=\"wp-block-column is-layout-flow wp-block-column-is-layout-flow\">\n<p><strong>Raum: <\/strong><br>Geb\u00e4ude H4, <br>Raum 102<br><strong>Telefon:<\/strong> <br>+49 40 6541-2602 &nbsp; <\/p>\n\n\n\n<p><strong>E-Mail: <\/strong><br><a href=\"mailto:niklas.guenther@hsu-hh.de\" rel='nofollow'><a href=\"mailto:niklas.guenther@hsu-hh.de\" rel='nofollow'>niklas.guenther<br>@hsu-hh.de<\/a><\/a><\/p>\n<\/div>\n<\/div>\n<\/div><\/div>\n\n\n\n<hr class=\"wp-block-separator has-css-opacity\" \/>\n\n\n<h2>Lebenslauf<\/h2>\n<h3>Akademische T\u00e4tigkeiten<\/h3>\n<p>Seit 02\/2019<br \/><strong>Wissenschaftlicher Mitarbeiter an der Professur f\u00fcr Arbeit, Personal und Organisation<\/strong> (<abbr title=\"Professor\">Prof.<\/abbr> <abbr title=\"Doktor\">Dr.<\/abbr> Sven Hauff), an der Fakult\u00e4t f\u00fcr Geistes-und Sozialwissenschaften, Helmut-Schmidt-Universit\u00e4t \u2013 Universit\u00e4t der Bundeswehr Hamburg<\/p>\n<p>11\/2017 \u2013 01\/2018<br \/><strong>Umweltpsychologie<\/strong>, Center for Environmental System Research (CESR), Universit\u00e4t Kassel (Forschungspraktikum)<\/p>\n<p>08\/2016 \u2013 10\/2016<br \/><strong>Psychologie unternehmerischen Handelns<\/strong>, Institut f\u00fcr Psychologie, Universit\u00e4t Kassel (Forschungspraktikum)<\/p>\n<p>07\/2014 \u2013 10\/2015<br \/><strong>Personalentwicklung<\/strong>, LINC-Institute, L\u00fcneburg (studentische Hilfskraft)<\/p>\n<h3>Akademische Ausbildung<\/h3>\n<p>2015 \u2013 2018<br \/><strong><abbr title=\"Master of Science\">M.Sc.<\/abbr> Psychologie<\/strong> mit den Schwerpunkten Kognition, Bildung und Entwicklung und Menschliches Verhalten in Gruppen und Organisationen an der Universit\u00e4t Kassel<\/p>\n<p>2011 \u2013 2015<br \/><strong>B.Sc. Wirtschaftspsychologie<\/strong> mit dem Schwerpunkt Personal- und Organisationspychologie und dem Nebenfach E-Business an der Leuphana Universit\u00e4t L\u00fcneburg<\/p>\n<p>2013<br \/>Auslandssemester an der University of Nicosia, Zypern<\/p>\n<h3>Berufliche T\u00e4tigkeiten \/ Praktika<\/h3>\n<p>05\/2014 \u2013 07\/2014<br \/><strong>SmartGlobalizing,<\/strong> L\u00fcneburg (Praktikum im Bereich interkulturelles Consulting)<\/p>\n<p>02\/2018 \u2013 04\/2018<br \/><strong>hanza resources<\/strong>, Hamburg (Praktikum im Bereich psychologisches Gesundheitsmanagement)<\/p>","protected":false},"excerpt":{"rendered":"<p>Lebenslauf Akademische T\u00e4tigkeiten Seit 02\/2019Wissenschaftlicher Mitarbeiter an der Professur f\u00fcr Arbeit, Personal und Organisation (Prof. Dr. Sven Hauff), an der Fakult\u00e4t f\u00fcr Geistes-und Sozialwissenschaften, Helmut-Schmidt-Universit\u00e4t \u2013 Universit\u00e4t der Bundeswehr Hamburg [&hellip;]<\/p>\n","protected":false},"author":979,"featured_media":0,"parent":0,"menu_order":0,"comment_status":"closed","ping_status":"closed","template":"","meta":{"footnotes":""},"categories":[8],"tags":[],"class_list":["post-348","page","type-page","status-publish","hentry","category-team"],"_links":{"self":[{"href":"https:\/\/www.hsu-hh.de\/apo\/wp-json\/wp\/v2\/pages\/348","targetHints":{"allow":["GET"]}}],"collection":[{"href":"https:\/\/www.hsu-hh.de\/apo\/wp-json\/wp\/v2\/pages"}],"about":[{"href":"https:\/\/www.hsu-hh.de\/apo\/wp-json\/wp\/v2\/types\/page"}],"author":[{"embeddable":true,"href":"https:\/\/www.hsu-hh.de\/apo\/wp-json\/wp\/v2\/users\/979"}],"replies":[{"embeddable":true,"href":"https:\/\/www.hsu-hh.de\/apo\/wp-json\/wp\/v2\/comments?post=348"}],"version-history":[{"count":20,"href":"https:\/\/www.hsu-hh.de\/apo\/wp-json\/wp\/v2\/pages\/348\/revisions"}],"predecessor-version":[{"id":1292,"href":"https:\/\/www.hsu-hh.de\/apo\/wp-json\/wp\/v2\/pages\/348\/revisions\/1292"}],"wp:attachment":[{"href":"https:\/\/www.hsu-hh.de\/apo\/wp-json\/wp\/v2\/media?parent=348"}],"wp:term":[{"taxonomy":"category","embeddable":true,"href":"https:\/\/www.hsu-hh.de\/apo\/wp-json\/wp\/v2\/categories?post=348"},{"taxonomy":"post_tag","embeddable":true,"href":"https:\/\/www.hsu-hh.de\/apo\/wp-json\/wp\/v2\/tags?post=348"}],"curies":[{"name":"wp","href":"https:\/\/api.w.org\/{rel}","templated":true}]}}