{"id":122,"date":"2018-05-03T15:18:20","date_gmt":"2018-05-03T13:18:20","guid":{"rendered":"https:\/\/www.hsu-hh.de\/apo\/?page_id=122"},"modified":"2021-05-05T10:33:09","modified_gmt":"2021-05-05T08:33:09","slug":"forschung","status":"publish","type":"page","link":"https:\/\/www.hsu-hh.de\/apo\/forschung","title":{"rendered":"Forschung"},"content":{"rendered":"\n<div class=\"wp-block-columns is-layout-flex wp-container-core-columns-is-layout-9d6595d7 wp-block-columns-is-layout-flex\">\n<div class=\"wp-block-column is-layout-flow wp-block-column-is-layout-flow\" style=\"flex-basis:66.66%\">\n<p>Mit unseren Forschungsarbeiten m\u00f6chten wir L\u00f6sungsbeitr\u00e4ge zu aktuellen Problemen aus Wissenschaft und Praxis leisten. \u201eState of the Art\u201c-Forschung hat somit eine hohe Priorit\u00e4t. Ein wichtiges Fundament unserer Forschung ist Interdisziplinarit\u00e4t. Daher forschen wir meist an der Schnittstelle zwischen \u00d6konomie, Soziologie und Psychologie. Zudem haben wir einen starken empirischen Fokus.<\/p>\n\n\n\n<div style=\"height:24px\" aria-hidden=\"true\" class=\"wp-block-spacer\"><\/div>\n\n\n\n<p>Aktuelle Forschungsschwerpunkte sind:<\/p>\n\n\n\n<div style=\"height:7px\" aria-hidden=\"true\" class=\"wp-block-spacer\"><\/div>\n\n\n\n<p>&#8211; <a href=\"https:\/\/www.hsu-hh.de\/apo\/hrm-systeme-arbeitsqualitaet-und-unternehmenserfolg\">HRM Systeme, Arbeitsqualit\u00e4t und Unternehmenserfolg<\/a><\/p>\n\n\n\n<p>&#8211; <a href=\"https:\/\/www.hsu-hh.de\/apo\/hrm-und-leadership\">HRM und Leadership<\/a><\/p>\n\n\n\n<p>&#8211; <a href=\"https:\/\/www.hsu-hh.de\/apo\/hrm-aus-international-vergleichender-sicht\">HRM aus international vergleichender Sicht<\/a><\/p>\n\n\n\n<p>&#8211; <a href=\"https:\/\/www.hsu-hh.de\/apo\/notwendige-bedingungen-im-hrm\">Notwendige Bedingungen im HRM<\/a><\/p>\n<\/div>\n\n\n\n<div class=\"wp-block-column is-layout-flow wp-block-column-is-layout-flow\" style=\"flex-basis:33.33%\">\n<figure class=\"wp-block-image size-large\"><img loading=\"lazy\" decoding=\"async\" width=\"1024\" height=\"734\" src=\"https:\/\/www.hsu-hh.de\/apo\/wp-content\/uploads\/sites\/801\/2019\/11\/document-3268750_1920-1024x734.jpg\" data-credit=\"Bild von rawpixel auf Pixabay\" alt=\"Forschung Image1\" class=\"wp-image-897\" srcset=\"https:\/\/www.hsu-hh.de\/apo\/wp-content\/uploads\/sites\/801\/2019\/11\/document-3268750_1920-1024x734.jpg 1024w, https:\/\/www.hsu-hh.de\/apo\/wp-content\/uploads\/sites\/801\/2019\/11\/document-3268750_1920-300x215.jpg 300w, https:\/\/www.hsu-hh.de\/apo\/wp-content\/uploads\/sites\/801\/2019\/11\/document-3268750_1920-768x550.jpg 768w, https:\/\/www.hsu-hh.de\/apo\/wp-content\/uploads\/sites\/801\/2019\/11\/document-3268750_1920.jpg 1920w\" sizes=\"auto, (max-width: 1024px) 100vw, 1024px\" \/><\/figure>\n<\/div>\n<\/div>\n\n\n\n<p><\/p>\n\n\n\n<p><\/p>\n","protected":false},"excerpt":{"rendered":"<p>Mit unseren Forschungsarbeiten m\u00f6chten wir L\u00f6sungsbeitr\u00e4ge zu aktuellen Problemen aus Wissenschaft und Praxis leisten. \u201eState of the Art\u201c-Forschung hat somit eine hohe Priorit\u00e4t. Ein wichtiges Fundament unserer Forschung ist Interdisziplinarit\u00e4t. [&hellip;]<\/p>\n","protected":false},"author":1680,"featured_media":0,"parent":0,"menu_order":0,"comment_status":"closed","ping_status":"closed","template":"","meta":{"footnotes":""},"categories":[4],"tags":[],"class_list":["post-122","page","type-page","status-publish","hentry","category-forschung"],"_links":{"self":[{"href":"https:\/\/www.hsu-hh.de\/apo\/wp-json\/wp\/v2\/pages\/122","targetHints":{"allow":["GET"]}}],"collection":[{"href":"https:\/\/www.hsu-hh.de\/apo\/wp-json\/wp\/v2\/pages"}],"about":[{"href":"https:\/\/www.hsu-hh.de\/apo\/wp-json\/wp\/v2\/types\/page"}],"author":[{"embeddable":true,"href":"https:\/\/www.hsu-hh.de\/apo\/wp-json\/wp\/v2\/users\/1680"}],"replies":[{"embeddable":true,"href":"https:\/\/www.hsu-hh.de\/apo\/wp-json\/wp\/v2\/comments?post=122"}],"version-history":[{"count":24,"href":"https:\/\/www.hsu-hh.de\/apo\/wp-json\/wp\/v2\/pages\/122\/revisions"}],"predecessor-version":[{"id":1198,"href":"https:\/\/www.hsu-hh.de\/apo\/wp-json\/wp\/v2\/pages\/122\/revisions\/1198"}],"wp:attachment":[{"href":"https:\/\/www.hsu-hh.de\/apo\/wp-json\/wp\/v2\/media?parent=122"}],"wp:term":[{"taxonomy":"category","embeddable":true,"href":"https:\/\/www.hsu-hh.de\/apo\/wp-json\/wp\/v2\/categories?post=122"},{"taxonomy":"post_tag","embeddable":true,"href":"https:\/\/www.hsu-hh.de\/apo\/wp-json\/wp\/v2\/tags?post=122"}],"curies":[{"name":"wp","href":"https:\/\/api.w.org\/{rel}","templated":true}]}}