{"id":1205,"date":"2021-05-11T14:31:19","date_gmt":"2021-05-11T12:31:19","guid":{"rendered":"https:\/\/www.hsu-hh.de\/apo\/?page_id=1205"},"modified":"2025-08-06T09:21:33","modified_gmt":"2025-08-06T07:21:33","slug":"jennifer-liehr","status":"publish","type":"page","link":"https:\/\/www.hsu-hh.de\/apo\/jennifer-liehr","title":{"rendered":"Jennifer Liehr"},"content":{"rendered":"\n<hr class=\"wp-block-separator has-css-opacity\" \/>\n\n\n\n<div class=\"wp-block-media-text alignwide has-media-on-the-right is-stacked-on-mobile\" style=\"grid-template-columns:auto 20%\"><div class=\"wp-block-media-text__content\">\n<div class=\"wp-block-columns is-layout-flex wp-container-core-columns-is-layout-9d6595d7 wp-block-columns-is-layout-flex\">\n<div class=\"wp-block-column is-layout-flow wp-block-column-is-layout-flow\">\n<p><strong>Postanschrift<\/strong> <br>Helmut-Schmidt-Universit\u00e4t Professur f\u00fcr Arbeit, Personal und Organisation <br>Postfach 70 08 22 <br>22008 Hamburg<\/p>\n<\/div>\n\n\n\n<div class=\"wp-block-column is-layout-flow wp-block-column-is-layout-flow\">\n<p><strong>Besucheranschrift <\/strong><br>Helmut-Schmidt-Universit\u00e4t<br>Geb\u00e4ude H4 <br>Holstenhofweg 85<br>22043 Hamburg<\/p>\n<\/div>\n\n\n\n<div class=\"wp-block-column is-layout-flow wp-block-column-is-layout-flow\">\n<p><strong>Raum: <\/strong><br>Geb\u00e4ude H4, <br>Raum 102<br><strong>Telefon:<\/strong> <br>+49 40 6541-2602 &nbsp; <\/p>\n\n\n\n<p><strong>E-Mail: <\/strong><br><a href=\"mailto:jennifer.schleusener@hsu-hh.de\" rel='nofollow'>jennifer.<\/a><br><a href=\"mailto:jennifer.liehr@hsu-hh.de\" rel='nofollow'>liehr@hsu-hh.de<\/a><\/p>\n<\/div>\n<\/div>\n<\/div><figure class=\"wp-block-media-text__media\"><img loading=\"lazy\" decoding=\"async\" width=\"770\" height=\"1024\" src=\"https:\/\/www.hsu-hh.de\/apo\/wp-content\/uploads\/sites\/801\/2024\/04\/Foto-Jennifer-Liehr-770x1024.jpg\" data-credit=\"JL\" alt=\"Foto Liehr\" class=\"wp-image-1357 size-full\" srcset=\"https:\/\/www.hsu-hh.de\/apo\/wp-content\/uploads\/sites\/801\/2024\/04\/Foto-Jennifer-Liehr-770x1024.jpg 770w, https:\/\/www.hsu-hh.de\/apo\/wp-content\/uploads\/sites\/801\/2024\/04\/Foto-Jennifer-Liehr-226x300.jpg 226w, https:\/\/www.hsu-hh.de\/apo\/wp-content\/uploads\/sites\/801\/2024\/04\/Foto-Jennifer-Liehr-768x1022.jpg 768w, https:\/\/www.hsu-hh.de\/apo\/wp-content\/uploads\/sites\/801\/2024\/04\/Foto-Jennifer-Liehr-1155x1536.jpg 1155w, https:\/\/www.hsu-hh.de\/apo\/wp-content\/uploads\/sites\/801\/2024\/04\/Foto-Jennifer-Liehr-1540x2048.jpg 1540w, https:\/\/www.hsu-hh.de\/apo\/wp-content\/uploads\/sites\/801\/2024\/04\/Foto-Jennifer-Liehr-1100x1463.jpg 1100w, https:\/\/www.hsu-hh.de\/apo\/wp-content\/uploads\/sites\/801\/2024\/04\/Foto-Jennifer-Liehr-scaled.jpg 1925w\" sizes=\"auto, (max-width: 770px) 100vw, 770px\" \/><\/figure><\/div>\n\n\n\n<hr class=\"wp-block-separator has-css-opacity\" \/>\n\n\n<h2>Lebenslauf<\/h2>\n<h3>Akademischer Werdegang<\/h3>\n<p>Seit 05\/2021<br \/><strong>Wissenschaftliche Mitarbeiterin an der Professur f\u00fcr Arbeit, Personal und Organisation<\/strong> (<abbr title=\"Professor\">Prof.<\/abbr> <abbr title=\"Doktor\">Dr.<\/abbr> Sven Hauff), an der Fakult\u00e4t f\u00fcr Geistes-und Sozialwissenschaften, Helmut-Schmidt-Universit\u00e4t \u2013 Universit\u00e4t der Bundeswehr Hamburg<\/p>\n<p>10\/2018 \u2013 04\/2021<br \/><strong><abbr title=\"Master of Science\">M.Sc.<\/abbr> Interdisziplin\u00e4re Public- und Nonprofit Studien<\/strong> <br \/>an der Universit\u00e4t Hamburg<\/p>\n<p>10\/2015 \u2013 10\/2018<br \/><strong>B.A. Sozial\u00f6konomie mit dem Schwerpunkt Betriebswirtschaftslehre und Personal<\/strong> <br \/>an der Universit\u00e4t Hamburg<\/p>\n<h3>Berufliche T\u00e4tigkeiten<\/h3>\n<p>06\/2019 \u2013 04\/2021<br \/>Airbus Defence und Space \u2013 Werkstudentin Reward Operations<\/p>\n<p>09\/2017 \u2013 05\/2019<br \/>Gruner &amp; Jahr <abbr title=\"Gesellschaft mit beschr\u00e4nkter Haftung\">GmbH<\/abbr> \u2013 Werkstudentin HR Services<\/p>\n<h3>Ver\u00f6ffentlichungen<\/h3>\n<p>Liehr, J. &amp; Hauff, S. (2024). Promoting employees\u2019 innovative work behavior through innovation-specific leader behavior: An AMO-approach.<em>\u00a0Journal of Management &amp; Organization<\/em>, 1-18.<\/p>\n<p>Liehr, J. &amp; Hauff, S. (2023). Must have or nice to have? Necessary leadership competencies to enable employees\u2019 innovative behaviour. <em>International Journal of Innovation Management<\/em>, 26 (10): 2250070.<\/p>\n<p><strong>Konferenzteilnahmen<\/strong><\/p>\n<p>07\/2025 &#8211; Academy of Management, Kopenhagen, Paperpr\u00e4sentation<\/p>\n<p>10\/2024 &#8211; Midwest Academy of Management, Moorhead, Paperpr\u00e4sentation<\/p>\n<p>09\/2024 &#8211; Tagung der Wissenschaftlichen Kommission Personal, Hannover, Paperpr\u00e4sentation<\/p>\n<p>06\/2024 &#8211; European Academy of Management, Bath, Paperpr\u00e4sentation<\/p>\n<p>09\/2023 &#8211; Tagung der Wissenschaftlichen Kommission Personal, Berlin, Paperpr\u00e4sentation<\/p>\n<p>08\/2023 &#8211; Academy of Management, Boston, Paperpr\u00e4sentation<\/p>\n<p>09\/2022 &#8211; Tagung der Wissenschaftlichen Kommission Personal, Berlin, Paperpr\u00e4sentation<\/p>\n<p>06\/2022 &#8211; European Academy of Management, Winterthur, Paperpr\u00e4sentation<\/p>","protected":false},"excerpt":{"rendered":"<p>Lebenslauf Akademischer Werdegang Seit 05\/2021Wissenschaftliche Mitarbeiterin an der Professur f\u00fcr Arbeit, Personal und Organisation (Prof. Dr. Sven Hauff), an der Fakult\u00e4t f\u00fcr Geistes-und Sozialwissenschaften, Helmut-Schmidt-Universit\u00e4t \u2013 Universit\u00e4t der Bundeswehr Hamburg [&hellip;]<\/p>\n","protected":false},"author":2351,"featured_media":0,"parent":0,"menu_order":0,"comment_status":"closed","ping_status":"closed","template":"","meta":{"footnotes":""},"categories":[4],"tags":[],"class_list":["post-1205","page","type-page","status-publish","hentry","category-forschung"],"_links":{"self":[{"href":"https:\/\/www.hsu-hh.de\/apo\/wp-json\/wp\/v2\/pages\/1205","targetHints":{"allow":["GET"]}}],"collection":[{"href":"https:\/\/www.hsu-hh.de\/apo\/wp-json\/wp\/v2\/pages"}],"about":[{"href":"https:\/\/www.hsu-hh.de\/apo\/wp-json\/wp\/v2\/types\/page"}],"author":[{"embeddable":true,"href":"https:\/\/www.hsu-hh.de\/apo\/wp-json\/wp\/v2\/users\/2351"}],"replies":[{"embeddable":true,"href":"https:\/\/www.hsu-hh.de\/apo\/wp-json\/wp\/v2\/comments?post=1205"}],"version-history":[{"count":19,"href":"https:\/\/www.hsu-hh.de\/apo\/wp-json\/wp\/v2\/pages\/1205\/revisions"}],"predecessor-version":[{"id":1424,"href":"https:\/\/www.hsu-hh.de\/apo\/wp-json\/wp\/v2\/pages\/1205\/revisions\/1424"}],"wp:attachment":[{"href":"https:\/\/www.hsu-hh.de\/apo\/wp-json\/wp\/v2\/media?parent=1205"}],"wp:term":[{"taxonomy":"category","embeddable":true,"href":"https:\/\/www.hsu-hh.de\/apo\/wp-json\/wp\/v2\/categories?post=1205"},{"taxonomy":"post_tag","embeddable":true,"href":"https:\/\/www.hsu-hh.de\/apo\/wp-json\/wp\/v2\/tags?post=1205"}],"curies":[{"name":"wp","href":"https:\/\/api.w.org\/{rel}","templated":true}]}}