{"id":990,"date":"2017-11-10T10:47:16","date_gmt":"2017-11-10T09:47:16","guid":{"rendered":"https:\/\/www.hsu-hh.de\/ant\/?page_id=990"},"modified":"2020-03-30T10:55:29","modified_gmt":"2020-03-30T08:55:29","slug":"dipl-ing-andre-kelm","status":"publish","type":"page","link":"https:\/\/www.hsu-hh.de\/ant\/mitarbeiter\/dipl-ing-andre-kelm","title":{"rendered":"Dipl.-Ing. Andr\u00e9 Kelm"},"content":{"rendered":"<p>&nbsp;<\/p>\n<div class=\"clearfix\"><\/div>\n<div class=\"ansprechparter-container\">\n<div class=\"row ansprechpartner-item ansprechparter-header\">\n<div class=\"col-xs-8 col-lg-12\" style=\"margin-bottom: 30px\">\n<div class=\"mobile-small\"><\/div>\n<\/div>\n<div class=\"col-md-4 col-lg-3 col-xs-4 ansprechpartner-item floatright img-circle center-block\" style=\"margin-bottom: 30px\">\n<div class=\"img-responsive-wrapper\">\n<p><img loading=\"lazy\" decoding=\"async\" class=\"wp-image-1803 \" src=\"https:\/\/www.hsu-hh.de\/ant\/wp-content\/uploads\/sites\/699\/2020\/03\/b456d037-daa4-47ae-bca2-3439d69003d7-225x300.jpg\" alt=\"APK\" width=\"168\" height=\"223\" data-credit=\"APK\" srcset=\"https:\/\/www.hsu-hh.de\/ant\/wp-content\/uploads\/sites\/699\/2020\/03\/b456d037-daa4-47ae-bca2-3439d69003d7-225x300.jpg 225w, https:\/\/www.hsu-hh.de\/ant\/wp-content\/uploads\/sites\/699\/2020\/03\/b456d037-daa4-47ae-bca2-3439d69003d7.jpg 768w\" sizes=\"auto, (max-width: 168px) 100vw, 168px\" \/><\/p>\n<\/div>\n<\/div>\n<div class=\"col-md-12 col-lg-3 col-xs-12 ansprechpartner-item kontakt floatright\" style=\"margin-bottom: 30px\">\n<div class=\"row\">\n<div class=\"col-xs-12 col-sm-6 col-lg-12\">\n<div class=\"row\">\n<div class=\"col-xs-12 col-lg-4 row-text bold\">Raum:<\/div>\n<div class=\"col-xs-12 col-lg-8 row-text\">117<\/div>\n<\/div>\n<\/div>\n<div class=\"col-xs-12 col-sm-6 col-lg-12\">\n<div class=\"row\">\n<div class=\"col-xs-12 col-lg-4 row-text bold\">Telefon:<\/div>\n<div class=\"col-xs-12 col-lg-8 row-text\">(040) 6541-3738<\/div>\n<\/div>\n<\/div>\n<div class=\"col-xs-12 col-sm-6 col-lg-12\">\n<div class=\"row\">\n<div class=\"col-xs-12 col-lg-4 row-text bold\">Fax:<\/div>\n<div class=\"col-xs-12 col-lg-8 row-text\">(040) 6541-2834<\/div>\n<\/div>\n<\/div>\n<div class=\"col-xs-12 col-sm-6 col-lg-12\">\n<div class=\"row\">\n<div class=\"col-xs-12 col-md-12 row-text bold\">E-Mail:<\/div>\n<div class=\"col-xs-12 col-md-12 row-text\"><a href=\"muster@hsu-hh.de\" rel='nofollow'>Andre.Kelm@hsu-hh.de<\/a><\/div>\n<\/div>\n<\/div>\n<\/div>\n<\/div>\n<div class=\"col-md-6 col-lg-3 col-xs-12 ansprechpartner-item anschrift floatright\">\n<div class=\"row-headline\">Besucheranschrift<\/div>\n<div class=\"row-text\">Helmut-Schmidt-Universit\u00e4t<\/div>\n<div class=\"row-text\">Geb\u00e4ude H3<\/div>\n<div class=\"row-text\">Holstenhofweg 85<\/div>\n<div class=\"row-text\">22043 Hamburg<\/div>\n<\/div>\n<div class=\"col-md-6 col-lg-3 col-xs-12 ansprechpartner-item anschrift floatright\">\n<div class=\"row-headline\">Postanschrift<\/div>\n<div class=\"row-text\">Helmut-Schmidt-Universit\u00e4t<\/div>\n<div class=\"row-text\">Fakult\u00e4t f\u00fcr Elektrotechnik<\/div>\n<div class=\"row-text\">Allgemeine Nachrichtentechnik<\/div>\n<div class=\"row-text\">Postfach 70 08 22<\/div>\n<div class=\"row-text\">22008 Hamburg<\/div>\n<\/div>\n<\/div>\n<\/div>\n<div class=\"clearfix\"><\/div>\n<p>&nbsp;<\/p>\n<p>&nbsp;<\/p>\n<h3>Forschung<\/h3>\n<h3>Bildverarbeitung mit Deep Learning<\/h3>\n<p>Ziel ist die Segmentierung und Klassifikation von Bildern im maritimen Umfeld. Daf\u00fcr werden haupts\u00e4chlich Neuronale Faltungsnetzwerke genutzt. Neuartige Verfahren werden untersucht und gegebenenfalls angepasst oder entwickelt. Klassische Bildverarbeitungsalgorithmen werden unterst\u00fctzend f\u00fcr die Segmentierung eingesetzt.<\/p>\n<p>&nbsp;<\/p>\n<figure id=\"attachment_1036\" aria-describedby=\"caption-attachment-1036\" style=\"width: 344px\" class=\"wp-caption alignnone\"><img loading=\"lazy\" decoding=\"async\" class=\"wp-image-1036\" src=\"https:\/\/www.hsu-hh.de\/ant\/wp-content\/uploads\/sites\/699\/2017\/11\/011_pred_merge-300x225.png\" alt=\"FT\" width=\"344\" height=\"258\" srcset=\"https:\/\/www.hsu-hh.de\/ant\/wp-content\/uploads\/sites\/699\/2017\/11\/011_pred_merge-300x225.png 300w, https:\/\/www.hsu-hh.de\/ant\/wp-content\/uploads\/sites\/699\/2017\/11\/011_pred_merge.png 768w\" sizes=\"auto, (max-width: 344px) 100vw, 344px\" \/><figcaption id=\"caption-attachment-1036\" class=\"wp-caption-text\">Segmentierungs-CNN<\/figcaption><\/figure>\n<p>&nbsp;<\/p>\n<p>Um die Szene des Bildes zu erfassen, werden neue interessante Klassen, wie Wasser, Himmel, &#8230; und weitere gelernt.<\/p>\n<figure id=\"attachment_1614\" aria-describedby=\"caption-attachment-1614\" style=\"width: 340px\" class=\"wp-caption alignnone\"><img loading=\"lazy\" decoding=\"async\" class=\" wp-image-1614\" src=\"https:\/\/www.hsu-hh.de\/ant\/wp-content\/uploads\/sites\/699\/2019\/05\/Testbild_05-4-300x225.jpg\" alt=\"Ftraeg\" width=\"340\" height=\"248\" data-credit=\"US Navy Photo\" \/><figcaption id=\"caption-attachment-1614\" class=\"wp-caption-text\">Schiff-Szenen-Segmentierung-CNN<\/figcaption><\/figure>\n<p>&nbsp;<\/p>\n<p>Um die Klassifikationsaufgabe zu unterst\u00fctzen, wird eine Kontur-Extraktions-Methode mit Deep Learning implementiert.<\/p>\n<figure id=\"attachment_1271\" aria-describedby=\"caption-attachment-1271\" style=\"width: 343px\" class=\"wp-caption alignnone\"><img loading=\"lazy\" decoding=\"async\" class=\" wp-image-1271\" src=\"https:\/\/www.hsu-hh.de\/ant\/wp-content\/uploads\/sites\/699\/2018\/06\/Testbild_05_pred_merge-300x225.png\" alt=\"A1\" width=\"343\" height=\"257\" srcset=\"https:\/\/www.hsu-hh.de\/ant\/wp-content\/uploads\/sites\/699\/2018\/06\/Testbild_05_pred_merge-300x225.png 300w, https:\/\/www.hsu-hh.de\/ant\/wp-content\/uploads\/sites\/699\/2018\/06\/Testbild_05_pred_merge.png 768w\" sizes=\"auto, (max-width: 343px) 100vw, 343px\" \/><figcaption id=\"caption-attachment-1271\" class=\"wp-caption-text\">Kontur-Extraktions-CNN<\/figcaption><\/figure>\n<p>Das RefineContourNet nutzt ein etabliertes Segmentierungsnetzwerk und erreicht State-of-the-Art Edge-Detection auf dem BSDS500 Benchmark: <a href=\"https:\/\/www.hsu-hh.de\/ant\/wp-content\/uploads\/sites\/699\/2019\/05\/BSDS500-SoA-1.pdf\">BSDS500 SoA<\/a><\/p>\n<p>Test-Code verf\u00fcgbar auf <a href=\"https:\/\/github.com\/AndreKelm\/RefineContourNet\" rel='nofollow'>https:\/\/github.com\/AndreKelm\/RefineContourNet<\/a><\/p>\n<p>&nbsp;<\/p>\n<p><strong>Betreute Projektarbeiten<\/strong><\/p>\n<p>Vijesh Sao Rao \u2013 Training State-of-the-Art CNNs for Segmentation and Contour Detection on Ship Images, Student Project<\/p>\n<p>Christina Sander \u2013 SSD Analysis and Development of Adaption Proposal for a CNN Ship Detector, Student Project<\/p>\n<p>Supradeep Chikaballapur Manjunath &#8211; Contour Detection using SRCNN,\u00a0 Student Project<\/p>\n<p>Karthik Kadur Manjunath &#8211; Analysing Hypercolumn Features for Object Contour detection and Semantic Segmentation,\u00a0 Student Project<\/p>\n<p><strong>Betreute Masterarbeiten<\/strong><\/p>\n<p>Vijesh Sao Rao \u2013 Generating synthetic NIR images from RGB images using GANs, Master Thesis<\/p>\n<p>Roc\u00edo Aldana Figueroa \u2013 CNN for Detailed Ship Image Segmentation using Contour and Segmentation Feature Maps, Master Thesis<\/p>\n<p>Sous-Lieutenant Jean Fissot \u2013 Using Phase-Stretch-Transform Algorithm as an Image-Feature-Extractor, Master Thesis<\/p>\n<p><strong>Ver\u00f6ffentlichungen<\/strong><\/p>\n<p>A. Kelm, V. Rao, U. Z\u00f6lzer:\u00a0<a href=\"https:\/\/link.springer.com\/chapter\/10.1007%2F978-3-030-29888-3_20\" rel='nofollow'>Object Contour and Edge Detection with RefineContourNet<\/a> &#8211; Computer Analysis of Images and Patterns, 18th International Conference, CAIP 2019, Salerno, Italy, September 3\u20135, 2019, Proceedings, Part I<\/p>\n<p>P. Bhattacharya, G. Simkus, C. de Obald\u00eda, A. Kelm, U. Z\u00f6lzer: Convolutional Neural Networks for Digital Signal Processing, LSA2017 &#8211; L\u00fcbeck Summer Academy on Medical Technology, July 2017, L\u00fcbeck, Germany.<\/p>\n<p>&nbsp;<\/p>\n","protected":false},"excerpt":{"rendered":"<p>&nbsp; Raum: 117 Telefon: (040) 6541-3738 Fax: (040) 6541-2834 E-Mail: Andre.Kelm@hsu-hh.de Besucheranschrift Helmut-Schmidt-Universit\u00e4t Geb\u00e4ude H3 Holstenhofweg 85 22043 Hamburg Postanschrift Helmut-Schmidt-Universit\u00e4t Fakult\u00e4t f\u00fcr Elektrotechnik Allgemeine Nachrichtentechnik Postfach 70 08 22 [&hellip;]<\/p>\n","protected":false},"author":142,"featured_media":0,"parent":120,"menu_order":0,"comment_status":"closed","ping_status":"closed","template":"","meta":{"footnotes":""},"categories":[],"tags":[],"class_list":["post-990","page","type-page","status-publish","hentry"],"_links":{"self":[{"href":"https:\/\/www.hsu-hh.de\/ant\/wp-json\/wp\/v2\/pages\/990","targetHints":{"allow":["GET"]}}],"collection":[{"href":"https:\/\/www.hsu-hh.de\/ant\/wp-json\/wp\/v2\/pages"}],"about":[{"href":"https:\/\/www.hsu-hh.de\/ant\/wp-json\/wp\/v2\/types\/page"}],"author":[{"embeddable":true,"href":"https:\/\/www.hsu-hh.de\/ant\/wp-json\/wp\/v2\/users\/142"}],"replies":[{"embeddable":true,"href":"https:\/\/www.hsu-hh.de\/ant\/wp-json\/wp\/v2\/comments?post=990"}],"version-history":[{"count":56,"href":"https:\/\/www.hsu-hh.de\/ant\/wp-json\/wp\/v2\/pages\/990\/revisions"}],"predecessor-version":[{"id":1805,"href":"https:\/\/www.hsu-hh.de\/ant\/wp-json\/wp\/v2\/pages\/990\/revisions\/1805"}],"up":[{"embeddable":true,"href":"https:\/\/www.hsu-hh.de\/ant\/wp-json\/wp\/v2\/pages\/120"}],"wp:attachment":[{"href":"https:\/\/www.hsu-hh.de\/ant\/wp-json\/wp\/v2\/media?parent=990"}],"wp:term":[{"taxonomy":"category","embeddable":true,"href":"https:\/\/www.hsu-hh.de\/ant\/wp-json\/wp\/v2\/categories?post=990"},{"taxonomy":"post_tag","embeddable":true,"href":"https:\/\/www.hsu-hh.de\/ant\/wp-json\/wp\/v2\/tags?post=990"}],"curies":[{"name":"wp","href":"https:\/\/api.w.org\/{rel}","templated":true}]}}