{"id":782,"date":"2017-10-27T15:39:21","date_gmt":"2017-10-27T13:39:21","guid":{"rendered":"https:\/\/www.hsu-hh.de\/ant\/?page_id=782"},"modified":"2020-09-10T10:02:10","modified_gmt":"2020-09-10T08:02:10","slug":"m-sc-lars-urbansky","status":"publish","type":"page","link":"https:\/\/www.hsu-hh.de\/ant\/en\/team\/m-sc-lars-urbansky","title":{"rendered":"Dr.-Ing.\u00a0Lars Urbansky"},"content":{"rendered":"<div class=\"ansprechparter-container\">\n<div class=\"row ansprechpartner-item ansprechparter-header\">\n<div class=\"col-xs-8 col-lg-12\" style=\"margin-bottom: 30px\"><\/div>\n<div class=\"col-md-4 col-lg-3 col-xs-4 ansprechpartner-item floatright img-circle center-block\" style=\"margin-bottom: 30px\">\n<div class=\"img-responsive-wrapper\"><img loading=\"lazy\" decoding=\"async\" class=\"alignnone size-medium wp-image-1556\" src=\"https:\/\/www.hsu-hh.de\/ant\/wp-content\/uploads\/sites\/699\/2019\/03\/Lars_Urbansky-1-251x300.jpg\" alt=\"Portr\u00e4t\" width=\"251\" height=\"300\" data-credit=\"Lars Urbansky\" \/><\/div>\n<\/div>\n<div class=\"col-md-12 col-lg-3 col-xs-12 ansprechpartner-item kontakt floatright\" style=\"margin-bottom: 30px\">\n<div class=\"row\">\n<div class=\"col-xs-12 col-sm-6 col-lg-12\">\n<div class=\"row\">\n<div class=\"col-xs-12 col-lg-4 row-text bold\">room:<\/div>\n<div class=\"col-xs-12 col-lg-8 row-text\">2416<\/div>\n<\/div>\n<\/div>\n<div class=\"col-xs-12 col-sm-6 col-lg-12\">\n<div class=\"row\">\n<div class=\"col-xs-12 col-lg-4 row-text bold\">phone:<\/div>\n<div class=\"col-xs-12 col-lg-8 row-text\">+49-40-6541-2658<\/div>\n<\/div>\n<\/div>\n<div class=\"col-xs-12 col-sm-6 col-lg-12\">\n<div class=\"row\">\n<div class=\"col-xs-12 col-md-12 row-text bold\">email:<\/div>\n<div class=\"col-xs-12 col-md-12 row-text\"><a href=\"lars.urbansky@hsu-hh.de\" rel='nofollow'>lars.urbansky@hsu-hh.de<\/a><\/div>\n<\/div>\n<\/div>\n<\/div>\n<\/div>\n<div class=\"col-md-6 col-lg-3 col-xs-12 ansprechpartner-item anschrift floatright\">\n<div class=\"row-headline\">Visitor address<\/div>\n<div class=\"row-text\">Helmut-Schmidt-Universit\u00e4t<\/div>\n<div class=\"row-text\">Geb\u00e4ude H1<\/div>\n<div class=\"row-text\">Holstenhofweg 85<\/div>\n<div class=\"row-text\">22043 Hamburg<\/div>\n<\/div>\n<div class=\"col-md-6 col-lg-3 col-xs-12 ansprechpartner-item anschrift floatright\">\n<div class=\"row-headline\">Postal address<\/div>\n<div class=\"row-text\">Helmut-Schmidt-Universit\u00e4t<\/div>\n<div class=\"row-text\">Fakult\u00e4t f\u00fcr Elektrotechnik<\/div>\n<div class=\"row-text\">Allgemeine Nachrichtentechnik<\/div>\n<div class=\"row-text\">Postfach 70 08 22<\/div>\n<div class=\"row-text\">22008 Hamburg<\/div>\n<\/div>\n<\/div>\n<div class=\"clearfix\"><\/div>\n<\/div>\n<p>&nbsp;<\/p>\n<h3>Research<\/h3>\n<p>Digital signal processing in microphones<\/p>\n<h3>Teaching<\/h3>\n<ul>\n<li>Communication Systems &#8211; exercise, laboratory exercise<\/li>\n<li>Cryptology &#8211; exercise<\/li>\n<li>Digital Communication Systems &#8211; exercise<\/li>\n<\/ul>\n<h3>Supervised student work<\/h3>\n<ul>\n<li>F. Poppinga &#8211; &#8222;Implementation and Evaluation of Audio Based Methods for Robust Inter-Robot Communication&#8220;<\/li>\n<li>P. Nowak &#8211; &#8222;Implementierung und Evaluierung von Kontrollstrukturen f\u00fcr die aktive Rauschunterdr\u00fcckung in Kopfh\u00f6rern&#8220;<\/li>\n<li>M. Toumazet &#8211; &#8222;Simulation of a multiple-carrier Amplitude Modulation\/Demodulation system&#8220;<\/li>\n<li>A. Habib &#8211; &#8222;Development and Implementation of an extensible FPGA-based I2S-Interface&#8220;<\/li>\n<li>A. Lenka &#8211; &#8222;Investigation of Modern Digital Modulation Methods in Acoustic Communication Systems&#8220;<\/li>\n<li>A. Habib &#8211; &#8222;Active Noise Control Headphones Prototype based on an FPGA Platform&#8220;<\/li>\n<li>Y. Zhu &#8211; &#8222;Sampling Clock Offset Estimation and Correction in an OFDM-based Acoustic Communication System&#8220;<\/li>\n<li>J. Carstens &#8211; &#8222;Analog Circuit Design Analysis and Improvement for a Digital Microphone with Amplitude Modulation&#8220;<\/li>\n<li>J. Carstens &#8211; &#8222;Analog and Mixed-Signal Circuit Design, Implementation and Verification for a Digital Radio-Frequency Microphone&#8220;<\/li>\n<\/ul>\n<h2>Publications<\/h2>\n<p style=\"padding-left: 40px\">L. Urbansky, U. Z\u00f6lzer: &#8222;A High-Quality Digital Radio-Frequency Capacitor Microphone with Improved Dynamic Range&#8220;, The Journal of the Acoustical Society of America, vol. 147, no. 3, pp. 1953\u20131965, 2020. [Online]. Available: \u00a0<a href=\"https:\/\/doi.org\/10.1121\/10.0000946\" rel='nofollow'>https:\/\/doi.org\/10.1121\/10.0000946<\/a><\/p>\n<p style=\"padding-left: 40px\">L. Urbansky, U. Z\u00f6lzer: &#8222;A Novel Digital Radio-Frequency Capacitor Microphone with Gain Ranging&#8220;, 146th AES Convention, 2019, Dublin, Ireland.<\/p>\n<p style=\"padding-left: 40px\">L. Urbansky, U. Z\u00f6lzer: &#8222;A Digital Radio-Frequency Condenser Microphone With Amplitude Modulation&#8220;, IEEE International Symposium on Circuits and Systems (ISCAS), 2019, Sapporo, Japan.<\/p>\n","protected":false},"excerpt":{"rendered":"<p>room: 2416 phone: +49-40-6541-2658 email: lars.urbansky@hsu-hh.de Visitor address Helmut-Schmidt-Universit\u00e4t Geb\u00e4ude H1 Holstenhofweg 85 22043 Hamburg Postal address Helmut-Schmidt-Universit\u00e4t Fakult\u00e4t f\u00fcr Elektrotechnik Allgemeine Nachrichtentechnik Postfach 70 08 22 22008 Hamburg &nbsp; [&hellip;]<\/p>\n","protected":false},"author":120,"featured_media":0,"parent":550,"menu_order":0,"comment_status":"closed","ping_status":"closed","template":"","meta":{"footnotes":""},"categories":[7],"tags":[],"class_list":["post-782","page","type-page","status-publish","hentry","category-research"],"_links":{"self":[{"href":"https:\/\/www.hsu-hh.de\/ant\/wp-json\/wp\/v2\/pages\/782","targetHints":{"allow":["GET"]}}],"collection":[{"href":"https:\/\/www.hsu-hh.de\/ant\/wp-json\/wp\/v2\/pages"}],"about":[{"href":"https:\/\/www.hsu-hh.de\/ant\/wp-json\/wp\/v2\/types\/page"}],"author":[{"embeddable":true,"href":"https:\/\/www.hsu-hh.de\/ant\/wp-json\/wp\/v2\/users\/120"}],"replies":[{"embeddable":true,"href":"https:\/\/www.hsu-hh.de\/ant\/wp-json\/wp\/v2\/comments?post=782"}],"version-history":[{"count":31,"href":"https:\/\/www.hsu-hh.de\/ant\/wp-json\/wp\/v2\/pages\/782\/revisions"}],"predecessor-version":[{"id":1861,"href":"https:\/\/www.hsu-hh.de\/ant\/wp-json\/wp\/v2\/pages\/782\/revisions\/1861"}],"up":[{"embeddable":true,"href":"https:\/\/www.hsu-hh.de\/ant\/wp-json\/wp\/v2\/pages\/550"}],"wp:attachment":[{"href":"https:\/\/www.hsu-hh.de\/ant\/wp-json\/wp\/v2\/media?parent=782"}],"wp:term":[{"taxonomy":"category","embeddable":true,"href":"https:\/\/www.hsu-hh.de\/ant\/wp-json\/wp\/v2\/categories?post=782"},{"taxonomy":"post_tag","embeddable":true,"href":"https:\/\/www.hsu-hh.de\/ant\/wp-json\/wp\/v2\/tags?post=782"}],"curies":[{"name":"wp","href":"https:\/\/api.w.org\/{rel}","templated":true}]}}