{"id":730,"date":"2017-10-25T13:48:46","date_gmt":"2017-10-25T11:48:46","guid":{"rendered":"https:\/\/www.hsu-hh.de\/ant\/?page_id=730"},"modified":"2025-01-04T11:22:27","modified_gmt":"2025-01-04T10:22:27","slug":"m-sc-patrick-nowak","status":"publish","type":"page","link":"https:\/\/www.hsu-hh.de\/ant\/en\/team\/m-sc-patrick-nowak","title":{"rendered":"Dr.-Ing. Patrick Nowak"},"content":{"rendered":"<div class=\"ansprechparter-container\">\n<div class=\"row ansprechpartner-item ansprechparter-header\">\n<div class=\"col-xs-8 col-lg-12\" style=\"margin-bottom: 30px\"><\/div>\n<div class=\"col-md-4 col-lg-3 col-xs-4 ansprechpartner-item floatright img-circle center-block\" style=\"margin-bottom: 30px\">\n<div class=\"img-responsive-wrapper\"><img loading=\"lazy\" decoding=\"async\" class=\"alignnone size-medium wp-image-736\" src=\"https:\/\/www.hsu-hh.de\/ant\/wp-content\/uploads\/sites\/699\/2017\/10\/Nowak_3x4-1-225x300.jpg\" alt=\"Patrick Nowak\" width=\"225\" height=\"300\" srcset=\"https:\/\/www.hsu-hh.de\/ant\/wp-content\/uploads\/sites\/699\/2017\/10\/Nowak_3x4-1-225x300.jpg 225w, https:\/\/www.hsu-hh.de\/ant\/wp-content\/uploads\/sites\/699\/2017\/10\/Nowak_3x4-1-768x1024.jpg 768w, https:\/\/www.hsu-hh.de\/ant\/wp-content\/uploads\/sites\/699\/2017\/10\/Nowak_3x4-1.jpg 1995w\" sizes=\"auto, (max-width: 225px) 100vw, 225px\" \/><\/div>\n<\/div>\n<div class=\"col-md-12 col-lg-3 col-xs-12 ansprechpartner-item kontakt floatright\" style=\"margin-bottom: 30px\">\n<div class=\"row\">\n<div class=\"col-xs-12 col-sm-6 col-lg-12\">\n<div class=\"row\">\n<div class=\"col-xs-12 col-lg-4 row-text bold\">Office:<\/div>\n<div class=\"col-xs-12 col-lg-8 row-text\">H3 &#8211; 116<\/div>\n<div class=\"col-xs-12 col-lg-8 row-text\">+49-40-6541-3650<\/div>\n<\/div>\n<\/div>\n<\/div>\n<div class=\"row\">\n<div class=\"col-xs-12 col-sm-6 col-lg-12\">\n<div class=\"row\">\n<div class=\"col-xs-12 col-lg-4 row-text bold\">Labor:<\/div>\n<div class=\"col-xs-12 col-lg-8 row-text\">H1 &#8211; 2416<\/div>\n<div class=\"col-xs-12 col-lg-8 row-text\">+49-40-6541-2657<\/div>\n<\/div>\n<\/div>\n<div class=\"col-xs-12 col-sm-6 col-lg-12\">\n<div class=\"row\">\n<div class=\"col-xs-12 col-lg-4 row-text bold\">Email:<\/div>\n<\/div>\n<\/div>\n<div class=\"col-xs-12 col-sm-6 col-lg-12\">\n<div class=\"row\">\n<div class=\"col-xs-12 col-md-12 row-text\"><a href=\"patrick.nowak@hsu-hh.de\" rel='nofollow'>patrick.nowak@hsu-hh.de<\/a><\/div>\n<\/div>\n<\/div>\n<\/div>\n<\/div>\n<div class=\"col-md-6 col-lg-3 col-xs-12 ansprechpartner-item anschrift floatright\">\n<div class=\"row-headline\">Visitor Address<\/div>\n<div class=\"row-text\">Helmut-Schmidt-Universit\u00e4t<\/div>\n<div class=\"row-text\">Geb\u00e4ude H3\/H1<\/div>\n<div class=\"row-text\">Holstenhofweg 85<\/div>\n<div class=\"row-text\">22043 Hamburg<\/div>\n<\/div>\n<div class=\"col-md-6 col-lg-3 col-xs-12 ansprechpartner-item anschrift floatright\">\n<div class=\"row-headline\">Postal Address<\/div>\n<div class=\"row-text\">Helmut-Schmidt-Universit\u00e4t<\/div>\n<div class=\"row-text\">Fakult\u00e4t f\u00fcr Elektrotechnik<\/div>\n<div class=\"row-text\">Allgemeine Nachrichtentechnik<\/div>\n<div class=\"row-text\">Postfach 70 08 22<\/div>\n<div class=\"row-text\">22008 Hamburg<\/div>\n<\/div>\n<\/div>\n<div class=\"clearfix\"><\/div>\n<\/div>\n<div class=\"clearfix\"><\/div>\n<h3>Research<\/h3>\n<h3>\u00a0 \u00a0Drone Detection with Infrared Cameras in the 5G Network<\/h3>\n<ul>\n<li style=\"list-style-type: none\">\n<ul>\n<li style=\"list-style-type: none\">\n<ul>\n<li>Drone detection in the visible range and with infrared cameras<\/li>\n<li>Transmission of image data and camera control via 5G campus network<\/li>\n<\/ul>\n<\/li>\n<\/ul>\n<\/li>\n<\/ul>\n<p><img loading=\"lazy\" decoding=\"async\" class=\"aligncenter wp-image-2099 size-full\" src=\"https:\/\/www.hsu-hh.de\/ant\/wp-content\/uploads\/sites\/699\/2022\/02\/Drohnen-Detektion-ueber-5G-Version-2-1-e1645174960237.png\" alt=\"Visualization of project\" width=\"610\" height=\"345\" data-credit=\"\" \/><\/p>\n<ul>\n<li style=\"list-style-type: none\">\n<ul>\n<li style=\"list-style-type: none\">\n<ul>\n<li>Subproject inside the dtec.bw project <a href=\"https:\/\/dtecbw.de\/home\/forschung\/hsu\/projekt-ds2ccp\/projekt-ds2ccp\" rel='nofollow'>Digital Sensor-2-Cloud Campus-Plattform<\/a><\/li>\n<\/ul>\n<\/li>\n<\/ul>\n<\/li>\n<\/ul>\n<h3>\u00a0 \u00a0Previous Research: 3D Audio Reconstruction with Headphones<\/h3>\n<ul>\n<li style=\"list-style-type: none\">\n<ul>\n<li style=\"list-style-type: none\">\n<ul>\n<li>3D audio reconstruction with headphones based on the use of Head Related Transfer Functions (HRTF) approximated with parametric IIR filter cascades<\/li>\n<li>The whole system consists of binaural synthesis, room simulation, and headphone equalization<\/li>\n<\/ul>\n<\/li>\n<\/ul>\n<\/li>\n<\/ul>\n<p><img loading=\"lazy\" decoding=\"async\" class=\"aligncenter wp-image-2098 size-full\" src=\"https:\/\/www.hsu-hh.de\/ant\/wp-content\/uploads\/sites\/699\/2022\/02\/Binaural_Synthesis_vDiss-1-e1645175111705.png\" alt=\"Visualization of project\" width=\"782\" height=\"345\" data-credit=\" \" \/><\/p>\n<ul>\n<li style=\"list-style-type: none\">\n<ul>\n<li style=\"list-style-type: none\">\n<ul>\n<li>Cooperation project with the <a href=\"http:\/\/www.isl.eu\/en\/\" rel='nofollow'>French-German Research Institute Saint-Louis<\/a><\/li>\n<\/ul>\n<\/li>\n<\/ul>\n<\/li>\n<\/ul>\n<h3>\u00a0 \u00a0Previous Research: Active Noise Control in Headphones<\/h3>\n<ul>\n<li style=\"list-style-type: none\">\n<ul>\n<li style=\"list-style-type: none\">\n<ul>\n<li>Implementation and Evaluation of Control Schemes for Active Noise Control in Headphones<\/li>\n<\/ul>\n<\/li>\n<\/ul>\n<\/li>\n<\/ul>\n<p><img loading=\"lazy\" decoding=\"async\" class=\"aligncenter wp-image-755 size-full\" src=\"https:\/\/www.hsu-hh.de\/ant\/wp-content\/uploads\/sites\/699\/2017\/10\/ANC_Comparison-1-e1645175226844.png\" alt=\"Principles of different ANC Control Structures\" width=\"755\" height=\"210\" \/><\/p>\n<h3>Teaching<\/h3>\n<ul>\n<li>Digital Audio Signal Processing (DASP) &#8211; Exercise, Lab Exercise<\/li>\n<li>Cryptology &#8211; Exercise, Lab Exercise<\/li>\n<li>Digital Filters &#8211; Exercise<\/li>\n<\/ul>\n<h3>Publications<\/h3>\n<ul>\n<li>P. Bhattacharya, P. Nowak, D. Ahlers, U. Z\u00f6lzer: <a href=\"https:\/\/www.hsu-hh.de\/ant\/wp-content\/uploads\/sites\/699\/2025\/01\/SITIS2023_paper_63.pdf\">&#8222;A Dataset of Infrared Images for Deep Learning based Drone Detection&#8220;<\/a>, in 17th International Conference on Signal-Image Technology &amp; Internet-Based Systems (SITIS), Bangkok, Thailand, November 8-10, 2023.<\/li>\n<li>D. Ahlers, P. Bhattacharya, P. Nowak, U. Z\u00f6lzer: <a href=\"https:\/\/www.hsu-hh.de\/ant\/wp-content\/uploads\/sites\/699\/2025\/01\/SITIS2023_paper_66.pdf\">&#8222;Shore Livecams: A Maritime Dataset for Deep Learning based Object Detection&#8220;<\/a>, in 17th International Conference on Signal-Image Technology &amp; Internet-Based Systems (SITIS), Bangkok, Thailand, November 8-10, 2023.<\/li>\n<li>P. Nowak, E. Gerat, U. Z\u00f6lzer: <a href=\"https:\/\/www.hsu-hh.de\/ant\/wp-content\/uploads\/sites\/699\/2025\/01\/daga_2023_paper.pdf\">&#8222;Externalization of Static Virtual Sound Sources using HRTFs Approximated by Parametric IIR Filters and Room Simulation&#8220;<\/a>, in Fortschritte der Akustik: DAGA 2023, Hamburg, Germany, March 6-9, 2023.<\/li>\n<li>P. Bhattacharya, P. Nowak, D. Ahlers, M. Holters, U. Z\u00f6lzer: <a href=\"https:\/\/openhsu.ub.hsu-hh.de\/handle\/10.24405\/14543\" rel='nofollow'>&#8222;CNN based Drone Detection in Infrared Images&#8220;<\/a>, in dtec.bw-Beitr\u00e4ge der Helmut-Schmidt-Universit\u00e4t \/ Universit\u00e4t der Bundeswehr Hamburg: Forschungsaktivit\u00e4ten im Zentrum f\u00fcr Digitalisierungs- und Technologieforschung der Bundeswehr dtec.bw &#8211; Band 1, 2022.<\/li>\n<li>P. Bhattacharya, P. Nowak, U. Z\u00f6lzer, Machine Learning for Audio, <a href=\"https:\/\/www.wiley.com\/en-us\/Digital+Audio+Signal+Processing%2C+3rd+Edition-p-9781119832690\" rel='nofollow'>Digital Audio Signal Processing<\/a>, 3rd Edition, Chapter 11, J. Wiley &amp; Sons, 2022.<\/li>\n<li>U. Z\u00f6lzer, P. Nowak, P. Bhattacharya, Room Simulation, <a href=\"https:\/\/www.wiley.com\/en-us\/Digital+Audio+Signal+Processing%2C+3rd+Edition-p-9781119832690\" rel='nofollow'>Digital Audio Signal Processing<\/a>, 3rd Edition, Chapter 7, J. Wiley &amp; Sons, 2022.<\/li>\n<li>P. Nowak, <a href=\"https:\/\/openhsu.ub.hsu-hh.de\/handle\/10.24405\/14326?&amp;locale=en\" rel='nofollow'>&#8222;Spatial Audio Through Headphones Based on HRTFs Approximated by Parametric IIR Filters&#8220;<\/a>, Dissertation, Helmut Schmidt University \/ University of the Federal Armed Forces Hamburg, Hamburg, Germany, May, 2022.<\/li>\n<li>P. Nowak, U. Z\u00f6lzer: <a href=\"https:\/\/www.hsu-hh.de\/ant\/wp-content\/uploads\/sites\/699\/2022\/10\/Spatial-Interpolation-of-HRTFs-Approximated-by-Parametric-IIR-Filters-NowakZoelzer.pdf\">&#8222;Spatial Interpolation of HRTFs Approximated by Parametric IIR Filters&#8220;<\/a>, in Fortschritte der Akustik: DAGA 2022, Stuttgart, Germany, March 21-24, 2022.<\/li>\n<li>A. Klemd, P. Nowak, P. Rivera Benois, E. Gerat, U. Z\u00f6lzer, B. Klauer: <a href=\"https:\/\/www.hsu-hh.de\/ant\/wp-content\/uploads\/sites\/699\/2022\/02\/Exponential-Sine-Sweep-Measurement-Implementation-Targeting-FPGA-Platforms-KLEMDNOWAKRIVERAGERATZOeLZERKLAUER.pdf\">&#8222;Exponential Sine Sweep Measurement Implementation Targeting FPGA Platforms&#8220;<\/a>, in International Conference on Field-Programmable Technology (FPT), Auckland, New Zealand, December 6-10, 2021.<\/li>\n<li>P. Bhattacharya, P. Nowak, U. Z\u00f6lzer: <a href=\"https:\/\/www.hsu-hh.de\/ant\/wp-content\/uploads\/sites\/699\/2020\/09\/DAFx2020_paper_318.pdf\">&#8222;Optimization of Cascaded Parametric Peak and Shelving Filters with Backpropagation Algorithm&#8220;<\/a>, in 23rd International Conference on Digital Audio Effects (DAFx), Vienna, Austria, September 9-11, 2020.<\/li>\n<li>P. Nowak, V. Zimpfer, U. Z\u00f6lzer: <a href=\"https:\/\/www.hsu-hh.de\/ant\/wp-content\/uploads\/sites\/699\/2020\/11\/P_Nowak_et_al_-_Approximation_of_HRTFs_using_IIR_filters.pdf\">&#8222;Automatic Approximation of Head-Related Transfer Functions Using Parametric IIR Filters&#8220;<\/a>, in Fortschritte der Akustik: DAGA 2020, Hannover, Germany, March 16-19, 2020.<\/li>\n<li>P. Rivera Benois, P. Nowak, U. Z\u00f6lzer: <a href=\"https:\/\/www.hsu-hh.de\/ant\/wp-content\/uploads\/sites\/699\/2019\/01\/Hybrid-Active-Noise-Control-Structures_-A-Short-Overview-Rivera-Nowak-Zoelzer.pdf\">&#8222;Hybrid Active Noise Control Structures: A Short Overview&#8220;<\/a>, in Proceedings of the 13th ITG Conference on Speech Communication, Oldenburg, Germany,\u00a0 October 10-12, 2018.<\/li>\n<li>M. Eckert, P. Rivera Benois, P. Nowak, B. Klauer, U.Z\u00f6lzer: <a href=\"https:\/\/www.hsu-hh.de\/ant\/wp-content\/uploads\/sites\/699\/2019\/01\/HEART_2018_paper_13.pdf\">&#8222;Low-Latency FIR Filter Structures Targeting FPGA Platforms&#8220;<\/a>, in Proceedings of the 7th International Symposium on Highly-Efficient Accelerators and Reconfigurable Technologies (HEART), Toronto, Canada, June 20-22, 2018.<\/li>\n<li>P. Nowak, V. Zimpfer, U. Z\u00f6lzer: <a href=\"https:\/\/www.hsu-hh.de\/ant\/wp-content\/uploads\/sites\/699\/2018\/10\/Nowak-3D-Virtual-Audio-with-Headphones-A-Literature-Review-of-the-Last-Ten-Years.pdf\">&#8222;3D Virtual Audio with Headphones: A Literature Review of the Last Ten Years&#8220;<\/a>, in Fortschritte der Akustik: DAGA 2018, Munich, Germany, March 19-22, 2018.<\/li>\n<li>P. Rivera Benois, P. Nowak, U. Z\u00f6lzer:\u00a0<a href=\"https:\/\/www.hsu-hh.de\/ant\/wp-content\/uploads\/sites\/699\/2018\/03\/Rivera_Nowak_Zoelzer_2018_-_Real-time_FPGA-based_Platform.pdf\">&#8222;Real-time FPGA-based Platform for Psychoacoustic Evaluation of ANC Headphones Control Algorithms and their Parameters&#8220;<\/a>, Poster presented in 44.Jahrestagung f\u00fcr Akustik (DAGA), Munich, Germany, March 19-22, 2018.<\/li>\n<li>P. Rivera Benois, P. Nowak, U. Z\u00f6lzer: <a href=\"https:\/\/www.hsu-hh.de\/ant\/wp-content\/uploads\/sites\/699\/2017\/11\/Rivera-Nowak-Z\u00f6lzer-2017-Evaluation-of-a-Decoupled-Feedforward-Feedback-Hybrid-Structure-for-Active-Noise-Control-in-a-Multi-Source-Environment.pdf\">&#8222;Evaluation of a Decoupled Feedforward-Feedback Hybrid Structure for Active Noise Control Headphones in a Multi-Source Environment&#8220;<\/a>, in Proceedings of the 46th International Congress and Exposition on Noise Control Engineering (INTER-NOISE), Hong Kong, August 27-30, 2017.<\/li>\n<li>P. Rivera Benois, P. Nowak, U. Z\u00f6lzer: <a href=\"https:\/\/www.hsu-hh.de\/ant\/wp-content\/uploads\/sites\/699\/2017\/11\/Rivera-Nowak-Z\u00f6lzer-2017-Fully-Digital-Implementation-of-a-Hybrid-Feedback-Structure-for-Broadband-Active-Noise-Control-in-Headphones.pdf\">&#8222;Fully Digital Implementation of a Hybrid Feedback Structure for Broadband Active Noise Control in Headphones&#8220;<\/a>,\u00a0 in Proceedings of the 24th International Congress on Sound and Vibration (ICSV), London, England, July 23-27, 2017.<\/li>\n<li>P.Nowak: &#8222;Implementierung und Evaluierung von Kontrollstrukturen f\u00fcr die aktive Rauschunterdr\u00fcckung in Kopfh\u00f6rern&#8220;,\u00a0Master&#8217;s thesis, Helmut Schmidt University, October 20, 2016.<\/li>\n<\/ul>\n<h3>Supervised Student Work<\/h3>\n<ul>\n<li>F. de Kerimel de Keverno: &#8222;Development of a Demonstrator for Convolutional Neural Network Based Drone Detection&#8220;, Master&#8217;s thesis, 2023.<\/li>\n<li>E. Sim\u00e9au: &#8222;Drone Detection in Infrared Images with a Convolutional Neural Network&#8220;, Master&#8217;s thesis, 2022.<\/li>\n<li>F. Ciroku: &#8222;HRIRs with Digitally Enhanced Room Effects for Spatial Audio Through Headphones&#8220;, Master\u2019s thesis, 2020.<\/li>\n<li>F. Ciroku: &#8222;Perception of Distance in Spatial Audio Through Headphones&#8220;, Project work, 2020.<\/li>\n<li>E. G\u00f6ks\u00fcg\u00fcr: &#8222;Individualization of HRTFs with CNNs Based on Anthropometric Features&#8220;, Master&#8217;s thesis, 2019.<\/li>\n<li>F. Ciroku: &#8222;Evaluation of Methods for Improving the Externalization in Spatial Audio Through Headphones&#8220;, Bachelor thesis, 2018.<\/li>\n<li>P.-L. Suptil: &#8222;Evaluation of Individualized Binaural Recordings for 3D Spatial Audio in Headphones&#8220;, Master&#8217;s thesis, 2018.<\/li>\n<li>T. Banerjee: &#8222;Simultaneous Transfer Function Measurement of a Multiple Input Multiple Output System&#8220;, Project work, 2018.<\/li>\n<li>J. Bellot des Minieres: &#8222;Evaluation of Recording and Playback Methods for 3D Spatial Audio&#8220;, Master\u2019s thesis, 2017.<\/li>\n<li>G. Larnaudie de Ferrand Puginier: &#8222;Individual Headphone Equalization via Personal Equal Loudness Measurements for 3D Audio Reconstruction&#8220;, Master&#8217;s thesis, 2017.<\/li>\n<li>L. Hannink: &#8222;Generation of Individual HRTFs Based on Anthropometric Measurements and the CIPIC Database&#8220;, Project work, 2017.<\/li>\n<\/ul>\n","protected":false},"excerpt":{"rendered":"<p>Office: H3 &#8211; 116 +49-40-6541-3650 Labor: H1 &#8211; 2416 +49-40-6541-2657 Email: patrick.nowak@hsu-hh.de Visitor Address Helmut-Schmidt-Universit\u00e4t Geb\u00e4ude H3\/H1 Holstenhofweg 85 22043 Hamburg Postal Address Helmut-Schmidt-Universit\u00e4t Fakult\u00e4t f\u00fcr Elektrotechnik Allgemeine Nachrichtentechnik Postfach [&hellip;]<\/p>\n","protected":false},"author":118,"featured_media":0,"parent":550,"menu_order":0,"comment_status":"closed","ping_status":"closed","template":"","meta":{"footnotes":""},"categories":[7],"tags":[],"class_list":["post-730","page","type-page","status-publish","hentry","category-research"],"_links":{"self":[{"href":"https:\/\/www.hsu-hh.de\/ant\/wp-json\/wp\/v2\/pages\/730","targetHints":{"allow":["GET"]}}],"collection":[{"href":"https:\/\/www.hsu-hh.de\/ant\/wp-json\/wp\/v2\/pages"}],"about":[{"href":"https:\/\/www.hsu-hh.de\/ant\/wp-json\/wp\/v2\/types\/page"}],"author":[{"embeddable":true,"href":"https:\/\/www.hsu-hh.de\/ant\/wp-json\/wp\/v2\/users\/118"}],"replies":[{"embeddable":true,"href":"https:\/\/www.hsu-hh.de\/ant\/wp-json\/wp\/v2\/comments?post=730"}],"version-history":[{"count":59,"href":"https:\/\/www.hsu-hh.de\/ant\/wp-json\/wp\/v2\/pages\/730\/revisions"}],"predecessor-version":[{"id":2463,"href":"https:\/\/www.hsu-hh.de\/ant\/wp-json\/wp\/v2\/pages\/730\/revisions\/2463"}],"up":[{"embeddable":true,"href":"https:\/\/www.hsu-hh.de\/ant\/wp-json\/wp\/v2\/pages\/550"}],"wp:attachment":[{"href":"https:\/\/www.hsu-hh.de\/ant\/wp-json\/wp\/v2\/media?parent=730"}],"wp:term":[{"taxonomy":"category","embeddable":true,"href":"https:\/\/www.hsu-hh.de\/ant\/wp-json\/wp\/v2\/categories?post=730"},{"taxonomy":"post_tag","embeddable":true,"href":"https:\/\/www.hsu-hh.de\/ant\/wp-json\/wp\/v2\/tags?post=730"}],"curies":[{"name":"wp","href":"https:\/\/api.w.org\/{rel}","templated":true}]}}