{"id":560,"date":"2017-10-20T11:04:12","date_gmt":"2017-10-20T09:04:12","guid":{"rendered":"https:\/\/www.hsu-hh.de\/ant\/?page_id=560"},"modified":"2022-10-10T15:23:34","modified_gmt":"2022-10-10T13:23:34","slug":"udo-zolzer","status":"publish","type":"page","link":"https:\/\/www.hsu-hh.de\/ant\/en\/team\/udo-zolzer","title":{"rendered":"Univ.-Prof. Dr.-Ing. habil. Udo Z\u00f6lzer"},"content":{"rendered":"<div class=\"ansprechparter-container\">\n<div class=\"row ansprechpartner-item ansprechparter-header\">\n<div class=\"col-md-4 col-lg-3 col-xs-4 ansprechpartner-item floatright img-circle center-block\" style=\"margin-bottom: 30px\">\n<div class=\"img-responsive-wrapper\"><img loading=\"lazy\" decoding=\"async\" class=\"img-circle img-responsive center-block alignnone wp-image-537 size-thumbnail\" src=\"https:\/\/www.hsu-hh.de\/ant\/wp-content\/uploads\/sites\/699\/2017\/10\/cCOzWRQCJC26j4VM-1-150x150.jpg\" alt=\"Portr\u00e4t Udo Z\u00f6lzer\" width=\"150\" height=\"150\" srcset=\"https:\/\/www.hsu-hh.de\/ant\/wp-content\/uploads\/sites\/699\/2017\/10\/cCOzWRQCJC26j4VM-1-150x150.jpg 150w, https:\/\/www.hsu-hh.de\/ant\/wp-content\/uploads\/sites\/699\/2017\/10\/cCOzWRQCJC26j4VM-1-100x100.jpg 100w\" sizes=\"auto, (max-width: 150px) 100vw, 150px\" \/><\/div>\n<\/div>\n<div class=\"col-md-12 col-lg-3 col-xs-12 ansprechpartner-item kontakt floatright\" style=\"margin-bottom: 30px\">\n<div class=\"row\">\n<div class=\"col-xs-12 col-sm-6 col-lg-12\">\n<div class=\"row\">\n<div class=\"col-xs-12 col-lg-4 row-text bold\">room:<\/div>\n<div class=\"col-xs-12 col-lg-8 row-text\">125<\/div>\n<\/div>\n<\/div>\n<div class=\"col-xs-12 col-sm-6 col-lg-12\">\n<div class=\"row\">\n<div class=\"col-xs-12 col-lg-4 row-text bold\">phone:<\/div>\n<div class=\"col-xs-12 col-lg-8 row-text\">+49-40-6541-2761<\/div>\n<\/div>\n<\/div>\n<div class=\"col-xs-12 col-sm-6 col-lg-12\">\n<div class=\"row\">\n<div class=\"col-xs-12 col-lg-4 row-text bold\">fax:<\/div>\n<div class=\"col-xs-12 col-lg-8 row-text\">+49-40-6541-3083<\/div>\n<\/div>\n<\/div>\n<div class=\"col-xs-12 col-sm-6 col-lg-12\">\n<div class=\"row\">\n<div class=\"col-xs-12 col-md-12 row-text bold\">email:<\/div>\n<div class=\"col-xs-12 col-md-12 row-text\"><a href=\"mailto:udo.zoelzer@hsu-hamburg.de\" rel='nofollow'> udo.zoelzer@hsu-hamburg.de<\/a><\/div>\n<\/div>\n<\/div>\n<\/div>\n<\/div>\n<div class=\"col-md-6 col-lg-3 col-xs-12 ansprechpartner-item anschrift floatright\">\n<div class=\"row-headline\">Visitor address<\/div>\n<div class=\"row-text\">Helmut-Schmidt-Universit\u00e4t<\/div>\n<div class=\"row-text\">Geb\u00e4ude H3<\/div>\n<div class=\"row-text\">Holstenhofweg 85<\/div>\n<div class=\"row-text\">22043 Hamburg<\/div>\n<\/div>\n<div class=\"col-md-6 col-lg-3 col-xs-12 ansprechpartner-item anschrift floatright\">\n<div class=\"row-headline\">Postal address<\/div>\n<div class=\"row-text\">Helmut-Schmidt-Universit\u00e4t<\/div>\n<div class=\"row-text\">Fakult\u00e4t f\u00fcr Elektrotechnik<\/div>\n<div class=\"row-text\">Allgemeine Nachrichtentechnik<\/div>\n<div class=\"row-text\">Postfach 70 08 22<\/div>\n<div class=\"row-text\">22008 Hamburg<\/div>\n<\/div>\n<\/div>\n<div class=\"clearfix\"><\/div>\n<\/div>\n<div class=\"clearfix\"><\/div>\n<h2>Research<\/h2>\n<p>Multimedia Communications<\/p>\n<h2>Lectures<\/h2>\n<ul>\n<li>Digital Signal Processing<\/li>\n<li>Communication Systems<\/li>\n<li>Digital Communication Systems<\/li>\n<li>Digital Filters<\/li>\n<li>Multimedia Signal Processing<\/li>\n<li>Digital Audio Signal Processing<\/li>\n<\/ul>\n<h2>Books<\/h2>\n<p><a href=\"https:\/\/www.hsu-hh.de\/ant\/digital-audio-signal-processing\/\">Digital Audio Signal Processing<\/a><br \/>\nJ. Wiley &amp; Sons, 3rd Edition, 2022<\/p>\n<p><a href=\"https:\/\/www.hsu-hh.de\/ant\/digitale-audiosignalverarbeitung\/\">Digitale Audiosignalverarbeitung<\/a><br \/>\nB.G. Teubner, 3. vollst. \u00fcberarbeitete Auflage, 2005<\/p>\n<p><a href=\"http:\/\/ant-s4.unibw-hamburg.de\/dafx\/DAFX_Book_Page_2nd_edition\/index.html\" rel='nofollow'>DAFX &#8211; Digital Audio Effects<\/a><br \/>\nJ. Wiley &amp; Sons, 2nd Edition, 2011<\/p>\n","protected":false},"excerpt":{"rendered":"<p>room: 125 phone: +49-40-6541-2761 fax: +49-40-6541-3083 email: udo.zoelzer@hsu-hamburg.de Visitor address Helmut-Schmidt-Universit\u00e4t Geb\u00e4ude H3 Holstenhofweg 85 22043 Hamburg Postal address Helmut-Schmidt-Universit\u00e4t Fakult\u00e4t f\u00fcr Elektrotechnik Allgemeine Nachrichtentechnik Postfach 70 08 22 22008 [&hellip;]<\/p>\n","protected":false},"author":113,"featured_media":0,"parent":550,"menu_order":-3,"comment_status":"closed","ping_status":"closed","template":"","meta":{"footnotes":""},"categories":[7],"tags":[],"class_list":["post-560","page","type-page","status-publish","hentry","category-research"],"_links":{"self":[{"href":"https:\/\/www.hsu-hh.de\/ant\/wp-json\/wp\/v2\/pages\/560","targetHints":{"allow":["GET"]}}],"collection":[{"href":"https:\/\/www.hsu-hh.de\/ant\/wp-json\/wp\/v2\/pages"}],"about":[{"href":"https:\/\/www.hsu-hh.de\/ant\/wp-json\/wp\/v2\/types\/page"}],"author":[{"embeddable":true,"href":"https:\/\/www.hsu-hh.de\/ant\/wp-json\/wp\/v2\/users\/113"}],"replies":[{"embeddable":true,"href":"https:\/\/www.hsu-hh.de\/ant\/wp-json\/wp\/v2\/comments?post=560"}],"version-history":[{"count":5,"href":"https:\/\/www.hsu-hh.de\/ant\/wp-json\/wp\/v2\/pages\/560\/revisions"}],"predecessor-version":[{"id":2247,"href":"https:\/\/www.hsu-hh.de\/ant\/wp-json\/wp\/v2\/pages\/560\/revisions\/2247"}],"up":[{"embeddable":true,"href":"https:\/\/www.hsu-hh.de\/ant\/wp-json\/wp\/v2\/pages\/550"}],"wp:attachment":[{"href":"https:\/\/www.hsu-hh.de\/ant\/wp-json\/wp\/v2\/media?parent=560"}],"wp:term":[{"taxonomy":"category","embeddable":true,"href":"https:\/\/www.hsu-hh.de\/ant\/wp-json\/wp\/v2\/categories?post=560"},{"taxonomy":"post_tag","embeddable":true,"href":"https:\/\/www.hsu-hh.de\/ant\/wp-json\/wp\/v2\/tags?post=560"}],"curies":[{"name":"wp","href":"https:\/\/api.w.org\/{rel}","templated":true}]}}